{"id":7677,"date":"2024-04-27T15:35:07","date_gmt":"2024-04-27T15:35:07","guid":{"rendered":"https:\/\/www.iocharger.com\/?post_type=product&#038;p=7677"},"modified":"2026-03-31T02:39:14","modified_gmt":"2026-03-31T02:39:14","slug":"movable-ev-charger-30kw-40kw-dc-fast-charger","status":"publish","type":"product","link":"https:\/\/www.iocharger.com\/fr\/movable-ev-charger-30kw-40kw-dc-fast-charger\/","title":{"rendered":"Chargeur mobile pour VE 30kW 40kW Chargeur rapide DC"},"content":{"rendered":"<div data-elementor-type=\"product-post\" data-elementor-id=\"7677\" class=\"elementor elementor-7677\" data-elementor-post-type=\"product\">\n\t\t\t\t\t\t<section class=\"elementor-section elementor-top-section elementor-element elementor-element-83d7d0f elementor-section-boxed elementor-section-height-default elementor-section-height-default\" data-id=\"83d7d0f\" data-element_type=\"section\">\n\t\t\t\t\t\t<div class=\"elementor-container elementor-column-gap-default\">\n\t\t\t\t\t<div class=\"elementor-column elementor-col-50 elementor-top-column elementor-element elementor-element-7285334\" data-id=\"7285334\" data-element_type=\"column\">\n\t\t\t<div class=\"elementor-widget-wrap elementor-element-populated\">\n\t\t\t\t\t\t<div class=\"elementor-element elementor-element-7deac97 elementor-widget elementor-widget-text-editor\" data-id=\"7deac97\" data-element_type=\"widget\" data-widget_type=\"text-editor.default\">\n\t\t\t\t\t\t\t\t\t<p><strong>Caract\u00e9ristiques principales :<\/strong><\/p><ul><li>Versions 30kW et 40kW disponibles<\/li><li>CCS 1\/ CCS 2\/ CHAdeMO\/ GB-T connecteur de charge<\/li><li>Chargement Plug&amp;Play<\/li><li>Prise en charge ISO15118 Plug&amp;Charge<\/li><li>Lecteur de carte RFID int\u00e9gr\u00e9 pour l'authentification de l'utilisateur<\/li><li>\u00c9cran tactile LCD 7\u2019\u2019 et interface conviviale facile \u00e0 utiliser<\/li><li>Prise en charge compl\u00e8te des profils OCPP 1.6J et OCPP 2.0.1<\/li><li>Module de refroidissement ind\u00e9pendant des conduits d'air<\/li><li>Paiement POS int\u00e9gr\u00e9<\/li><li>\u00c9quilibrage dynamique de la charge<\/li><li>Respectueux de l'environnement gr\u00e2ce \u00e0 l'\u00e9nergie solaire et \u00e0 la batterie<\/li><\/ul>\t\t\t\t\t\t\t\t<\/div>\n\t\t\t\t\t<\/div>\n\t\t<\/div>\n\t\t\t\t<div class=\"elementor-column elementor-col-50 elementor-top-column elementor-element elementor-element-5e05a1e\" data-id=\"5e05a1e\" data-element_type=\"column\">\n\t\t\t<div class=\"elementor-widget-wrap elementor-element-populated\">\n\t\t\t\t\t\t<div class=\"elementor-element elementor-element-07a83f2 elementor-widget elementor-widget-image\" data-id=\"07a83f2\" data-element_type=\"widget\" data-widget_type=\"image.default\">\n\t\t\t\t\t\t\t\t\t\t\t\t\t\t\t<img fetchpriority=\"high\" decoding=\"async\" width=\"1000\" height=\"1000\" src=\"https:\/\/www.iocharger.com\/wp-content\/uploads\/2025\/08\/mobile-ev-charger-features-1.png\" class=\"attachment-full size-full wp-image-7698\" alt=\"caract\u00e9ristiques du chargeur mobile ev\" srcset=\"https:\/\/www.iocharger.com\/wp-content\/uploads\/2025\/08\/mobile-ev-charger-features-1.png 1000w, https:\/\/www.iocharger.com\/wp-content\/uploads\/2025\/08\/mobile-ev-charger-features-1-150x150.png 150w, https:\/\/www.iocharger.com\/wp-content\/uploads\/2025\/08\/mobile-ev-charger-features-1-660x660.png 660w, https:\/\/www.iocharger.com\/wp-content\/uploads\/2025\/08\/mobile-ev-charger-features-1-300x300.png 300w, https:\/\/www.iocharger.com\/wp-content\/uploads\/2025\/08\/mobile-ev-charger-features-1-768x768.png 768w, https:\/\/www.iocharger.com\/wp-content\/uploads\/2025\/08\/mobile-ev-charger-features-1-285x285.png 285w, https:\/\/www.iocharger.com\/wp-content\/uploads\/2025\/08\/mobile-ev-charger-features-1-270x270.png 270w, https:\/\/www.iocharger.com\/wp-content\/uploads\/2025\/08\/mobile-ev-charger-features-1-540x540.png 540w\" sizes=\"(max-width: 1000px) 100vw, 1000px\" \/>\t\t\t\t\t\t\t\t\t\t\t\t\t\t\t<\/div>\n\t\t\t\t\t<\/div>\n\t\t<\/div>\n\t\t\t\t\t<\/div>\n\t\t<\/section>\n\t\t\t\t<section class=\"elementor-section elementor-top-section elementor-element elementor-element-c44a971 elementor-section-boxed elementor-section-height-default elementor-section-height-default\" data-id=\"c44a971\" data-element_type=\"section\">\n\t\t\t\t\t\t<div class=\"elementor-container elementor-column-gap-default\">\n\t\t\t\t\t<div class=\"elementor-column elementor-col-50 elementor-top-column elementor-element elementor-element-c2d86ee\" data-id=\"c2d86ee\" data-element_type=\"column\">\n\t\t\t<div class=\"elementor-widget-wrap elementor-element-populated\">\n\t\t\t\t\t\t<div class=\"elementor-element elementor-element-4bf0f15 elementor-widget elementor-widget-image\" data-id=\"4bf0f15\" data-element_type=\"widget\" data-widget_type=\"image.default\">\n\t\t\t\t\t\t\t\t\t\t\t\t\t\t\t<img decoding=\"async\" width=\"1000\" height=\"1000\" src=\"https:\/\/www.iocharger.com\/wp-content\/uploads\/2025\/08\/mobile-dc-fast-charger-1-1.png\" class=\"attachment-full size-full wp-image-7699\" alt=\"chargeur de voiture \u00e9lectrique mobile\" srcset=\"https:\/\/www.iocharger.com\/wp-content\/uploads\/2025\/08\/mobile-dc-fast-charger-1-1.png 1000w, https:\/\/www.iocharger.com\/wp-content\/uploads\/2025\/08\/mobile-dc-fast-charger-1-1-150x150.png 150w, https:\/\/www.iocharger.com\/wp-content\/uploads\/2025\/08\/mobile-dc-fast-charger-1-1-660x660.png 660w, https:\/\/www.iocharger.com\/wp-content\/uploads\/2025\/08\/mobile-dc-fast-charger-1-1-300x300.png 300w, https:\/\/www.iocharger.com\/wp-content\/uploads\/2025\/08\/mobile-dc-fast-charger-1-1-768x768.png 768w, https:\/\/www.iocharger.com\/wp-content\/uploads\/2025\/08\/mobile-dc-fast-charger-1-1-285x285.png 285w, https:\/\/www.iocharger.com\/wp-content\/uploads\/2025\/08\/mobile-dc-fast-charger-1-1-270x270.png 270w, https:\/\/www.iocharger.com\/wp-content\/uploads\/2025\/08\/mobile-dc-fast-charger-1-1-540x540.png 540w\" sizes=\"(max-width: 1000px) 100vw, 1000px\" \/>\t\t\t\t\t\t\t\t\t\t\t\t\t\t\t<\/div>\n\t\t\t\t\t<\/div>\n\t\t<\/div>\n\t\t\t\t<div class=\"elementor-column elementor-col-50 elementor-top-column elementor-element elementor-element-b41e707\" data-id=\"b41e707\" data-element_type=\"column\">\n\t\t\t<div class=\"elementor-widget-wrap elementor-element-populated\">\n\t\t\t\t\t\t<div class=\"elementor-element elementor-element-366be1c elementor-widget elementor-widget-text-editor\" data-id=\"366be1c\" data-element_type=\"widget\" data-widget_type=\"text-editor.default\">\n\t\t\t\t\t\t\t\t\t<p><strong>La puissance en mouvement<\/strong><\/p><p>Con\u00e7u pour une mobilit\u00e9 maximale, ce chargeur mobile est dot\u00e9 de roues amovibles pour un transport facile et une installation rapide sur plusieurs sites. Id\u00e9al pour les parcs de v\u00e9hicules, les centres logistiques et les chantiers, il offre une charge flexible et \u00e0 la demande sans n\u00e9cessiter d'installation permanente, ce qui permet un d\u00e9ploiement rapide, une rentabilit\u00e9 et des performances fiables partout o\u00f9 cela est n\u00e9cessaire.<\/p>\t\t\t\t\t\t\t\t<\/div>\n\t\t\t\t\t<\/div>\n\t\t<\/div>\n\t\t\t\t\t<\/div>\n\t\t<\/section>\n\t\t\t\t<section class=\"elementor-section elementor-top-section elementor-element elementor-element-7479d51 elementor-section-boxed elementor-section-height-default elementor-section-height-default\" data-id=\"7479d51\" data-element_type=\"section\">\n\t\t\t\t\t\t<div class=\"elementor-container elementor-column-gap-default\">\n\t\t\t\t\t<div class=\"elementor-column elementor-col-50 elementor-top-column elementor-element elementor-element-01b3914\" data-id=\"01b3914\" data-element_type=\"column\">\n\t\t\t<div class=\"elementor-widget-wrap elementor-element-populated\">\n\t\t\t\t\t\t<div class=\"elementor-element elementor-element-19e9715 elementor-widget elementor-widget-text-editor\" data-id=\"19e9715\" data-element_type=\"widget\" data-widget_type=\"text-editor.default\">\n\t\t\t\t\t\t\t\t\t<p><strong>Chargement Plug &amp; Play<\/strong><\/p><p>Il suffit de brancher le c\u00e2ble d'entr\u00e9e dans une prise standard de 63A pour commencer \u00e0 charger instantan\u00e9ment - aucune configuration complexe ou installation suppl\u00e9mentaire n'est n\u00e9cessaire. Cette conception \"plug &amp; play\" minimise le temps de d\u00e9ploiement, ce qui la rend id\u00e9ale pour les sites temporaires et les op\u00e9rations rapides.<\/p>\t\t\t\t\t\t\t\t<\/div>\n\t\t\t\t\t<\/div>\n\t\t<\/div>\n\t\t\t\t<div class=\"elementor-column elementor-col-50 elementor-top-column elementor-element elementor-element-46f16ee\" data-id=\"46f16ee\" data-element_type=\"column\">\n\t\t\t<div class=\"elementor-widget-wrap elementor-element-populated\">\n\t\t\t\t\t\t<div class=\"elementor-element elementor-element-c00efcf elementor-widget elementor-widget-image\" data-id=\"c00efcf\" data-element_type=\"widget\" data-widget_type=\"image.default\">\n\t\t\t\t\t\t\t\t\t\t\t\t\t\t\t<img decoding=\"async\" width=\"1000\" height=\"1000\" src=\"https:\/\/www.iocharger.com\/wp-content\/uploads\/2025\/08\/2-1-1.png\" class=\"attachment-full size-full wp-image-7700\" alt=\"\" srcset=\"https:\/\/www.iocharger.com\/wp-content\/uploads\/2025\/08\/2-1-1.png 1000w, https:\/\/www.iocharger.com\/wp-content\/uploads\/2025\/08\/2-1-1-150x150.png 150w, https:\/\/www.iocharger.com\/wp-content\/uploads\/2025\/08\/2-1-1-660x660.png 660w, https:\/\/www.iocharger.com\/wp-content\/uploads\/2025\/08\/2-1-1-300x300.png 300w, https:\/\/www.iocharger.com\/wp-content\/uploads\/2025\/08\/2-1-1-768x768.png 768w, https:\/\/www.iocharger.com\/wp-content\/uploads\/2025\/08\/2-1-1-285x285.png 285w, https:\/\/www.iocharger.com\/wp-content\/uploads\/2025\/08\/2-1-1-270x270.png 270w, https:\/\/www.iocharger.com\/wp-content\/uploads\/2025\/08\/2-1-1-540x540.png 540w\" sizes=\"(max-width: 1000px) 100vw, 1000px\" \/>\t\t\t\t\t\t\t\t\t\t\t\t\t\t\t<\/div>\n\t\t\t\t\t<\/div>\n\t\t<\/div>\n\t\t\t\t\t<\/div>\n\t\t<\/section>\n\t\t\t\t<section class=\"elementor-section elementor-top-section elementor-element elementor-element-9d6c3c7 elementor-section-boxed elementor-section-height-default elementor-section-height-default\" data-id=\"9d6c3c7\" data-element_type=\"section\">\n\t\t\t\t\t\t<div class=\"elementor-container elementor-column-gap-default\">\n\t\t\t\t\t<div class=\"elementor-column elementor-col-50 elementor-top-column elementor-element elementor-element-8c139e7\" data-id=\"8c139e7\" data-element_type=\"column\">\n\t\t\t<div class=\"elementor-widget-wrap elementor-element-populated\">\n\t\t\t\t\t\t<div class=\"elementor-element elementor-element-ccce38e elementor-widget elementor-widget-image\" data-id=\"ccce38e\" data-element_type=\"widget\" data-widget_type=\"image.default\">\n\t\t\t\t\t\t\t\t\t\t\t\t\t\t\t<img loading=\"lazy\" decoding=\"async\" width=\"1000\" height=\"1000\" src=\"https:\/\/www.iocharger.com\/wp-content\/uploads\/2025\/08\/4-1-1.png\" class=\"attachment-full size-full wp-image-7703\" alt=\"\" srcset=\"https:\/\/www.iocharger.com\/wp-content\/uploads\/2025\/08\/4-1-1.png 1000w, https:\/\/www.iocharger.com\/wp-content\/uploads\/2025\/08\/4-1-1-150x150.png 150w, https:\/\/www.iocharger.com\/wp-content\/uploads\/2025\/08\/4-1-1-660x660.png 660w, https:\/\/www.iocharger.com\/wp-content\/uploads\/2025\/08\/4-1-1-300x300.png 300w, https:\/\/www.iocharger.com\/wp-content\/uploads\/2025\/08\/4-1-1-768x768.png 768w, https:\/\/www.iocharger.com\/wp-content\/uploads\/2025\/08\/4-1-1-285x285.png 285w, https:\/\/www.iocharger.com\/wp-content\/uploads\/2025\/08\/4-1-1-270x270.png 270w, https:\/\/www.iocharger.com\/wp-content\/uploads\/2025\/08\/4-1-1-540x540.png 540w\" sizes=\"(max-width: 1000px) 100vw, 1000px\" \/>\t\t\t\t\t\t\t\t\t\t\t\t\t\t\t<\/div>\n\t\t\t\t\t<\/div>\n\t\t<\/div>\n\t\t\t\t<div class=\"elementor-column elementor-col-50 elementor-top-column elementor-element elementor-element-742b726\" data-id=\"742b726\" data-element_type=\"column\">\n\t\t\t<div class=\"elementor-widget-wrap elementor-element-populated\">\n\t\t\t\t\t\t<div class=\"elementor-element elementor-element-ca6a65b elementor-widget__width-initial elementor-widget elementor-widget-text-editor\" data-id=\"ca6a65b\" data-element_type=\"widget\" data-widget_type=\"text-editor.default\">\n\t\t\t\t\t\t\t\t\t<p><strong>Caract\u00e9ristiques Module de puissance de refroidissement ind\u00e9pendant des conduits d'air<\/strong><\/p><p>Une solution id\u00e9ale pour une recharge fiable des voitures mobiles en ext\u00e9rieur dans des environnements difficiles tels que les chantiers de construction. Il est dot\u00e9 d'un module d'alimentation \u00e0 refroidissement ind\u00e9pendant par conduite d'air conforme \u00e0 la norme IP65, prend en charge une sortie d'alimentation constante de 300V-1000V et comprend de nombreuses protections de s\u00e9curit\u00e9. La s\u00e9paration des composants et du flux d'air r\u00e9duit le risque de d\u00e9faillance, tandis que la surveillance \u00e0 distance contr\u00f4l\u00e9e par DSP, les mises \u00e0 jour OTA et la facilit\u00e9 d'entretien garantissent des performances stables, m\u00eame en cas de fortes charges.<\/p>\t\t\t\t\t\t\t\t<\/div>\n\t\t\t\t\t<\/div>\n\t\t<\/div>\n\t\t\t\t\t<\/div>\n\t\t<\/section>\n\t\t\t\t<section class=\"elementor-section elementor-top-section elementor-element elementor-element-f676a35 elementor-section-boxed elementor-section-height-default elementor-section-height-default\" data-id=\"f676a35\" data-element_type=\"section\">\n\t\t\t\t\t\t<div class=\"elementor-container elementor-column-gap-default\">\n\t\t\t\t\t<div class=\"elementor-column elementor-col-50 elementor-top-column elementor-element elementor-element-95c2c8f\" data-id=\"95c2c8f\" data-element_type=\"column\">\n\t\t\t<div class=\"elementor-widget-wrap elementor-element-populated\">\n\t\t\t\t\t\t<div class=\"elementor-element elementor-element-e722b97 elementor-widget elementor-widget-text-editor\" data-id=\"e722b97\" data-element_type=\"widget\" data-widget_type=\"text-editor.default\">\n\t\t\t\t\t\t\t\t\t<p><strong>\u00c9cran tactile intelligent et contr\u00f4le de la puissance<\/strong><\/p><p>\u00c9quip\u00e9e d'un \u00e9cran tactile de 7\u2033, la station de charge mobile pour VE d'Iochargers fournit des mises \u00e0 jour claires de l'\u00e9tat en temps r\u00e9el pour une surveillance sans effort. Les limites de puissance de sortie peuvent \u00eatre ajust\u00e9es directement sur l'\u00e9cran, offrant une interface simple et intuitive qui am\u00e9liore le contr\u00f4le et l'efficacit\u00e9.<\/p>\t\t\t\t\t\t\t\t<\/div>\n\t\t\t\t\t<\/div>\n\t\t<\/div>\n\t\t\t\t<div class=\"elementor-column elementor-col-50 elementor-top-column elementor-element elementor-element-7c15c6e\" data-id=\"7c15c6e\" data-element_type=\"column\">\n\t\t\t<div class=\"elementor-widget-wrap elementor-element-populated\">\n\t\t\t\t\t\t<div class=\"elementor-element elementor-element-fefd379 elementor-widget elementor-widget-image\" data-id=\"fefd379\" data-element_type=\"widget\" data-widget_type=\"image.default\">\n\t\t\t\t\t\t\t\t\t\t\t\t\t\t\t<img loading=\"lazy\" decoding=\"async\" width=\"1000\" height=\"1000\" src=\"https:\/\/www.iocharger.com\/wp-content\/uploads\/2025\/08\/mobile-ev-charging-unit-1.png\" class=\"attachment-full size-full wp-image-7702\" alt=\"\" srcset=\"https:\/\/www.iocharger.com\/wp-content\/uploads\/2025\/08\/mobile-ev-charging-unit-1.png 1000w, https:\/\/www.iocharger.com\/wp-content\/uploads\/2025\/08\/mobile-ev-charging-unit-1-150x150.png 150w, https:\/\/www.iocharger.com\/wp-content\/uploads\/2025\/08\/mobile-ev-charging-unit-1-660x660.png 660w, https:\/\/www.iocharger.com\/wp-content\/uploads\/2025\/08\/mobile-ev-charging-unit-1-300x300.png 300w, https:\/\/www.iocharger.com\/wp-content\/uploads\/2025\/08\/mobile-ev-charging-unit-1-768x768.png 768w, https:\/\/www.iocharger.com\/wp-content\/uploads\/2025\/08\/mobile-ev-charging-unit-1-285x285.png 285w, https:\/\/www.iocharger.com\/wp-content\/uploads\/2025\/08\/mobile-ev-charging-unit-1-270x270.png 270w, https:\/\/www.iocharger.com\/wp-content\/uploads\/2025\/08\/mobile-ev-charging-unit-1-540x540.png 540w\" sizes=\"(max-width: 1000px) 100vw, 1000px\" \/>\t\t\t\t\t\t\t\t\t\t\t\t\t\t\t<\/div>\n\t\t\t\t\t<\/div>\n\t\t<\/div>\n\t\t\t\t\t<\/div>\n\t\t<\/section>\n\t\t\t\t<\/div>","protected":false},"excerpt":{"rendered":"<p>Le chargeur rapide DC mobile Iocharger est con\u00e7u pour un d\u00e9ploiement rapide et des applications ext\u00e9rieures, ce qui le rend id\u00e9al pour les flottes, les sites de construction et les lieux d'\u00e9v\u00e9nements. Il fournit une charge flexible et puissante pour les v\u00e9hicules \u00e9lectriques, avec une sortie stable et des caract\u00e9ristiques de s\u00e9curit\u00e9 robustes, garantissant une performance fiable partout o\u00f9 cela est n\u00e9cessaire.<\/p>\n<ul>\n<li>Capacit\u00e9 d'entr\u00e9e : Triphas\u00e9 400V\u00b115% AC<\/li>\n<li>Puissance de sortie DC maximale : 30kW\/ 40kW<\/li>\n<li>Plage de tension de sortie DC : 100V-1000V DC<\/li>\n<li>\u00c9cran : \u00c9cran tactile LCD de 7 pouces<\/li>\n<li>Interface r\u00e9seau : Connexion internet intelligente Ethernet\/4G<\/li>\n<li>OCPP : prise en charge des profils complets OCPP 1.6J\/ OCPP 2.0.1<\/li>\n<li>ISO15118 Plug&amp;Charge : \u00e9volutif<\/li>\n<li>Protection contre les infiltrations : IP55<\/li>\n<li>Interface de chargement : CCS 1, CCS2, CHAdeMO, GB\/T<\/li>\n<li>Dimension : 984*451.6*842.4mm<\/li>\n<\/ul>","protected":false},"featured_media":7692,"template":"","meta":{"_acf_changed":false},"product_brand":[],"product_cat":[79],"product_tag":[82,83,84],"class_list":{"0":"post-7677","1":"product","2":"type-product","3":"status-publish","4":"has-post-thumbnail","6":"product_cat-dc-fast-charger","7":"product_tag-120kw-public-fast-ev-charger","8":"product_tag-90kw-120kw-dc-fast-charger","9":"product_tag-ocpp-ev-dc-fast-charging-station","11":"first","12":"instock","13":"shipping-taxable","14":"product-type-simple"},"acf":[],"_links":{"self":[{"href":"https:\/\/www.iocharger.com\/fr\/wp-json\/wp\/v2\/product\/7677","targetHints":{"allow":["GET"]}}],"collection":[{"href":"https:\/\/www.iocharger.com\/fr\/wp-json\/wp\/v2\/product"}],"about":[{"href":"https:\/\/www.iocharger.com\/fr\/wp-json\/wp\/v2\/types\/product"}],"version-history":[{"count":1,"href":"https:\/\/www.iocharger.com\/fr\/wp-json\/wp\/v2\/product\/7677\/revisions"}],"predecessor-version":[{"id":9700,"href":"https:\/\/www.iocharger.com\/fr\/wp-json\/wp\/v2\/product\/7677\/revisions\/9700"}],"wp:featuredmedia":[{"embeddable":true,"href":"https:\/\/www.iocharger.com\/fr\/wp-json\/wp\/v2\/media\/7692"}],"wp:attachment":[{"href":"https:\/\/www.iocharger.com\/fr\/wp-json\/wp\/v2\/media?parent=7677"}],"wp:term":[{"taxonomy":"product_brand","embeddable":true,"href":"https:\/\/www.iocharger.com\/fr\/wp-json\/wp\/v2\/product_brand?post=7677"},{"taxonomy":"product_cat","embeddable":true,"href":"https:\/\/www.iocharger.com\/fr\/wp-json\/wp\/v2\/product_cat?post=7677"},{"taxonomy":"product_tag","embeddable":true,"href":"https:\/\/www.iocharger.com\/fr\/wp-json\/wp\/v2\/product_tag?post=7677"}],"curies":[{"name":"wp","href":"https:\/\/api.w.org\/{rel}","templated":true}]}}