{"id":2288,"date":"2023-06-02T09:07:35","date_gmt":"2023-06-02T09:07:35","guid":{"rendered":"https:\/\/test2.honstyle.com\/?post_type=product&#038;p=2288"},"modified":"2026-04-13T08:59:17","modified_gmt":"2026-04-13T08:59:17","slug":"200kwh-integrated-with-hybrid-inverter-commercial-energy-storage-system","status":"publish","type":"product","link":"https:\/\/www.iocharger.com\/fr\/200kwh-integrated-with-hybrid-inverter-commercial-energy-storage-system\/","title":{"rendered":"Syst\u00e8me commercial de stockage d'\u00e9nergie int\u00e9gr\u00e9 \u00e0 un onduleur hybride de 225 kWh"},"content":{"rendered":"<div data-elementor-type=\"product-post\" data-elementor-id=\"2288\" class=\"elementor elementor-2288\" data-elementor-post-type=\"product\">\n\t\t\t\t\t\t<section class=\"elementor-section elementor-top-section elementor-element elementor-element-cfbbd9e elementor-section-boxed elementor-section-height-default elementor-section-height-default\" data-id=\"cfbbd9e\" data-element_type=\"section\">\n\t\t\t\t\t\t<div class=\"elementor-container elementor-column-gap-default\">\n\t\t\t\t\t<div class=\"elementor-column elementor-col-50 elementor-top-column elementor-element elementor-element-c8531bd\" data-id=\"c8531bd\" data-element_type=\"column\">\n\t\t\t<div class=\"elementor-widget-wrap elementor-element-populated\">\n\t\t\t\t\t\t<div class=\"elementor-element elementor-element-be5f829 elementor-widget elementor-widget-text-editor\" data-id=\"be5f829\" data-element_type=\"widget\" data-widget_type=\"text-editor.default\">\n\t\t\t\t\t\t\t\t\t<p><strong>Caract\u00e9ristiques principales :<\/strong><\/p><ul><li>All-in-one DC-independent &amp; AC-connected solution<\/li><li>Flexible, infinitely scalable modular layout.<\/li><li>Highest level of security<\/li><li>Easy to install, operate and maintain<\/li><li>Meet all the needs of utility and commercial users<\/li><li>Power expansion to save the grid upgrading cost<\/li><li>Cloud EMS to monitor live energy status<\/li><\/ul>\t\t\t\t\t\t\t\t<\/div>\n\t\t\t\t\t<\/div>\n\t\t<\/div>\n\t\t\t\t<div class=\"elementor-column elementor-col-50 elementor-top-column elementor-element elementor-element-bf45324\" data-id=\"bf45324\" data-element_type=\"column\">\n\t\t\t<div class=\"elementor-widget-wrap elementor-element-populated\">\n\t\t\t\t\t\t<div class=\"elementor-element elementor-element-06b561c elementor-widget elementor-widget-image\" data-id=\"06b561c\" data-element_type=\"widget\" data-widget_type=\"image.default\">\n\t\t\t\t\t\t\t\t\t\t\t\t\t\t\t<img fetchpriority=\"high\" decoding=\"async\" width=\"1024\" height=\"1024\" src=\"https:\/\/www.iocharger.com\/wp-content\/uploads\/2023\/06\/battery-energy-storage-system-1.jpg\" class=\"attachment-full size-full wp-image-7936\" alt=\"battery energy storage system\" srcset=\"https:\/\/www.iocharger.com\/wp-content\/uploads\/2023\/06\/battery-energy-storage-system-1.jpg 1024w, https:\/\/www.iocharger.com\/wp-content\/uploads\/2023\/06\/battery-energy-storage-system-1-150x150.jpg 150w, https:\/\/www.iocharger.com\/wp-content\/uploads\/2023\/06\/battery-energy-storage-system-1-660x660.jpg 660w, https:\/\/www.iocharger.com\/wp-content\/uploads\/2023\/06\/battery-energy-storage-system-1-300x300.jpg 300w, https:\/\/www.iocharger.com\/wp-content\/uploads\/2023\/06\/battery-energy-storage-system-1-768x768.jpg 768w, https:\/\/www.iocharger.com\/wp-content\/uploads\/2023\/06\/battery-energy-storage-system-1-285x285.jpg 285w, https:\/\/www.iocharger.com\/wp-content\/uploads\/2023\/06\/battery-energy-storage-system-1-270x270.jpg 270w, https:\/\/www.iocharger.com\/wp-content\/uploads\/2023\/06\/battery-energy-storage-system-1-540x540.jpg 540w\" sizes=\"(max-width: 1024px) 100vw, 1024px\" \/>\t\t\t\t\t\t\t\t\t\t\t\t\t\t\t<\/div>\n\t\t\t\t\t<\/div>\n\t\t<\/div>\n\t\t\t\t\t<\/div>\n\t\t<\/section>\n\t\t\t\t<section class=\"elementor-section elementor-top-section elementor-element elementor-element-36b9441 elementor-section-boxed elementor-section-height-default elementor-section-height-default\" data-id=\"36b9441\" data-element_type=\"section\">\n\t\t\t\t\t\t<div class=\"elementor-container elementor-column-gap-default\">\n\t\t\t\t\t<div class=\"elementor-column elementor-col-50 elementor-top-column elementor-element elementor-element-060b91a\" data-id=\"060b91a\" data-element_type=\"column\">\n\t\t\t<div class=\"elementor-widget-wrap elementor-element-populated\">\n\t\t\t\t\t\t<div class=\"elementor-element elementor-element-e94d1a9 elementor-widget elementor-widget-image\" data-id=\"e94d1a9\" data-element_type=\"widget\" data-widget_type=\"image.default\">\n\t\t\t\t\t\t\t\t\t\t\t\t\t\t\t<img decoding=\"async\" width=\"800\" height=\"800\" src=\"https:\/\/www.iocharger.com\/wp-content\/uploads\/2023\/06\/all-in-one-battery-1.jpg\" class=\"attachment-full size-full wp-image-4735\" alt=\"\" srcset=\"https:\/\/www.iocharger.com\/wp-content\/uploads\/2023\/06\/all-in-one-battery-1.jpg 800w, https:\/\/www.iocharger.com\/wp-content\/uploads\/2023\/06\/all-in-one-battery-1-150x150.jpg 150w, https:\/\/www.iocharger.com\/wp-content\/uploads\/2023\/06\/all-in-one-battery-1-660x660.jpg 660w, https:\/\/www.iocharger.com\/wp-content\/uploads\/2023\/06\/all-in-one-battery-1-300x300.jpg 300w, https:\/\/www.iocharger.com\/wp-content\/uploads\/2023\/06\/all-in-one-battery-1-768x768.jpg 768w, https:\/\/www.iocharger.com\/wp-content\/uploads\/2023\/06\/all-in-one-battery-1-285x285.jpg 285w, https:\/\/www.iocharger.com\/wp-content\/uploads\/2023\/06\/all-in-one-battery-1-270x270.jpg 270w, https:\/\/www.iocharger.com\/wp-content\/uploads\/2023\/06\/all-in-one-battery-1-540x540.jpg 540w\" sizes=\"(max-width: 800px) 100vw, 800px\" \/>\t\t\t\t\t\t\t\t\t\t\t\t\t\t\t<\/div>\n\t\t\t\t\t<\/div>\n\t\t<\/div>\n\t\t\t\t<div class=\"elementor-column elementor-col-50 elementor-top-column elementor-element elementor-element-002f709\" data-id=\"002f709\" data-element_type=\"column\">\n\t\t\t<div class=\"elementor-widget-wrap elementor-element-populated\">\n\t\t\t\t\t\t<div class=\"elementor-element elementor-element-0c52187 elementor-widget__width-initial elementor-widget elementor-widget-text-editor\" data-id=\"0c52187\" data-element_type=\"widget\" data-widget_type=\"text-editor.default\">\n\t\t\t\t\t\t\t\t\t<p><strong>All-in-one Solution<\/strong><\/p><p>Every LiHub is standardized designed with full integrated long cycle life LFP batteries, intelligent BMS, high performance PCS, active safety system and smart AC\/DC power distribution system.<\/p><p>\u00a0<\/p>\t\t\t\t\t\t\t\t<\/div>\n\t\t\t\t\t<\/div>\n\t\t<\/div>\n\t\t\t\t\t<\/div>\n\t\t<\/section>\n\t\t\t\t<section class=\"elementor-section elementor-top-section elementor-element elementor-element-4449b7b elementor-section-boxed elementor-section-height-default elementor-section-height-default\" data-id=\"4449b7b\" data-element_type=\"section\">\n\t\t\t\t\t\t<div class=\"elementor-container elementor-column-gap-default\">\n\t\t\t\t\t<div class=\"elementor-column elementor-col-50 elementor-top-column elementor-element elementor-element-451f579\" data-id=\"451f579\" data-element_type=\"column\">\n\t\t\t<div class=\"elementor-widget-wrap elementor-element-populated\">\n\t\t\t\t\t\t<div class=\"elementor-element elementor-element-ad7bc1c elementor-widget__width-initial elementor-widget elementor-widget-text-editor\" data-id=\"ad7bc1c\" data-element_type=\"widget\" data-widget_type=\"text-editor.default\">\n\t\t\t\t\t\t\t\t\t<p><strong>Le plus haut niveau de s\u00e9curit\u00e9<\/strong><\/p><ul><li>Independent Control to eliminate battery family circulation and DC arcing.<\/li><li>4 levels of fire protection including cell level temp. Sensor, pack level aerosol fire extinguisher, cluster level temperature and smoke detection &amp; alarm system, and cabinet level heptafluoropropane fire extinguisher.<\/li><li>Comprehensive testing houses like a short circuit, extrusion, voltage drop, over voltage, under voltage, overcharge, over discharge, salt spray, high temperature and overheating<\/li><li>High safety management including full sensor coverage of cell voltage and temp, equalization control of cells and modules, intelligent power distribution at the cluster level, intelligent temperature control, collaborative management of PCS and BMS<\/li><\/ul>\t\t\t\t\t\t\t\t<\/div>\n\t\t\t\t\t<\/div>\n\t\t<\/div>\n\t\t\t\t<div class=\"elementor-column elementor-col-50 elementor-top-column elementor-element elementor-element-47925c5\" data-id=\"47925c5\" data-element_type=\"column\">\n\t\t\t<div class=\"elementor-widget-wrap elementor-element-populated\">\n\t\t\t\t\t\t<div class=\"elementor-element elementor-element-f1864e8 elementor-widget elementor-widget-image\" data-id=\"f1864e8\" data-element_type=\"widget\" data-widget_type=\"image.default\">\n\t\t\t\t\t\t\t\t\t\t\t\t\t\t\t<img decoding=\"async\" width=\"1024\" height=\"1024\" src=\"https:\/\/www.iocharger.com\/wp-content\/uploads\/2023\/06\/battery-energy-storage-1.jpg\" class=\"attachment-full size-full wp-image-7938\" alt=\"battery energy storage\" srcset=\"https:\/\/www.iocharger.com\/wp-content\/uploads\/2023\/06\/battery-energy-storage-1.jpg 1024w, https:\/\/www.iocharger.com\/wp-content\/uploads\/2023\/06\/battery-energy-storage-1-150x150.jpg 150w, https:\/\/www.iocharger.com\/wp-content\/uploads\/2023\/06\/battery-energy-storage-1-660x660.jpg 660w, https:\/\/www.iocharger.com\/wp-content\/uploads\/2023\/06\/battery-energy-storage-1-300x300.jpg 300w, https:\/\/www.iocharger.com\/wp-content\/uploads\/2023\/06\/battery-energy-storage-1-768x768.jpg 768w, https:\/\/www.iocharger.com\/wp-content\/uploads\/2023\/06\/battery-energy-storage-1-285x285.jpg 285w, https:\/\/www.iocharger.com\/wp-content\/uploads\/2023\/06\/battery-energy-storage-1-270x270.jpg 270w, https:\/\/www.iocharger.com\/wp-content\/uploads\/2023\/06\/battery-energy-storage-1-540x540.jpg 540w\" sizes=\"(max-width: 1024px) 100vw, 1024px\" \/>\t\t\t\t\t\t\t\t\t\t\t\t\t\t\t<\/div>\n\t\t\t\t\t<\/div>\n\t\t<\/div>\n\t\t\t\t\t<\/div>\n\t\t<\/section>\n\t\t\t\t<section class=\"elementor-section elementor-top-section elementor-element elementor-element-af7456c elementor-section-boxed elementor-section-height-default elementor-section-height-default\" data-id=\"af7456c\" data-element_type=\"section\">\n\t\t\t\t\t\t<div class=\"elementor-container elementor-column-gap-default\">\n\t\t\t\t\t<div class=\"elementor-column elementor-col-50 elementor-top-column elementor-element elementor-element-1fbeaf6\" data-id=\"1fbeaf6\" data-element_type=\"column\">\n\t\t\t<div class=\"elementor-widget-wrap elementor-element-populated\">\n\t\t\t\t\t\t<div class=\"elementor-element elementor-element-8e41886 elementor-widget elementor-widget-image\" data-id=\"8e41886\" data-element_type=\"widget\" data-widget_type=\"image.default\">\n\t\t\t\t\t\t\t\t\t\t\t\t\t\t\t<img loading=\"lazy\" decoding=\"async\" width=\"800\" height=\"800\" src=\"https:\/\/www.iocharger.com\/wp-content\/uploads\/2023\/06\/battery-application-1.jpg\" class=\"attachment-full size-full wp-image-4709\" alt=\"\" srcset=\"https:\/\/www.iocharger.com\/wp-content\/uploads\/2023\/06\/battery-application-1.jpg 800w, https:\/\/www.iocharger.com\/wp-content\/uploads\/2023\/06\/battery-application-1-150x150.jpg 150w, https:\/\/www.iocharger.com\/wp-content\/uploads\/2023\/06\/battery-application-1-660x660.jpg 660w, https:\/\/www.iocharger.com\/wp-content\/uploads\/2023\/06\/battery-application-1-300x300.jpg 300w, https:\/\/www.iocharger.com\/wp-content\/uploads\/2023\/06\/battery-application-1-768x768.jpg 768w, https:\/\/www.iocharger.com\/wp-content\/uploads\/2023\/06\/battery-application-1-285x285.jpg 285w, https:\/\/www.iocharger.com\/wp-content\/uploads\/2023\/06\/battery-application-1-270x270.jpg 270w, https:\/\/www.iocharger.com\/wp-content\/uploads\/2023\/06\/battery-application-1-540x540.jpg 540w\" sizes=\"(max-width: 800px) 100vw, 800px\" \/>\t\t\t\t\t\t\t\t\t\t\t\t\t\t\t<\/div>\n\t\t\t\t\t<\/div>\n\t\t<\/div>\n\t\t\t\t<div class=\"elementor-column elementor-col-50 elementor-top-column elementor-element elementor-element-94f83f3\" data-id=\"94f83f3\" data-element_type=\"column\">\n\t\t\t<div class=\"elementor-widget-wrap elementor-element-populated\">\n\t\t\t\t\t\t<div class=\"elementor-element elementor-element-7517f11 elementor-widget elementor-widget-text-editor\" data-id=\"7517f11\" data-element_type=\"widget\" data-widget_type=\"text-editor.default\">\n\t\t\t\t\t\t\t\t\t<p><strong>Multiple\u00a0Applications<\/strong><\/p><ul><li>Peak Shaving, discharge at times of peak demand to avoid or reduce demand charges.<\/li><li>Load Shifting, Shift energy consumption from one point in time to another to avoid paying high energy prices. Where applicable, this price optimization accounts for solar or other on-site generation.<\/li><li>Emergency Backup, Provide intermediate backup power to your business in the event of a grid interruption. This function can be standalone or tied to solar.<\/li><li>Demand Side Response, discharge instantly in response to signals from a demand response administrator to alleviate peaks in system load.<\/li><li>Micro-grid, build a localized grid that can disconnect from the main power grid, operating independently and reinforcing overall grid resilience.<\/li><li>Power Expansion, supply power and energy capacity at a distributed location to defer or eliminate the need to upgrade aging grid infrastructure.<\/li><\/ul>\t\t\t\t\t\t\t\t<\/div>\n\t\t\t\t\t<\/div>\n\t\t<\/div>\n\t\t\t\t\t<\/div>\n\t\t<\/section>\n\t\t\t\t<\/div>","protected":false},"excerpt":{"rendered":"<div class=\"pro_main_text clearfix\">\n<div class=\"pro_main_text clearfix\">\n<div class=\"pro_main_text clearfix\">\n<div class=\"pro_main_text clearfix\">\n<div class=\"pro_main_text clearfix\">\n<div class=\"pro_main_text clearfix\">\n<div class=\"pro_main_text clearfix\">\n<div class=\"pro_main_text clearfix\">\n<div class=\"pro_main_text clearfix\">\n<div class=\"pro_main_text clearfix\">\n<div class=\"pro_main_text clearfix\">\n<p>All-in-one Industrial and Commercial Energy Storage Solution<\/p>\n<\/div>\n<ul class=\"clearfix\">\n<li>Batterie : LiFePO4<\/li>\n<li>Battery Capacity: 225 kWh<\/li>\n<li>Depth of Discharge: 95%DOD<\/li>\n<li>Max. Charging: 0.6C<\/li>\n<li>Max. Discharge: 0.6C<\/li>\n<li>Rated Voltage: 220\/380\uff08-15%~+10%\uff09\uff0c3P+N+PE<\/li>\n<li>Operating Voltage: 628V DC ~ 806V DC<\/li>\n<li>Protection Level: IP55<\/li>\n<li>Dimension: 1250 x 2260 x 1150mm<\/li>\n<li>Dur\u00e9e de vie : 6000 cycles<\/li>\n<\/ul>\n<\/div>\n<\/div>\n<\/div>\n<\/div>\n<\/div>\n<\/div>\n<\/div>\n<\/div>\n<\/div>\n<\/div>","protected":false},"featured_media":7934,"template":"","meta":{"_acf_changed":false},"product_brand":[],"product_cat":[97],"product_tag":[99,100,101],"class_list":{"0":"post-2288","1":"product","2":"type-product","3":"status-publish","4":"has-post-thumbnail","6":"product_cat-energy-storage-system","7":"product_tag-200kwh-all-in-one-ess","8":"product_tag-commercial-energy-storage-system","9":"product_tag-commercial-ess-integrated-with-hybrid-inverter","11":"first","12":"instock","13":"featured","14":"shipping-taxable","15":"product-type-simple"},"acf":[],"_links":{"self":[{"href":"https:\/\/www.iocharger.com\/fr\/wp-json\/wp\/v2\/product\/2288","targetHints":{"allow":["GET"]}}],"collection":[{"href":"https:\/\/www.iocharger.com\/fr\/wp-json\/wp\/v2\/product"}],"about":[{"href":"https:\/\/www.iocharger.com\/fr\/wp-json\/wp\/v2\/types\/product"}],"version-history":[{"count":2,"href":"https:\/\/www.iocharger.com\/fr\/wp-json\/wp\/v2\/product\/2288\/revisions"}],"predecessor-version":[{"id":9815,"href":"https:\/\/www.iocharger.com\/fr\/wp-json\/wp\/v2\/product\/2288\/revisions\/9815"}],"wp:featuredmedia":[{"embeddable":true,"href":"https:\/\/www.iocharger.com\/fr\/wp-json\/wp\/v2\/media\/7934"}],"wp:attachment":[{"href":"https:\/\/www.iocharger.com\/fr\/wp-json\/wp\/v2\/media?parent=2288"}],"wp:term":[{"taxonomy":"product_brand","embeddable":true,"href":"https:\/\/www.iocharger.com\/fr\/wp-json\/wp\/v2\/product_brand?post=2288"},{"taxonomy":"product_cat","embeddable":true,"href":"https:\/\/www.iocharger.com\/fr\/wp-json\/wp\/v2\/product_cat?post=2288"},{"taxonomy":"product_tag","embeddable":true,"href":"https:\/\/www.iocharger.com\/fr\/wp-json\/wp\/v2\/product_tag?post=2288"}],"curies":[{"name":"wp","href":"https:\/\/api.w.org\/{rel}","templated":true}]}}