{"id":2275,"date":"2023-06-02T08:59:02","date_gmt":"2023-06-02T08:59:02","guid":{"rendered":"https:\/\/test2.honstyle.com\/?post_type=product&#038;p=2275"},"modified":"2026-04-30T07:05:10","modified_gmt":"2026-04-30T07:05:10","slug":"5-12kwh-10-24kwh-home-energy-storage-battery-ess","status":"publish","type":"product","link":"https:\/\/www.iocharger.com\/fr\/5-12kwh-10-24kwh-home-energy-storage-battery-ess\/","title":{"rendered":"Batterie de stockage d'\u00e9nergie domestique ESS 5,12 kWh 10,24 kWh"},"content":{"rendered":"<div data-elementor-type=\"product-post\" data-elementor-id=\"2275\" class=\"elementor elementor-2275\" data-elementor-post-type=\"product\">\n\t\t\t\t\t\t<section class=\"elementor-section elementor-top-section elementor-element elementor-element-3ef6551 elementor-section-boxed elementor-section-height-default elementor-section-height-default\" data-id=\"3ef6551\" data-element_type=\"section\">\n\t\t\t\t\t\t<div class=\"elementor-container elementor-column-gap-default\">\n\t\t\t\t\t<div class=\"elementor-column elementor-col-100 elementor-top-column elementor-element elementor-element-9725433\" data-id=\"9725433\" data-element_type=\"column\">\n\t\t\t<div class=\"elementor-widget-wrap elementor-element-populated\">\n\t\t\t\t\t\t<div class=\"elementor-element elementor-element-52f6e30 elementor-widget elementor-widget-text-editor\" data-id=\"52f6e30\" data-element_type=\"widget\" data-widget_type=\"text-editor.default\">\n\t\t\t\t\t\t\t\t\t<p>L'Harmony ESS de iocharger peut toujours stocker l'\u00e9nergie solaire et celle du r\u00e9seau pour la sauvegarder, afin de s\u00e9curiser votre consommation d'\u00e9nergie et d'\u00e9conomiser votre facture d'\u00e9lectricit\u00e9.<\/p>\t\t\t\t\t\t\t\t<\/div>\n\t\t\t\t\t<\/div>\n\t\t<\/div>\n\t\t\t\t\t<\/div>\n\t\t<\/section>\n\t\t\t\t<section class=\"elementor-section elementor-top-section elementor-element elementor-element-3e9eac0 elementor-section-boxed elementor-section-height-default elementor-section-height-default\" data-id=\"3e9eac0\" data-element_type=\"section\">\n\t\t\t\t\t\t<div class=\"elementor-container elementor-column-gap-default\">\n\t\t\t\t\t<div class=\"elementor-column elementor-col-50 elementor-top-column elementor-element elementor-element-9a00aad\" data-id=\"9a00aad\" data-element_type=\"column\">\n\t\t\t<div class=\"elementor-widget-wrap elementor-element-populated\">\n\t\t\t\t\t\t<div class=\"elementor-element elementor-element-07e7a53 elementor-widget elementor-widget-text-editor\" data-id=\"07e7a53\" data-element_type=\"widget\" data-widget_type=\"text-editor.default\">\n\t\t\t\t\t\t\t\t\t<p><strong>Caract\u00e9ristiques principales :<\/strong><\/p><p>\u25cf Conception moderne et compacte<br \/>\u25cf Empilage modulaire sans rupture<br \/>\u25cf Structure autobloquante et protection antichocs<br \/>\u25cf D\u00e9tection de la temp\u00e9rature en 6 points<br \/>\u25cf Module de suppression des incendies par a\u00e9rosol int\u00e9gr\u00e9.<br \/>\u25cf Connexion \u00e9lectrique cach\u00e9e<br \/>\u25cf BMS intelligent<br \/>\u25cf Surveillance en direct via l'application iocharger<\/p>\t\t\t\t\t\t\t\t<\/div>\n\t\t\t\t\t<\/div>\n\t\t<\/div>\n\t\t\t\t<div class=\"elementor-column elementor-col-50 elementor-top-column elementor-element elementor-element-5fa6081\" data-id=\"5fa6081\" data-element_type=\"column\">\n\t\t\t<div class=\"elementor-widget-wrap elementor-element-populated\">\n\t\t\t\t\t\t<div class=\"elementor-element elementor-element-302863c elementor-widget elementor-widget-image\" data-id=\"302863c\" data-element_type=\"widget\" data-widget_type=\"image.default\">\n\t\t\t\t\t\t\t\t\t\t\t\t\t\t\t<img fetchpriority=\"high\" decoding=\"async\" width=\"660\" height=\"660\" src=\"https:\/\/www.iocharger.com\/wp-content\/uploads\/2023\/06\/ENERGY-STORAGE-BATTERY-4-660x660-1-1.png\" class=\"attachment-full size-full wp-image-5725\" alt=\"\" srcset=\"https:\/\/www.iocharger.com\/wp-content\/uploads\/2023\/06\/ENERGY-STORAGE-BATTERY-4-660x660-1-1.png 660w, https:\/\/www.iocharger.com\/wp-content\/uploads\/2023\/06\/ENERGY-STORAGE-BATTERY-4-660x660-1-1-150x150.png 150w, https:\/\/www.iocharger.com\/wp-content\/uploads\/2023\/06\/ENERGY-STORAGE-BATTERY-4-660x660-1-1-300x300.png 300w, https:\/\/www.iocharger.com\/wp-content\/uploads\/2023\/06\/ENERGY-STORAGE-BATTERY-4-660x660-1-1-285x285.png 285w, https:\/\/www.iocharger.com\/wp-content\/uploads\/2023\/06\/ENERGY-STORAGE-BATTERY-4-660x660-1-1-270x270.png 270w, https:\/\/www.iocharger.com\/wp-content\/uploads\/2023\/06\/ENERGY-STORAGE-BATTERY-4-660x660-1-1-540x540.png 540w\" sizes=\"(max-width: 660px) 100vw, 660px\" \/>\t\t\t\t\t\t\t\t\t\t\t\t\t\t\t<\/div>\n\t\t\t\t\t<\/div>\n\t\t<\/div>\n\t\t\t\t\t<\/div>\n\t\t<\/section>\n\t\t\t\t<section class=\"elementor-section elementor-top-section elementor-element elementor-element-a6fc96f elementor-section-boxed elementor-section-height-default elementor-section-height-default\" data-id=\"a6fc96f\" data-element_type=\"section\">\n\t\t\t\t\t\t<div class=\"elementor-container elementor-column-gap-default\">\n\t\t\t\t\t<div class=\"elementor-column elementor-col-50 elementor-top-column elementor-element elementor-element-d4f7684\" data-id=\"d4f7684\" data-element_type=\"column\">\n\t\t\t<div class=\"elementor-widget-wrap elementor-element-populated\">\n\t\t\t\t\t\t<div class=\"elementor-element elementor-element-30111b8 elementor-widget elementor-widget-image\" data-id=\"30111b8\" data-element_type=\"widget\" data-widget_type=\"image.default\">\n\t\t\t\t\t\t\t\t\t\t\t\t\t\t\t<img decoding=\"async\" width=\"750\" height=\"750\" src=\"https:\/\/www.iocharger.com\/wp-content\/uploads\/2023\/06\/energy-battery-storage-1-1.jpg\" class=\"attachment-full size-full wp-image-5726\" alt=\"\" srcset=\"https:\/\/www.iocharger.com\/wp-content\/uploads\/2023\/06\/energy-battery-storage-1-1.jpg 750w, https:\/\/www.iocharger.com\/wp-content\/uploads\/2023\/06\/energy-battery-storage-1-1-150x150.jpg 150w, https:\/\/www.iocharger.com\/wp-content\/uploads\/2023\/06\/energy-battery-storage-1-1-660x660.jpg 660w, https:\/\/www.iocharger.com\/wp-content\/uploads\/2023\/06\/energy-battery-storage-1-1-300x300.jpg 300w, https:\/\/www.iocharger.com\/wp-content\/uploads\/2023\/06\/energy-battery-storage-1-1-285x285.jpg 285w, https:\/\/www.iocharger.com\/wp-content\/uploads\/2023\/06\/energy-battery-storage-1-1-270x270.jpg 270w, https:\/\/www.iocharger.com\/wp-content\/uploads\/2023\/06\/energy-battery-storage-1-1-540x540.jpg 540w\" sizes=\"(max-width: 750px) 100vw, 750px\" \/>\t\t\t\t\t\t\t\t\t\t\t\t\t\t\t<\/div>\n\t\t\t\t\t<\/div>\n\t\t<\/div>\n\t\t\t\t<div class=\"elementor-column elementor-col-50 elementor-top-column elementor-element elementor-element-33e285c\" data-id=\"33e285c\" data-element_type=\"column\">\n\t\t\t<div class=\"elementor-widget-wrap elementor-element-populated\">\n\t\t\t\t\t\t<div class=\"elementor-element elementor-element-16d0803 elementor-widget elementor-widget-text-editor\" data-id=\"16d0803\" data-element_type=\"widget\" data-widget_type=\"text-editor.default\">\n\t\t\t\t\t\t\t\t\t<p><strong>Conception modulaire sans faille<\/strong><\/p><p>Harmony ESS est con\u00e7u pour s'adapter \u00e0 une grande vari\u00e9t\u00e9 de styles d'habitation. Gr\u00e2ce au connecteur de c\u00e2ble d'alimentation \u00e0 verrouillage automatique et \u00e0 la conception ergonomique de la poign\u00e9e, il est tr\u00e8s facile pour une seule personne de proc\u00e9der \u00e0 l'installation. Connexion transparente et empilage modulaire jusqu'\u00e0 6 modules de batterie sans accessoires suppl\u00e9mentaires.<\/p><p style=\"text-align: left;\">\u00a0<\/p>\t\t\t\t\t\t\t\t<\/div>\n\t\t\t\t\t<\/div>\n\t\t<\/div>\n\t\t\t\t\t<\/div>\n\t\t<\/section>\n\t\t\t\t<section class=\"elementor-section elementor-top-section elementor-element elementor-element-96c8bda elementor-section-boxed elementor-section-height-default elementor-section-height-default\" data-id=\"96c8bda\" data-element_type=\"section\">\n\t\t\t\t\t\t<div class=\"elementor-container elementor-column-gap-default\">\n\t\t\t\t\t<div class=\"elementor-column elementor-col-50 elementor-top-column elementor-element elementor-element-01af674\" data-id=\"01af674\" data-element_type=\"column\">\n\t\t\t<div class=\"elementor-widget-wrap elementor-element-populated\">\n\t\t\t\t\t\t<div class=\"elementor-element elementor-element-259870b elementor-widget elementor-widget-text-editor\" data-id=\"259870b\" data-element_type=\"widget\" data-widget_type=\"text-editor.default\">\n\t\t\t\t\t\t\t\t\t<p><strong>Protection de s\u00e9curit\u00e9 extr\u00eame<\/strong><\/p><p>Les batteries LFP \u00e0 l'int\u00e9rieur sont le type de batterie au lithium le plus s\u00fbr, avec une longue dur\u00e9e de vie. Le module de suppression des incendies par a\u00e9rosol int\u00e9gr\u00e9, le bo\u00eetier ignifuge, la d\u00e9tection de la temp\u00e9rature en 6 points et le syst\u00e8me de gestion intelligent (BMS) garantissent l'exp\u00e9rience de la batterie pendant toute sa dur\u00e9e de vie.<\/p>\t\t\t\t\t\t\t\t<\/div>\n\t\t\t\t\t<\/div>\n\t\t<\/div>\n\t\t\t\t<div class=\"elementor-column elementor-col-50 elementor-top-column elementor-element elementor-element-3ab31e4\" data-id=\"3ab31e4\" data-element_type=\"column\">\n\t\t\t<div class=\"elementor-widget-wrap elementor-element-populated\">\n\t\t\t\t\t\t<div class=\"elementor-element elementor-element-b288dd2 elementor-widget elementor-widget-image\" data-id=\"b288dd2\" data-element_type=\"widget\" data-widget_type=\"image.default\">\n\t\t\t\t\t\t\t\t\t\t\t\t\t\t\t<img decoding=\"async\" width=\"750\" height=\"750\" src=\"https:\/\/www.iocharger.com\/wp-content\/uploads\/2023\/06\/energy-battery-storage-2-1.jpg\" class=\"attachment-full size-full wp-image-5728\" alt=\"\" srcset=\"https:\/\/www.iocharger.com\/wp-content\/uploads\/2023\/06\/energy-battery-storage-2-1.jpg 750w, https:\/\/www.iocharger.com\/wp-content\/uploads\/2023\/06\/energy-battery-storage-2-1-150x150.jpg 150w, https:\/\/www.iocharger.com\/wp-content\/uploads\/2023\/06\/energy-battery-storage-2-1-660x660.jpg 660w, https:\/\/www.iocharger.com\/wp-content\/uploads\/2023\/06\/energy-battery-storage-2-1-300x300.jpg 300w, https:\/\/www.iocharger.com\/wp-content\/uploads\/2023\/06\/energy-battery-storage-2-1-285x285.jpg 285w, https:\/\/www.iocharger.com\/wp-content\/uploads\/2023\/06\/energy-battery-storage-2-1-270x270.jpg 270w, https:\/\/www.iocharger.com\/wp-content\/uploads\/2023\/06\/energy-battery-storage-2-1-540x540.jpg 540w\" sizes=\"(max-width: 750px) 100vw, 750px\" \/>\t\t\t\t\t\t\t\t\t\t\t\t\t\t\t<\/div>\n\t\t\t\t\t<\/div>\n\t\t<\/div>\n\t\t\t\t\t<\/div>\n\t\t<\/section>\n\t\t\t\t<section class=\"elementor-section elementor-top-section elementor-element elementor-element-a6c6ba9 elementor-section-boxed elementor-section-height-default elementor-section-height-default\" data-id=\"a6c6ba9\" data-element_type=\"section\">\n\t\t\t\t\t\t<div class=\"elementor-container elementor-column-gap-default\">\n\t\t\t\t\t<div class=\"elementor-column elementor-col-50 elementor-top-column elementor-element elementor-element-37735b6\" data-id=\"37735b6\" data-element_type=\"column\">\n\t\t\t<div class=\"elementor-widget-wrap elementor-element-populated\">\n\t\t\t\t\t\t<div class=\"elementor-element elementor-element-58acedf elementor-widget elementor-widget-image\" data-id=\"58acedf\" data-element_type=\"widget\" data-widget_type=\"image.default\">\n\t\t\t\t\t\t\t\t\t\t\t\t\t\t\t<img loading=\"lazy\" decoding=\"async\" width=\"750\" height=\"750\" src=\"https:\/\/www.iocharger.com\/wp-content\/uploads\/2023\/06\/Home-Energy-Storage-system4-1-1.png\" class=\"attachment-full size-full wp-image-3709\" alt=\"\" srcset=\"https:\/\/www.iocharger.com\/wp-content\/uploads\/2023\/06\/Home-Energy-Storage-system4-1-1.png 750w, https:\/\/www.iocharger.com\/wp-content\/uploads\/2023\/06\/Home-Energy-Storage-system4-1-1-150x150.png 150w, https:\/\/www.iocharger.com\/wp-content\/uploads\/2023\/06\/Home-Energy-Storage-system4-1-1-660x660.png 660w, https:\/\/www.iocharger.com\/wp-content\/uploads\/2023\/06\/Home-Energy-Storage-system4-1-1-300x300.png 300w, https:\/\/www.iocharger.com\/wp-content\/uploads\/2023\/06\/Home-Energy-Storage-system4-1-1-285x285.png 285w, https:\/\/www.iocharger.com\/wp-content\/uploads\/2023\/06\/Home-Energy-Storage-system4-1-1-270x270.png 270w, https:\/\/www.iocharger.com\/wp-content\/uploads\/2023\/06\/Home-Energy-Storage-system4-1-1-540x540.png 540w\" sizes=\"(max-width: 750px) 100vw, 750px\" \/>\t\t\t\t\t\t\t\t\t\t\t\t\t\t\t<\/div>\n\t\t\t\t\t<\/div>\n\t\t<\/div>\n\t\t\t\t<div class=\"elementor-column elementor-col-50 elementor-top-column elementor-element elementor-element-8f74b52\" data-id=\"8f74b52\" data-element_type=\"column\">\n\t\t\t<div class=\"elementor-widget-wrap elementor-element-populated\">\n\t\t\t\t\t\t<div class=\"elementor-element elementor-element-21ff06b elementor-widget elementor-widget-text-editor\" data-id=\"21ff06b\" data-element_type=\"widget\" data-widget_type=\"text-editor.default\">\n\t\t\t\t\t\t\t\t\t<p><strong>Surveillance en direct 7\u00d724<\/strong><\/p>\n<p>Avec l'application iocharger, vous pouvez surveiller votre consommation d'\u00e9nergie solaire, de batterie et domestique en temps r\u00e9el. D\u00e9finissez vos pr\u00e9f\u00e9rences pour optimiser votre ind\u00e9pendance \u00e9nerg\u00e9tique. Contr\u00f4lez votre syst\u00e8me de n'importe o\u00f9 gr\u00e2ce \u00e0 l'acc\u00e8s \u00e0 distance et aux notifications instantan\u00e9es.<\/p>\t\t\t\t\t\t\t\t<\/div>\n\t\t\t\t\t<\/div>\n\t\t<\/div>\n\t\t\t\t\t<\/div>\n\t\t<\/section>\n\t\t\t\t<\/div>","protected":false},"excerpt":{"rendered":"<div class=\"pro_main_text clearfix\">\n<div class=\"pro_main_text clearfix\">\n<div class=\"pro_main_text clearfix\">\n<div class=\"pro_main_text clearfix\">\n<div class=\"pro_main_text clearfix\">\n<div class=\"pro_main_text clearfix\">\n<div class=\"pro_main_text clearfix\">\n<div class=\"pro_main_text clearfix\">\n<div class=\"pro_main_text clearfix\">\n<div class=\"pro_main_text clearfix\">\n<p class=\"\">Sauvegarde de l'\u00e9nergie pour votre maison.<\/p>\n<\/div>\n<ul class=\"clearfix\">\n<li>Batterie : LiFePO4<\/li>\n<li>Capacit\u00e9 de la batterie : 5,12 kWh et 10,24 kWh<\/li>\n<li>Profondeur de d\u00e9charge : 90%<\/li>\n<li>Max. Chargement : 50 A (0,5 C)<\/li>\n<li>D\u00e9charge max. D\u00e9charge : 100 A (1 C)<\/li>\n<li>Tension nominale : 51,20 V<\/li>\n<li>Tension de fonctionnement : 48 V - 57 V (90% DoD)<\/li>\n<li>Niveau de protection : IP65<\/li>\n<li>Dimension : 660 x 500 x 180mm<\/li>\n<li>Dur\u00e9e de vie : 6000 cycles<\/li>\n<\/ul>\n<\/div>\n<\/div>\n<\/div>\n<\/div>\n<\/div>\n<\/div>\n<\/div>\n<\/div>\n<\/div>","protected":false},"featured_media":8818,"template":"","meta":{"_acf_changed":false},"product_brand":[],"product_cat":[97],"product_tag":[95,96,98],"class_list":{"0":"post-2275","1":"product","2":"type-product","3":"status-publish","4":"has-post-thumbnail","6":"product_cat-energy-storage-system","7":"product_tag-100ah-lifepo4-battery-pack","8":"product_tag-5-12kwh-home-battery-backup","9":"product_tag-home-battery-storage-system","11":"first","12":"instock","13":"shipping-taxable","14":"product-type-simple"},"acf":[],"_links":{"self":[{"href":"https:\/\/www.iocharger.com\/fr\/wp-json\/wp\/v2\/product\/2275","targetHints":{"allow":["GET"]}}],"collection":[{"href":"https:\/\/www.iocharger.com\/fr\/wp-json\/wp\/v2\/product"}],"about":[{"href":"https:\/\/www.iocharger.com\/fr\/wp-json\/wp\/v2\/types\/product"}],"version-history":[{"count":1,"href":"https:\/\/www.iocharger.com\/fr\/wp-json\/wp\/v2\/product\/2275\/revisions"}],"predecessor-version":[{"id":9941,"href":"https:\/\/www.iocharger.com\/fr\/wp-json\/wp\/v2\/product\/2275\/revisions\/9941"}],"wp:featuredmedia":[{"embeddable":true,"href":"https:\/\/www.iocharger.com\/fr\/wp-json\/wp\/v2\/media\/8818"}],"wp:attachment":[{"href":"https:\/\/www.iocharger.com\/fr\/wp-json\/wp\/v2\/media?parent=2275"}],"wp:term":[{"taxonomy":"product_brand","embeddable":true,"href":"https:\/\/www.iocharger.com\/fr\/wp-json\/wp\/v2\/product_brand?post=2275"},{"taxonomy":"product_cat","embeddable":true,"href":"https:\/\/www.iocharger.com\/fr\/wp-json\/wp\/v2\/product_cat?post=2275"},{"taxonomy":"product_tag","embeddable":true,"href":"https:\/\/www.iocharger.com\/fr\/wp-json\/wp\/v2\/product_tag?post=2275"}],"curies":[{"name":"wp","href":"https:\/\/api.w.org\/{rel}","templated":true}]}}