{"id":2264,"date":"2023-06-02T08:40:19","date_gmt":"2023-06-02T08:40:19","guid":{"rendered":"https:\/\/test2.honstyle.com\/?post_type=product&#038;p=2264"},"modified":"2025-11-26T06:17:26","modified_gmt":"2025-11-26T06:17:26","slug":"energy-management-system-for-residential-and-commercial","status":"publish","type":"product","link":"https:\/\/www.iocharger.com\/fr\/energy-management-system-for-residential-and-commercial\/","title":{"rendered":"Syst\u00e8me de gestion de l'\u00e9nergie pour le secteur r\u00e9sidentiel et commercial"},"content":{"rendered":"<div data-elementor-type=\"product-post\" data-elementor-id=\"2264\" class=\"elementor elementor-2264\" data-elementor-post-type=\"product\">\n\t\t\t\t\t\t<section class=\"elementor-section elementor-top-section elementor-element elementor-element-36be56f elementor-section-boxed elementor-section-height-default elementor-section-height-default\" data-id=\"36be56f\" data-element_type=\"section\">\n\t\t\t\t\t\t<div class=\"elementor-container elementor-column-gap-default\">\n\t\t\t\t\t<div class=\"elementor-column elementor-col-100 elementor-top-column elementor-element elementor-element-c5856c7\" data-id=\"c5856c7\" data-element_type=\"column\">\n\t\t\t<div class=\"elementor-widget-wrap elementor-element-populated\">\n\t\t\t\t\t\t<div class=\"elementor-element elementor-element-476b974 elementor-widget elementor-widget-text-editor\" data-id=\"476b974\" data-element_type=\"widget\" data-widget_type=\"text-editor.default\">\n\t\t\t\t\t\t\t\t\t<p>Gestion simple et acc\u00e8s facile \u00e0 toutes les informations.<br \/>Peu de personnel de maintenance est n\u00e9cessaire, et tous les chargeurs peuvent \u00eatre surveill\u00e9s \u00e0 distance sans avoir \u00e0 se rendre sur place.<\/p>\t\t\t\t\t\t\t\t<\/div>\n\t\t\t\t\t<\/div>\n\t\t<\/div>\n\t\t\t\t\t<\/div>\n\t\t<\/section>\n\t\t\t\t<section class=\"elementor-section elementor-top-section elementor-element elementor-element-5d2f968 elementor-section-boxed elementor-section-height-default elementor-section-height-default\" data-id=\"5d2f968\" data-element_type=\"section\">\n\t\t\t\t\t\t<div class=\"elementor-container elementor-column-gap-default\">\n\t\t\t\t\t<div class=\"elementor-column elementor-col-50 elementor-top-column elementor-element elementor-element-2eacc1d\" data-id=\"2eacc1d\" data-element_type=\"column\">\n\t\t\t<div class=\"elementor-widget-wrap elementor-element-populated\">\n\t\t\t\t\t\t<div class=\"elementor-element elementor-element-c87d755 elementor-widget elementor-widget-text-editor\" data-id=\"c87d755\" data-element_type=\"widget\" data-widget_type=\"text-editor.default\">\n\t\t\t\t\t\t\t\t\t<p><strong>Caract\u00e9ristiques principales :<\/strong><\/p><p>\u25cf Gestion des appareils : Chargeur, gestion de la passerelle \u00e9nerg\u00e9tique et mise \u00e0 jour du micrologiciel en un clic.<\/p><p>\u25cf Surveillance en temps r\u00e9el : Maintenance et diagnostic \u00e0 distance des chargeurs, statistiques en temps r\u00e9el des donn\u00e9es de charge.<\/p><p>\u25cf Gestion des utilisateurs : Gestion des groupes d'utilisateurs, gestion de l'identification par radiofr\u00e9quence, visualisation et gestion des dossiers de r\u00e9servation.<\/p><p>\u25cf Enregistrement des frais : Tous les enregistrements de charge peuvent \u00eatre interrog\u00e9s, donn\u00e9es uniques, interrogation rapide des conditions.<\/p>\t\t\t\t\t\t\t\t<\/div>\n\t\t\t\t\t<\/div>\n\t\t<\/div>\n\t\t\t\t<div class=\"elementor-column elementor-col-50 elementor-top-column elementor-element elementor-element-76fba91\" data-id=\"76fba91\" data-element_type=\"column\">\n\t\t\t<div class=\"elementor-widget-wrap elementor-element-populated\">\n\t\t\t\t\t\t<div class=\"elementor-element elementor-element-410d7c4 elementor-widget elementor-widget-image\" data-id=\"410d7c4\" data-element_type=\"widget\" data-widget_type=\"image.default\">\n\t\t\t\t\t\t\t\t\t\t\t\t\t\t\t<img fetchpriority=\"high\" decoding=\"async\" width=\"750\" height=\"750\" src=\"https:\/\/www.iocharger.com\/wp-content\/uploads\/2023\/06\/Energy-Management-System-1-2-1.png\" class=\"attachment-full size-full wp-image-4248\" alt=\"\" srcset=\"https:\/\/www.iocharger.com\/wp-content\/uploads\/2023\/06\/Energy-Management-System-1-2-1.png 750w, https:\/\/www.iocharger.com\/wp-content\/uploads\/2023\/06\/Energy-Management-System-1-2-1-150x150.png 150w, https:\/\/www.iocharger.com\/wp-content\/uploads\/2023\/06\/Energy-Management-System-1-2-1-660x660.png 660w, https:\/\/www.iocharger.com\/wp-content\/uploads\/2023\/06\/Energy-Management-System-1-2-1-300x300.png 300w, https:\/\/www.iocharger.com\/wp-content\/uploads\/2023\/06\/Energy-Management-System-1-2-1-285x285.png 285w, https:\/\/www.iocharger.com\/wp-content\/uploads\/2023\/06\/Energy-Management-System-1-2-1-270x270.png 270w, https:\/\/www.iocharger.com\/wp-content\/uploads\/2023\/06\/Energy-Management-System-1-2-1-540x540.png 540w\" sizes=\"(max-width: 750px) 100vw, 750px\" \/>\t\t\t\t\t\t\t\t\t\t\t\t\t\t\t<\/div>\n\t\t\t\t\t<\/div>\n\t\t<\/div>\n\t\t\t\t\t<\/div>\n\t\t<\/section>\n\t\t\t\t<section class=\"elementor-section elementor-top-section elementor-element elementor-element-65806cd elementor-section-boxed elementor-section-height-default elementor-section-height-default\" data-id=\"65806cd\" data-element_type=\"section\">\n\t\t\t\t\t\t<div class=\"elementor-container elementor-column-gap-default\">\n\t\t\t\t\t<div class=\"elementor-column elementor-col-50 elementor-top-column elementor-element elementor-element-d3b6d80\" data-id=\"d3b6d80\" data-element_type=\"column\">\n\t\t\t<div class=\"elementor-widget-wrap elementor-element-populated\">\n\t\t\t\t\t\t<div class=\"elementor-element elementor-element-39afa5b elementor-widget elementor-widget-image\" data-id=\"39afa5b\" data-element_type=\"widget\" data-widget_type=\"image.default\">\n\t\t\t\t\t\t\t\t\t\t\t\t\t\t\t<img decoding=\"async\" width=\"750\" height=\"750\" src=\"https:\/\/www.iocharger.com\/wp-content\/uploads\/2023\/06\/Energy-Management-System-3-2-1.png\" class=\"attachment-full size-full wp-image-4249\" alt=\"\" srcset=\"https:\/\/www.iocharger.com\/wp-content\/uploads\/2023\/06\/Energy-Management-System-3-2-1.png 750w, https:\/\/www.iocharger.com\/wp-content\/uploads\/2023\/06\/Energy-Management-System-3-2-1-150x150.png 150w, https:\/\/www.iocharger.com\/wp-content\/uploads\/2023\/06\/Energy-Management-System-3-2-1-660x660.png 660w, https:\/\/www.iocharger.com\/wp-content\/uploads\/2023\/06\/Energy-Management-System-3-2-1-300x300.png 300w, https:\/\/www.iocharger.com\/wp-content\/uploads\/2023\/06\/Energy-Management-System-3-2-1-285x285.png 285w, https:\/\/www.iocharger.com\/wp-content\/uploads\/2023\/06\/Energy-Management-System-3-2-1-270x270.png 270w, https:\/\/www.iocharger.com\/wp-content\/uploads\/2023\/06\/Energy-Management-System-3-2-1-540x540.png 540w\" sizes=\"(max-width: 750px) 100vw, 750px\" \/>\t\t\t\t\t\t\t\t\t\t\t\t\t\t\t<\/div>\n\t\t\t\t\t<\/div>\n\t\t<\/div>\n\t\t\t\t<div class=\"elementor-column elementor-col-50 elementor-top-column elementor-element elementor-element-60d90fc\" data-id=\"60d90fc\" data-element_type=\"column\">\n\t\t\t<div class=\"elementor-widget-wrap elementor-element-populated\">\n\t\t\t\t\t\t<div class=\"elementor-element elementor-element-f08cacd elementor-widget elementor-widget-text-editor\" data-id=\"f08cacd\" data-element_type=\"widget\" data-widget_type=\"text-editor.default\">\n\t\t\t\t\t\t\t\t\t<p><strong>Gestion l\u00e9g\u00e8re et pratique<\/strong><\/p><p>IOCLITE est une plate-forme de gestion commerciale pratique et rapide. Elle convient \u00e0 divers sc\u00e9narios d'application tels que la maison, la communaut\u00e9, le parking et l'entreprise. Les op\u00e9rateurs peuvent facilement ma\u00eetriser le fonctionnement et la maintenance sans investir trop de frais d'apprentissage.<\/p><p>Le logiciel peut \u00e9galement r\u00e9aliser facilement la gestion de plusieurs groupes et la gestion de l'\u00e9quilibrage de plusieurs charges. Prot\u00e9ger l'environnement \u00e9lectrique de la station de l'op\u00e9rateur pour qu'il soit plus fiable et plus stable.<\/p>\t\t\t\t\t\t\t\t<\/div>\n\t\t\t\t\t<\/div>\n\t\t<\/div>\n\t\t\t\t\t<\/div>\n\t\t<\/section>\n\t\t\t\t<section class=\"elementor-section elementor-top-section elementor-element elementor-element-265586c elementor-section-boxed elementor-section-height-default elementor-section-height-default\" data-id=\"265586c\" data-element_type=\"section\">\n\t\t\t\t\t\t<div class=\"elementor-container elementor-column-gap-default\">\n\t\t\t\t\t<div class=\"elementor-column elementor-col-50 elementor-top-column elementor-element elementor-element-6ccfc3d\" data-id=\"6ccfc3d\" data-element_type=\"column\">\n\t\t\t<div class=\"elementor-widget-wrap elementor-element-populated\">\n\t\t\t\t\t\t<div class=\"elementor-element elementor-element-95e3a62 elementor-widget elementor-widget-text-editor\" data-id=\"95e3a62\" data-element_type=\"widget\" data-widget_type=\"text-editor.default\">\n\t\t\t\t\t\t\t\t\t<p><strong>R\u00e9duire les co\u00fbts de main-d'\u0153uvre et am\u00e9liorer l'efficacit\u00e9<\/strong><\/p><p>Gestion efficace - Gestion et surveillance \u00e0 distance avec un minimum de personnel. Un seul clic suffit pour mettre \u00e0 jour le micrologiciel de la pile, et toutes les informations sont sous contr\u00f4le d\u00e8s la premi\u00e8re fois. Investissez moins de capital et de main-d'\u0153uvre, op\u00e9rez facilement et gagnez plus d'argent.<\/p>\t\t\t\t\t\t\t\t<\/div>\n\t\t\t\t\t<\/div>\n\t\t<\/div>\n\t\t\t\t<div class=\"elementor-column elementor-col-50 elementor-top-column elementor-element elementor-element-cb107cb\" data-id=\"cb107cb\" data-element_type=\"column\">\n\t\t\t<div class=\"elementor-widget-wrap elementor-element-populated\">\n\t\t\t\t\t\t<div class=\"elementor-element elementor-element-3d14962 elementor-widget elementor-widget-image\" data-id=\"3d14962\" data-element_type=\"widget\" data-widget_type=\"image.default\">\n\t\t\t\t\t\t\t\t\t\t\t\t\t\t\t<img decoding=\"async\" width=\"750\" height=\"750\" src=\"https:\/\/www.iocharger.com\/wp-content\/uploads\/2023\/06\/Energy-Management-System-33-1.png\" class=\"attachment-full size-full wp-image-4250\" alt=\"\" srcset=\"https:\/\/www.iocharger.com\/wp-content\/uploads\/2023\/06\/Energy-Management-System-33-1.png 750w, https:\/\/www.iocharger.com\/wp-content\/uploads\/2023\/06\/Energy-Management-System-33-1-150x150.png 150w, https:\/\/www.iocharger.com\/wp-content\/uploads\/2023\/06\/Energy-Management-System-33-1-660x660.png 660w, https:\/\/www.iocharger.com\/wp-content\/uploads\/2023\/06\/Energy-Management-System-33-1-300x300.png 300w, https:\/\/www.iocharger.com\/wp-content\/uploads\/2023\/06\/Energy-Management-System-33-1-285x285.png 285w, https:\/\/www.iocharger.com\/wp-content\/uploads\/2023\/06\/Energy-Management-System-33-1-270x270.png 270w, https:\/\/www.iocharger.com\/wp-content\/uploads\/2023\/06\/Energy-Management-System-33-1-540x540.png 540w\" sizes=\"(max-width: 750px) 100vw, 750px\" \/>\t\t\t\t\t\t\t\t\t\t\t\t\t\t\t<\/div>\n\t\t\t\t\t<\/div>\n\t\t<\/div>\n\t\t\t\t\t<\/div>\n\t\t<\/section>\n\t\t\t\t<section class=\"elementor-section elementor-top-section elementor-element elementor-element-60611a2 elementor-section-boxed elementor-section-height-default elementor-section-height-default\" data-id=\"60611a2\" data-element_type=\"section\">\n\t\t\t\t\t\t<div class=\"elementor-container elementor-column-gap-default\">\n\t\t\t\t\t<div class=\"elementor-column elementor-col-50 elementor-top-column elementor-element elementor-element-7fe5951\" data-id=\"7fe5951\" data-element_type=\"column\">\n\t\t\t<div class=\"elementor-widget-wrap elementor-element-populated\">\n\t\t\t\t\t\t<div class=\"elementor-element elementor-element-d2d5b7a elementor-widget elementor-widget-image\" data-id=\"d2d5b7a\" data-element_type=\"widget\" data-widget_type=\"image.default\">\n\t\t\t\t\t\t\t\t\t\t\t\t\t\t\t<img loading=\"lazy\" decoding=\"async\" width=\"750\" height=\"750\" src=\"https:\/\/www.iocharger.com\/wp-content\/uploads\/2023\/06\/Energy-Management-System-4-1-1.png\" class=\"attachment-full size-full wp-image-4790\" alt=\"\" srcset=\"https:\/\/www.iocharger.com\/wp-content\/uploads\/2023\/06\/Energy-Management-System-4-1-1.png 750w, https:\/\/www.iocharger.com\/wp-content\/uploads\/2023\/06\/Energy-Management-System-4-1-1-150x150.png 150w, https:\/\/www.iocharger.com\/wp-content\/uploads\/2023\/06\/Energy-Management-System-4-1-1-660x660.png 660w, https:\/\/www.iocharger.com\/wp-content\/uploads\/2023\/06\/Energy-Management-System-4-1-1-300x300.png 300w, https:\/\/www.iocharger.com\/wp-content\/uploads\/2023\/06\/Energy-Management-System-4-1-1-285x285.png 285w, https:\/\/www.iocharger.com\/wp-content\/uploads\/2023\/06\/Energy-Management-System-4-1-1-270x270.png 270w, https:\/\/www.iocharger.com\/wp-content\/uploads\/2023\/06\/Energy-Management-System-4-1-1-540x540.png 540w\" sizes=\"(max-width: 750px) 100vw, 750px\" \/>\t\t\t\t\t\t\t\t\t\t\t\t\t\t\t<\/div>\n\t\t\t\t\t<\/div>\n\t\t<\/div>\n\t\t\t\t<div class=\"elementor-column elementor-col-50 elementor-top-column elementor-element elementor-element-aa6dc82\" data-id=\"aa6dc82\" data-element_type=\"column\">\n\t\t\t<div class=\"elementor-widget-wrap elementor-element-populated\">\n\t\t\t\t\t\t<div class=\"elementor-element elementor-element-37cec7c elementor-widget elementor-widget-text-editor\" data-id=\"37cec7c\" data-element_type=\"widget\" data-widget_type=\"text-editor.default\">\n\t\t\t\t\t\t\t\t\t<p><strong>Application mobile de la famille IoC<\/strong><\/p>\n<p>\u25cf Gestion de la famille et du groupe d'entreprises<\/p>\n<p>\u25cf Afficher tous les enregistrements des transactions de tarification<\/p>\n<p>\u25cf D\u00e9marrer et arr\u00eater la charge via la carte RFID ou l'APP<\/p>\n<p>\u25cf Contr\u00f4ler l'\u00e9tat de charge \u00e0 distance<\/p>\n<p class=\"\">\u25cf D\u00e9finir des horaires pour charger \u00e0 tout moment<\/p>\n<p class=\"\">\u25cf Respectueux de l'environnement gr\u00e2ce \u00e0 l'int\u00e9gration de l'\u00e9nergie solaire et de la batterie<\/p>\t\t\t\t\t\t\t\t<\/div>\n\t\t\t\t<section class=\"elementor-section elementor-inner-section elementor-element elementor-element-9c0239b elementor-section-boxed elementor-section-height-default elementor-section-height-default\" data-id=\"9c0239b\" data-element_type=\"section\">\n\t\t\t\t\t\t<div class=\"elementor-container elementor-column-gap-default\">\n\t\t\t\t\t<div class=\"elementor-column elementor-col-50 elementor-inner-column elementor-element elementor-element-a12d6de\" data-id=\"a12d6de\" data-element_type=\"column\">\n\t\t\t<div class=\"elementor-widget-wrap elementor-element-populated\">\n\t\t\t\t\t\t<div class=\"elementor-element elementor-element-78c9f28 elementor-widget elementor-widget-image\" data-id=\"78c9f28\" data-element_type=\"widget\" data-widget_type=\"image.default\">\n\t\t\t\t\t\t\t\t\t\t\t\t\t\t\t\t<a href=\"https:\/\/play.google.com\/store\/apps\/dev?id=6686573058493958206\" rel=\"nofollow noopener\" target=\"_blank\">\n\t\t\t\t\t\t\t<img loading=\"lazy\" decoding=\"async\" width=\"201\" height=\"98\" src=\"https:\/\/www.iocharger.com\/wp-content\/uploads\/2023\/05\/14-1.jpg\" class=\"attachment-full size-full wp-image-3828\" alt=\"iocharger ioc lite download google\" srcset=\"https:\/\/www.iocharger.com\/wp-content\/uploads\/2023\/05\/14-1.jpg 201w, https:\/\/www.iocharger.com\/wp-content\/uploads\/2023\/05\/14-1-150x73.jpg 150w\" sizes=\"(max-width: 201px) 100vw, 201px\" \/>\t\t\t\t\t\t\t\t<\/a>\n\t\t\t\t\t\t\t\t\t\t\t\t\t\t\t<\/div>\n\t\t\t\t\t<\/div>\n\t\t<\/div>\n\t\t\t\t<div class=\"elementor-column elementor-col-50 elementor-inner-column elementor-element elementor-element-a15116f\" data-id=\"a15116f\" data-element_type=\"column\">\n\t\t\t<div class=\"elementor-widget-wrap elementor-element-populated\">\n\t\t\t\t\t\t<div class=\"elementor-element elementor-element-a08710f elementor-widget elementor-widget-image\" data-id=\"a08710f\" data-element_type=\"widget\" data-widget_type=\"image.default\">\n\t\t\t\t\t\t\t\t\t\t\t\t\t\t\t\t<a href=\"https:\/\/apps.apple.com\/us\/app\/iocharger\/id1490831585\" rel=\"nofollow noopener\" target=\"_blank\">\n\t\t\t\t\t\t\t<img loading=\"lazy\" decoding=\"async\" width=\"207\" height=\"98\" src=\"https:\/\/www.iocharger.com\/wp-content\/uploads\/2023\/05\/13-1.jpg\" class=\"attachment-full size-full wp-image-3827\" alt=\"ioc lite app download apple store\" srcset=\"https:\/\/www.iocharger.com\/wp-content\/uploads\/2023\/05\/13-1.jpg 207w, https:\/\/www.iocharger.com\/wp-content\/uploads\/2023\/05\/13-1-150x71.jpg 150w\" sizes=\"(max-width: 207px) 100vw, 207px\" \/>\t\t\t\t\t\t\t\t<\/a>\n\t\t\t\t\t\t\t\t\t\t\t\t\t\t\t<\/div>\n\t\t\t\t\t<\/div>\n\t\t<\/div>\n\t\t\t\t\t<\/div>\n\t\t<\/section>\n\t\t\t\t\t<\/div>\n\t\t<\/div>\n\t\t\t\t\t<\/div>\n\t\t<\/section>\n\t\t\t\t<\/div>","protected":false},"excerpt":{"rendered":"<div class=\"pro_main_text clearfix\">\n<div class=\"pro_main_text clearfix\">\n<div class=\"pro_main_text clearfix\">\n<div class=\"pro_main_text clearfix\">\n<div class=\"pro_main_text clearfix\">\n<div class=\"pro_main_text clearfix\">\n<div class=\"pro_main_text clearfix\">\n<div class=\"pro_main_text clearfix\">\n<div class=\"pro_main_text clearfix\">\n<p>Une plateforme commerciale l\u00e9g\u00e8re comprenant la gestion des horaires de chargement, la gestion des familles et des groupes d'entreprises, la gestion de l'\u00e9nergie.<\/p>\n<\/div>\n<ul class=\"clearfix\">\n<li>Gestion des appareils : Oui<\/li>\n<li>Surveillance en temps r\u00e9el : Oui<\/li>\n<li>Gestion des utilisateurs : Oui<\/li>\n<li>Gestion des cartes RFID : Oui<\/li>\n<li>Gestion de l'\u00e9quilibrage de la charge : Oui<\/li>\n<li>Gestion des microprogrammes : Oui<\/li>\n<li>Enregistrement de la charge : Oui<\/li>\n<li>Gestion des pannes : Oui<\/li>\n<\/ul>\n<\/div>\n<\/div>\n<\/div>\n<\/div>\n<\/div>\n<\/div>\n<\/div>\n<\/div>","protected":false},"featured_media":3466,"template":"","meta":{"_acf_changed":false},"product_brand":[],"product_cat":[89],"product_tag":[92,93,94],"class_list":{"0":"post-2264","1":"product","2":"type-product","3":"status-publish","4":"has-post-thumbnail","6":"product_cat-charging-station-management-system","7":"product_tag-advanced-energy-management-solution","8":"product_tag-dynamic-load-balancing-management","9":"product_tag-residential-energy-management-system","11":"first","12":"instock","13":"shipping-taxable","14":"product-type-simple"},"acf":[],"_links":{"self":[{"href":"https:\/\/www.iocharger.com\/fr\/wp-json\/wp\/v2\/product\/2264","targetHints":{"allow":["GET"]}}],"collection":[{"href":"https:\/\/www.iocharger.com\/fr\/wp-json\/wp\/v2\/product"}],"about":[{"href":"https:\/\/www.iocharger.com\/fr\/wp-json\/wp\/v2\/types\/product"}],"version-history":[{"count":1,"href":"https:\/\/www.iocharger.com\/fr\/wp-json\/wp\/v2\/product\/2264\/revisions"}],"predecessor-version":[{"id":9743,"href":"https:\/\/www.iocharger.com\/fr\/wp-json\/wp\/v2\/product\/2264\/revisions\/9743"}],"wp:featuredmedia":[{"embeddable":true,"href":"https:\/\/www.iocharger.com\/fr\/wp-json\/wp\/v2\/media\/3466"}],"wp:attachment":[{"href":"https:\/\/www.iocharger.com\/fr\/wp-json\/wp\/v2\/media?parent=2264"}],"wp:term":[{"taxonomy":"product_brand","embeddable":true,"href":"https:\/\/www.iocharger.com\/fr\/wp-json\/wp\/v2\/product_brand?post=2264"},{"taxonomy":"product_cat","embeddable":true,"href":"https:\/\/www.iocharger.com\/fr\/wp-json\/wp\/v2\/product_cat?post=2264"},{"taxonomy":"product_tag","embeddable":true,"href":"https:\/\/www.iocharger.com\/fr\/wp-json\/wp\/v2\/product_tag?post=2264"}],"curies":[{"name":"wp","href":"https:\/\/api.w.org\/{rel}","templated":true}]}}