{"id":2132,"date":"2023-05-31T11:11:41","date_gmt":"2023-05-31T11:11:41","guid":{"rendered":"https:\/\/test2.honstyle.com\/?post_type=product&#038;p=2132"},"modified":"2026-04-30T08:01:24","modified_gmt":"2026-04-30T08:01:24","slug":"ocpp-1-6j-ocpp-2-0-1-60kw-120kw-ccs-2-chademo-22kw-type-2-ac-dc-combo","status":"publish","type":"product","link":"https:\/\/www.iocharger.com\/fr\/ocpp-1-6j-ocpp-2-0-1-60kw-120kw-ccs-2-chademo-22kw-type-2-ac-dc-combo\/","title":{"rendered":"Chargeur OCPP 1.6J OCPP 2.0.1 60kW 120kW CCS-2 + CHAdeMO + 22kW Type-2 AC &amp; DC Combo EV Charger"},"content":{"rendered":"<div data-elementor-type=\"product-post\" data-elementor-id=\"2132\" class=\"elementor elementor-2132\" data-elementor-post-type=\"product\">\n\t\t\t\t\t\t<section class=\"elementor-section elementor-top-section elementor-element elementor-element-d91410f elementor-section-boxed elementor-section-height-default elementor-section-height-default\" data-id=\"d91410f\" data-element_type=\"section\" data-e-type=\"section\">\n\t\t\t\t\t\t<div class=\"elementor-container elementor-column-gap-default\">\n\t\t\t\t\t<div class=\"elementor-column elementor-col-50 elementor-top-column elementor-element elementor-element-cdad719\" data-id=\"cdad719\" data-element_type=\"column\" data-e-type=\"column\">\n\t\t\t<div class=\"elementor-widget-wrap elementor-element-populated\">\n\t\t\t\t\t\t<div class=\"elementor-element elementor-element-c3193b5 elementor-widget elementor-widget-text-editor\" data-id=\"c3193b5\" data-element_type=\"widget\" data-e-type=\"widget\" data-widget_type=\"text-editor.default\">\n\t\t\t\t\t\t\t\t\t<p>Avec la popularisation des v\u00e9hicules \u00e9lectriques, les gens sont de plus en plus enclins \u00e0 conduire leurs v\u00e9hicules \u00e9lectriques sur la route pour des raisons d'\u00e9conomie et de respect de l'environnement. Des demandes de recharge diversifi\u00e9es deviennent in\u00e9vitables. Certaines personnes ont besoin de la vitesse de charge la plus rapide pour gagner du temps, tandis que d'autres veulent profiter d'une tasse de caf\u00e9 pendant la charge. Une station de recharge tout-en-un est d\u00e9sormais n\u00e9cessaire. IOCHY3 est sp\u00e9cialement con\u00e7u pour r\u00e9pondre \u00e0 ces exigences.<\/p>\t\t\t\t\t\t\t\t<\/div>\n\t\t\t\t\t<\/div>\n\t\t<\/div>\n\t\t\t\t<div class=\"elementor-column elementor-col-50 elementor-top-column elementor-element elementor-element-f7c02ea\" data-id=\"f7c02ea\" data-element_type=\"column\" data-e-type=\"column\">\n\t\t\t<div class=\"elementor-widget-wrap elementor-element-populated\">\n\t\t\t\t\t\t<div class=\"elementor-element elementor-element-3cd0924 elementor-widget elementor-widget-image\" data-id=\"3cd0924\" data-element_type=\"widget\" data-e-type=\"widget\" data-widget_type=\"image.default\">\n\t\t\t\t\t\t\t\t\t\t\t\t\t\t\t<img fetchpriority=\"high\" decoding=\"async\" width=\"1000\" height=\"1000\" src=\"https:\/\/www.iocharger.com\/wp-content\/uploads\/2023\/05\/ev-charger-triple-plug-1.jpg\" class=\"attachment-full size-full wp-image-6619\" alt=\"chargeur ev triple plug\" srcset=\"https:\/\/www.iocharger.com\/wp-content\/uploads\/2023\/05\/ev-charger-triple-plug-1.jpg 1000w, https:\/\/www.iocharger.com\/wp-content\/uploads\/2023\/05\/ev-charger-triple-plug-1-150x150.jpg 150w, https:\/\/www.iocharger.com\/wp-content\/uploads\/2023\/05\/ev-charger-triple-plug-1-660x660.jpg 660w, https:\/\/www.iocharger.com\/wp-content\/uploads\/2023\/05\/ev-charger-triple-plug-1-300x300.jpg 300w, https:\/\/www.iocharger.com\/wp-content\/uploads\/2023\/05\/ev-charger-triple-plug-1-768x768.jpg 768w, https:\/\/www.iocharger.com\/wp-content\/uploads\/2023\/05\/ev-charger-triple-plug-1-285x285.jpg 285w, https:\/\/www.iocharger.com\/wp-content\/uploads\/2023\/05\/ev-charger-triple-plug-1-270x270.jpg 270w, https:\/\/www.iocharger.com\/wp-content\/uploads\/2023\/05\/ev-charger-triple-plug-1-540x540.jpg 540w\" sizes=\"(max-width: 1000px) 100vw, 1000px\" \/>\t\t\t\t\t\t\t\t\t\t\t\t\t\t\t<\/div>\n\t\t\t\t\t<\/div>\n\t\t<\/div>\n\t\t\t\t\t<\/div>\n\t\t<\/section>\n\t\t\t\t<section class=\"elementor-section elementor-top-section elementor-element elementor-element-46efd56 elementor-section-boxed elementor-section-height-default elementor-section-height-default\" data-id=\"46efd56\" data-element_type=\"section\" data-e-type=\"section\">\n\t\t\t\t\t\t<div class=\"elementor-container elementor-column-gap-default\">\n\t\t\t\t\t<div class=\"elementor-column elementor-col-50 elementor-top-column elementor-element elementor-element-eeeedf3\" data-id=\"eeeedf3\" data-element_type=\"column\" data-e-type=\"column\">\n\t\t\t<div class=\"elementor-widget-wrap elementor-element-populated\">\n\t\t\t\t\t\t<div class=\"elementor-element elementor-element-6621256 elementor-widget elementor-widget-image\" data-id=\"6621256\" data-element_type=\"widget\" data-e-type=\"widget\" data-widget_type=\"image.default\">\n\t\t\t\t\t\t\t\t\t\t\t\t\t\t\t<img decoding=\"async\" width=\"1000\" height=\"1000\" src=\"https:\/\/www.iocharger.com\/wp-content\/uploads\/2023\/05\/3-plugs-ev-charger-1.jpg\" class=\"attachment-full size-full wp-image-6620\" alt=\"Chargeur ev \u00e0 3 prises\" srcset=\"https:\/\/www.iocharger.com\/wp-content\/uploads\/2023\/05\/3-plugs-ev-charger-1.jpg 1000w, https:\/\/www.iocharger.com\/wp-content\/uploads\/2023\/05\/3-plugs-ev-charger-1-150x150.jpg 150w, https:\/\/www.iocharger.com\/wp-content\/uploads\/2023\/05\/3-plugs-ev-charger-1-660x660.jpg 660w, https:\/\/www.iocharger.com\/wp-content\/uploads\/2023\/05\/3-plugs-ev-charger-1-300x300.jpg 300w, https:\/\/www.iocharger.com\/wp-content\/uploads\/2023\/05\/3-plugs-ev-charger-1-768x768.jpg 768w, https:\/\/www.iocharger.com\/wp-content\/uploads\/2023\/05\/3-plugs-ev-charger-1-285x285.jpg 285w, https:\/\/www.iocharger.com\/wp-content\/uploads\/2023\/05\/3-plugs-ev-charger-1-270x270.jpg 270w, https:\/\/www.iocharger.com\/wp-content\/uploads\/2023\/05\/3-plugs-ev-charger-1-540x540.jpg 540w\" sizes=\"(max-width: 1000px) 100vw, 1000px\" \/>\t\t\t\t\t\t\t\t\t\t\t\t\t\t\t<\/div>\n\t\t\t\t\t<\/div>\n\t\t<\/div>\n\t\t\t\t<div class=\"elementor-column elementor-col-50 elementor-top-column elementor-element elementor-element-edb24b6\" data-id=\"edb24b6\" data-element_type=\"column\" data-e-type=\"column\">\n\t\t\t<div class=\"elementor-widget-wrap elementor-element-populated\">\n\t\t\t\t\t\t<div class=\"elementor-element elementor-element-bc373ae elementor-widget elementor-widget-text-editor\" data-id=\"bc373ae\" data-element_type=\"widget\" data-e-type=\"widget\" data-widget_type=\"text-editor.default\">\n\t\t\t\t\t\t\t\t\t<p><strong>Caract\u00e9ristiques principales :<\/strong><\/p><ul><li>Prise en charge du CCS, du CHAdeMO et de la charge en courant alternatif de type 2<\/li><li>Connecteur de charge 22 kW ou 43 kW AC<\/li><li>ISO 15118 Plug &amp; Charge<\/li><li>Prise en charge de plusieurs langues<\/li><li>\u00c9cran tactile lisible \u00e0 la lumi\u00e8re du jour<\/li><li>Autorisation RFID<\/li><li>Code pin (OTP)<\/li><li>Bo\u00eetier robuste en acier inoxydable r\u00e9sistant aux intemp\u00e9ries<\/li><li>Installation rapide et facile<\/li><\/ul>\t\t\t\t\t\t\t\t<\/div>\n\t\t\t\t\t<\/div>\n\t\t<\/div>\n\t\t\t\t\t<\/div>\n\t\t<\/section>\n\t\t\t\t<section class=\"elementor-section elementor-top-section elementor-element elementor-element-6705ea5 elementor-section-boxed elementor-section-height-default elementor-section-height-default\" data-id=\"6705ea5\" data-element_type=\"section\" data-e-type=\"section\">\n\t\t\t\t\t\t<div class=\"elementor-container elementor-column-gap-default\">\n\t\t\t\t\t<div class=\"elementor-column elementor-col-50 elementor-top-column elementor-element elementor-element-3ec37f8\" data-id=\"3ec37f8\" data-element_type=\"column\" data-e-type=\"column\">\n\t\t\t<div class=\"elementor-widget-wrap elementor-element-populated\">\n\t\t\t\t\t\t<div class=\"elementor-element elementor-element-f65ac71 elementor-widget elementor-widget-text-editor\" data-id=\"f65ac71\" data-element_type=\"widget\" data-e-type=\"widget\" data-widget_type=\"text-editor.default\">\n\t\t\t\t\t\t\t\t\t<p><strong>Derni\u00e8re version conforme \u00e0 l'OCPP<\/strong><\/p><p>Gr\u00e2ce \u00e0 sa conformit\u00e9 totale avec les profils OCPP 1.6J et OCPP 2.0, IOCHY3 peut facilement se connecter \u00e0 n'importe quel backend bas\u00e9 sur OCPP.<\/p><p><strong>Diff\u00e9rents moyens de paiement<\/strong><\/p><p>IOCHY3 prend en charge plusieurs plateformes de paiement sans fil afin de r\u00e9pondre aux diff\u00e9rentes exigences en mati\u00e8re de paiement. Le module de paiement physique par carte de cr\u00e9dit est \u00e9galement extensible sur IOCHY3.<\/p>\t\t\t\t\t\t\t\t<\/div>\n\t\t\t\t\t<\/div>\n\t\t<\/div>\n\t\t\t\t<div class=\"elementor-column elementor-col-50 elementor-top-column elementor-element elementor-element-1e3e4f8\" data-id=\"1e3e4f8\" data-element_type=\"column\" data-e-type=\"column\">\n\t\t\t<div class=\"elementor-widget-wrap elementor-element-populated\">\n\t\t\t\t\t\t<div class=\"elementor-element elementor-element-8edf558 elementor-widget elementor-widget-image\" data-id=\"8edf558\" data-element_type=\"widget\" data-e-type=\"widget\" data-widget_type=\"image.default\">\n\t\t\t\t\t\t\t\t\t\t\t\t\t\t\t<img decoding=\"async\" width=\"750\" height=\"750\" src=\"https:\/\/www.iocharger.com\/wp-content\/uploads\/2023\/05\/DC-Fast-Charger-3-1.png\" class=\"attachment-full size-full wp-image-3277\" alt=\"\" srcset=\"https:\/\/www.iocharger.com\/wp-content\/uploads\/2023\/05\/DC-Fast-Charger-3-1.png 750w, https:\/\/www.iocharger.com\/wp-content\/uploads\/2023\/05\/DC-Fast-Charger-3-1-150x150.png 150w, https:\/\/www.iocharger.com\/wp-content\/uploads\/2023\/05\/DC-Fast-Charger-3-1-660x660.png 660w, https:\/\/www.iocharger.com\/wp-content\/uploads\/2023\/05\/DC-Fast-Charger-3-1-300x300.png 300w, https:\/\/www.iocharger.com\/wp-content\/uploads\/2023\/05\/DC-Fast-Charger-3-1-285x285.png 285w, https:\/\/www.iocharger.com\/wp-content\/uploads\/2023\/05\/DC-Fast-Charger-3-1-270x270.png 270w, https:\/\/www.iocharger.com\/wp-content\/uploads\/2023\/05\/DC-Fast-Charger-3-1-540x540.png 540w\" sizes=\"(max-width: 750px) 100vw, 750px\" \/>\t\t\t\t\t\t\t\t\t\t\t\t\t\t\t<\/div>\n\t\t\t\t\t<\/div>\n\t\t<\/div>\n\t\t\t\t\t<\/div>\n\t\t<\/section>\n\t\t\t\t<section class=\"elementor-section elementor-top-section elementor-element elementor-element-06c821a elementor-section-boxed elementor-section-height-default elementor-section-height-default\" data-id=\"06c821a\" data-element_type=\"section\" data-e-type=\"section\">\n\t\t\t\t\t\t<div class=\"elementor-container elementor-column-gap-default\">\n\t\t\t\t\t<div class=\"elementor-column elementor-col-50 elementor-top-column elementor-element elementor-element-8738a18\" data-id=\"8738a18\" data-element_type=\"column\" data-e-type=\"column\">\n\t\t\t<div class=\"elementor-widget-wrap elementor-element-populated\">\n\t\t\t\t\t\t<div class=\"elementor-element elementor-element-9e6b255 elementor-widget elementor-widget-image\" data-id=\"9e6b255\" data-element_type=\"widget\" data-e-type=\"widget\" data-widget_type=\"image.default\">\n\t\t\t\t\t\t\t\t\t\t\t\t\t\t\t<img loading=\"lazy\" decoding=\"async\" width=\"1000\" height=\"1000\" src=\"https:\/\/www.iocharger.com\/wp-content\/uploads\/2023\/05\/all-in-one-ev-charger-1.jpg\" class=\"attachment-full size-full wp-image-6622\" alt=\"chargeur ev tout-en-un\" srcset=\"https:\/\/www.iocharger.com\/wp-content\/uploads\/2023\/05\/all-in-one-ev-charger-1.jpg 1000w, https:\/\/www.iocharger.com\/wp-content\/uploads\/2023\/05\/all-in-one-ev-charger-1-150x150.jpg 150w, https:\/\/www.iocharger.com\/wp-content\/uploads\/2023\/05\/all-in-one-ev-charger-1-660x660.jpg 660w, https:\/\/www.iocharger.com\/wp-content\/uploads\/2023\/05\/all-in-one-ev-charger-1-300x300.jpg 300w, https:\/\/www.iocharger.com\/wp-content\/uploads\/2023\/05\/all-in-one-ev-charger-1-768x768.jpg 768w, https:\/\/www.iocharger.com\/wp-content\/uploads\/2023\/05\/all-in-one-ev-charger-1-285x285.jpg 285w, https:\/\/www.iocharger.com\/wp-content\/uploads\/2023\/05\/all-in-one-ev-charger-1-270x270.jpg 270w, https:\/\/www.iocharger.com\/wp-content\/uploads\/2023\/05\/all-in-one-ev-charger-1-540x540.jpg 540w\" sizes=\"(max-width: 1000px) 100vw, 1000px\" \/>\t\t\t\t\t\t\t\t\t\t\t\t\t\t\t<\/div>\n\t\t\t\t\t<\/div>\n\t\t<\/div>\n\t\t\t\t<div class=\"elementor-column elementor-col-50 elementor-top-column elementor-element elementor-element-8a85a21\" data-id=\"8a85a21\" data-element_type=\"column\" data-e-type=\"column\">\n\t\t\t<div class=\"elementor-widget-wrap elementor-element-populated\">\n\t\t\t\t\t\t<div class=\"elementor-element elementor-element-5406197 elementor-widget elementor-widget-text-editor\" data-id=\"5406197\" data-element_type=\"widget\" data-e-type=\"widget\" data-widget_type=\"text-editor.default\">\n\t\t\t\t\t\t\t\t\t<p><strong>Chargement commercial harmonieux des VE<\/strong><\/p><p>La gestion dynamique de la charge est \u00e9galement prise en charge par IOCHY3. Si la station utilise un r\u00e9seau hybride incluant un syst\u00e8me de stockage d'\u00e9nergie solaire, IOCHY3 peut fonctionner harmonieusement avec la derni\u00e8re technologie de iocharger.<\/p>\t\t\t\t\t\t\t\t<\/div>\n\t\t\t\t\t<\/div>\n\t\t<\/div>\n\t\t\t\t\t<\/div>\n\t\t<\/section>\n\t\t\t\t<\/div>","protected":false},"excerpt":{"rendered":"<div class=\"pro_main_text clearfix\">\n<div class=\"pro_main_text clearfix\">\n<div class=\"pro_main_text clearfix\">\n<div class=\"pro_main_text clearfix\">\n<div class=\"pro_main_text clearfix\">\n<div class=\"pro_main_text clearfix\">\n<div class=\"pro_main_text clearfix\">\n<p>IOCHY3 AC &amp; DC Combo EV Charger has an output power up to 120kW with DC CCS-2 + CHAdeMO + 22kW AC Type-2 + 3.6kW Schuko outputs , which is widely used for electric bus charging. Friendly user interface with 4G\/ Wi-Fi\/ Ethernet communication and RFID card reader, TUV &amp; CE certified.<\/p>\n<\/div>\n<ul class=\"clearfix\">\n<li>Tension AC : triphas\u00e9 400V\u00b115% AC<\/li>\n<li>Puissance de sortie DC max : DC 60kW+AC 22kW\/ DC 120kW+AC 22kW<\/li>\n<li>Plage de tension de sortie CC : 150 V \u00e0 1 000 V CC<\/li>\n<li>Affichage : \u00e9cran tactile LCD TFT de 8 pouces \u00c9cran tactile TFT LCD<\/li>\n<li>Interface r\u00e9seau : Ethernet\/ WiFi\/ 4G connexion internet intelligente<\/li>\n<li>OCPP : Prise en charge compl\u00e8te d'OCPP 1.6J\/ OCPP 2.0.1<\/li>\n<li>ISO15118 Plug&amp;Charge : \u00e9volutif<\/li>\n<li>Protection contre les infiltrations : IP54<\/li>\n<li>Dimensions d'exp\u00e9dition : 2017 x 1100 x 1000 mm<\/li>\n<li>Interface de chargement : 1 CCS+ 1 CHAdeMO+ 1 c\u00e2ble AC Type-2 + 1 SCHUKO<\/li>\n<li>Type de montage : au sol<\/li>\n<\/ul>\n<\/div>\n<\/div>\n<\/div>\n<\/div>\n<\/div>\n<\/div>\n<p><script src=\"chrome-extension:\/\/fpelahbljekknahkcaegamhcndkfpfnc\/iFrame.js\" type=\"text\/javascript\"><\/script><\/p>","protected":false},"featured_media":8667,"template":"","meta":{"_acf_changed":false},"product_brand":[],"product_cat":[79],"product_tag":[85,86,87],"class_list":{"0":"post-2132","1":"product","2":"type-product","3":"status-publish","4":"has-post-thumbnail","6":"product_cat-dc-fast-charger","7":"product_tag-60kw-120kw-dc-ev-charger","8":"product_tag-all-in-one-ac-dc-fast-charger","9":"product_tag-ocpp-dc-ev-fast-charging-station","11":"first","12":"instock","13":"shipping-taxable","14":"product-type-simple"},"acf":[],"_links":{"self":[{"href":"https:\/\/www.iocharger.com\/fr\/wp-json\/wp\/v2\/product\/2132","targetHints":{"allow":["GET"]}}],"collection":[{"href":"https:\/\/www.iocharger.com\/fr\/wp-json\/wp\/v2\/product"}],"about":[{"href":"https:\/\/www.iocharger.com\/fr\/wp-json\/wp\/v2\/types\/product"}],"version-history":[{"count":2,"href":"https:\/\/www.iocharger.com\/fr\/wp-json\/wp\/v2\/product\/2132\/revisions"}],"predecessor-version":[{"id":9945,"href":"https:\/\/www.iocharger.com\/fr\/wp-json\/wp\/v2\/product\/2132\/revisions\/9945"}],"wp:featuredmedia":[{"embeddable":true,"href":"https:\/\/www.iocharger.com\/fr\/wp-json\/wp\/v2\/media\/8667"}],"wp:attachment":[{"href":"https:\/\/www.iocharger.com\/fr\/wp-json\/wp\/v2\/media?parent=2132"}],"wp:term":[{"taxonomy":"product_brand","embeddable":true,"href":"https:\/\/www.iocharger.com\/fr\/wp-json\/wp\/v2\/product_brand?post=2132"},{"taxonomy":"product_cat","embeddable":true,"href":"https:\/\/www.iocharger.com\/fr\/wp-json\/wp\/v2\/product_cat?post=2132"},{"taxonomy":"product_tag","embeddable":true,"href":"https:\/\/www.iocharger.com\/fr\/wp-json\/wp\/v2\/product_tag?post=2132"}],"curies":[{"name":"wp","href":"https:\/\/api.w.org\/{rel}","templated":true}]}}