{"id":2039,"date":"2023-05-31T07:40:34","date_gmt":"2023-05-31T07:40:34","guid":{"rendered":"https:\/\/test2.honstyle.com\/?post_type=product&#038;p=2039"},"modified":"2025-12-30T03:10:52","modified_gmt":"2025-12-30T03:10:52","slug":"ul-level-2-32a-40a-50a-ocpp-1-6j-ocpp-2-0-1-intelligent-ev-charger","status":"publish","type":"product","link":"https:\/\/www.iocharger.com\/fr\/ul-level-2-32a-40a-50a-ocpp-1-6j-ocpp-2-0-1-intelligent-ev-charger\/","title":{"rendered":"ISO15118 Plug&amp;Charge UL Level 2 32A 40A 50A OCPP 1.6J OCPP 2.0.1 Chargeur intelligent pour VE"},"content":{"rendered":"<div data-elementor-type=\"product-post\" data-elementor-id=\"2039\" class=\"elementor elementor-2039\" data-elementor-post-type=\"product\">\n\t\t\t\t\t\t<section class=\"elementor-section elementor-top-section elementor-element elementor-element-090a9ad elementor-section-boxed elementor-section-height-default elementor-section-height-default\" data-id=\"090a9ad\" data-element_type=\"section\" data-e-type=\"section\">\n\t\t\t\t\t\t<div class=\"elementor-container elementor-column-gap-default\">\n\t\t\t\t\t<div class=\"elementor-column elementor-col-100 elementor-top-column elementor-element elementor-element-dccc2fd\" data-id=\"dccc2fd\" data-element_type=\"column\" data-e-type=\"column\">\n\t\t\t<div class=\"elementor-widget-wrap elementor-element-populated\">\n\t\t\t\t\t\t<div class=\"elementor-element elementor-element-45ec355 elementor-widget elementor-widget-text-editor\" data-id=\"45ec355\" data-element_type=\"widget\" data-e-type=\"widget\" data-widget_type=\"text-editor.default\">\n\t\t\t\t\t\t\t\t\t<p>Chargeur de VE intelligent pour les particuliers et les entreprises<\/p><p>Le chargeur intelligent, facile \u00e0 installer, vous permet d'ajouter des services intelligents et de g\u00e9rer le chargeur \u00e0 distance. La prise SAE J1772 assure la compatibilit\u00e9 avec tous les v\u00e9hicules \u00e9lectriques. Toutes les caract\u00e9ristiques vous permettent de b\u00e9n\u00e9ficier d'une excellente exp\u00e9rience de charge.<\/p>\t\t\t\t\t\t\t\t<\/div>\n\t\t\t\t\t<\/div>\n\t\t<\/div>\n\t\t\t\t\t<\/div>\n\t\t<\/section>\n\t\t\t\t<section class=\"elementor-section elementor-top-section elementor-element elementor-element-9cf4ebf elementor-section-boxed elementor-section-height-default elementor-section-height-default\" data-id=\"9cf4ebf\" data-element_type=\"section\" data-e-type=\"section\">\n\t\t\t\t\t\t<div class=\"elementor-container elementor-column-gap-default\">\n\t\t\t\t\t<div class=\"elementor-column elementor-col-50 elementor-top-column elementor-element elementor-element-0553c3b\" data-id=\"0553c3b\" data-element_type=\"column\" data-e-type=\"column\">\n\t\t\t<div class=\"elementor-widget-wrap elementor-element-populated\">\n\t\t\t\t\t\t<div class=\"elementor-element elementor-element-19d3aef elementor-widget elementor-widget-text-editor\" data-id=\"19d3aef\" data-element_type=\"widget\" data-e-type=\"widget\" data-widget_type=\"text-editor.default\">\n\t\t\t\t\t\t\t\t\t<p><strong>Caract\u00e9ristiques principales :<\/strong><\/p><ul><li>Compatible avec tous les VE et r\u00e9seaux \u00e9lectriques<\/li><li>Versions jusqu'\u00e0 32A, 40A, 50A disponibles<\/li><li>Design \u00e9pur\u00e9, apparence simple et \u00e9l\u00e9gante<\/li><li>\u00c9cran LCD de 2,8 pouces pour une utilisation facile et conviviale<\/li><li>Conception unique d'installation avec plaque arri\u00e8re ind\u00e9pendante<\/li><li>Commutation Ethernet, cellulaire et WLAN intelligente<\/li><li>Configuration flexible du courant\/de la puissance de sortie<\/li><li>Lumi\u00e8re respiratoire personnalisable selon les pr\u00e9f\u00e9rences<\/li><li>Soutien \u00e0 l'\u00e9quilibrage dynamique intelligent de la charge<\/li><li>Authentification de l'utilisateur par RFID ou application mobile<\/li><li>Portail web multifonctionnel de mise en service du chargeur<\/li><li>Contr\u00f4le et surveillance \u00e0 distance<\/li><\/ul>\t\t\t\t\t\t\t\t<\/div>\n\t\t\t\t\t<\/div>\n\t\t<\/div>\n\t\t\t\t<div class=\"elementor-column elementor-col-50 elementor-top-column elementor-element elementor-element-9c53a80\" data-id=\"9c53a80\" data-element_type=\"column\" data-e-type=\"column\">\n\t\t\t<div class=\"elementor-widget-wrap elementor-element-populated\">\n\t\t\t\t\t\t<div class=\"elementor-element elementor-element-4a8768a elementor-widget elementor-widget-image\" data-id=\"4a8768a\" data-element_type=\"widget\" data-e-type=\"widget\" data-widget_type=\"image.default\">\n\t\t\t\t\t\t\t\t\t\t\t\t\t\t\t<img fetchpriority=\"high\" decoding=\"async\" width=\"750\" height=\"750\" src=\"https:\/\/www.iocharger.com\/wp-content\/uploads\/2023\/05\/UL-Electric-Vehicle-Charging-station-1-3.png\" class=\"attachment-full size-full wp-image-3315\" alt=\"\" srcset=\"https:\/\/www.iocharger.com\/wp-content\/uploads\/2023\/05\/UL-Electric-Vehicle-Charging-station-1-3.png 750w, https:\/\/www.iocharger.com\/wp-content\/uploads\/2023\/05\/UL-Electric-Vehicle-Charging-station-1-3-150x150.png 150w, https:\/\/www.iocharger.com\/wp-content\/uploads\/2023\/05\/UL-Electric-Vehicle-Charging-station-1-3-660x660.png 660w, https:\/\/www.iocharger.com\/wp-content\/uploads\/2023\/05\/UL-Electric-Vehicle-Charging-station-1-3-300x300.png 300w, https:\/\/www.iocharger.com\/wp-content\/uploads\/2023\/05\/UL-Electric-Vehicle-Charging-station-1-3-285x285.png 285w, https:\/\/www.iocharger.com\/wp-content\/uploads\/2023\/05\/UL-Electric-Vehicle-Charging-station-1-3-270x270.png 270w, https:\/\/www.iocharger.com\/wp-content\/uploads\/2023\/05\/UL-Electric-Vehicle-Charging-station-1-3-540x540.png 540w\" sizes=\"(max-width: 750px) 100vw, 750px\" \/>\t\t\t\t\t\t\t\t\t\t\t\t\t\t\t<\/div>\n\t\t\t\t\t<\/div>\n\t\t<\/div>\n\t\t\t\t\t<\/div>\n\t\t<\/section>\n\t\t\t\t<section class=\"elementor-section elementor-top-section elementor-element elementor-element-3a0fb11 elementor-section-boxed elementor-section-height-default elementor-section-height-default\" data-id=\"3a0fb11\" data-element_type=\"section\" data-e-type=\"section\">\n\t\t\t\t\t\t<div class=\"elementor-container elementor-column-gap-default\">\n\t\t\t\t\t<div class=\"elementor-column elementor-col-50 elementor-top-column elementor-element elementor-element-a2326a7\" data-id=\"a2326a7\" data-element_type=\"column\" data-e-type=\"column\">\n\t\t\t<div class=\"elementor-widget-wrap elementor-element-populated\">\n\t\t\t\t\t\t<div class=\"elementor-element elementor-element-6a3cb34 elementor-widget elementor-widget-image\" data-id=\"6a3cb34\" data-element_type=\"widget\" data-e-type=\"widget\" data-widget_type=\"image.default\">\n\t\t\t\t\t\t\t\t\t\t\t\t\t\t\t<img decoding=\"async\" width=\"750\" height=\"750\" src=\"https:\/\/www.iocharger.com\/wp-content\/uploads\/2023\/05\/UL-Electric-Vehicle-Charging-sta-1.png\" class=\"attachment-full size-full wp-image-5472\" alt=\"\" srcset=\"https:\/\/www.iocharger.com\/wp-content\/uploads\/2023\/05\/UL-Electric-Vehicle-Charging-sta-1.png 750w, https:\/\/www.iocharger.com\/wp-content\/uploads\/2023\/05\/UL-Electric-Vehicle-Charging-sta-1-150x150.png 150w, https:\/\/www.iocharger.com\/wp-content\/uploads\/2023\/05\/UL-Electric-Vehicle-Charging-sta-1-660x660.png 660w, https:\/\/www.iocharger.com\/wp-content\/uploads\/2023\/05\/UL-Electric-Vehicle-Charging-sta-1-300x300.png 300w, https:\/\/www.iocharger.com\/wp-content\/uploads\/2023\/05\/UL-Electric-Vehicle-Charging-sta-1-285x285.png 285w, https:\/\/www.iocharger.com\/wp-content\/uploads\/2023\/05\/UL-Electric-Vehicle-Charging-sta-1-270x270.png 270w, https:\/\/www.iocharger.com\/wp-content\/uploads\/2023\/05\/UL-Electric-Vehicle-Charging-sta-1-540x540.png 540w\" sizes=\"(max-width: 750px) 100vw, 750px\" \/>\t\t\t\t\t\t\t\t\t\t\t\t\t\t\t<\/div>\n\t\t\t\t\t<\/div>\n\t\t<\/div>\n\t\t\t\t<div class=\"elementor-column elementor-col-50 elementor-top-column elementor-element elementor-element-2811bb0\" data-id=\"2811bb0\" data-element_type=\"column\" data-e-type=\"column\">\n\t\t\t<div class=\"elementor-widget-wrap elementor-element-populated\">\n\t\t\t\t\t\t<div class=\"elementor-element elementor-element-e2643fb elementor-widget elementor-widget-text-editor\" data-id=\"e2643fb\" data-element_type=\"widget\" data-e-type=\"widget\" data-widget_type=\"text-editor.default\">\n\t\t\t\t\t\t\t\t\t<p><strong>Facilit\u00e9 d'installation et \u00e9volutivit\u00e9\u00a0<\/strong><\/p><p>La conception unique de l'installation facilite plus que jamais l'installation et l'entretien d'une infrastructure de recharge. Il suffit \u00e0 l'utilisateur d'accrocher le chargeur \u00e0 la plaque arri\u00e8re pour terminer l'installation, ce qui est pratique et rapide et permet d'\u00e9viter les co\u00fbts d'installation \u00e9lev\u00e9s.<\/p><p>Con\u00e7u dans un souci d'\u00e9volutivit\u00e9, IOCAH10 r\u00e9pond \u00e0 vos besoins d'aujourd'hui et de demain. Il vous permet de connecter et de pr\u00e9parer plusieurs stations de recharge, ainsi que de g\u00e9rer un nombre illimit\u00e9 de chargeurs sur le m\u00eame op\u00e9rateur dans CCMS.<\/p>\t\t\t\t\t\t\t\t<\/div>\n\t\t\t\t\t<\/div>\n\t\t<\/div>\n\t\t\t\t\t<\/div>\n\t\t<\/section>\n\t\t\t\t<section class=\"elementor-section elementor-top-section elementor-element elementor-element-1ab5a98 elementor-section-boxed elementor-section-height-default elementor-section-height-default\" data-id=\"1ab5a98\" data-element_type=\"section\" data-e-type=\"section\">\n\t\t\t\t\t\t<div class=\"elementor-container elementor-column-gap-default\">\n\t\t\t\t\t<div class=\"elementor-column elementor-col-50 elementor-top-column elementor-element elementor-element-6f75382\" data-id=\"6f75382\" data-element_type=\"column\" data-e-type=\"column\">\n\t\t\t<div class=\"elementor-widget-wrap elementor-element-populated\">\n\t\t\t\t\t\t<div class=\"elementor-element elementor-element-dbc6c25 elementor-widget elementor-widget-text-editor\" data-id=\"dbc6c25\" data-element_type=\"widget\" data-e-type=\"widget\" data-widget_type=\"text-editor.default\">\n\t\t\t\t\t\t\t\t\t<p><strong>Prise en charge de l'\u00e9quilibrage dynamique de la charge<\/strong><\/p>\n<p>La fonction d'\u00e9quilibrage de charge de l'IOCAH10 le rend parfait pour la recharge r\u00e9sidentielle et commerciale.<\/p>\n<p>Pour une utilisation r\u00e9sidentielle, il permet \u00e0 l'utilisateur d'\u00e9quilibrer dynamiquement toute l'\u00e9lectricit\u00e9 disponible \u00e0 la maison, y compris l'\u00e9nergie solaire, le syst\u00e8me de batterie, et le circuit ne sera jamais surcharg\u00e9.<\/p>\n<p>Dans le cas d'une utilisation commerciale, elle garantit que chaque personne qui charge peut utiliser toute l'\u00e9lectricit\u00e9 disponible dans le parking et qu'elle b\u00e9n\u00e9ficie \u00e0 tout moment de la vitesse de charge la plus rapide et la plus optimale. Cette technologie signifie \u00e9galement que des chargeurs suppl\u00e9mentaires peuvent \u00eatre facilement connect\u00e9s au syst\u00e8me lorsque le besoin s'en fait sentir.<\/p>\t\t\t\t\t\t\t\t<\/div>\n\t\t\t\t\t<\/div>\n\t\t<\/div>\n\t\t\t\t<div class=\"elementor-column elementor-col-50 elementor-top-column elementor-element elementor-element-4975d46\" data-id=\"4975d46\" data-element_type=\"column\" data-e-type=\"column\">\n\t\t\t<div class=\"elementor-widget-wrap elementor-element-populated\">\n\t\t\t\t\t\t<div class=\"elementor-element elementor-element-4f4c739 elementor-widget elementor-widget-image\" data-id=\"4f4c739\" data-element_type=\"widget\" data-e-type=\"widget\" data-widget_type=\"image.default\">\n\t\t\t\t\t\t\t\t\t\t\t\t\t\t\t<img decoding=\"async\" width=\"750\" height=\"750\" src=\"https:\/\/www.iocharger.com\/wp-content\/uploads\/2018\/08\/home-ev-charger2-1.jpg\" class=\"attachment-full size-full wp-image-6064\" alt=\"\" srcset=\"https:\/\/www.iocharger.com\/wp-content\/uploads\/2018\/08\/home-ev-charger2-1.jpg 750w, https:\/\/www.iocharger.com\/wp-content\/uploads\/2018\/08\/home-ev-charger2-1-150x150.jpg 150w, https:\/\/www.iocharger.com\/wp-content\/uploads\/2018\/08\/home-ev-charger2-1-660x660.jpg 660w, https:\/\/www.iocharger.com\/wp-content\/uploads\/2018\/08\/home-ev-charger2-1-300x300.jpg 300w, https:\/\/www.iocharger.com\/wp-content\/uploads\/2018\/08\/home-ev-charger2-1-285x285.jpg 285w, https:\/\/www.iocharger.com\/wp-content\/uploads\/2018\/08\/home-ev-charger2-1-270x270.jpg 270w, https:\/\/www.iocharger.com\/wp-content\/uploads\/2018\/08\/home-ev-charger2-1-540x540.jpg 540w\" sizes=\"(max-width: 750px) 100vw, 750px\" \/>\t\t\t\t\t\t\t\t\t\t\t\t\t\t\t<\/div>\n\t\t\t\t\t<\/div>\n\t\t<\/div>\n\t\t\t\t\t<\/div>\n\t\t<\/section>\n\t\t\t\t<section class=\"elementor-section elementor-top-section elementor-element elementor-element-d5fdfd1 elementor-section-boxed elementor-section-height-default elementor-section-height-default\" data-id=\"d5fdfd1\" data-element_type=\"section\" data-e-type=\"section\">\n\t\t\t\t\t\t<div class=\"elementor-container elementor-column-gap-default\">\n\t\t\t\t\t<div class=\"elementor-column elementor-col-50 elementor-top-column elementor-element elementor-element-a18c3c9\" data-id=\"a18c3c9\" data-element_type=\"column\" data-e-type=\"column\">\n\t\t\t<div class=\"elementor-widget-wrap elementor-element-populated\">\n\t\t\t\t\t\t<div class=\"elementor-element elementor-element-37275e1 elementor-widget elementor-widget-image\" data-id=\"37275e1\" data-element_type=\"widget\" data-e-type=\"widget\" data-widget_type=\"image.default\">\n\t\t\t\t\t\t\t\t\t\t\t\t\t\t\t<img loading=\"lazy\" decoding=\"async\" width=\"750\" height=\"750\" src=\"https:\/\/www.iocharger.com\/wp-content\/uploads\/2023\/09\/15-2-1.jpg\" class=\"attachment-full size-full wp-image-4169\" alt=\"\" srcset=\"https:\/\/www.iocharger.com\/wp-content\/uploads\/2023\/09\/15-2-1.jpg 750w, https:\/\/www.iocharger.com\/wp-content\/uploads\/2023\/09\/15-2-1-150x150.jpg 150w, https:\/\/www.iocharger.com\/wp-content\/uploads\/2023\/09\/15-2-1-660x660.jpg 660w, https:\/\/www.iocharger.com\/wp-content\/uploads\/2023\/09\/15-2-1-300x300.jpg 300w, https:\/\/www.iocharger.com\/wp-content\/uploads\/2023\/09\/15-2-1-285x285.jpg 285w, https:\/\/www.iocharger.com\/wp-content\/uploads\/2023\/09\/15-2-1-270x270.jpg 270w, https:\/\/www.iocharger.com\/wp-content\/uploads\/2023\/09\/15-2-1-540x540.jpg 540w\" sizes=\"(max-width: 750px) 100vw, 750px\" \/>\t\t\t\t\t\t\t\t\t\t\t\t\t\t\t<\/div>\n\t\t\t\t\t<\/div>\n\t\t<\/div>\n\t\t\t\t<div class=\"elementor-column elementor-col-50 elementor-top-column elementor-element elementor-element-76a6ca7\" data-id=\"76a6ca7\" data-element_type=\"column\" data-e-type=\"column\">\n\t\t\t<div class=\"elementor-widget-wrap elementor-element-populated\">\n\t\t\t\t\t\t<div class=\"elementor-element elementor-element-39c75da elementor-widget elementor-widget-text-editor\" data-id=\"39c75da\" data-element_type=\"widget\" data-e-type=\"widget\" data-widget_type=\"text-editor.default\">\n\t\t\t\t\t\t\t\t\t<p><strong>Conforme \u00e0 l'OCPP et fiable dans toutes les situations<\/strong><br \/>Enti\u00e8rement compatible avec les profils OCPP 1.6J et OCPP 2.0.1, ce qui signifie que vous pouvez facilement le connecter \u00e0 n'importe quel CCMS OCPP tiers pour la surveillance et la gestion \u00e0 distance. Il est toujours connect\u00e9 au syst\u00e8me de gestion de la charge, ce qui vous permet de surveiller et de g\u00e9rer vos stations de charge, de mettre \u00e0 jour le logiciel \u00e0 distance et de s\u00e9curiser les revenus, etc.<\/p>\t\t\t\t\t\t\t\t<\/div>\n\t\t\t\t\t<\/div>\n\t\t<\/div>\n\t\t\t\t\t<\/div>\n\t\t<\/section>\n\t\t\t\t<\/div>","protected":false},"excerpt":{"rendered":"<div class=\"pro_main_text clearfix\">\n<p>IOCAH10 est une station de recharge pour VE de haute qualit\u00e9 et rentable, con\u00e7ue pour offrir une recharge rapide en mode 3 \u00e0 tous les VE aux \u00c9tats-Unis.<\/p>\n<\/div>\n<ul class=\"clearfix\">\n<li>Puissance d'entr\u00e9e : 200-240V AC monophas\u00e9 nominal<\/li>\n<li>Puissance de sortie : 7kW 32A ; 9.6kW 40A ; 11kW 50A<\/li>\n<li>RCD interne : 20mA CCID<\/li>\n<li>\u00c9cran : 2,8\u201d LCD<\/li>\n<li>Interface r\u00e9seau : Ethernet\/ WiFi\/ 4G connexion internet intelligente<\/li>\n<li>OCPP : Prise en charge compl\u00e8te d'OCPP 1.6J\/ OCPP 2.0.1<\/li>\n<li>ISO15118 Plug &amp; Charge : \u00c9volutif<\/li>\n<li>Protection contre les infiltrations : IP55<\/li>\n<li>Dimensions d'exp\u00e9dition : 500 x 383 x 243 mm<\/li>\n<li>Interface de chargement : SAE J1772 Type-1<\/li>\n<li>Type de montage : Mur ou sol (socle fourni s\u00e9par\u00e9ment)<\/li>\n<\/ul>","protected":false},"featured_media":5476,"template":"","meta":{"_acf_changed":false},"product_brand":[],"product_cat":[61],"product_tag":[63,64,65],"class_list":{"0":"post-2039","1":"product","2":"type-product","3":"status-publish","4":"has-post-thumbnail","6":"product_cat-commercial-ev-charger","7":"product_tag-32a-40a-50a-smart-charging-point","8":"product_tag-ul-level-2-fast-ev-charging-station","9":"product_tag-ul-ocpp-ev-charger","11":"first","12":"instock","13":"shipping-taxable","14":"product-type-simple"},"acf":[],"_links":{"self":[{"href":"https:\/\/www.iocharger.com\/fr\/wp-json\/wp\/v2\/product\/2039","targetHints":{"allow":["GET"]}}],"collection":[{"href":"https:\/\/www.iocharger.com\/fr\/wp-json\/wp\/v2\/product"}],"about":[{"href":"https:\/\/www.iocharger.com\/fr\/wp-json\/wp\/v2\/types\/product"}],"version-history":[{"count":0,"href":"https:\/\/www.iocharger.com\/fr\/wp-json\/wp\/v2\/product\/2039\/revisions"}],"wp:featuredmedia":[{"embeddable":true,"href":"https:\/\/www.iocharger.com\/fr\/wp-json\/wp\/v2\/media\/5476"}],"wp:attachment":[{"href":"https:\/\/www.iocharger.com\/fr\/wp-json\/wp\/v2\/media?parent=2039"}],"wp:term":[{"taxonomy":"product_brand","embeddable":true,"href":"https:\/\/www.iocharger.com\/fr\/wp-json\/wp\/v2\/product_brand?post=2039"},{"taxonomy":"product_cat","embeddable":true,"href":"https:\/\/www.iocharger.com\/fr\/wp-json\/wp\/v2\/product_cat?post=2039"},{"taxonomy":"product_tag","embeddable":true,"href":"https:\/\/www.iocharger.com\/fr\/wp-json\/wp\/v2\/product_tag?post=2039"}],"curies":[{"name":"wp","href":"https:\/\/api.w.org\/{rel}","templated":true}]}}