{"id":2028,"date":"2023-05-31T07:29:41","date_gmt":"2023-05-31T07:29:41","guid":{"rendered":"https:\/\/test2.honstyle.com\/?post_type=product&#038;p=2028"},"modified":"2026-04-13T09:16:18","modified_gmt":"2026-04-13T09:16:18","slug":"level-2-7kw-22kw-ocpp-1-6j-ocpp-2-0-1-smart-fast-home-ev-charger","status":"publish","type":"product","link":"https:\/\/www.iocharger.com\/fr\/level-2-7kw-22kw-ocpp-1-6j-ocpp-2-0-1-smart-fast-home-ev-charger\/","title":{"rendered":"ISO15118 Plug&amp;Charge Level 2 7kW 22kW OCPP 1.6J OCPP 2.0.1 Smart Fast EV Charger"},"content":{"rendered":"<div data-elementor-type=\"product-post\" data-elementor-id=\"2028\" class=\"elementor elementor-2028\" data-elementor-post-type=\"product\">\n\t\t\t\t\t\t<section class=\"elementor-section elementor-top-section elementor-element elementor-element-b7ea74d elementor-section-boxed elementor-section-height-default elementor-section-height-default\" data-id=\"b7ea74d\" data-element_type=\"section\" data-e-type=\"section\">\n\t\t\t\t\t\t<div class=\"elementor-container elementor-column-gap-default\">\n\t\t\t\t\t<div class=\"elementor-column elementor-col-100 elementor-top-column elementor-element elementor-element-7907652\" data-id=\"7907652\" data-element_type=\"column\" data-e-type=\"column\">\n\t\t\t<div class=\"elementor-widget-wrap elementor-element-populated\">\n\t\t\t\t\t\t<div class=\"elementor-element elementor-element-a224ce1 elementor-widget elementor-widget-text-editor\" data-id=\"a224ce1\" data-element_type=\"widget\" data-e-type=\"widget\" data-widget_type=\"text-editor.default\">\n\t\t\t\t\t\t\t\t\t<p><strong>Chargeur ev intelligent pour la maison<\/strong><\/p><p class=\"\">IOCAH20 est un chargeur intelligent, facile \u00e0 installer, qui vous permet d'ajouter des services intelligents et de g\u00e9rer le chargeur \u00e0 distance. Associ\u00e9 \u00e0 l'application mobile IOC Family, il offre une gamme compl\u00e8te de fonctions pour contr\u00f4ler l'\u00e9tat de votre chargeur, les utilisateurs, les programmes de charge, la consommation d'\u00e9nergie et bien plus encore. Ces fonctions intelligentes font de IOCAH20 le choix id\u00e9al pour la recharge \u00e0 domicile.<\/p>\t\t\t\t\t\t\t\t<\/div>\n\t\t\t\t\t<\/div>\n\t\t<\/div>\n\t\t\t\t\t<\/div>\n\t\t<\/section>\n\t\t\t\t<section class=\"elementor-section elementor-top-section elementor-element elementor-element-dcec509 elementor-section-boxed elementor-section-height-default elementor-section-height-default\" data-id=\"dcec509\" data-element_type=\"section\" data-e-type=\"section\">\n\t\t\t\t\t\t<div class=\"elementor-container elementor-column-gap-default\">\n\t\t\t\t\t<div class=\"elementor-column elementor-col-100 elementor-top-column elementor-element elementor-element-4aa0bfb\" data-id=\"4aa0bfb\" data-element_type=\"column\" data-e-type=\"column\">\n\t\t\t<div class=\"elementor-widget-wrap elementor-element-populated\">\n\t\t\t\t\t\t<div data-over-color=\"\" data-over=\"overlay\" class=\"elementor-element elementor-element-9586421 elementor-widget elementor-widget-video\" data-id=\"9586421\" data-element_type=\"widget\" data-e-type=\"widget\" data-settings=\"{&quot;video_type&quot;:&quot;hosted&quot;,&quot;controls&quot;:&quot;yes&quot;}\" data-widget_type=\"video.default\">\n\t\t\t\t\t\t\t<div class=\"e-hosted-video elementor-wrapper elementor-open-inline\">\n\t\t\t\t\t<video class=\"elementor-video\" src=\"https:\/\/www.iocharger.com\/wp-content\/uploads\/2023\/05\/iocharger-smart-AC-EV-Charger-IOCAH10-1.mp4\" controls=\"\" preload=\"metadata\" controlslist=\"nodownload\"><\/video>\n\t\t\t\t<\/div>\n\t\t\t\t\t\t<\/div>\n\t\t\t\t\t<\/div>\n\t\t<\/div>\n\t\t\t\t\t<\/div>\n\t\t<\/section>\n\t\t\t\t<section class=\"elementor-section elementor-top-section elementor-element elementor-element-2598f9d elementor-section-boxed elementor-section-height-default elementor-section-height-default\" data-id=\"2598f9d\" data-element_type=\"section\" data-e-type=\"section\">\n\t\t\t\t\t\t<div class=\"elementor-container elementor-column-gap-default\">\n\t\t\t\t\t<div class=\"elementor-column elementor-col-50 elementor-top-column elementor-element elementor-element-1f2018a\" data-id=\"1f2018a\" data-element_type=\"column\" data-e-type=\"column\">\n\t\t\t<div class=\"elementor-widget-wrap elementor-element-populated\">\n\t\t\t\t\t\t<div class=\"elementor-element elementor-element-4e0f1e8 elementor-widget elementor-widget-text-editor\" data-id=\"4e0f1e8\" data-element_type=\"widget\" data-e-type=\"widget\" data-widget_type=\"text-editor.default\">\n\t\t\t\t\t\t\t\t\t<p><strong>Caract\u00e9ristiques principales :<\/strong><\/p><ul><li>Compatible avec tous les VE et r\u00e9seaux \u00e9lectriques<\/li><li>Disponible en version avec ou sans support<\/li><li>\u00c9cran LCD de 2,8 pouces pour une utilisation facile et conviviale<\/li><li>Conception unique d'installation avec plaque arri\u00e8re ind\u00e9pendante<\/li><li>Configuration flexible du courant de sortie et de la puissance<\/li><li>Lumi\u00e8re respiratoire personnalisable selon les pr\u00e9f\u00e9rences<\/li><li>Soutien \u00e0 l'\u00e9quilibrage dynamique intelligent de la charge<\/li><li>Authentification de l'utilisateur par RFID ou application mobile<\/li><li>Portail web convivial pour la configuration du chargeur<\/li><li>Contr\u00f4le et surveillance \u00e0 distance<\/li><li>Design \u00e9pur\u00e9, apparence simple et \u00e9l\u00e9gante<\/li><li>Protection contre les fuites de courant AC 30mA &amp; DC 6mA<\/li><\/ul>\t\t\t\t\t\t\t\t<\/div>\n\t\t\t\t\t<\/div>\n\t\t<\/div>\n\t\t\t\t<div class=\"elementor-column elementor-col-50 elementor-top-column elementor-element elementor-element-5022d89\" data-id=\"5022d89\" data-element_type=\"column\" data-e-type=\"column\">\n\t\t\t<div class=\"elementor-widget-wrap elementor-element-populated\">\n\t\t\t\t\t\t<div class=\"elementor-element elementor-element-9092be4 elementor-widget elementor-widget-image\" data-id=\"9092be4\" data-element_type=\"widget\" data-e-type=\"widget\" data-widget_type=\"image.default\">\n\t\t\t\t\t\t\t\t\t\t\t\t\t\t\t<img fetchpriority=\"high\" decoding=\"async\" width=\"750\" height=\"750\" src=\"https:\/\/www.iocharger.com\/wp-content\/uploads\/2023\/05\/ev-charger-2-3-1-1.png\" class=\"attachment-full size-full wp-image-6068\" alt=\"\" srcset=\"https:\/\/www.iocharger.com\/wp-content\/uploads\/2023\/05\/ev-charger-2-3-1-1.png 750w, https:\/\/www.iocharger.com\/wp-content\/uploads\/2023\/05\/ev-charger-2-3-1-1-150x150.png 150w, https:\/\/www.iocharger.com\/wp-content\/uploads\/2023\/05\/ev-charger-2-3-1-1-660x660.png 660w, https:\/\/www.iocharger.com\/wp-content\/uploads\/2023\/05\/ev-charger-2-3-1-1-300x300.png 300w, https:\/\/www.iocharger.com\/wp-content\/uploads\/2023\/05\/ev-charger-2-3-1-1-285x285.png 285w, https:\/\/www.iocharger.com\/wp-content\/uploads\/2023\/05\/ev-charger-2-3-1-1-270x270.png 270w, https:\/\/www.iocharger.com\/wp-content\/uploads\/2023\/05\/ev-charger-2-3-1-1-540x540.png 540w\" sizes=\"(max-width: 750px) 100vw, 750px\" \/>\t\t\t\t\t\t\t\t\t\t\t\t\t\t\t<\/div>\n\t\t\t\t\t<\/div>\n\t\t<\/div>\n\t\t\t\t\t<\/div>\n\t\t<\/section>\n\t\t\t\t<section class=\"elementor-section elementor-top-section elementor-element elementor-element-b694dda elementor-section-boxed elementor-section-height-default elementor-section-height-default\" data-id=\"b694dda\" data-element_type=\"section\" data-e-type=\"section\">\n\t\t\t\t\t\t<div class=\"elementor-container elementor-column-gap-default\">\n\t\t\t\t\t<div class=\"elementor-column elementor-col-50 elementor-top-column elementor-element elementor-element-0ecd82e\" data-id=\"0ecd82e\" data-element_type=\"column\" data-e-type=\"column\">\n\t\t\t<div class=\"elementor-widget-wrap elementor-element-populated\">\n\t\t\t\t\t\t<div class=\"elementor-element elementor-element-dd38482 elementor-widget elementor-widget-image\" data-id=\"dd38482\" data-element_type=\"widget\" data-e-type=\"widget\" data-widget_type=\"image.default\">\n\t\t\t\t\t\t\t\t\t\t\t\t\t\t\t<img decoding=\"async\" width=\"750\" height=\"750\" src=\"https:\/\/www.iocharger.com\/wp-content\/uploads\/2023\/05\/Home-EV-Charger-2-2-1.png\" class=\"attachment-full size-full wp-image-5467\" alt=\"\" srcset=\"https:\/\/www.iocharger.com\/wp-content\/uploads\/2023\/05\/Home-EV-Charger-2-2-1.png 750w, https:\/\/www.iocharger.com\/wp-content\/uploads\/2023\/05\/Home-EV-Charger-2-2-1-150x150.png 150w, https:\/\/www.iocharger.com\/wp-content\/uploads\/2023\/05\/Home-EV-Charger-2-2-1-660x660.png 660w, https:\/\/www.iocharger.com\/wp-content\/uploads\/2023\/05\/Home-EV-Charger-2-2-1-300x300.png 300w, https:\/\/www.iocharger.com\/wp-content\/uploads\/2023\/05\/Home-EV-Charger-2-2-1-285x285.png 285w, https:\/\/www.iocharger.com\/wp-content\/uploads\/2023\/05\/Home-EV-Charger-2-2-1-270x270.png 270w, https:\/\/www.iocharger.com\/wp-content\/uploads\/2023\/05\/Home-EV-Charger-2-2-1-540x540.png 540w\" sizes=\"(max-width: 750px) 100vw, 750px\" \/>\t\t\t\t\t\t\t\t\t\t\t\t\t\t\t<\/div>\n\t\t\t\t\t<\/div>\n\t\t<\/div>\n\t\t\t\t<div class=\"elementor-column elementor-col-50 elementor-top-column elementor-element elementor-element-5b52f7e\" data-id=\"5b52f7e\" data-element_type=\"column\" data-e-type=\"column\">\n\t\t\t<div class=\"elementor-widget-wrap elementor-element-populated\">\n\t\t\t\t\t\t<div class=\"elementor-element elementor-element-4834d3a elementor-widget elementor-widget-text-editor\" data-id=\"4834d3a\" data-element_type=\"widget\" data-e-type=\"widget\" data-widget_type=\"text-editor.default\">\n\t\t\t\t\t\t\t\t\t<p><strong>Affichage graphique et lumi\u00e8re respiratoire personnalisable<\/strong><\/p><p>L'IOCAH20 est \u00e9quip\u00e9 d'un \u00e9cran LCD de 2,8 pouces qui permet \u00e0 l'utilisateur de v\u00e9rifier facilement l'\u00e9tat du chargeur et les donn\u00e9es de charge en temps r\u00e9el. Ces informations permettent \u00e0 l'utilisateur d'effectuer un diagnostic pr\u00e9liminaire des d\u00e9fauts et de minimiser le co\u00fbt et la dur\u00e9e de la maintenance.<\/p><p>Chaque utilisateur peut r\u00e9gler la lumi\u00e8re respiratoire du chargeur en fonction de ses pr\u00e9f\u00e9rences, y compris le type, la vitesse de clignotement, la couleur, etc. Gr\u00e2ce \u00e0 son design fonctionnel et \u00e9l\u00e9gant, IOCAH20 offre aux utilisateurs une exp\u00e9rience ultime.<\/p>\t\t\t\t\t\t\t\t<\/div>\n\t\t\t\t\t<\/div>\n\t\t<\/div>\n\t\t\t\t\t<\/div>\n\t\t<\/section>\n\t\t\t\t<section class=\"elementor-section elementor-top-section elementor-element elementor-element-44ae0ae elementor-section-boxed elementor-section-height-default elementor-section-height-default\" data-id=\"44ae0ae\" data-element_type=\"section\" data-e-type=\"section\">\n\t\t\t\t\t\t<div class=\"elementor-container elementor-column-gap-default\">\n\t\t\t\t\t<div class=\"elementor-column elementor-col-50 elementor-top-column elementor-element elementor-element-9217973\" data-id=\"9217973\" data-element_type=\"column\" data-e-type=\"column\">\n\t\t\t<div class=\"elementor-widget-wrap elementor-element-populated\">\n\t\t\t\t\t\t<div class=\"elementor-element elementor-element-65ef5ff elementor-widget elementor-widget-text-editor\" data-id=\"65ef5ff\" data-element_type=\"widget\" data-e-type=\"widget\" data-widget_type=\"text-editor.default\">\n\t\t\t\t\t\t\t\t\t<p><strong>Conforme \u00e0 l'OCPP<\/strong><br \/>Enti\u00e8rement compatible avec les profils OCPP 1.6J et OCPP 2.0, ce qui signifie que vous pouvez facilement le connecter \u00e0 n'importe quel CCMS OCPP tiers pour la surveillance et la gestion \u00e0 distance.<\/p><p><strong>Prise en charge de l'\u00e9quilibrage dynamique de la charge<\/strong><br \/>La fonction d'\u00e9quilibrage de la charge de l'IOCAH20 le rend parfait pour la recharge domestique et r\u00e9sidentielle. Elle garantit que l'utilisateur peut \u00e9quilibrer dynamiquement toute l'\u00e9lectricit\u00e9 disponible \u00e0 la maison, y compris l'\u00e9nergie solaire, le syst\u00e8me de batterie, et que le circuit ne sera jamais surcharg\u00e9. Tous les \u00e9quipements peuvent alors fonctionner normalement afin de maximiser la consommation d'\u00e9nergie \u00e9conomique.<\/p>\t\t\t\t\t\t\t\t<\/div>\n\t\t\t\t\t<\/div>\n\t\t<\/div>\n\t\t\t\t<div class=\"elementor-column elementor-col-50 elementor-top-column elementor-element elementor-element-31e42a2\" data-id=\"31e42a2\" data-element_type=\"column\" data-e-type=\"column\">\n\t\t\t<div class=\"elementor-widget-wrap elementor-element-populated\">\n\t\t\t\t\t\t<div class=\"elementor-element elementor-element-e9d38df elementor-widget elementor-widget-image\" data-id=\"e9d38df\" data-element_type=\"widget\" data-e-type=\"widget\" data-widget_type=\"image.default\">\n\t\t\t\t\t\t\t\t\t\t\t\t\t\t\t<img decoding=\"async\" width=\"750\" height=\"750\" src=\"https:\/\/www.iocharger.com\/wp-content\/uploads\/2023\/05\/Dynamic-Load-Balancing-ev-charger-1.png\" class=\"attachment-full size-full wp-image-7005\" alt=\"Chargeur ev \u00e0 \u00e9quilibrage de charge dynamique\" srcset=\"https:\/\/www.iocharger.com\/wp-content\/uploads\/2023\/05\/Dynamic-Load-Balancing-ev-charger-1.png 750w, https:\/\/www.iocharger.com\/wp-content\/uploads\/2023\/05\/Dynamic-Load-Balancing-ev-charger-1-150x150.png 150w, https:\/\/www.iocharger.com\/wp-content\/uploads\/2023\/05\/Dynamic-Load-Balancing-ev-charger-1-660x660.png 660w, https:\/\/www.iocharger.com\/wp-content\/uploads\/2023\/05\/Dynamic-Load-Balancing-ev-charger-1-300x300.png 300w, https:\/\/www.iocharger.com\/wp-content\/uploads\/2023\/05\/Dynamic-Load-Balancing-ev-charger-1-285x285.png 285w, https:\/\/www.iocharger.com\/wp-content\/uploads\/2023\/05\/Dynamic-Load-Balancing-ev-charger-1-270x270.png 270w, https:\/\/www.iocharger.com\/wp-content\/uploads\/2023\/05\/Dynamic-Load-Balancing-ev-charger-1-540x540.png 540w\" sizes=\"(max-width: 750px) 100vw, 750px\" \/>\t\t\t\t\t\t\t\t\t\t\t\t\t\t\t<\/div>\n\t\t\t\t\t<\/div>\n\t\t<\/div>\n\t\t\t\t\t<\/div>\n\t\t<\/section>\n\t\t\t\t<section class=\"elementor-section elementor-top-section elementor-element elementor-element-fd82118 elementor-section-boxed elementor-section-height-default elementor-section-height-default\" data-id=\"fd82118\" data-element_type=\"section\" data-e-type=\"section\">\n\t\t\t\t\t\t<div class=\"elementor-container elementor-column-gap-default\">\n\t\t\t\t\t<div class=\"elementor-column elementor-col-50 elementor-top-column elementor-element elementor-element-816c203\" data-id=\"816c203\" data-element_type=\"column\" data-e-type=\"column\">\n\t\t\t<div class=\"elementor-widget-wrap elementor-element-populated\">\n\t\t\t\t\t\t<div class=\"elementor-element elementor-element-5179c5e elementor-widget elementor-widget-image\" data-id=\"5179c5e\" data-element_type=\"widget\" data-e-type=\"widget\" data-widget_type=\"image.default\">\n\t\t\t\t\t\t\t\t\t\t\t\t\t\t\t<img loading=\"lazy\" decoding=\"async\" width=\"750\" height=\"750\" src=\"https:\/\/www.iocharger.com\/wp-content\/uploads\/2023\/05\/smart-app-control-ev-charging-1.png\" class=\"attachment-full size-full wp-image-3984\" alt=\"Application intelligente de contr\u00f4le Chargement des v\u00e9hicules \u00e9lectriques\" srcset=\"https:\/\/www.iocharger.com\/wp-content\/uploads\/2023\/05\/smart-app-control-ev-charging-1.png 750w, https:\/\/www.iocharger.com\/wp-content\/uploads\/2023\/05\/smart-app-control-ev-charging-1-150x150.png 150w, https:\/\/www.iocharger.com\/wp-content\/uploads\/2023\/05\/smart-app-control-ev-charging-1-660x660.png 660w, https:\/\/www.iocharger.com\/wp-content\/uploads\/2023\/05\/smart-app-control-ev-charging-1-300x300.png 300w, https:\/\/www.iocharger.com\/wp-content\/uploads\/2023\/05\/smart-app-control-ev-charging-1-285x285.png 285w, https:\/\/www.iocharger.com\/wp-content\/uploads\/2023\/05\/smart-app-control-ev-charging-1-270x270.png 270w, https:\/\/www.iocharger.com\/wp-content\/uploads\/2023\/05\/smart-app-control-ev-charging-1-540x540.png 540w\" sizes=\"(max-width: 750px) 100vw, 750px\" \/>\t\t\t\t\t\t\t\t\t\t\t\t\t\t\t<\/div>\n\t\t\t\t\t<\/div>\n\t\t<\/div>\n\t\t\t\t<div class=\"elementor-column elementor-col-50 elementor-top-column elementor-element elementor-element-48ab8d2\" data-id=\"48ab8d2\" data-element_type=\"column\" data-e-type=\"column\">\n\t\t\t<div class=\"elementor-widget-wrap elementor-element-populated\">\n\t\t\t\t\t\t<div class=\"elementor-element elementor-element-d79b927 elementor-widget elementor-widget-text-editor\" data-id=\"d79b927\" data-element_type=\"widget\" data-e-type=\"widget\" data-widget_type=\"text-editor.default\">\n\t\t\t\t\t\t\t\t\t<p><strong>Chargement \u00e9conomique<\/strong><\/p><p>La hausse exponentielle des prix de l'\u00e9lectricit\u00e9 a consid\u00e9rablement augment\u00e9 les d\u00e9penses d'\u00e9lectricit\u00e9 des m\u00e9nages. Le meilleur choix pour les utilisateurs est d'utiliser le prix de l'\u00e9lectricit\u00e9 en fonction de l'heure d'utilisation pour la recharge en heures creuses afin de minimiser le co\u00fbt de la recharge. Notre application mobile IOC Family permet un contr\u00f4le total de la charge et de la consommation. L'application permet \u00e9galement \u00e0 l'utilisateur de charger la voiture lorsque le prix de l'\u00e9lectricit\u00e9 est bas en activant le mode Eco.<\/p>\t\t\t\t\t\t\t\t<\/div>\n\t\t\t\t\t<\/div>\n\t\t<\/div>\n\t\t\t\t\t<\/div>\n\t\t<\/section>\n\t\t\t\t<\/div>","protected":false},"excerpt":{"rendered":"<p>Le chargeur le plus intelligent avec une fonction de charge intelligente et une application mobile conviviale avec des fonctions telles que la gestion du programme de charge, la gestion de l'\u00e9nergie, le mode Eco, etc.<\/p>\n<ul class=\"clearfix\">\n<li>Puissance d'entr\u00e9e : 1-phase 230V\u00b120% ; 3-phase 400V\u00b120%<\/li>\n<li>Puissance de sortie : Monophas\u00e9 7kW 32A ; triphas\u00e9 22kW 32A<\/li>\n<li>RCD interne : AC 30mA &amp; DC 6mA certifi\u00e9 IEC62955 &amp; IEC61008<\/li>\n<li>\u00c9cran : 2,8\u201d LCD<\/li>\n<li>Compteur : Compteur IC ou MID (en option)<\/li>\n<li>Interface r\u00e9seau : Ethernet\/ WiFi\/ 4G connexion internet intelligente<\/li>\n<li>OCPP : Prise en charge compl\u00e8te d'OCPP 1.6J\/ OCPP 2.0.1<\/li>\n<li>ISO15118 Plug&amp;Charge : \u00e9volutif<\/li>\n<li>Protection contre les infiltrations : IP55<\/li>\n<li>Dimensions d'exp\u00e9dition : 500 x 383 x 198 mm ; 500 x 383 x 243 mm<\/li>\n<li>Interface de chargement : SAE J1772 &amp; c\u00e2ble de type 2\/ prise de type 2\/ prise T2S avec obturateur<\/li>\n<li>Type de montage : Mur ou sol (socle fourni s\u00e9par\u00e9ment)<\/li>\n<\/ul>","protected":false},"featured_media":5404,"template":"","meta":{"_acf_changed":false},"product_brand":[],"product_cat":[61],"product_tag":[59,60,380,62,379],"class_list":{"0":"post-2028","1":"product","2":"type-product","3":"status-publish","4":"has-post-thumbnail","6":"product_cat-commercial-ev-charger","7":"product_tag-22kw-home-smart-ev-charger","8":"product_tag-7kw-22kw-residential-ev-charger","9":"product_tag-commercial-level-2-ev-charger","10":"product_tag-iso15118-plug-charge","11":"product_tag-ocpp-ev-charger","13":"first","14":"instock","15":"featured","16":"shipping-taxable","17":"product-type-simple"},"acf":[],"_links":{"self":[{"href":"https:\/\/www.iocharger.com\/fr\/wp-json\/wp\/v2\/product\/2028","targetHints":{"allow":["GET"]}}],"collection":[{"href":"https:\/\/www.iocharger.com\/fr\/wp-json\/wp\/v2\/product"}],"about":[{"href":"https:\/\/www.iocharger.com\/fr\/wp-json\/wp\/v2\/types\/product"}],"version-history":[{"count":1,"href":"https:\/\/www.iocharger.com\/fr\/wp-json\/wp\/v2\/product\/2028\/revisions"}],"predecessor-version":[{"id":9818,"href":"https:\/\/www.iocharger.com\/fr\/wp-json\/wp\/v2\/product\/2028\/revisions\/9818"}],"wp:featuredmedia":[{"embeddable":true,"href":"https:\/\/www.iocharger.com\/fr\/wp-json\/wp\/v2\/media\/5404"}],"wp:attachment":[{"href":"https:\/\/www.iocharger.com\/fr\/wp-json\/wp\/v2\/media?parent=2028"}],"wp:term":[{"taxonomy":"product_brand","embeddable":true,"href":"https:\/\/www.iocharger.com\/fr\/wp-json\/wp\/v2\/product_brand?post=2028"},{"taxonomy":"product_cat","embeddable":true,"href":"https:\/\/www.iocharger.com\/fr\/wp-json\/wp\/v2\/product_cat?post=2028"},{"taxonomy":"product_tag","embeddable":true,"href":"https:\/\/www.iocharger.com\/fr\/wp-json\/wp\/v2\/product_tag?post=2028"}],"curies":[{"name":"wp","href":"https:\/\/api.w.org\/{rel}","templated":true}]}}