{"id":8083,"date":"2023-05-26T02:24:17","date_gmt":"2023-05-26T02:24:17","guid":{"rendered":"https:\/\/test2.honstyle.com\/?page_id=1810"},"modified":"2023-05-26T02:24:17","modified_gmt":"2023-05-26T02:24:17","slug":"residential","status":"publish","type":"page","link":"https:\/\/www.iocharger.com\/fr\/residential\/","title":{"rendered":"R\u00e9sidentiel"},"content":{"rendered":"<div data-elementor-type=\"wp-page\" data-elementor-id=\"8083\" class=\"elementor elementor-8083\" data-elementor-post-type=\"page\">\n\t\t\t\t\t\t<section class=\"elementor-section elementor-top-section elementor-element elementor-element-647aef5 elementor-section-boxed elementor-section-height-default elementor-section-height-default\" data-id=\"647aef5\" data-element_type=\"section\" data-e-type=\"section\">\n\t\t\t\t\t\t<div class=\"elementor-container elementor-column-gap-default\">\n\t\t\t\t\t<div class=\"elementor-column elementor-col-100 elementor-top-column elementor-element elementor-element-b4d03bb\" data-id=\"b4d03bb\" data-element_type=\"column\" data-e-type=\"column\">\n\t\t\t<div class=\"elementor-widget-wrap elementor-element-populated\">\n\t\t\t\t\t\t<div class=\"elementor-element elementor-element-350faab elementor-widget elementor-widget-text-editor\" data-id=\"350faab\" data-element_type=\"widget\" data-e-type=\"widget\" data-widget_type=\"text-editor.default\">\n\t\t\t\t\t\t\t\t\t<p>Chargeur de VE intelligent et simple de niveau 2 pour les maisons individuelles et les appartements r\u00e9sidentiels.<\/p>\t\t\t\t\t\t\t\t<\/div>\n\t\t\t\t\t<\/div>\n\t\t<\/div>\n\t\t\t\t\t<\/div>\n\t\t<\/section>\n\t\t\t\t<section class=\"elementor-section elementor-top-section elementor-element elementor-element-a6c3ce5 elementor-section-boxed elementor-section-height-default elementor-section-height-default\" data-id=\"a6c3ce5\" data-element_type=\"section\" data-e-type=\"section\">\n\t\t\t\t\t\t<div class=\"elementor-container elementor-column-gap-default\">\n\t\t\t\t\t<div class=\"elementor-column elementor-col-50 elementor-top-column elementor-element elementor-element-cd7c23b\" data-id=\"cd7c23b\" data-element_type=\"column\" data-e-type=\"column\">\n\t\t\t<div class=\"elementor-widget-wrap elementor-element-populated\">\n\t\t\t\t\t\t<div class=\"elementor-element elementor-element-476c888 elementor-widget elementor-widget-heading\" data-id=\"476c888\" data-element_type=\"widget\" data-e-type=\"widget\" data-widget_type=\"heading.default\">\n\t\t\t\t\t<span class=\"elementor-heading-title elementor-size-default elementor-heading-title\">Gamme compl\u00e8te de produits<\/span>\t\t\t\t<\/div>\n\t\t\t\t<div class=\"elementor-element elementor-element-c2e8a17 elementor-widget elementor-widget-text-editor\" data-id=\"c2e8a17\" data-element_type=\"widget\" data-e-type=\"widget\" data-widget_type=\"text-editor.default\">\n\t\t\t\t\t\t\t\t\t<p>Iocharger propose des solutions compl\u00e8tes de recharge de VE pour les particuliers, comme des chargeurs, des syst\u00e8mes de gestion de l'\u00e9nergie, des applications mobiles, etc. Nos chargeurs sont compatibles avec tous les mod\u00e8les de VE et faciles \u00e0 connecter aux plateformes bas\u00e9es sur l'OCPP.<\/p>\t\t\t\t\t\t\t\t<\/div>\n\t\t\t\t<div class=\"elementor-element elementor-element-37d629c elementor-widget elementor-widget-button\" data-id=\"37d629c\" data-element_type=\"widget\" data-e-type=\"widget\" data-widget_type=\"button.default\">\n\t\t\t\t\t\t\t\t\t\t<a class=\"elementor-button elementor-button-link elementor-size-sm\" href=\"https:\/\/www.iocharger.com\/fr\/products\/\">\n\t\t\t\t\t\t<span class=\"elementor-button-content-wrapper\">\n\t\t\t\t\t\t\t\t\t<span class=\"elementor-button-text\">Voir plus de produits<\/span>\n\t\t\t\t\t<\/span>\n\t\t\t\t\t<\/a>\n\t\t\t\t\t\t\t\t<\/div>\n\t\t\t\t\t<\/div>\n\t\t<\/div>\n\t\t\t\t<div class=\"elementor-column elementor-col-50 elementor-top-column elementor-element elementor-element-960af82\" data-id=\"960af82\" data-element_type=\"column\" data-e-type=\"column\">\n\t\t\t<div class=\"elementor-widget-wrap elementor-element-populated\">\n\t\t\t\t\t\t<div class=\"elementor-element elementor-element-acf1989 elementor-widget elementor-widget-image\" data-id=\"acf1989\" data-element_type=\"widget\" data-e-type=\"widget\" data-widget_type=\"image.default\">\n\t\t\t\t\t\t\t\t\t\t\t\t\t\t\t<img fetchpriority=\"high\" decoding=\"async\" width=\"920\" height=\"518\" src=\"https:\/\/www.iocharger.com\/wp-content\/uploads\/2023\/05\/Full-range-of-products-1.jpg\" class=\"attachment-full size-full wp-image-1857\" alt=\"\" srcset=\"https:\/\/www.iocharger.com\/wp-content\/uploads\/2023\/05\/Full-range-of-products-1.jpg 920w, https:\/\/www.iocharger.com\/wp-content\/uploads\/2023\/05\/Full-range-of-products-1-150x84.jpg 150w, https:\/\/www.iocharger.com\/wp-content\/uploads\/2023\/05\/Full-range-of-products-1-660x372.jpg 660w, https:\/\/www.iocharger.com\/wp-content\/uploads\/2023\/05\/Full-range-of-products-1-300x169.jpg 300w, https:\/\/www.iocharger.com\/wp-content\/uploads\/2023\/05\/Full-range-of-products-1-768x432.jpg 768w, https:\/\/www.iocharger.com\/wp-content\/uploads\/2023\/05\/Full-range-of-products-1-285x160.jpg 285w\" sizes=\"(max-width: 920px) 100vw, 920px\" \/>\t\t\t\t\t\t\t\t\t\t\t\t\t\t\t<\/div>\n\t\t\t\t\t<\/div>\n\t\t<\/div>\n\t\t\t\t\t<\/div>\n\t\t<\/section>\n\t\t\t\t<section class=\"elementor-section elementor-top-section elementor-element elementor-element-b7ffb96 elementor-section-boxed elementor-section-height-default elementor-section-height-default\" data-id=\"b7ffb96\" data-element_type=\"section\" data-e-type=\"section\">\n\t\t\t\t\t\t<div class=\"elementor-container elementor-column-gap-default\">\n\t\t\t\t\t<div class=\"elementor-column elementor-col-50 elementor-top-column elementor-element elementor-element-51c9320\" data-id=\"51c9320\" data-element_type=\"column\" data-e-type=\"column\">\n\t\t\t<div class=\"elementor-widget-wrap elementor-element-populated\">\n\t\t\t\t\t\t<div class=\"elementor-element elementor-element-96f4f01 elementor-widget elementor-widget-image\" data-id=\"96f4f01\" data-element_type=\"widget\" data-e-type=\"widget\" data-widget_type=\"image.default\">\n\t\t\t\t\t\t\t\t\t\t\t\t\t\t\t<img decoding=\"async\" width=\"920\" height=\"518\" src=\"https:\/\/www.iocharger.com\/wp-content\/uploads\/2023\/05\/Full-range-of-products1-1.jpg\" class=\"attachment-full size-full wp-image-1855\" alt=\"\" srcset=\"https:\/\/www.iocharger.com\/wp-content\/uploads\/2023\/05\/Full-range-of-products1-1.jpg 920w, https:\/\/www.iocharger.com\/wp-content\/uploads\/2023\/05\/Full-range-of-products1-1-150x84.jpg 150w, https:\/\/www.iocharger.com\/wp-content\/uploads\/2023\/05\/Full-range-of-products1-1-660x372.jpg 660w, https:\/\/www.iocharger.com\/wp-content\/uploads\/2023\/05\/Full-range-of-products1-1-300x169.jpg 300w, https:\/\/www.iocharger.com\/wp-content\/uploads\/2023\/05\/Full-range-of-products1-1-768x432.jpg 768w, https:\/\/www.iocharger.com\/wp-content\/uploads\/2023\/05\/Full-range-of-products1-1-285x160.jpg 285w\" sizes=\"(max-width: 920px) 100vw, 920px\" \/>\t\t\t\t\t\t\t\t\t\t\t\t\t\t\t<\/div>\n\t\t\t\t\t<\/div>\n\t\t<\/div>\n\t\t\t\t<div class=\"elementor-column elementor-col-50 elementor-top-column elementor-element elementor-element-0c925db\" data-id=\"0c925db\" data-element_type=\"column\" data-e-type=\"column\">\n\t\t\t<div class=\"elementor-widget-wrap elementor-element-populated\">\n\t\t\t\t\t\t<div class=\"elementor-element elementor-element-0856f35 elementor-widget elementor-widget-heading\" data-id=\"0856f35\" data-element_type=\"widget\" data-e-type=\"widget\" data-widget_type=\"heading.default\">\n\t\t\t\t\t<span class=\"elementor-heading-title elementor-size-default elementor-heading-title\">La solution de construction la plus pratique<\/span>\t\t\t\t<\/div>\n\t\t\t\t<div class=\"elementor-element elementor-element-d0154aa elementor-widget elementor-widget-text-editor\" data-id=\"d0154aa\" data-element_type=\"widget\" data-e-type=\"widget\" data-widget_type=\"text-editor.default\">\n\t\t\t\t\t\t\t\t\t<p>Face \u00e0 la demande croissante de recharge des v\u00e9hicules \u00e9lectriques, il est essentiel de disposer d'une solution de construction \u00e0 la fois pratique et rentable. Nous fournissons une telle solution avec une conception unique de plaque arri\u00e8re, qui permet une pr\u00e9-installation en masse pendant la construction du b\u00e2timent. Cela r\u00e9duit consid\u00e9rablement le temps et les co\u00fbts d'installation sur site, ce qui en fait une solution id\u00e9ale pour les nouvelles zones r\u00e9sidentielles.<\/p><p>De plus, la conception ind\u00e9pendante de la plaque arri\u00e8re permet aux utilisateurs d'installer facilement le chargeur sans faire appel \u00e0 des \u00e9lectriciens professionnels, ce qui leur permet d'\u00e9conomiser du temps et de l'argent. En cas de dysfonctionnement du chargeur, les op\u00e9rateurs peuvent simplement remplacer le chargeur sans retirer la plaque arri\u00e8re, ce qui r\u00e9duit les co\u00fbts de maintenance.<\/p><p>Avec nous, les propri\u00e9taires et les exploitants d'immeubles peuvent b\u00e9n\u00e9ficier d'une solution de recharge efficace et sans tracas qui r\u00e9pond aux besoins de leurs r\u00e9sidents, tout en minimisant les d\u00e9penses d'installation et de maintenance.<\/p>\t\t\t\t\t\t\t\t<\/div>\n\t\t\t\t\t<\/div>\n\t\t<\/div>\n\t\t\t\t\t<\/div>\n\t\t<\/section>\n\t\t\t\t<section class=\"elementor-section elementor-top-section elementor-element elementor-element-b6876b8 elementor-section-boxed elementor-section-height-default elementor-section-height-default\" data-id=\"b6876b8\" data-element_type=\"section\" data-e-type=\"section\">\n\t\t\t\t\t\t<div class=\"elementor-container elementor-column-gap-default\">\n\t\t\t\t\t<div class=\"elementor-column elementor-col-50 elementor-top-column elementor-element elementor-element-a3d70a5\" data-id=\"a3d70a5\" data-element_type=\"column\" data-e-type=\"column\">\n\t\t\t<div class=\"elementor-widget-wrap elementor-element-populated\">\n\t\t\t\t\t\t<div class=\"elementor-element elementor-element-075b9a9 elementor-widget elementor-widget-heading\" data-id=\"075b9a9\" data-element_type=\"widget\" data-e-type=\"widget\" data-widget_type=\"heading.default\">\n\t\t\t\t\t<span class=\"elementor-heading-title elementor-size-default elementor-heading-title\">Gestion dynamique de la charge r\u00e9sidentielle<\/span>\t\t\t\t<\/div>\n\t\t\t\t<div class=\"elementor-element elementor-element-3d288bc elementor-widget elementor-widget-text-editor\" data-id=\"3d288bc\" data-element_type=\"widget\" data-e-type=\"widget\" data-widget_type=\"text-editor.default\">\n\t\t\t\t\t\t\t\t\t<p>Avec<strong> iocharger's<\/strong> Gr\u00e2ce \u00e0 la solution d'\u00e9quilibrage dynamique de la charge, le courant disponible sera r\u00e9parti automatiquement et intelligemment entre le chargeur du VE et tous les autres appareils domestiques.\u00a0<\/p><p class=\"\">Les syst\u00e8mes solaires et de batteries, consid\u00e9r\u00e9s comme l'\u00e9nergie la plus propre, sont l'avenir de notre plan\u00e8te verte. Avec<strong> iocharger's<\/strong> Gr\u00e2ce \u00e0 la derni\u00e8re solution de stockage d'\u00e9nergie, les utilisateurs peuvent facilement atteindre leur objectif s'ils souhaitent ajouter un syst\u00e8me de stockage d'\u00e9nergie photovolta\u00efque \u00e0 leur syst\u00e8me de recharge r\u00e9sidentiel pour v\u00e9hicules \u00e9lectriques. Notre solution avanc\u00e9e est donc \u00e0 la fois respectueuse de l'environnement et rentable.<\/p>\t\t\t\t\t\t\t\t<\/div>\n\t\t\t\t\t<\/div>\n\t\t<\/div>\n\t\t\t\t<div class=\"elementor-column elementor-col-50 elementor-top-column elementor-element elementor-element-d7b85e5\" data-id=\"d7b85e5\" data-element_type=\"column\" data-e-type=\"column\">\n\t\t\t<div class=\"elementor-widget-wrap elementor-element-populated\">\n\t\t\t\t\t\t<div class=\"elementor-element elementor-element-d22d95d elementor-widget elementor-widget-image\" data-id=\"d22d95d\" data-element_type=\"widget\" data-e-type=\"widget\" data-widget_type=\"image.default\">\n\t\t\t\t\t\t\t\t\t\t\t\t\t\t\t<img decoding=\"async\" width=\"920\" height=\"518\" src=\"https:\/\/www.iocharger.com\/wp-content\/uploads\/2023\/05\/EV-Chargers-Other-Load-Appliances-1.jpg\" class=\"attachment-full size-full wp-image-1856\" alt=\"\" srcset=\"https:\/\/www.iocharger.com\/wp-content\/uploads\/2023\/05\/EV-Chargers-Other-Load-Appliances-1.jpg 920w, https:\/\/www.iocharger.com\/wp-content\/uploads\/2023\/05\/EV-Chargers-Other-Load-Appliances-1-150x84.jpg 150w, https:\/\/www.iocharger.com\/wp-content\/uploads\/2023\/05\/EV-Chargers-Other-Load-Appliances-1-660x372.jpg 660w, https:\/\/www.iocharger.com\/wp-content\/uploads\/2023\/05\/EV-Chargers-Other-Load-Appliances-1-300x169.jpg 300w, https:\/\/www.iocharger.com\/wp-content\/uploads\/2023\/05\/EV-Chargers-Other-Load-Appliances-1-768x432.jpg 768w, https:\/\/www.iocharger.com\/wp-content\/uploads\/2023\/05\/EV-Chargers-Other-Load-Appliances-1-285x160.jpg 285w\" sizes=\"(max-width: 920px) 100vw, 920px\" \/>\t\t\t\t\t\t\t\t\t\t\t\t\t\t\t<\/div>\n\t\t\t\t\t<\/div>\n\t\t<\/div>\n\t\t\t\t\t<\/div>\n\t\t<\/section>\n\t\t\t\t<\/div>","protected":false},"excerpt":{"rendered":"<p>Smart and simple level 2 EV charger for private home and residential apartments. Full range of products Iocharger&#8230;<\/p>","protected":false},"author":1,"featured_media":0,"parent":0,"menu_order":0,"comment_status":"closed","ping_status":"closed","template":"elementor_header_footer","meta":{"_acf_changed":false,"footnotes":""},"class_list":["post-8083","page","type-page","status-publish","hentry"],"acf":[],"_links":{"self":[{"href":"https:\/\/www.iocharger.com\/fr\/wp-json\/wp\/v2\/pages\/8083","targetHints":{"allow":["GET"]}}],"collection":[{"href":"https:\/\/www.iocharger.com\/fr\/wp-json\/wp\/v2\/pages"}],"about":[{"href":"https:\/\/www.iocharger.com\/fr\/wp-json\/wp\/v2\/types\/page"}],"author":[{"embeddable":true,"href":"https:\/\/www.iocharger.com\/fr\/wp-json\/wp\/v2\/users\/1"}],"replies":[{"embeddable":true,"href":"https:\/\/www.iocharger.com\/fr\/wp-json\/wp\/v2\/comments?post=8083"}],"version-history":[{"count":0,"href":"https:\/\/www.iocharger.com\/fr\/wp-json\/wp\/v2\/pages\/8083\/revisions"}],"wp:attachment":[{"href":"https:\/\/www.iocharger.com\/fr\/wp-json\/wp\/v2\/media?parent=8083"}],"curies":[{"name":"wp","href":"https:\/\/api.w.org\/{rel}","templated":true}]}}