{"id":7677,"date":"2024-04-27T15:35:07","date_gmt":"2024-04-27T15:35:07","guid":{"rendered":"https:\/\/www.iocharger.com\/?post_type=product&#038;p=7677"},"modified":"2026-03-31T02:39:14","modified_gmt":"2026-03-31T02:39:14","slug":"movable-ev-charger-30kw-40kw-dc-fast-charger","status":"publish","type":"product","link":"https:\/\/www.iocharger.com\/es\/movable-ev-charger-30kw-40kw-dc-fast-charger\/","title":{"rendered":"Cargador m\u00f3vil para veh\u00edculos el\u00e9ctricos Cargador r\u00e1pido de 30 kW y 40 kW CC"},"content":{"rendered":"<div data-elementor-type=\"product-post\" data-elementor-id=\"7677\" class=\"elementor elementor-7677\" data-elementor-post-type=\"product\">\n\t\t\t\t\t\t<section class=\"elementor-section elementor-top-section elementor-element elementor-element-83d7d0f elementor-section-boxed elementor-section-height-default elementor-section-height-default\" data-id=\"83d7d0f\" data-element_type=\"section\" data-e-type=\"section\">\n\t\t\t\t\t\t<div class=\"elementor-container elementor-column-gap-default\">\n\t\t\t\t\t<div class=\"elementor-column elementor-col-50 elementor-top-column elementor-element elementor-element-7285334\" data-id=\"7285334\" data-element_type=\"column\" data-e-type=\"column\">\n\t\t\t<div class=\"elementor-widget-wrap elementor-element-populated\">\n\t\t\t\t\t\t<div class=\"elementor-element elementor-element-7deac97 elementor-widget elementor-widget-text-editor\" data-id=\"7deac97\" data-element_type=\"widget\" data-e-type=\"widget\" data-widget_type=\"text-editor.default\">\n\t\t\t\t\t\t\t\t\t<p><strong>Caracter\u00edsticas principales:<\/strong><\/p><ul><li>Disponibles versiones de 30 kW y 40 kW<\/li><li>Conector de carga CCS 1\/ CCS 2\/ CHAdeMO\/ GB-T<\/li><li>Carga Plug&amp;Play<\/li><li>Compatible con ISO15118 Plug&amp;Charge<\/li><li>Lector de tarjetas RFID integrado para la autenticaci\u00f3n de usuarios<\/li><li>Pantalla t\u00e1ctil LCD de 7\u2019\u2019 e interfaz de f\u00e1cil manejo<\/li><li>Compatibilidad total con los perfiles OCPP 1.6J y OCPP 2.0.1<\/li><li>M\u00f3dulo de potencia de refrigeraci\u00f3n por conducto de aire independiente<\/li><li>Pago por TPV integrado<\/li><li>Equilibrio din\u00e1mico de carga<\/li><li>Ecol\u00f3gico con energ\u00eda solar y bater\u00eda<\/li><\/ul>\t\t\t\t\t\t\t\t<\/div>\n\t\t\t\t\t<\/div>\n\t\t<\/div>\n\t\t\t\t<div class=\"elementor-column elementor-col-50 elementor-top-column elementor-element elementor-element-5e05a1e\" data-id=\"5e05a1e\" data-element_type=\"column\" data-e-type=\"column\">\n\t\t\t<div class=\"elementor-widget-wrap elementor-element-populated\">\n\t\t\t\t\t\t<div class=\"elementor-element elementor-element-07a83f2 elementor-widget elementor-widget-image\" data-id=\"07a83f2\" data-element_type=\"widget\" data-e-type=\"widget\" data-widget_type=\"image.default\">\n\t\t\t\t\t\t\t\t\t\t\t\t\t\t\t<img fetchpriority=\"high\" decoding=\"async\" width=\"1000\" height=\"1000\" src=\"https:\/\/www.iocharger.com\/wp-content\/uploads\/2025\/08\/mobile-ev-charger-features-1.png\" class=\"attachment-full size-full wp-image-7698\" alt=\"caracter\u00edsticas del cargador m\u00f3vil ev\" srcset=\"https:\/\/www.iocharger.com\/wp-content\/uploads\/2025\/08\/mobile-ev-charger-features-1.png 1000w, https:\/\/www.iocharger.com\/wp-content\/uploads\/2025\/08\/mobile-ev-charger-features-1-150x150.png 150w, https:\/\/www.iocharger.com\/wp-content\/uploads\/2025\/08\/mobile-ev-charger-features-1-660x660.png 660w, https:\/\/www.iocharger.com\/wp-content\/uploads\/2025\/08\/mobile-ev-charger-features-1-300x300.png 300w, https:\/\/www.iocharger.com\/wp-content\/uploads\/2025\/08\/mobile-ev-charger-features-1-768x768.png 768w, https:\/\/www.iocharger.com\/wp-content\/uploads\/2025\/08\/mobile-ev-charger-features-1-285x285.png 285w, https:\/\/www.iocharger.com\/wp-content\/uploads\/2025\/08\/mobile-ev-charger-features-1-270x270.png 270w, https:\/\/www.iocharger.com\/wp-content\/uploads\/2025\/08\/mobile-ev-charger-features-1-540x540.png 540w\" sizes=\"(max-width: 1000px) 100vw, 1000px\" \/>\t\t\t\t\t\t\t\t\t\t\t\t\t\t\t<\/div>\n\t\t\t\t\t<\/div>\n\t\t<\/div>\n\t\t\t\t\t<\/div>\n\t\t<\/section>\n\t\t\t\t<section class=\"elementor-section elementor-top-section elementor-element elementor-element-c44a971 elementor-section-boxed elementor-section-height-default elementor-section-height-default\" data-id=\"c44a971\" data-element_type=\"section\" data-e-type=\"section\">\n\t\t\t\t\t\t<div class=\"elementor-container elementor-column-gap-default\">\n\t\t\t\t\t<div class=\"elementor-column elementor-col-50 elementor-top-column elementor-element elementor-element-c2d86ee\" data-id=\"c2d86ee\" data-element_type=\"column\" data-e-type=\"column\">\n\t\t\t<div class=\"elementor-widget-wrap elementor-element-populated\">\n\t\t\t\t\t\t<div class=\"elementor-element elementor-element-4bf0f15 elementor-widget elementor-widget-image\" data-id=\"4bf0f15\" data-element_type=\"widget\" data-e-type=\"widget\" data-widget_type=\"image.default\">\n\t\t\t\t\t\t\t\t\t\t\t\t\t\t\t<img decoding=\"async\" width=\"1000\" height=\"1000\" src=\"https:\/\/www.iocharger.com\/wp-content\/uploads\/2025\/08\/mobile-dc-fast-charger-1-1.png\" class=\"attachment-full size-full wp-image-7699\" alt=\"cargador m\u00f3vil para coches el\u00e9ctricos\" srcset=\"https:\/\/www.iocharger.com\/wp-content\/uploads\/2025\/08\/mobile-dc-fast-charger-1-1.png 1000w, https:\/\/www.iocharger.com\/wp-content\/uploads\/2025\/08\/mobile-dc-fast-charger-1-1-150x150.png 150w, https:\/\/www.iocharger.com\/wp-content\/uploads\/2025\/08\/mobile-dc-fast-charger-1-1-660x660.png 660w, https:\/\/www.iocharger.com\/wp-content\/uploads\/2025\/08\/mobile-dc-fast-charger-1-1-300x300.png 300w, https:\/\/www.iocharger.com\/wp-content\/uploads\/2025\/08\/mobile-dc-fast-charger-1-1-768x768.png 768w, https:\/\/www.iocharger.com\/wp-content\/uploads\/2025\/08\/mobile-dc-fast-charger-1-1-285x285.png 285w, https:\/\/www.iocharger.com\/wp-content\/uploads\/2025\/08\/mobile-dc-fast-charger-1-1-270x270.png 270w, https:\/\/www.iocharger.com\/wp-content\/uploads\/2025\/08\/mobile-dc-fast-charger-1-1-540x540.png 540w\" sizes=\"(max-width: 1000px) 100vw, 1000px\" \/>\t\t\t\t\t\t\t\t\t\t\t\t\t\t\t<\/div>\n\t\t\t\t\t<\/div>\n\t\t<\/div>\n\t\t\t\t<div class=\"elementor-column elementor-col-50 elementor-top-column elementor-element elementor-element-b41e707\" data-id=\"b41e707\" data-element_type=\"column\" data-e-type=\"column\">\n\t\t\t<div class=\"elementor-widget-wrap elementor-element-populated\">\n\t\t\t\t\t\t<div class=\"elementor-element elementor-element-366be1c elementor-widget elementor-widget-text-editor\" data-id=\"366be1c\" data-element_type=\"widget\" data-e-type=\"widget\" data-widget_type=\"text-editor.default\">\n\t\t\t\t\t\t\t\t\t<p><strong>Energ\u00eda en movimiento<\/strong><\/p><p>Dise\u00f1ado para ofrecer la m\u00e1xima movilidad, este cargador m\u00f3vil cuenta con ruedas desmontables para facilitar el transporte y la instalaci\u00f3n r\u00e1pida en m\u00faltiples ubicaciones. Ideal para operaciones de flotas, centros log\u00edsticos y obras de construcci\u00f3n, ofrece una carga flexible y a demanda sin necesidad de instalaci\u00f3n permanente, lo que proporciona un despliegue r\u00e1pido, rentabilidad y rendimiento fiable dondequiera que se necesite.<\/p>\t\t\t\t\t\t\t\t<\/div>\n\t\t\t\t\t<\/div>\n\t\t<\/div>\n\t\t\t\t\t<\/div>\n\t\t<\/section>\n\t\t\t\t<section class=\"elementor-section elementor-top-section elementor-element elementor-element-7479d51 elementor-section-boxed elementor-section-height-default elementor-section-height-default\" data-id=\"7479d51\" data-element_type=\"section\" data-e-type=\"section\">\n\t\t\t\t\t\t<div class=\"elementor-container elementor-column-gap-default\">\n\t\t\t\t\t<div class=\"elementor-column elementor-col-50 elementor-top-column elementor-element elementor-element-01b3914\" data-id=\"01b3914\" data-element_type=\"column\" data-e-type=\"column\">\n\t\t\t<div class=\"elementor-widget-wrap elementor-element-populated\">\n\t\t\t\t\t\t<div class=\"elementor-element elementor-element-19e9715 elementor-widget elementor-widget-text-editor\" data-id=\"19e9715\" data-element_type=\"widget\" data-e-type=\"widget\" data-widget_type=\"text-editor.default\">\n\t\t\t\t\t\t\t\t\t<p><strong>Carga Plug &amp; Play<\/strong><\/p><p>Basta con enchufar el cable de entrada a una toma est\u00e1ndar de 63 A para empezar a cargar al instante, sin necesidad de configuraciones complejas ni instalaciones adicionales. Este aut\u00e9ntico dise\u00f1o plug &amp; play minimiza el tiempo de despliegue, por lo que es ideal para emplazamientos temporales y operaciones de ritmo r\u00e1pido.<\/p>\t\t\t\t\t\t\t\t<\/div>\n\t\t\t\t\t<\/div>\n\t\t<\/div>\n\t\t\t\t<div class=\"elementor-column elementor-col-50 elementor-top-column elementor-element elementor-element-46f16ee\" data-id=\"46f16ee\" data-element_type=\"column\" data-e-type=\"column\">\n\t\t\t<div class=\"elementor-widget-wrap elementor-element-populated\">\n\t\t\t\t\t\t<div class=\"elementor-element elementor-element-c00efcf elementor-widget elementor-widget-image\" data-id=\"c00efcf\" data-element_type=\"widget\" data-e-type=\"widget\" data-widget_type=\"image.default\">\n\t\t\t\t\t\t\t\t\t\t\t\t\t\t\t<img decoding=\"async\" width=\"1000\" height=\"1000\" src=\"https:\/\/www.iocharger.com\/wp-content\/uploads\/2025\/08\/2-1-1.png\" class=\"attachment-full size-full wp-image-7700\" alt=\"\" srcset=\"https:\/\/www.iocharger.com\/wp-content\/uploads\/2025\/08\/2-1-1.png 1000w, https:\/\/www.iocharger.com\/wp-content\/uploads\/2025\/08\/2-1-1-150x150.png 150w, https:\/\/www.iocharger.com\/wp-content\/uploads\/2025\/08\/2-1-1-660x660.png 660w, https:\/\/www.iocharger.com\/wp-content\/uploads\/2025\/08\/2-1-1-300x300.png 300w, https:\/\/www.iocharger.com\/wp-content\/uploads\/2025\/08\/2-1-1-768x768.png 768w, https:\/\/www.iocharger.com\/wp-content\/uploads\/2025\/08\/2-1-1-285x285.png 285w, https:\/\/www.iocharger.com\/wp-content\/uploads\/2025\/08\/2-1-1-270x270.png 270w, https:\/\/www.iocharger.com\/wp-content\/uploads\/2025\/08\/2-1-1-540x540.png 540w\" sizes=\"(max-width: 1000px) 100vw, 1000px\" \/>\t\t\t\t\t\t\t\t\t\t\t\t\t\t\t<\/div>\n\t\t\t\t\t<\/div>\n\t\t<\/div>\n\t\t\t\t\t<\/div>\n\t\t<\/section>\n\t\t\t\t<section class=\"elementor-section elementor-top-section elementor-element elementor-element-9d6c3c7 elementor-section-boxed elementor-section-height-default elementor-section-height-default\" data-id=\"9d6c3c7\" data-element_type=\"section\" data-e-type=\"section\">\n\t\t\t\t\t\t<div class=\"elementor-container elementor-column-gap-default\">\n\t\t\t\t\t<div class=\"elementor-column elementor-col-50 elementor-top-column elementor-element elementor-element-8c139e7\" data-id=\"8c139e7\" data-element_type=\"column\" data-e-type=\"column\">\n\t\t\t<div class=\"elementor-widget-wrap elementor-element-populated\">\n\t\t\t\t\t\t<div class=\"elementor-element elementor-element-ccce38e elementor-widget elementor-widget-image\" data-id=\"ccce38e\" data-element_type=\"widget\" data-e-type=\"widget\" data-widget_type=\"image.default\">\n\t\t\t\t\t\t\t\t\t\t\t\t\t\t\t<img loading=\"lazy\" decoding=\"async\" width=\"1000\" height=\"1000\" src=\"https:\/\/www.iocharger.com\/wp-content\/uploads\/2025\/08\/4-1-1.png\" class=\"attachment-full size-full wp-image-7703\" alt=\"\" srcset=\"https:\/\/www.iocharger.com\/wp-content\/uploads\/2025\/08\/4-1-1.png 1000w, https:\/\/www.iocharger.com\/wp-content\/uploads\/2025\/08\/4-1-1-150x150.png 150w, https:\/\/www.iocharger.com\/wp-content\/uploads\/2025\/08\/4-1-1-660x660.png 660w, https:\/\/www.iocharger.com\/wp-content\/uploads\/2025\/08\/4-1-1-300x300.png 300w, https:\/\/www.iocharger.com\/wp-content\/uploads\/2025\/08\/4-1-1-768x768.png 768w, https:\/\/www.iocharger.com\/wp-content\/uploads\/2025\/08\/4-1-1-285x285.png 285w, https:\/\/www.iocharger.com\/wp-content\/uploads\/2025\/08\/4-1-1-270x270.png 270w, https:\/\/www.iocharger.com\/wp-content\/uploads\/2025\/08\/4-1-1-540x540.png 540w\" sizes=\"(max-width: 1000px) 100vw, 1000px\" \/>\t\t\t\t\t\t\t\t\t\t\t\t\t\t\t<\/div>\n\t\t\t\t\t<\/div>\n\t\t<\/div>\n\t\t\t\t<div class=\"elementor-column elementor-col-50 elementor-top-column elementor-element elementor-element-742b726\" data-id=\"742b726\" data-element_type=\"column\" data-e-type=\"column\">\n\t\t\t<div class=\"elementor-widget-wrap elementor-element-populated\">\n\t\t\t\t\t\t<div class=\"elementor-element elementor-element-ca6a65b elementor-widget__width-initial elementor-widget elementor-widget-text-editor\" data-id=\"ca6a65b\" data-element_type=\"widget\" data-e-type=\"widget\" data-widget_type=\"text-editor.default\">\n\t\t\t\t\t\t\t\t\t<p><strong>Caracter\u00edsticas M\u00f3dulo de potencia de refrigeraci\u00f3n por conducto de aire independiente<\/strong><\/p><p>Una soluci\u00f3n ideal para la carga fiable de veh\u00edculos m\u00f3viles en exteriores en entornos dif\u00edciles, como obras de construcci\u00f3n. Cuenta con un m\u00f3dulo de alimentaci\u00f3n con refrigeraci\u00f3n independiente por conducto de aire con clasificaci\u00f3n IP65, admite una salida de potencia constante de 300 V a 1000 V e incluye m\u00faltiples protecciones de seguridad. La separaci\u00f3n de componentes y flujo de aire reduce el riesgo de fallos, mientras que la supervisi\u00f3n remota controlada por DSP, las actualizaciones OTA y el f\u00e1cil mantenimiento garantizan un rendimiento estable incluso con cargas pesadas.<\/p>\t\t\t\t\t\t\t\t<\/div>\n\t\t\t\t\t<\/div>\n\t\t<\/div>\n\t\t\t\t\t<\/div>\n\t\t<\/section>\n\t\t\t\t<section class=\"elementor-section elementor-top-section elementor-element elementor-element-f676a35 elementor-section-boxed elementor-section-height-default elementor-section-height-default\" data-id=\"f676a35\" data-element_type=\"section\" data-e-type=\"section\">\n\t\t\t\t\t\t<div class=\"elementor-container elementor-column-gap-default\">\n\t\t\t\t\t<div class=\"elementor-column elementor-col-50 elementor-top-column elementor-element elementor-element-95c2c8f\" data-id=\"95c2c8f\" data-element_type=\"column\" data-e-type=\"column\">\n\t\t\t<div class=\"elementor-widget-wrap elementor-element-populated\">\n\t\t\t\t\t\t<div class=\"elementor-element elementor-element-e722b97 elementor-widget elementor-widget-text-editor\" data-id=\"e722b97\" data-element_type=\"widget\" data-e-type=\"widget\" data-widget_type=\"text-editor.default\">\n\t\t\t\t\t\t\t\t\t<p><strong>Pantalla t\u00e1ctil inteligente y control de potencia<\/strong><\/p><p>Equipada con una pantalla t\u00e1ctil de 7\u2033, la estaci\u00f3n de carga m\u00f3vil para veh\u00edculos el\u00e9ctricos de Iochargers ofrece actualizaciones claras del estado en tiempo real para una supervisi\u00f3n sin esfuerzo. Los l\u00edmites de potencia de salida se pueden ajustar directamente en la pantalla, proporcionando una interfaz sencilla e intuitiva que mejora el control y la eficiencia.<\/p>\t\t\t\t\t\t\t\t<\/div>\n\t\t\t\t\t<\/div>\n\t\t<\/div>\n\t\t\t\t<div class=\"elementor-column elementor-col-50 elementor-top-column elementor-element elementor-element-7c15c6e\" data-id=\"7c15c6e\" data-element_type=\"column\" data-e-type=\"column\">\n\t\t\t<div class=\"elementor-widget-wrap elementor-element-populated\">\n\t\t\t\t\t\t<div class=\"elementor-element elementor-element-fefd379 elementor-widget elementor-widget-image\" data-id=\"fefd379\" data-element_type=\"widget\" data-e-type=\"widget\" data-widget_type=\"image.default\">\n\t\t\t\t\t\t\t\t\t\t\t\t\t\t\t<img loading=\"lazy\" decoding=\"async\" width=\"1000\" height=\"1000\" src=\"https:\/\/www.iocharger.com\/wp-content\/uploads\/2025\/08\/mobile-ev-charging-unit-1.png\" class=\"attachment-full size-full wp-image-7702\" alt=\"\" srcset=\"https:\/\/www.iocharger.com\/wp-content\/uploads\/2025\/08\/mobile-ev-charging-unit-1.png 1000w, https:\/\/www.iocharger.com\/wp-content\/uploads\/2025\/08\/mobile-ev-charging-unit-1-150x150.png 150w, https:\/\/www.iocharger.com\/wp-content\/uploads\/2025\/08\/mobile-ev-charging-unit-1-660x660.png 660w, https:\/\/www.iocharger.com\/wp-content\/uploads\/2025\/08\/mobile-ev-charging-unit-1-300x300.png 300w, https:\/\/www.iocharger.com\/wp-content\/uploads\/2025\/08\/mobile-ev-charging-unit-1-768x768.png 768w, https:\/\/www.iocharger.com\/wp-content\/uploads\/2025\/08\/mobile-ev-charging-unit-1-285x285.png 285w, https:\/\/www.iocharger.com\/wp-content\/uploads\/2025\/08\/mobile-ev-charging-unit-1-270x270.png 270w, https:\/\/www.iocharger.com\/wp-content\/uploads\/2025\/08\/mobile-ev-charging-unit-1-540x540.png 540w\" sizes=\"(max-width: 1000px) 100vw, 1000px\" \/>\t\t\t\t\t\t\t\t\t\t\t\t\t\t\t<\/div>\n\t\t\t\t\t<\/div>\n\t\t<\/div>\n\t\t\t\t\t<\/div>\n\t\t<\/section>\n\t\t\t\t<\/div>","protected":false},"excerpt":{"rendered":"<p>El cargador r\u00e1pido de CC m\u00f3vil Iocharger est\u00e1 dise\u00f1ado para un despliegue r\u00e1pido y aplicaciones en exteriores, por lo que es ideal para flotas, obras de construcci\u00f3n y eventos. Proporciona una carga flexible y de alta potencia para veh\u00edculos el\u00e9ctricos con una salida estable y s\u00f3lidas funciones de seguridad, lo que garantiza un rendimiento fiable dondequiera que se necesite.<\/p>\n<ul>\n<li>Capacidad de entrada: 400V\u00b115% CA trif\u00e1sica<\/li>\n<li>Potencia m\u00e1xima de salida de CC: 30 kW\/ 40 kW<\/li>\n<li>Rango de tensi\u00f3n CC de salida: 100V-1000V CC<\/li>\n<li>Pantalla: Pantalla t\u00e1ctil LCD de 7<\/li>\n<li>Interfaz de red: Conexi\u00f3n a Internet inteligente Ethernet\/4G<\/li>\n<li>OCPP: Compatibilidad con perfiles completos OCPP 1.6J\/ OCPP 2.0.1<\/li>\n<li>ISO15118 Plug&amp;Charge: actualizable<\/li>\n<li>Protecci\u00f3n contra la entrada de agua y polvo: IP55<\/li>\n<li>Interfaz de carga: CCS 1, CCS2, CHAdeMO, GB\/T<\/li>\n<li>Dimensiones: 984*451,6*842,4 mm<\/li>\n<\/ul>","protected":false},"featured_media":7692,"template":"","meta":{"_acf_changed":false},"product_brand":[],"product_cat":[79],"product_tag":[82,83,84],"class_list":{"0":"post-7677","1":"product","2":"type-product","3":"status-publish","4":"has-post-thumbnail","6":"product_cat-dc-fast-charger","7":"product_tag-120kw-public-fast-ev-charger","8":"product_tag-90kw-120kw-dc-fast-charger","9":"product_tag-ocpp-ev-dc-fast-charging-station","11":"first","12":"instock","13":"shipping-taxable","14":"product-type-simple"},"acf":[],"_links":{"self":[{"href":"https:\/\/www.iocharger.com\/es\/wp-json\/wp\/v2\/product\/7677","targetHints":{"allow":["GET"]}}],"collection":[{"href":"https:\/\/www.iocharger.com\/es\/wp-json\/wp\/v2\/product"}],"about":[{"href":"https:\/\/www.iocharger.com\/es\/wp-json\/wp\/v2\/types\/product"}],"version-history":[{"count":1,"href":"https:\/\/www.iocharger.com\/es\/wp-json\/wp\/v2\/product\/7677\/revisions"}],"predecessor-version":[{"id":9700,"href":"https:\/\/www.iocharger.com\/es\/wp-json\/wp\/v2\/product\/7677\/revisions\/9700"}],"wp:featuredmedia":[{"embeddable":true,"href":"https:\/\/www.iocharger.com\/es\/wp-json\/wp\/v2\/media\/7692"}],"wp:attachment":[{"href":"https:\/\/www.iocharger.com\/es\/wp-json\/wp\/v2\/media?parent=7677"}],"wp:term":[{"taxonomy":"product_brand","embeddable":true,"href":"https:\/\/www.iocharger.com\/es\/wp-json\/wp\/v2\/product_brand?post=7677"},{"taxonomy":"product_cat","embeddable":true,"href":"https:\/\/www.iocharger.com\/es\/wp-json\/wp\/v2\/product_cat?post=7677"},{"taxonomy":"product_tag","embeddable":true,"href":"https:\/\/www.iocharger.com\/es\/wp-json\/wp\/v2\/product_tag?post=7677"}],"curies":[{"name":"wp","href":"https:\/\/api.w.org\/{rel}","templated":true}]}}