{"id":4499,"date":"2024-11-10T10:02:02","date_gmt":"2024-11-10T10:02:02","guid":{"rendered":"https:\/\/www.iocharger.com\/?post_type=product&#038;p=4499"},"modified":"2026-04-20T07:14:36","modified_gmt":"2026-04-20T07:14:36","slug":"ocpp-2-0-1-iso15118-300kw-360kw-420kw-ultra-fast-charging-station","status":"publish","type":"product","link":"https:\/\/www.iocharger.com\/es\/ocpp-2-0-1-iso15118-300kw-360kw-420kw-ultra-fast-charging-station\/","title":{"rendered":"Estaci\u00f3n de carga ultrarr\u00e1pida compatible con OCPP 2.0.1, ISO15118, 240 kW, 300 kW, 360 kW y 420 kW."},"content":{"rendered":"<div data-elementor-type=\"product-post\" data-elementor-id=\"4499\" class=\"elementor elementor-4499\" data-elementor-post-type=\"product\">\n\t\t\t\t\t\t<section class=\"elementor-section elementor-top-section elementor-element elementor-element-57153f0 elementor-section-boxed elementor-section-height-default elementor-section-height-default\" data-id=\"57153f0\" data-element_type=\"section\" data-e-type=\"section\">\n\t\t\t\t\t\t<div class=\"elementor-container elementor-column-gap-default\">\n\t\t\t\t\t<div class=\"elementor-column elementor-col-100 elementor-top-column elementor-element elementor-element-a194ebe\" data-id=\"a194ebe\" data-element_type=\"column\" data-e-type=\"column\">\n\t\t\t<div class=\"elementor-widget-wrap elementor-element-populated\">\n\t\t\t\t\t\t<div class=\"elementor-element elementor-element-724e766 elementor-widget elementor-widget-text-editor\" data-id=\"724e766\" data-element_type=\"widget\" data-e-type=\"widget\" data-widget_type=\"text-editor.default\">\n\t\t\t\t\t\t\t\t\t<p>Con el r\u00e1pido crecimiento de los veh\u00edculos el\u00e9ctricos en las carreteras hoy en d\u00eda, la demanda de carga r\u00e1pida aumenta. La estaci\u00f3n de carga ultrarr\u00e1pida de CC Iocharger IOCLY2 aumenta dr\u00e1sticamente la velocidad de carga.<\/p>\t\t\t\t\t\t\t\t<\/div>\n\t\t\t\t\t<\/div>\n\t\t<\/div>\n\t\t\t\t\t<\/div>\n\t\t<\/section>\n\t\t\t\t<section class=\"elementor-section elementor-top-section elementor-element elementor-element-83d7d0f elementor-section-boxed elementor-section-height-default elementor-section-height-default\" data-id=\"83d7d0f\" data-element_type=\"section\" data-e-type=\"section\">\n\t\t\t\t\t\t<div class=\"elementor-container elementor-column-gap-default\">\n\t\t\t\t\t<div class=\"elementor-column elementor-col-50 elementor-top-column elementor-element elementor-element-7285334\" data-id=\"7285334\" data-element_type=\"column\" data-e-type=\"column\">\n\t\t\t<div class=\"elementor-widget-wrap elementor-element-populated\">\n\t\t\t\t\t\t<div class=\"elementor-element elementor-element-7deac97 elementor-widget elementor-widget-text-editor\" data-id=\"7deac97\" data-element_type=\"widget\" data-e-type=\"widget\" data-widget_type=\"text-editor.default\">\n\t\t\t\t\t\t\t\t\t<p><b>Caracter\u00edsticas principales<\/b><\/p><ul><li>Carga de hasta 420 kW<\/li><li>Carga simult\u00e1nea de hasta 2 veh\u00edculos el\u00e9ctricos<\/li><li>\u00daltima versi\u00f3n compatible con OCPP 2.0.1<\/li><li>ISO15118 Plug&amp;Charge<\/li><li>Distribuci\u00f3n din\u00e1mica de la carga<\/li><li>Corriente y potencia de funcionamiento ajustables<\/li><li>Identificaci\u00f3n segura de usuarios<\/li><li>Mediante RFID, aplicaci\u00f3n m\u00f3vil o terminal de pago<\/li><\/ul>\t\t\t\t\t\t\t\t<\/div>\n\t\t\t\t\t<\/div>\n\t\t<\/div>\n\t\t\t\t<div class=\"elementor-column elementor-col-50 elementor-top-column elementor-element elementor-element-5e05a1e\" data-id=\"5e05a1e\" data-element_type=\"column\" data-e-type=\"column\">\n\t\t\t<div class=\"elementor-widget-wrap elementor-element-populated\">\n\t\t\t\t\t\t<div class=\"elementor-element elementor-element-07a83f2 elementor-widget elementor-widget-image\" data-id=\"07a83f2\" data-element_type=\"widget\" data-e-type=\"widget\" data-widget_type=\"image.default\">\n\t\t\t\t\t\t\t\t\t\t\t\t\t\t\t<img fetchpriority=\"high\" decoding=\"async\" width=\"750\" height=\"750\" src=\"https:\/\/www.iocharger.com\/wp-content\/uploads\/2024\/11\/ultra-fast-dc-ev-charger-IOCLY2.webp\" class=\"attachment-full size-full wp-image-9882\" alt=\"cargador ultrarr\u00e1pido de corriente continua para veh\u00edculos el\u00e9ctricos IOCLY2\" srcset=\"https:\/\/www.iocharger.com\/wp-content\/uploads\/2024\/11\/ultra-fast-dc-ev-charger-IOCLY2.webp 750w, https:\/\/www.iocharger.com\/wp-content\/uploads\/2024\/11\/ultra-fast-dc-ev-charger-IOCLY2-300x300.webp 300w, https:\/\/www.iocharger.com\/wp-content\/uploads\/2024\/11\/ultra-fast-dc-ev-charger-IOCLY2-150x150.webp 150w, https:\/\/www.iocharger.com\/wp-content\/uploads\/2024\/11\/ultra-fast-dc-ev-charger-IOCLY2-12x12.webp 12w, https:\/\/www.iocharger.com\/wp-content\/uploads\/2024\/11\/ultra-fast-dc-ev-charger-IOCLY2-285x285.webp 285w, https:\/\/www.iocharger.com\/wp-content\/uploads\/2024\/11\/ultra-fast-dc-ev-charger-IOCLY2-270x270.webp 270w, https:\/\/www.iocharger.com\/wp-content\/uploads\/2024\/11\/ultra-fast-dc-ev-charger-IOCLY2-540x540.webp 540w, https:\/\/www.iocharger.com\/wp-content\/uploads\/2024\/11\/ultra-fast-dc-ev-charger-IOCLY2-660x660.webp 660w\" sizes=\"(max-width: 750px) 100vw, 750px\" \/>\t\t\t\t\t\t\t\t\t\t\t\t\t\t\t<\/div>\n\t\t\t\t\t<\/div>\n\t\t<\/div>\n\t\t\t\t\t<\/div>\n\t\t<\/section>\n\t\t\t\t<section class=\"elementor-section elementor-top-section elementor-element elementor-element-c44a971 elementor-section-boxed elementor-section-height-default elementor-section-height-default\" data-id=\"c44a971\" data-element_type=\"section\" data-e-type=\"section\">\n\t\t\t\t\t\t<div class=\"elementor-container elementor-column-gap-default\">\n\t\t\t\t\t<div class=\"elementor-column elementor-col-50 elementor-top-column elementor-element elementor-element-c2d86ee\" data-id=\"c2d86ee\" data-element_type=\"column\" data-e-type=\"column\">\n\t\t\t<div class=\"elementor-widget-wrap elementor-element-populated\">\n\t\t\t\t\t\t<div class=\"elementor-element elementor-element-4bf0f15 elementor-widget elementor-widget-image\" data-id=\"4bf0f15\" data-element_type=\"widget\" data-e-type=\"widget\" data-widget_type=\"image.default\">\n\t\t\t\t\t\t\t\t\t\t\t\t\t\t\t<img decoding=\"async\" width=\"750\" height=\"750\" src=\"https:\/\/www.iocharger.com\/wp-content\/uploads\/2024\/11\/ultra-rapid-dc-ev-charger-with-pos-payment-system.webp\" class=\"attachment-full size-full wp-image-9883\" alt=\"cargador ultra r\u00e1pido dc ev con sistema de pago pos\" srcset=\"https:\/\/www.iocharger.com\/wp-content\/uploads\/2024\/11\/ultra-rapid-dc-ev-charger-with-pos-payment-system.webp 750w, https:\/\/www.iocharger.com\/wp-content\/uploads\/2024\/11\/ultra-rapid-dc-ev-charger-with-pos-payment-system-300x300.webp 300w, https:\/\/www.iocharger.com\/wp-content\/uploads\/2024\/11\/ultra-rapid-dc-ev-charger-with-pos-payment-system-150x150.webp 150w, https:\/\/www.iocharger.com\/wp-content\/uploads\/2024\/11\/ultra-rapid-dc-ev-charger-with-pos-payment-system-12x12.webp 12w, https:\/\/www.iocharger.com\/wp-content\/uploads\/2024\/11\/ultra-rapid-dc-ev-charger-with-pos-payment-system-285x285.webp 285w, https:\/\/www.iocharger.com\/wp-content\/uploads\/2024\/11\/ultra-rapid-dc-ev-charger-with-pos-payment-system-270x270.webp 270w, https:\/\/www.iocharger.com\/wp-content\/uploads\/2024\/11\/ultra-rapid-dc-ev-charger-with-pos-payment-system-540x540.webp 540w, https:\/\/www.iocharger.com\/wp-content\/uploads\/2024\/11\/ultra-rapid-dc-ev-charger-with-pos-payment-system-660x660.webp 660w\" sizes=\"(max-width: 750px) 100vw, 750px\" \/>\t\t\t\t\t\t\t\t\t\t\t\t\t\t\t<\/div>\n\t\t\t\t\t<\/div>\n\t\t<\/div>\n\t\t\t\t<div class=\"elementor-column elementor-col-50 elementor-top-column elementor-element elementor-element-b41e707\" data-id=\"b41e707\" data-element_type=\"column\" data-e-type=\"column\">\n\t\t\t<div class=\"elementor-widget-wrap elementor-element-populated\">\n\t\t\t\t\t\t<div class=\"elementor-element elementor-element-366be1c elementor-widget elementor-widget-text-editor\" data-id=\"366be1c\" data-element_type=\"widget\" data-e-type=\"widget\" data-widget_type=\"text-editor.default\">\n\t\t\t\t\t\t\t\t\t<p><strong><b>M\u00faltiples formas de pago <\/b><\/strong><\/p><p>IOCLY2 soporta muchos tipos de pago para satisfacer las diferentes necesidades de pago. Tarjeta de cr\u00e9dito, tarjeta RFID, NFC, Pin-Code (OTP), el pago de aplicaciones m\u00f3viles compatibles. Pasarelas de pago est\u00e1n disponibles tambi\u00e9n para el pago conveniente. Terminal de pago con tarjeta de cr\u00e9dito como Nayax, Payter tambi\u00e9n son opcionales para IOCLY2 si se requiere el pago POS.<\/p>\t\t\t\t\t\t\t\t<\/div>\n\t\t\t\t\t<\/div>\n\t\t<\/div>\n\t\t\t\t\t<\/div>\n\t\t<\/section>\n\t\t\t\t<section class=\"elementor-section elementor-top-section elementor-element elementor-element-7479d51 elementor-section-boxed elementor-section-height-default elementor-section-height-default\" data-id=\"7479d51\" data-element_type=\"section\" data-e-type=\"section\">\n\t\t\t\t\t\t<div class=\"elementor-container elementor-column-gap-default\">\n\t\t\t\t\t<div class=\"elementor-column elementor-col-50 elementor-top-column elementor-element elementor-element-01b3914\" data-id=\"01b3914\" data-element_type=\"column\" data-e-type=\"column\">\n\t\t\t<div class=\"elementor-widget-wrap elementor-element-populated\">\n\t\t\t\t\t\t<div class=\"elementor-element elementor-element-19e9715 elementor-widget elementor-widget-text-editor\" data-id=\"19e9715\" data-element_type=\"widget\" data-e-type=\"widget\" data-widget_type=\"text-editor.default\">\n\t\t\t\t\t\t\t\t\t<p><strong><b>Integraci\u00f3n de sistemas publicitarios<\/b><\/strong><\/p><p>Maximice su potencial de ingresos con nuestra soluci\u00f3n de vanguardia, que cuenta con una pantalla t\u00e1ctil CTP de 21,5\u2033 1080P y protecci\u00f3n lK08. Integre perfectamente las ventas de publicidad exterior en sus operaciones mediante la entrega de contenido publicitario personalizado a cada cargador EV. Atraiga a su p\u00fablico a un nivel completamente nuevo con campa\u00f1as publicitarias espec\u00edficas adaptadas a sus preferencias y ubicaci\u00f3n.<\/p>\t\t\t\t\t\t\t\t<\/div>\n\t\t\t\t\t<\/div>\n\t\t<\/div>\n\t\t\t\t<div class=\"elementor-column elementor-col-50 elementor-top-column elementor-element elementor-element-46f16ee\" data-id=\"46f16ee\" data-element_type=\"column\" data-e-type=\"column\">\n\t\t\t<div class=\"elementor-widget-wrap elementor-element-populated\">\n\t\t\t\t\t\t<div class=\"elementor-element elementor-element-c00efcf elementor-widget elementor-widget-image\" data-id=\"c00efcf\" data-element_type=\"widget\" data-e-type=\"widget\" data-widget_type=\"image.default\">\n\t\t\t\t\t\t\t\t\t\t\t\t\t\t\t<img decoding=\"async\" width=\"750\" height=\"750\" src=\"https:\/\/www.iocharger.com\/wp-content\/uploads\/2024\/11\/high-speed-charging-station-with-display.webp\" class=\"attachment-full size-full wp-image-9884\" alt=\"estaci\u00f3n de carga de alta velocidad con pantalla\" srcset=\"https:\/\/www.iocharger.com\/wp-content\/uploads\/2024\/11\/high-speed-charging-station-with-display.webp 750w, https:\/\/www.iocharger.com\/wp-content\/uploads\/2024\/11\/high-speed-charging-station-with-display-300x300.webp 300w, https:\/\/www.iocharger.com\/wp-content\/uploads\/2024\/11\/high-speed-charging-station-with-display-150x150.webp 150w, https:\/\/www.iocharger.com\/wp-content\/uploads\/2024\/11\/high-speed-charging-station-with-display-12x12.webp 12w, https:\/\/www.iocharger.com\/wp-content\/uploads\/2024\/11\/high-speed-charging-station-with-display-285x285.webp 285w, https:\/\/www.iocharger.com\/wp-content\/uploads\/2024\/11\/high-speed-charging-station-with-display-270x270.webp 270w, https:\/\/www.iocharger.com\/wp-content\/uploads\/2024\/11\/high-speed-charging-station-with-display-540x540.webp 540w, https:\/\/www.iocharger.com\/wp-content\/uploads\/2024\/11\/high-speed-charging-station-with-display-660x660.webp 660w\" sizes=\"(max-width: 750px) 100vw, 750px\" \/>\t\t\t\t\t\t\t\t\t\t\t\t\t\t\t<\/div>\n\t\t\t\t\t<\/div>\n\t\t<\/div>\n\t\t\t\t\t<\/div>\n\t\t<\/section>\n\t\t\t\t<section class=\"elementor-section elementor-top-section elementor-element elementor-element-f676a35 elementor-section-boxed elementor-section-height-default elementor-section-height-default\" data-id=\"f676a35\" data-element_type=\"section\" data-e-type=\"section\">\n\t\t\t\t\t\t<div class=\"elementor-container elementor-column-gap-default\">\n\t\t\t\t\t<div class=\"elementor-column elementor-col-50 elementor-top-column elementor-element elementor-element-95c2c8f\" data-id=\"95c2c8f\" data-element_type=\"column\" data-e-type=\"column\">\n\t\t\t<div class=\"elementor-widget-wrap elementor-element-populated\">\n\t\t\t\t\t\t<div class=\"elementor-element elementor-element-fefd379 elementor-widget elementor-widget-image\" data-id=\"fefd379\" data-element_type=\"widget\" data-e-type=\"widget\" data-widget_type=\"image.default\">\n\t\t\t\t\t\t\t\t\t\t\t\t\t\t\t<img loading=\"lazy\" decoding=\"async\" width=\"750\" height=\"750\" src=\"https:\/\/www.iocharger.com\/wp-content\/uploads\/2024\/11\/ultra-fast-electric-charging-station-support-energy-storage.webp\" class=\"attachment-full size-full wp-image-9885\" alt=\"la estaci\u00f3n de carga el\u00e9ctrica ultrarr\u00e1pida admite almacenamiento de energ\u00eda\" srcset=\"https:\/\/www.iocharger.com\/wp-content\/uploads\/2024\/11\/ultra-fast-electric-charging-station-support-energy-storage.webp 750w, https:\/\/www.iocharger.com\/wp-content\/uploads\/2024\/11\/ultra-fast-electric-charging-station-support-energy-storage-300x300.webp 300w, https:\/\/www.iocharger.com\/wp-content\/uploads\/2024\/11\/ultra-fast-electric-charging-station-support-energy-storage-150x150.webp 150w, https:\/\/www.iocharger.com\/wp-content\/uploads\/2024\/11\/ultra-fast-electric-charging-station-support-energy-storage-12x12.webp 12w, https:\/\/www.iocharger.com\/wp-content\/uploads\/2024\/11\/ultra-fast-electric-charging-station-support-energy-storage-285x285.webp 285w, https:\/\/www.iocharger.com\/wp-content\/uploads\/2024\/11\/ultra-fast-electric-charging-station-support-energy-storage-270x270.webp 270w, https:\/\/www.iocharger.com\/wp-content\/uploads\/2024\/11\/ultra-fast-electric-charging-station-support-energy-storage-540x540.webp 540w, https:\/\/www.iocharger.com\/wp-content\/uploads\/2024\/11\/ultra-fast-electric-charging-station-support-energy-storage-660x660.webp 660w\" sizes=\"(max-width: 750px) 100vw, 750px\" \/>\t\t\t\t\t\t\t\t\t\t\t\t\t\t\t<\/div>\n\t\t\t\t\t<\/div>\n\t\t<\/div>\n\t\t\t\t<div class=\"elementor-column elementor-col-50 elementor-top-column elementor-element elementor-element-7c15c6e\" data-id=\"7c15c6e\" data-element_type=\"column\" data-e-type=\"column\">\n\t\t\t<div class=\"elementor-widget-wrap elementor-element-populated\">\n\t\t\t\t\t\t<div class=\"elementor-element elementor-element-e722b97 elementor-widget elementor-widget-text-editor\" data-id=\"e722b97\" data-element_type=\"widget\" data-e-type=\"widget\" data-widget_type=\"text-editor.default\">\n\t\t\t\t\t\t\t\t\t<p><strong><b>Sistema de almacenamiento de energ\u00eda perfectamente adaptado<\/b><\/strong><\/p><p>Los equipos de almacenamiento de energ\u00eda son siempre necesarios para las aplicaciones de carga de veh\u00edculos el\u00e9ctricos con cargadores ultrarr\u00e1pidos. Con la soluci\u00f3n avanzada de iocharger de sistema de almacenamiento de energ\u00eda y sistema de carga EV, IOCLY2 puede trabajar con PV y sistema de almacenamiento de energ\u00eda para la carga ultra r\u00e1pida armoniosamente.<\/p>\t\t\t\t\t\t\t\t<\/div>\n\t\t\t\t\t<\/div>\n\t\t<\/div>\n\t\t\t\t\t<\/div>\n\t\t<\/section>\n\t\t\t\t<\/div>","protected":false},"excerpt":{"rendered":"<p>IOCLY2 est\u00e1 dise\u00f1ado para la carga r\u00e1pida y conveniente para satisfacer las demandas de carga r\u00e1pida, f\u00e1cil de usar para todos.<\/p>\n<ul>\n<li>Capacidad de entrada: 400V\u00b115% CA trif\u00e1sica<\/li>\n<li>Potencia m\u00e1xima de salida de CC: 240 kW\/300 kW\/360 kW\/420 kW<\/li>\n<li>Rango de tensi\u00f3n CC de salida: 150-1000V CC<\/li>\n<li>Pantalla: LCD t\u00e1ctil CTP de 21,5 pulgadas<\/li>\n<li>Interfaz de red: Ethernet\/ Conexi\u00f3n a Internet inteligente 4G<\/li>\n<li>OCPP: Compatibilidad con perfiles completos OCPP 1.6J\/ OCPP 2.0.1<\/li>\n<li>ISO15118 Plug&amp;Charge: actualizable<\/li>\n<li>Protecci\u00f3n contra la entrada de agua y polvo: IP55<\/li>\n<li>Interfaz de carga: Dual CCS2<\/li>\n<li>Tipo de montaje: Suelo<\/li>\n<li>Dimensiones: 2200\u00d7850\u00d71100mm<\/li>\n<\/ul>","protected":false},"featured_media":9876,"template":"","meta":{"_acf_changed":false},"product_brand":[],"product_cat":[79],"product_tag":[82,83,84],"class_list":{"0":"post-4499","1":"product","2":"type-product","3":"status-publish","4":"has-post-thumbnail","6":"product_cat-dc-fast-charger","7":"product_tag-120kw-public-fast-ev-charger","8":"product_tag-90kw-120kw-dc-fast-charger","9":"product_tag-ocpp-ev-dc-fast-charging-station","11":"first","12":"instock","13":"featured","14":"shipping-taxable","15":"product-type-simple"},"acf":[],"_links":{"self":[{"href":"https:\/\/www.iocharger.com\/es\/wp-json\/wp\/v2\/product\/4499","targetHints":{"allow":["GET"]}}],"collection":[{"href":"https:\/\/www.iocharger.com\/es\/wp-json\/wp\/v2\/product"}],"about":[{"href":"https:\/\/www.iocharger.com\/es\/wp-json\/wp\/v2\/types\/product"}],"version-history":[{"count":8,"href":"https:\/\/www.iocharger.com\/es\/wp-json\/wp\/v2\/product\/4499\/revisions"}],"predecessor-version":[{"id":9888,"href":"https:\/\/www.iocharger.com\/es\/wp-json\/wp\/v2\/product\/4499\/revisions\/9888"}],"wp:featuredmedia":[{"embeddable":true,"href":"https:\/\/www.iocharger.com\/es\/wp-json\/wp\/v2\/media\/9876"}],"wp:attachment":[{"href":"https:\/\/www.iocharger.com\/es\/wp-json\/wp\/v2\/media?parent=4499"}],"wp:term":[{"taxonomy":"product_brand","embeddable":true,"href":"https:\/\/www.iocharger.com\/es\/wp-json\/wp\/v2\/product_brand?post=4499"},{"taxonomy":"product_cat","embeddable":true,"href":"https:\/\/www.iocharger.com\/es\/wp-json\/wp\/v2\/product_cat?post=4499"},{"taxonomy":"product_tag","embeddable":true,"href":"https:\/\/www.iocharger.com\/es\/wp-json\/wp\/v2\/product_tag?post=4499"}],"curies":[{"name":"wp","href":"https:\/\/api.w.org\/{rel}","templated":true}]}}