{"id":2132,"date":"2023-05-31T11:11:41","date_gmt":"2023-05-31T11:11:41","guid":{"rendered":"https:\/\/test2.honstyle.com\/?post_type=product&#038;p=2132"},"modified":"2026-04-30T08:01:24","modified_gmt":"2026-04-30T08:01:24","slug":"ocpp-1-6j-ocpp-2-0-1-60kw-120kw-ccs-2-chademo-22kw-type-2-ac-dc-combo","status":"publish","type":"product","link":"https:\/\/www.iocharger.com\/es\/ocpp-1-6j-ocpp-2-0-1-60kw-120kw-ccs-2-chademo-22kw-type-2-ac-dc-combo\/","title":{"rendered":"OCPP 1.6J OCPP 2.0.1 Compliant 60kW 120kW CCS-2 + CHAdeMO + 22kW Type-2 AC &#038; DC Combo EV Charger"},"content":{"rendered":"<div data-elementor-type=\"product-post\" data-elementor-id=\"2132\" class=\"elementor elementor-2132\" data-elementor-post-type=\"product\">\n\t\t\t\t\t\t<section class=\"elementor-section elementor-top-section elementor-element elementor-element-d91410f elementor-section-boxed elementor-section-height-default elementor-section-height-default\" data-id=\"d91410f\" data-element_type=\"section\" data-e-type=\"section\">\n\t\t\t\t\t\t<div class=\"elementor-container elementor-column-gap-default\">\n\t\t\t\t\t<div class=\"elementor-column elementor-col-50 elementor-top-column elementor-element elementor-element-cdad719\" data-id=\"cdad719\" data-element_type=\"column\" data-e-type=\"column\">\n\t\t\t<div class=\"elementor-widget-wrap elementor-element-populated\">\n\t\t\t\t\t\t<div class=\"elementor-element elementor-element-c3193b5 elementor-widget elementor-widget-text-editor\" data-id=\"c3193b5\" data-element_type=\"widget\" data-e-type=\"widget\" data-widget_type=\"text-editor.default\">\n\t\t\t\t\t\t\t\t\t<p>Con la popularizaci\u00f3n de los veh\u00edculos el\u00e9ctricos, es m\u00e1s probable que la gente conduzca sus veh\u00edculos el\u00e9ctricos por la carretera para ahorrar costes y proteger el medio ambiente. Las demandas de carga se diversifican inevitablemente. Algunas personas necesitan la velocidad de carga m\u00e1s r\u00e1pida para ahorrar tiempo y otras quieren disfrutar de una taza de caf\u00e9 mientras cargan. Ahora se necesita una estaci\u00f3n de carga todo en uno. IOCHY3 se ha dise\u00f1ado especialmente para satisfacer estas necesidades.<\/p>\t\t\t\t\t\t\t\t<\/div>\n\t\t\t\t\t<\/div>\n\t\t<\/div>\n\t\t\t\t<div class=\"elementor-column elementor-col-50 elementor-top-column elementor-element elementor-element-f7c02ea\" data-id=\"f7c02ea\" data-element_type=\"column\" data-e-type=\"column\">\n\t\t\t<div class=\"elementor-widget-wrap elementor-element-populated\">\n\t\t\t\t\t\t<div class=\"elementor-element elementor-element-3cd0924 elementor-widget elementor-widget-image\" data-id=\"3cd0924\" data-element_type=\"widget\" data-e-type=\"widget\" data-widget_type=\"image.default\">\n\t\t\t\t\t\t\t\t\t\t\t\t\t\t\t<img fetchpriority=\"high\" decoding=\"async\" width=\"1000\" height=\"1000\" src=\"https:\/\/www.iocharger.com\/wp-content\/uploads\/2023\/05\/ev-charger-triple-plug-1.jpg\" class=\"attachment-full size-full wp-image-6619\" alt=\"cargador ev enchufe triple\" srcset=\"https:\/\/www.iocharger.com\/wp-content\/uploads\/2023\/05\/ev-charger-triple-plug-1.jpg 1000w, https:\/\/www.iocharger.com\/wp-content\/uploads\/2023\/05\/ev-charger-triple-plug-1-150x150.jpg 150w, https:\/\/www.iocharger.com\/wp-content\/uploads\/2023\/05\/ev-charger-triple-plug-1-660x660.jpg 660w, https:\/\/www.iocharger.com\/wp-content\/uploads\/2023\/05\/ev-charger-triple-plug-1-300x300.jpg 300w, https:\/\/www.iocharger.com\/wp-content\/uploads\/2023\/05\/ev-charger-triple-plug-1-768x768.jpg 768w, https:\/\/www.iocharger.com\/wp-content\/uploads\/2023\/05\/ev-charger-triple-plug-1-285x285.jpg 285w, https:\/\/www.iocharger.com\/wp-content\/uploads\/2023\/05\/ev-charger-triple-plug-1-270x270.jpg 270w, https:\/\/www.iocharger.com\/wp-content\/uploads\/2023\/05\/ev-charger-triple-plug-1-540x540.jpg 540w\" sizes=\"(max-width: 1000px) 100vw, 1000px\" \/>\t\t\t\t\t\t\t\t\t\t\t\t\t\t\t<\/div>\n\t\t\t\t\t<\/div>\n\t\t<\/div>\n\t\t\t\t\t<\/div>\n\t\t<\/section>\n\t\t\t\t<section class=\"elementor-section elementor-top-section elementor-element elementor-element-46efd56 elementor-section-boxed elementor-section-height-default elementor-section-height-default\" data-id=\"46efd56\" data-element_type=\"section\" data-e-type=\"section\">\n\t\t\t\t\t\t<div class=\"elementor-container elementor-column-gap-default\">\n\t\t\t\t\t<div class=\"elementor-column elementor-col-50 elementor-top-column elementor-element elementor-element-eeeedf3\" data-id=\"eeeedf3\" data-element_type=\"column\" data-e-type=\"column\">\n\t\t\t<div class=\"elementor-widget-wrap elementor-element-populated\">\n\t\t\t\t\t\t<div class=\"elementor-element elementor-element-6621256 elementor-widget elementor-widget-image\" data-id=\"6621256\" data-element_type=\"widget\" data-e-type=\"widget\" data-widget_type=\"image.default\">\n\t\t\t\t\t\t\t\t\t\t\t\t\t\t\t<img decoding=\"async\" width=\"1000\" height=\"1000\" src=\"https:\/\/www.iocharger.com\/wp-content\/uploads\/2023\/05\/3-plugs-ev-charger-1.jpg\" class=\"attachment-full size-full wp-image-6620\" alt=\"Cargador EV de 3 enchufes\" srcset=\"https:\/\/www.iocharger.com\/wp-content\/uploads\/2023\/05\/3-plugs-ev-charger-1.jpg 1000w, https:\/\/www.iocharger.com\/wp-content\/uploads\/2023\/05\/3-plugs-ev-charger-1-150x150.jpg 150w, https:\/\/www.iocharger.com\/wp-content\/uploads\/2023\/05\/3-plugs-ev-charger-1-660x660.jpg 660w, https:\/\/www.iocharger.com\/wp-content\/uploads\/2023\/05\/3-plugs-ev-charger-1-300x300.jpg 300w, https:\/\/www.iocharger.com\/wp-content\/uploads\/2023\/05\/3-plugs-ev-charger-1-768x768.jpg 768w, https:\/\/www.iocharger.com\/wp-content\/uploads\/2023\/05\/3-plugs-ev-charger-1-285x285.jpg 285w, https:\/\/www.iocharger.com\/wp-content\/uploads\/2023\/05\/3-plugs-ev-charger-1-270x270.jpg 270w, https:\/\/www.iocharger.com\/wp-content\/uploads\/2023\/05\/3-plugs-ev-charger-1-540x540.jpg 540w\" sizes=\"(max-width: 1000px) 100vw, 1000px\" \/>\t\t\t\t\t\t\t\t\t\t\t\t\t\t\t<\/div>\n\t\t\t\t\t<\/div>\n\t\t<\/div>\n\t\t\t\t<div class=\"elementor-column elementor-col-50 elementor-top-column elementor-element elementor-element-edb24b6\" data-id=\"edb24b6\" data-element_type=\"column\" data-e-type=\"column\">\n\t\t\t<div class=\"elementor-widget-wrap elementor-element-populated\">\n\t\t\t\t\t\t<div class=\"elementor-element elementor-element-bc373ae elementor-widget elementor-widget-text-editor\" data-id=\"bc373ae\" data-element_type=\"widget\" data-e-type=\"widget\" data-widget_type=\"text-editor.default\">\n\t\t\t\t\t\t\t\t\t<p><strong>Caracter\u00edsticas principales:<\/strong><\/p><ul><li>Compatible con CCS, CHAdeMO y carga de CA de tipo 2<\/li><li>Conector de carga de CA de 22 kW o 43 kW<\/li><li>ISO 15118 Plug &amp; Charge<\/li><li>Compatible con varios idiomas<\/li><li>Pantalla t\u00e1ctil legible a la luz del d\u00eda<\/li><li>Autorizaci\u00f3n RFID<\/li><li>C\u00f3digo PIN (OTP)<\/li><li>Robusta carcasa de acero inoxidable resistente a la intemperie<\/li><li>Instalaci\u00f3n r\u00e1pida y sencilla<\/li><\/ul>\t\t\t\t\t\t\t\t<\/div>\n\t\t\t\t\t<\/div>\n\t\t<\/div>\n\t\t\t\t\t<\/div>\n\t\t<\/section>\n\t\t\t\t<section class=\"elementor-section elementor-top-section elementor-element elementor-element-6705ea5 elementor-section-boxed elementor-section-height-default elementor-section-height-default\" data-id=\"6705ea5\" data-element_type=\"section\" data-e-type=\"section\">\n\t\t\t\t\t\t<div class=\"elementor-container elementor-column-gap-default\">\n\t\t\t\t\t<div class=\"elementor-column elementor-col-50 elementor-top-column elementor-element elementor-element-3ec37f8\" data-id=\"3ec37f8\" data-element_type=\"column\" data-e-type=\"column\">\n\t\t\t<div class=\"elementor-widget-wrap elementor-element-populated\">\n\t\t\t\t\t\t<div class=\"elementor-element elementor-element-f65ac71 elementor-widget elementor-widget-text-editor\" data-id=\"f65ac71\" data-element_type=\"widget\" data-e-type=\"widget\" data-widget_type=\"text-editor.default\">\n\t\t\t\t\t\t\t\t\t<p><strong>Conformidad con OCPP m\u00e1s reciente<\/strong><\/p><p>Gracias a su total conformidad con los perfiles OCPP 1.6J y OCPP 2.0, IOCHY3 se conecta f\u00e1cilmente a cualquier backend basado en OCPP.<\/p><p><strong>Diversos medios de pago<\/strong><\/p><p>IOCHY3 admite m\u00faltiples plataformas de pago inal\u00e1mbricas para satisfacer diversos requisitos de pago. El m\u00f3dulo de pago con tarjeta de cr\u00e9dito f\u00edsica tambi\u00e9n es escalable en IOCHY3.<\/p>\t\t\t\t\t\t\t\t<\/div>\n\t\t\t\t\t<\/div>\n\t\t<\/div>\n\t\t\t\t<div class=\"elementor-column elementor-col-50 elementor-top-column elementor-element elementor-element-1e3e4f8\" data-id=\"1e3e4f8\" data-element_type=\"column\" data-e-type=\"column\">\n\t\t\t<div class=\"elementor-widget-wrap elementor-element-populated\">\n\t\t\t\t\t\t<div class=\"elementor-element elementor-element-8edf558 elementor-widget elementor-widget-image\" data-id=\"8edf558\" data-element_type=\"widget\" data-e-type=\"widget\" data-widget_type=\"image.default\">\n\t\t\t\t\t\t\t\t\t\t\t\t\t\t\t<img decoding=\"async\" width=\"750\" height=\"750\" src=\"https:\/\/www.iocharger.com\/wp-content\/uploads\/2023\/05\/DC-Fast-Charger-3-1.png\" class=\"attachment-full size-full wp-image-3277\" alt=\"\" srcset=\"https:\/\/www.iocharger.com\/wp-content\/uploads\/2023\/05\/DC-Fast-Charger-3-1.png 750w, https:\/\/www.iocharger.com\/wp-content\/uploads\/2023\/05\/DC-Fast-Charger-3-1-150x150.png 150w, https:\/\/www.iocharger.com\/wp-content\/uploads\/2023\/05\/DC-Fast-Charger-3-1-660x660.png 660w, https:\/\/www.iocharger.com\/wp-content\/uploads\/2023\/05\/DC-Fast-Charger-3-1-300x300.png 300w, https:\/\/www.iocharger.com\/wp-content\/uploads\/2023\/05\/DC-Fast-Charger-3-1-285x285.png 285w, https:\/\/www.iocharger.com\/wp-content\/uploads\/2023\/05\/DC-Fast-Charger-3-1-270x270.png 270w, https:\/\/www.iocharger.com\/wp-content\/uploads\/2023\/05\/DC-Fast-Charger-3-1-540x540.png 540w\" sizes=\"(max-width: 750px) 100vw, 750px\" \/>\t\t\t\t\t\t\t\t\t\t\t\t\t\t\t<\/div>\n\t\t\t\t\t<\/div>\n\t\t<\/div>\n\t\t\t\t\t<\/div>\n\t\t<\/section>\n\t\t\t\t<section class=\"elementor-section elementor-top-section elementor-element elementor-element-06c821a elementor-section-boxed elementor-section-height-default elementor-section-height-default\" data-id=\"06c821a\" data-element_type=\"section\" data-e-type=\"section\">\n\t\t\t\t\t\t<div class=\"elementor-container elementor-column-gap-default\">\n\t\t\t\t\t<div class=\"elementor-column elementor-col-50 elementor-top-column elementor-element elementor-element-8738a18\" data-id=\"8738a18\" data-element_type=\"column\" data-e-type=\"column\">\n\t\t\t<div class=\"elementor-widget-wrap elementor-element-populated\">\n\t\t\t\t\t\t<div class=\"elementor-element elementor-element-9e6b255 elementor-widget elementor-widget-image\" data-id=\"9e6b255\" data-element_type=\"widget\" data-e-type=\"widget\" data-widget_type=\"image.default\">\n\t\t\t\t\t\t\t\t\t\t\t\t\t\t\t<img loading=\"lazy\" decoding=\"async\" width=\"1000\" height=\"1000\" src=\"https:\/\/www.iocharger.com\/wp-content\/uploads\/2023\/05\/all-in-one-ev-charger-1.jpg\" class=\"attachment-full size-full wp-image-6622\" alt=\"cargador todo en uno ev\" srcset=\"https:\/\/www.iocharger.com\/wp-content\/uploads\/2023\/05\/all-in-one-ev-charger-1.jpg 1000w, https:\/\/www.iocharger.com\/wp-content\/uploads\/2023\/05\/all-in-one-ev-charger-1-150x150.jpg 150w, https:\/\/www.iocharger.com\/wp-content\/uploads\/2023\/05\/all-in-one-ev-charger-1-660x660.jpg 660w, https:\/\/www.iocharger.com\/wp-content\/uploads\/2023\/05\/all-in-one-ev-charger-1-300x300.jpg 300w, https:\/\/www.iocharger.com\/wp-content\/uploads\/2023\/05\/all-in-one-ev-charger-1-768x768.jpg 768w, https:\/\/www.iocharger.com\/wp-content\/uploads\/2023\/05\/all-in-one-ev-charger-1-285x285.jpg 285w, https:\/\/www.iocharger.com\/wp-content\/uploads\/2023\/05\/all-in-one-ev-charger-1-270x270.jpg 270w, https:\/\/www.iocharger.com\/wp-content\/uploads\/2023\/05\/all-in-one-ev-charger-1-540x540.jpg 540w\" sizes=\"(max-width: 1000px) 100vw, 1000px\" \/>\t\t\t\t\t\t\t\t\t\t\t\t\t\t\t<\/div>\n\t\t\t\t\t<\/div>\n\t\t<\/div>\n\t\t\t\t<div class=\"elementor-column elementor-col-50 elementor-top-column elementor-element elementor-element-8a85a21\" data-id=\"8a85a21\" data-element_type=\"column\" data-e-type=\"column\">\n\t\t\t<div class=\"elementor-widget-wrap elementor-element-populated\">\n\t\t\t\t\t\t<div class=\"elementor-element elementor-element-5406197 elementor-widget elementor-widget-text-editor\" data-id=\"5406197\" data-element_type=\"widget\" data-e-type=\"widget\" data-widget_type=\"text-editor.default\">\n\t\t\t\t\t\t\t\t\t<p><strong>Carga armoniosa de veh\u00edculos el\u00e9ctricos comerciales<\/strong><\/p><p>IOCHY3 tambi\u00e9n admite la gesti\u00f3n din\u00e1mica de la carga. Si la estaci\u00f3n utiliza una red h\u00edbrida que incluye un sistema de almacenamiento de energ\u00eda solar, IOCHY3 puede trabajar en armon\u00eda con la \u00faltima tecnolog\u00eda de iocharger.<\/p>\t\t\t\t\t\t\t\t<\/div>\n\t\t\t\t\t<\/div>\n\t\t<\/div>\n\t\t\t\t\t<\/div>\n\t\t<\/section>\n\t\t\t\t<\/div>","protected":false},"excerpt":{"rendered":"<div class=\"pro_main_text clearfix\">\n<div class=\"pro_main_text clearfix\">\n<div class=\"pro_main_text clearfix\">\n<div class=\"pro_main_text clearfix\">\n<div class=\"pro_main_text clearfix\">\n<div class=\"pro_main_text clearfix\">\n<div class=\"pro_main_text clearfix\">\n<p>IOCHY3 AC &amp; DC Combo EV Charger has an output power up to 120kW with DC CCS-2 + CHAdeMO + 22kW AC Type-2 + 3.6kW Schuko outputs , which is widely used for electric bus charging. Friendly user interface with 4G\/ Wi-Fi\/ Ethernet communication and RFID card reader, TUV &amp; CE certified.<\/p>\n<\/div>\n<ul class=\"clearfix\">\n<li>Tensi\u00f3n CA: 400V\u00b115% CA trif\u00e1sica<\/li>\n<li>Potencia m\u00e1xima de salida de CC: CC 60kW+CA 22kW\/ CC 120kW+CA 22kW<\/li>\n<li>Rango de tensi\u00f3n CC de salida: 150V-1000V CC<\/li>\n<li>Pantalla: 8 Pantalla t\u00e1ctil LCD TFT<\/li>\n<li>Interfaz de red: conexi\u00f3n a Internet inteligente Ethernet\/WiFi\/4G<\/li>\n<li>OCPP: Compatibilidad total con OCPP 1.6J\/ OCPP 2.0.1<\/li>\n<li>ISO15118 Plug&amp;Charge: actualizable<\/li>\n<li>Protecci\u00f3n contra la penetraci\u00f3n: IP54<\/li>\n<li>Dimensiones de env\u00edo: 2017 x 1100 x 1000 mm<\/li>\n<li>Interfaz de carga: 1 CCS+ 1 CHAdeMO+ 1 cable AC Tipo-2 + 1 SCHUKO<\/li>\n<li>Tipo de montaje: Suelo<\/li>\n<\/ul>\n<\/div>\n<\/div>\n<\/div>\n<\/div>\n<\/div>\n<\/div>\n<p><script src=\"chrome-extension:\/\/fpelahbljekknahkcaegamhcndkfpfnc\/iFrame.js\" type=\"text\/javascript\"><\/script><\/p>","protected":false},"featured_media":8667,"template":"","meta":{"_acf_changed":false},"product_brand":[],"product_cat":[79],"product_tag":[85,86,87],"class_list":{"0":"post-2132","1":"product","2":"type-product","3":"status-publish","4":"has-post-thumbnail","6":"product_cat-dc-fast-charger","7":"product_tag-60kw-120kw-dc-ev-charger","8":"product_tag-all-in-one-ac-dc-fast-charger","9":"product_tag-ocpp-dc-ev-fast-charging-station","11":"first","12":"instock","13":"shipping-taxable","14":"product-type-simple"},"acf":[],"_links":{"self":[{"href":"https:\/\/www.iocharger.com\/es\/wp-json\/wp\/v2\/product\/2132","targetHints":{"allow":["GET"]}}],"collection":[{"href":"https:\/\/www.iocharger.com\/es\/wp-json\/wp\/v2\/product"}],"about":[{"href":"https:\/\/www.iocharger.com\/es\/wp-json\/wp\/v2\/types\/product"}],"version-history":[{"count":2,"href":"https:\/\/www.iocharger.com\/es\/wp-json\/wp\/v2\/product\/2132\/revisions"}],"predecessor-version":[{"id":9945,"href":"https:\/\/www.iocharger.com\/es\/wp-json\/wp\/v2\/product\/2132\/revisions\/9945"}],"wp:featuredmedia":[{"embeddable":true,"href":"https:\/\/www.iocharger.com\/es\/wp-json\/wp\/v2\/media\/8667"}],"wp:attachment":[{"href":"https:\/\/www.iocharger.com\/es\/wp-json\/wp\/v2\/media?parent=2132"}],"wp:term":[{"taxonomy":"product_brand","embeddable":true,"href":"https:\/\/www.iocharger.com\/es\/wp-json\/wp\/v2\/product_brand?post=2132"},{"taxonomy":"product_cat","embeddable":true,"href":"https:\/\/www.iocharger.com\/es\/wp-json\/wp\/v2\/product_cat?post=2132"},{"taxonomy":"product_tag","embeddable":true,"href":"https:\/\/www.iocharger.com\/es\/wp-json\/wp\/v2\/product_tag?post=2132"}],"curies":[{"name":"wp","href":"https:\/\/api.w.org\/{rel}","templated":true}]}}