{"id":2090,"date":"2023-05-31T10:51:22","date_gmt":"2023-05-31T10:51:22","guid":{"rendered":"https:\/\/test2.honstyle.com\/?post_type=product&#038;p=2090"},"modified":"2026-04-30T08:53:30","modified_gmt":"2026-04-30T08:53:30","slug":"pedestal-2x7kw-2x22kw-dual-ac-commercial-ev-charger","status":"publish","type":"product","link":"https:\/\/www.iocharger.com\/es\/pedestal-2x7kw-2x22kw-dual-ac-commercial-ev-charger\/","title":{"rendered":"OCPP 2.0.1 OCPP 1.6J Compliant ISO15118 PnC Pedestal 2x7kW 2x22kW Dual Socket AC Commercial EV Charger"},"content":{"rendered":"<div data-elementor-type=\"product-post\" data-elementor-id=\"2090\" class=\"elementor elementor-2090\" data-elementor-post-type=\"product\">\n\t\t\t\t\t\t<section class=\"elementor-section elementor-top-section elementor-element elementor-element-ad611fe elementor-section-boxed elementor-section-height-default elementor-section-height-default\" data-id=\"ad611fe\" data-element_type=\"section\" data-e-type=\"section\">\n\t\t\t\t\t\t<div class=\"elementor-container elementor-column-gap-default\">\n\t\t\t\t\t<div class=\"elementor-column elementor-col-100 elementor-top-column elementor-element elementor-element-d1d27b9\" data-id=\"d1d27b9\" data-element_type=\"column\" data-e-type=\"column\">\n\t\t\t<div class=\"elementor-widget-wrap elementor-element-populated\">\n\t\t\t\t\t\t<div class=\"elementor-element elementor-element-ad559bd elementor-widget elementor-widget-text-editor\" data-id=\"ad559bd\" data-element_type=\"widget\" data-e-type=\"widget\" data-widget_type=\"text-editor.default\">\n\t\t\t\t\t\t\t\t\t<p><strong class=\"ng-star-inserted\"><span class=\"ng-star-inserted\">Feature-Rich. Future-Ready.<\/span><\/strong><\/p><p class=\"\">IOCAP26 is a perfect dual socket EV charger for commercial charging to be used in fleets, workplaces, public, etc. Each charging connector can output maximum 22kW power at the same time, improving the efficiency of charging stations. OCPP 1.6J &amp; OCPP 2.0.1 are fully compliant making it easy to be compatible with main-stream EV CSMS.<\/p>\t\t\t\t\t\t\t\t<\/div>\n\t\t\t\t\t<\/div>\n\t\t<\/div>\n\t\t\t\t\t<\/div>\n\t\t<\/section>\n\t\t\t\t<section class=\"elementor-section elementor-top-section elementor-element elementor-element-d3b98c9 elementor-section-boxed elementor-section-height-default elementor-section-height-default\" data-id=\"d3b98c9\" data-element_type=\"section\" data-e-type=\"section\">\n\t\t\t\t\t\t<div class=\"elementor-container elementor-column-gap-default\">\n\t\t\t\t\t<div class=\"elementor-column elementor-col-50 elementor-top-column elementor-element elementor-element-17f2d0d\" data-id=\"17f2d0d\" data-element_type=\"column\" data-e-type=\"column\">\n\t\t\t<div class=\"elementor-widget-wrap elementor-element-populated\">\n\t\t\t\t\t\t<div class=\"elementor-element elementor-element-0ebcdb9 elementor-widget elementor-widget-text-editor\" data-id=\"0ebcdb9\" data-element_type=\"widget\" data-e-type=\"widget\" data-widget_type=\"text-editor.default\">\n\t\t\t\t\t\t\t\t\t<p><strong>Caracter\u00edsticas principales:<\/strong><\/p><ul><li>Compatible con todos los coches y redes el\u00e9ctricas.<\/li><li>2 x RCCB tipo B<\/li><li>2 x Medidor MID<\/li><li>2 x SPD 40KA<\/li><li>Pantalla LCD de 7 pulgadas para un funcionamiento sencillo e intuitivo.<\/li><li>Conmutaci\u00f3n inteligente Ethernet, celular y WLAN<\/li><li>Configuraci\u00f3n flexible de la corriente\/potencia de salida<\/li><li>Compatibilidad con el equilibrio de carga din\u00e1mico inteligente<\/li><li>Autenticaci\u00f3n de usuarios mediante RFID o aplicaci\u00f3n m\u00f3vil.<\/li><li>Portal web f\u00e1cil de usar para la configuraci\u00f3n del cargador<\/li><\/ul>\t\t\t\t\t\t\t\t<\/div>\n\t\t\t\t\t<\/div>\n\t\t<\/div>\n\t\t\t\t<div class=\"elementor-column elementor-col-50 elementor-top-column elementor-element elementor-element-eaa6e3e\" data-id=\"eaa6e3e\" data-element_type=\"column\" data-e-type=\"column\">\n\t\t\t<div class=\"elementor-widget-wrap elementor-element-populated\">\n\t\t\t\t\t\t<div class=\"elementor-element elementor-element-b51c86a elementor-widget elementor-widget-image\" data-id=\"b51c86a\" data-element_type=\"widget\" data-e-type=\"widget\" data-widget_type=\"image.default\">\n\t\t\t\t\t\t\t\t\t\t\t\t\t\t\t<img fetchpriority=\"high\" decoding=\"async\" width=\"1000\" height=\"1000\" src=\"https:\/\/www.iocharger.com\/wp-content\/uploads\/2023\/05\/ac-dual-connect-ev-charger-3-1.png\" class=\"attachment-full size-full wp-image-5228\" alt=\"\" srcset=\"https:\/\/www.iocharger.com\/wp-content\/uploads\/2023\/05\/ac-dual-connect-ev-charger-3-1.png 1000w, https:\/\/www.iocharger.com\/wp-content\/uploads\/2023\/05\/ac-dual-connect-ev-charger-3-1-150x150.png 150w, https:\/\/www.iocharger.com\/wp-content\/uploads\/2023\/05\/ac-dual-connect-ev-charger-3-1-660x660.png 660w, https:\/\/www.iocharger.com\/wp-content\/uploads\/2023\/05\/ac-dual-connect-ev-charger-3-1-300x300.png 300w, https:\/\/www.iocharger.com\/wp-content\/uploads\/2023\/05\/ac-dual-connect-ev-charger-3-1-768x768.png 768w, https:\/\/www.iocharger.com\/wp-content\/uploads\/2023\/05\/ac-dual-connect-ev-charger-3-1-285x285.png 285w, https:\/\/www.iocharger.com\/wp-content\/uploads\/2023\/05\/ac-dual-connect-ev-charger-3-1-270x270.png 270w, https:\/\/www.iocharger.com\/wp-content\/uploads\/2023\/05\/ac-dual-connect-ev-charger-3-1-540x540.png 540w\" sizes=\"(max-width: 1000px) 100vw, 1000px\" \/>\t\t\t\t\t\t\t\t\t\t\t\t\t\t\t<\/div>\n\t\t\t\t\t<\/div>\n\t\t<\/div>\n\t\t\t\t\t<\/div>\n\t\t<\/section>\n\t\t\t\t<section class=\"elementor-section elementor-top-section elementor-element elementor-element-0264354 elementor-section-boxed elementor-section-height-default elementor-section-height-default\" data-id=\"0264354\" data-element_type=\"section\" data-e-type=\"section\">\n\t\t\t\t\t\t<div class=\"elementor-container elementor-column-gap-default\">\n\t\t\t\t\t<div class=\"elementor-column elementor-col-50 elementor-top-column elementor-element elementor-element-9676c27\" data-id=\"9676c27\" data-element_type=\"column\" data-e-type=\"column\">\n\t\t\t<div class=\"elementor-widget-wrap elementor-element-populated\">\n\t\t\t\t\t\t<div class=\"elementor-element elementor-element-ecb532f elementor-widget elementor-widget-image\" data-id=\"ecb532f\" data-element_type=\"widget\" data-e-type=\"widget\" data-widget_type=\"image.default\">\n\t\t\t\t\t\t\t\t\t\t\t\t\t\t\t<img decoding=\"async\" width=\"1000\" height=\"1000\" src=\"https:\/\/www.iocharger.com\/wp-content\/uploads\/2023\/05\/ac-dual-connect-ev-charger-5-1.png\" class=\"attachment-full size-full wp-image-5229\" alt=\"\" srcset=\"https:\/\/www.iocharger.com\/wp-content\/uploads\/2023\/05\/ac-dual-connect-ev-charger-5-1.png 1000w, https:\/\/www.iocharger.com\/wp-content\/uploads\/2023\/05\/ac-dual-connect-ev-charger-5-1-150x150.png 150w, https:\/\/www.iocharger.com\/wp-content\/uploads\/2023\/05\/ac-dual-connect-ev-charger-5-1-660x660.png 660w, https:\/\/www.iocharger.com\/wp-content\/uploads\/2023\/05\/ac-dual-connect-ev-charger-5-1-300x300.png 300w, https:\/\/www.iocharger.com\/wp-content\/uploads\/2023\/05\/ac-dual-connect-ev-charger-5-1-768x768.png 768w, https:\/\/www.iocharger.com\/wp-content\/uploads\/2023\/05\/ac-dual-connect-ev-charger-5-1-285x285.png 285w, https:\/\/www.iocharger.com\/wp-content\/uploads\/2023\/05\/ac-dual-connect-ev-charger-5-1-270x270.png 270w, https:\/\/www.iocharger.com\/wp-content\/uploads\/2023\/05\/ac-dual-connect-ev-charger-5-1-540x540.png 540w\" sizes=\"(max-width: 1000px) 100vw, 1000px\" \/>\t\t\t\t\t\t\t\t\t\t\t\t\t\t\t<\/div>\n\t\t\t\t\t<\/div>\n\t\t<\/div>\n\t\t\t\t<div class=\"elementor-column elementor-col-50 elementor-top-column elementor-element elementor-element-969cdfd\" data-id=\"969cdfd\" data-element_type=\"column\" data-e-type=\"column\">\n\t\t\t<div class=\"elementor-widget-wrap elementor-element-populated\">\n\t\t\t\t\t\t<div class=\"elementor-element elementor-element-685ad02 elementor-widget elementor-widget-text-editor\" data-id=\"685ad02\" data-element_type=\"widget\" data-e-type=\"widget\" data-widget_type=\"text-editor.default\">\n\t\t\t\t\t\t\t\t\t<p><strong>Charge Two Electric Cars Simultaneously\u00a0<\/strong><\/p><div class=\"text-detail\"><p>With dual charging connectors, IOCAP26 can charge 2 cars simultaneously and dynamically adjust the output current between the two connectors automatically. Independent power input design makes each charging connector work separately without interfering, and each charging connector can output maximum 22kW power at the same time for quick charging.<\/p><\/div>\t\t\t\t\t\t\t\t<\/div>\n\t\t\t\t\t<\/div>\n\t\t<\/div>\n\t\t\t\t\t<\/div>\n\t\t<\/section>\n\t\t\t\t<section class=\"elementor-section elementor-top-section elementor-element elementor-element-e982974 elementor-section-boxed elementor-section-height-default elementor-section-height-default\" data-id=\"e982974\" data-element_type=\"section\" data-e-type=\"section\">\n\t\t\t\t\t\t<div class=\"elementor-container elementor-column-gap-default\">\n\t\t\t\t\t<div class=\"elementor-column elementor-col-50 elementor-top-column elementor-element elementor-element-e029a23\" data-id=\"e029a23\" data-element_type=\"column\" data-e-type=\"column\">\n\t\t\t<div class=\"elementor-widget-wrap elementor-element-populated\">\n\t\t\t\t\t\t<div class=\"elementor-element elementor-element-8c16530 elementor-widget elementor-widget-text-editor\" data-id=\"8c16530\" data-element_type=\"widget\" data-e-type=\"widget\" data-widget_type=\"text-editor.default\">\n\t\t\t\t\t\t\t\t\t<p><strong>High Resolution 7&#8221; LCD Display<\/strong><\/p><p>All useful information is shown on the 7-inch LCD screen, like the status of charger, charging status, QR code, prompt charging, and other contents in real time. In addition, it also plays videos, pictures, texts, sounds, etc., which means that the exposure effect of the charging station can be improved. High resolution and high brightness LCD display make the viewing clear even under direct sunshine.<\/p>\t\t\t\t\t\t\t\t<\/div>\n\t\t\t\t\t<\/div>\n\t\t<\/div>\n\t\t\t\t<div class=\"elementor-column elementor-col-50 elementor-top-column elementor-element elementor-element-f401813\" data-id=\"f401813\" data-element_type=\"column\" data-e-type=\"column\">\n\t\t\t<div class=\"elementor-widget-wrap elementor-element-populated\">\n\t\t\t\t\t\t<div class=\"elementor-element elementor-element-81b939f elementor-widget elementor-widget-image\" data-id=\"81b939f\" data-element_type=\"widget\" data-e-type=\"widget\" data-widget_type=\"image.default\">\n\t\t\t\t\t\t\t\t\t\t\t\t\t\t\t<img decoding=\"async\" width=\"1000\" height=\"1000\" src=\"https:\/\/www.iocharger.com\/wp-content\/uploads\/2023\/05\/ac-dual-connect-ev-charger-2-1.png\" class=\"attachment-full size-full wp-image-5230\" alt=\"\" srcset=\"https:\/\/www.iocharger.com\/wp-content\/uploads\/2023\/05\/ac-dual-connect-ev-charger-2-1.png 1000w, https:\/\/www.iocharger.com\/wp-content\/uploads\/2023\/05\/ac-dual-connect-ev-charger-2-1-150x150.png 150w, https:\/\/www.iocharger.com\/wp-content\/uploads\/2023\/05\/ac-dual-connect-ev-charger-2-1-660x660.png 660w, https:\/\/www.iocharger.com\/wp-content\/uploads\/2023\/05\/ac-dual-connect-ev-charger-2-1-300x300.png 300w, https:\/\/www.iocharger.com\/wp-content\/uploads\/2023\/05\/ac-dual-connect-ev-charger-2-1-768x768.png 768w, https:\/\/www.iocharger.com\/wp-content\/uploads\/2023\/05\/ac-dual-connect-ev-charger-2-1-285x285.png 285w, https:\/\/www.iocharger.com\/wp-content\/uploads\/2023\/05\/ac-dual-connect-ev-charger-2-1-270x270.png 270w, https:\/\/www.iocharger.com\/wp-content\/uploads\/2023\/05\/ac-dual-connect-ev-charger-2-1-540x540.png 540w\" sizes=\"(max-width: 1000px) 100vw, 1000px\" \/>\t\t\t\t\t\t\t\t\t\t\t\t\t\t\t<\/div>\n\t\t\t\t\t<\/div>\n\t\t<\/div>\n\t\t\t\t\t<\/div>\n\t\t<\/section>\n\t\t\t\t<section class=\"elementor-section elementor-top-section elementor-element elementor-element-0c1443f elementor-section-boxed elementor-section-height-default elementor-section-height-default\" data-id=\"0c1443f\" data-element_type=\"section\" data-e-type=\"section\">\n\t\t\t\t\t\t<div class=\"elementor-container elementor-column-gap-default\">\n\t\t\t\t\t<div class=\"elementor-column elementor-col-50 elementor-top-column elementor-element elementor-element-d6ae640\" data-id=\"d6ae640\" data-element_type=\"column\" data-e-type=\"column\">\n\t\t\t<div class=\"elementor-widget-wrap elementor-element-populated\">\n\t\t\t\t\t\t<div class=\"elementor-element elementor-element-a1a476f elementor-widget elementor-widget-image\" data-id=\"a1a476f\" data-element_type=\"widget\" data-e-type=\"widget\" data-widget_type=\"image.default\">\n\t\t\t\t\t\t\t\t\t\t\t\t\t\t\t<img loading=\"lazy\" decoding=\"async\" width=\"1000\" height=\"1000\" src=\"https:\/\/www.iocharger.com\/wp-content\/uploads\/2023\/05\/ac-dual-connect-ev-charger-1-1-1.png\" class=\"attachment-full size-full wp-image-5666\" alt=\"\" srcset=\"https:\/\/www.iocharger.com\/wp-content\/uploads\/2023\/05\/ac-dual-connect-ev-charger-1-1-1.png 1000w, https:\/\/www.iocharger.com\/wp-content\/uploads\/2023\/05\/ac-dual-connect-ev-charger-1-1-1-150x150.png 150w, https:\/\/www.iocharger.com\/wp-content\/uploads\/2023\/05\/ac-dual-connect-ev-charger-1-1-1-660x660.png 660w, https:\/\/www.iocharger.com\/wp-content\/uploads\/2023\/05\/ac-dual-connect-ev-charger-1-1-1-300x300.png 300w, https:\/\/www.iocharger.com\/wp-content\/uploads\/2023\/05\/ac-dual-connect-ev-charger-1-1-1-768x768.png 768w, https:\/\/www.iocharger.com\/wp-content\/uploads\/2023\/05\/ac-dual-connect-ev-charger-1-1-1-285x285.png 285w, https:\/\/www.iocharger.com\/wp-content\/uploads\/2023\/05\/ac-dual-connect-ev-charger-1-1-1-270x270.png 270w, https:\/\/www.iocharger.com\/wp-content\/uploads\/2023\/05\/ac-dual-connect-ev-charger-1-1-1-540x540.png 540w\" sizes=\"(max-width: 1000px) 100vw, 1000px\" \/>\t\t\t\t\t\t\t\t\t\t\t\t\t\t\t<\/div>\n\t\t\t\t\t<\/div>\n\t\t<\/div>\n\t\t\t\t<div class=\"elementor-column elementor-col-50 elementor-top-column elementor-element elementor-element-4288046\" data-id=\"4288046\" data-element_type=\"column\" data-e-type=\"column\">\n\t\t\t<div class=\"elementor-widget-wrap elementor-element-populated\">\n\t\t\t\t\t\t<div class=\"elementor-element elementor-element-f4fad42 elementor-widget elementor-widget-text-editor\" data-id=\"f4fad42\" data-element_type=\"widget\" data-e-type=\"widget\" data-widget_type=\"text-editor.default\">\n\t\t\t\t\t\t\t\t\t<p><strong>Fully OCPP Compliant<\/strong><\/p><p>As a member of OCA(OCPP) &amp; OCPI, our EV chargers are always integrated with the latest OCPP protocol, including OCPP 1.6J and OCPP 2.0.1, which means you can easily connect it any 3rd party OCPP CCMS for remote monitoring and management.<\/p><p><strong>Dynamic Load Balancing Support<\/strong><\/p><p>Fully compatible with solar installation and battery storage systems. It dynamically balances the power between the charging stations based on the power situation in real-time, to make sure balck out never happen because of overload.<\/p>\t\t\t\t\t\t\t\t<\/div>\n\t\t\t\t\t<\/div>\n\t\t<\/div>\n\t\t\t\t\t<\/div>\n\t\t<\/section>\n\t\t\t\t<\/div>","protected":false},"excerpt":{"rendered":"<div class=\"pro_main_text clearfix\">\n<div class=\"pro_main_text clearfix\">\n<div class=\"pro_main_text clearfix\">\n<div class=\"pro_main_text clearfix\">\n<p class=\"\">El cargador doble Pedestal AC est\u00e1 dise\u00f1ado para uso comercial.<\/p>\n<\/div>\n<ul class=\"clearfix\">\n<li>Potencia nominal de entrada: monof\u00e1sica 230 V \u00b1 201 TP3T; trif\u00e1sica 400 V \u00b1 201 TP3T<\/li>\n<li>Potencia nominal: monof\u00e1sica 2 x 7 kW 32 A; trif\u00e1sica 2 x 22 kW 32 A<\/li>\n<li>RCD interno: 2 x RCCB tipo B<\/li>\n<li>Pantalla: LCD de 7 pulgadas<\/li>\n<li>Medidor: 2 medidores MID<\/li>\n<li>Certificado: CE, PTB (Eichrecht)<\/li>\n<li>Interfaz de red: conexi\u00f3n a Internet inteligente Ethernet\/WiFi\/4G<\/li>\n<li>OCPP: Compatibilidad con perfiles completos OCPP 1.6J\/ OCPP 2.0.1<\/li>\n<li>ISO15118 Plug&amp;Charge: actualizable<\/li>\n<li>Protecci\u00f3n contra la entrada de agua y polvo: IP55<\/li>\n<li>Dimensiones de env\u00edo: 1530 x 450 x 320 mm<\/li>\n<li>Interfaz de carga: cable SAE J1772 y tipo 2\/enchufe tipo 2\/enchufe T2S con obturador<\/li>\n<li>Tipo de montaje: Suelo<\/li>\n<\/ul>\n<\/div>\n<\/div>\n<\/div>","protected":false},"featured_media":8714,"template":"","meta":{"_acf_changed":false},"product_brand":[],"product_cat":[61],"product_tag":[72,73,74],"class_list":{"0":"post-2090","1":"product","2":"type-product","3":"status-publish","4":"has-post-thumbnail","6":"product_cat-commercial-ev-charger","7":"product_tag-2x22kw-workplace-ev-charging-station","8":"product_tag-2x7kw-commercial-ev-charger","9":"product_tag-smart-level-2-commercial-ev-charger","11":"first","12":"instock","13":"shipping-taxable","14":"product-type-simple"},"acf":[],"_links":{"self":[{"href":"https:\/\/www.iocharger.com\/es\/wp-json\/wp\/v2\/product\/2090","targetHints":{"allow":["GET"]}}],"collection":[{"href":"https:\/\/www.iocharger.com\/es\/wp-json\/wp\/v2\/product"}],"about":[{"href":"https:\/\/www.iocharger.com\/es\/wp-json\/wp\/v2\/types\/product"}],"version-history":[{"count":8,"href":"https:\/\/www.iocharger.com\/es\/wp-json\/wp\/v2\/product\/2090\/revisions"}],"predecessor-version":[{"id":9962,"href":"https:\/\/www.iocharger.com\/es\/wp-json\/wp\/v2\/product\/2090\/revisions\/9962"}],"wp:featuredmedia":[{"embeddable":true,"href":"https:\/\/www.iocharger.com\/es\/wp-json\/wp\/v2\/media\/8714"}],"wp:attachment":[{"href":"https:\/\/www.iocharger.com\/es\/wp-json\/wp\/v2\/media?parent=2090"}],"wp:term":[{"taxonomy":"product_brand","embeddable":true,"href":"https:\/\/www.iocharger.com\/es\/wp-json\/wp\/v2\/product_brand?post=2090"},{"taxonomy":"product_cat","embeddable":true,"href":"https:\/\/www.iocharger.com\/es\/wp-json\/wp\/v2\/product_cat?post=2090"},{"taxonomy":"product_tag","embeddable":true,"href":"https:\/\/www.iocharger.com\/es\/wp-json\/wp\/v2\/product_tag?post=2090"}],"curies":[{"name":"wp","href":"https:\/\/api.w.org\/{rel}","templated":true}]}}