{"id":2069,"date":"2023-05-31T10:39:52","date_gmt":"2023-05-31T10:39:52","guid":{"rendered":"https:\/\/test2.honstyle.com\/?post_type=product&#038;p=2069"},"modified":"2025-12-24T09:22:54","modified_gmt":"2025-12-24T09:22:54","slug":"level-2-32a-fast-up-to-22kw-basic-home-ev-charging-station","status":"publish","type":"product","link":"https:\/\/www.iocharger.com\/es\/level-2-32a-fast-up-to-22kw-basic-home-ev-charging-station\/","title":{"rendered":"Nivel 2 32A R\u00e1pido Hasta 22 kW Estaci\u00f3n de carga b\u00e1sica para veh\u00edculos el\u00e9ctricos dom\u00e9sticos"},"content":{"rendered":"<div data-elementor-type=\"product-post\" data-elementor-id=\"2069\" class=\"elementor elementor-2069\" data-elementor-post-type=\"product\">\n\t\t\t\t\t\t<section class=\"elementor-section elementor-top-section elementor-element elementor-element-18df096 elementor-section-boxed elementor-section-height-default elementor-section-height-default\" data-id=\"18df096\" data-element_type=\"section\" data-e-type=\"section\">\n\t\t\t\t\t\t<div class=\"elementor-container elementor-column-gap-default\">\n\t\t\t\t\t<div class=\"elementor-column elementor-col-100 elementor-top-column elementor-element elementor-element-7a37677\" data-id=\"7a37677\" data-element_type=\"column\" data-e-type=\"column\">\n\t\t\t<div class=\"elementor-widget-wrap elementor-element-populated\">\n\t\t\t\t\t\t<div class=\"elementor-element elementor-element-f6ca389 elementor-widget elementor-widget-text-editor\" data-id=\"f6ca389\" data-element_type=\"widget\" data-e-type=\"widget\" data-widget_type=\"text-editor.default\">\n\t\t\t\t\t\t\t\t\t<p><strong>Cargador de veh\u00edculos el\u00e9ctricos sencillo y seguro para el hogar.<\/strong><\/p><p class=\"\">El cargador ideal para quienes prefieren una recarga sencilla y segura. Cualquier conductor de veh\u00edculo el\u00e9ctrico puede recargar la bater\u00eda de su coche con solo enchufar el conector de carga.<\/p>\t\t\t\t\t\t\t\t<\/div>\n\t\t\t\t\t<\/div>\n\t\t<\/div>\n\t\t\t\t\t<\/div>\n\t\t<\/section>\n\t\t\t\t<section class=\"elementor-section elementor-top-section elementor-element elementor-element-e6d5448 elementor-section-boxed elementor-section-height-default elementor-section-height-default\" data-id=\"e6d5448\" data-element_type=\"section\" data-e-type=\"section\">\n\t\t\t\t\t\t<div class=\"elementor-container elementor-column-gap-default\">\n\t\t\t\t\t<div class=\"elementor-column elementor-col-50 elementor-top-column elementor-element elementor-element-20b8790\" data-id=\"20b8790\" data-element_type=\"column\" data-e-type=\"column\">\n\t\t\t<div class=\"elementor-widget-wrap elementor-element-populated\">\n\t\t\t\t\t\t<div class=\"elementor-element elementor-element-78ba793 elementor-widget elementor-widget-text-editor\" data-id=\"78ba793\" data-element_type=\"widget\" data-e-type=\"widget\" data-widget_type=\"text-editor.default\">\n\t\t\t\t\t\t\t\t\t<p style=\"text-align: left;\"><strong>Caracter\u00edsticas principales:<\/strong><\/p><ul><li>Compatible con todos los coches<\/li><li>Disponible en 1 fase de 7 kW y 3 fases de 22 kW.<\/li><li>Disponible en versi\u00f3n con enchufe y con cable.<\/li><li>Funcionamiento sencillo \u2018solo enchufar y usar\u2019<\/li><li>Dise\u00f1o de instalaci\u00f3n \u00fanico con placa trasera independiente<\/li><li>Dise\u00f1o aerodin\u00e1mico, apariencia sencilla y elegante.<\/li><li>Protecci\u00f3n contra fugas de corriente de 30 mA CA y 6 mA CC Certificado seg\u00fan las normas IEC62955 e IEC61008<\/li><\/ul>\t\t\t\t\t\t\t\t<\/div>\n\t\t\t\t\t<\/div>\n\t\t<\/div>\n\t\t\t\t<div class=\"elementor-column elementor-col-50 elementor-top-column elementor-element elementor-element-6a0df9b\" data-id=\"6a0df9b\" data-element_type=\"column\" data-e-type=\"column\">\n\t\t\t<div class=\"elementor-widget-wrap elementor-element-populated\">\n\t\t\t\t\t\t<div class=\"elementor-element elementor-element-d8ae07a elementor-widget elementor-widget-image\" data-id=\"d8ae07a\" data-element_type=\"widget\" data-e-type=\"widget\" data-widget_type=\"image.default\">\n\t\t\t\t\t\t\t\t\t\t\t\t\t\t\t<img fetchpriority=\"high\" decoding=\"async\" width=\"750\" height=\"750\" src=\"https:\/\/www.iocharger.com\/wp-content\/uploads\/2023\/05\/home-use-ev-charger-1-1-1.png\" class=\"attachment-full size-full wp-image-5460\" alt=\"\" srcset=\"https:\/\/www.iocharger.com\/wp-content\/uploads\/2023\/05\/home-use-ev-charger-1-1-1.png 750w, https:\/\/www.iocharger.com\/wp-content\/uploads\/2023\/05\/home-use-ev-charger-1-1-1-150x150.png 150w, https:\/\/www.iocharger.com\/wp-content\/uploads\/2023\/05\/home-use-ev-charger-1-1-1-660x660.png 660w, https:\/\/www.iocharger.com\/wp-content\/uploads\/2023\/05\/home-use-ev-charger-1-1-1-300x300.png 300w, https:\/\/www.iocharger.com\/wp-content\/uploads\/2023\/05\/home-use-ev-charger-1-1-1-285x285.png 285w, https:\/\/www.iocharger.com\/wp-content\/uploads\/2023\/05\/home-use-ev-charger-1-1-1-270x270.png 270w, https:\/\/www.iocharger.com\/wp-content\/uploads\/2023\/05\/home-use-ev-charger-1-1-1-540x540.png 540w\" sizes=\"(max-width: 750px) 100vw, 750px\" \/>\t\t\t\t\t\t\t\t\t\t\t\t\t\t\t<\/div>\n\t\t\t\t\t<\/div>\n\t\t<\/div>\n\t\t\t\t\t<\/div>\n\t\t<\/section>\n\t\t\t\t<section class=\"elementor-section elementor-top-section elementor-element elementor-element-6dd5e40 elementor-section-boxed elementor-section-height-default elementor-section-height-default\" data-id=\"6dd5e40\" data-element_type=\"section\" data-e-type=\"section\">\n\t\t\t\t\t\t<div class=\"elementor-container elementor-column-gap-default\">\n\t\t\t\t\t<div class=\"elementor-column elementor-col-50 elementor-top-column elementor-element elementor-element-c924d4a\" data-id=\"c924d4a\" data-element_type=\"column\" data-e-type=\"column\">\n\t\t\t<div class=\"elementor-widget-wrap elementor-element-populated\">\n\t\t\t\t\t\t<div class=\"elementor-element elementor-element-3322cb8 elementor-widget elementor-widget-image\" data-id=\"3322cb8\" data-element_type=\"widget\" data-e-type=\"widget\" data-widget_type=\"image.default\">\n\t\t\t\t\t\t\t\t\t\t\t\t\t\t\t<img decoding=\"async\" width=\"1000\" height=\"1000\" src=\"https:\/\/www.iocharger.com\/wp-content\/uploads\/2023\/05\/dynamic-load-balancing-1-1.gif\" class=\"attachment-full size-full wp-image-5703\" alt=\"\" \/>\t\t\t\t\t\t\t\t\t\t\t\t\t\t\t<\/div>\n\t\t\t\t\t<\/div>\n\t\t<\/div>\n\t\t\t\t<div class=\"elementor-column elementor-col-50 elementor-top-column elementor-element elementor-element-3df004c\" data-id=\"3df004c\" data-element_type=\"column\" data-e-type=\"column\">\n\t\t\t<div class=\"elementor-widget-wrap elementor-element-populated\">\n\t\t\t\t\t\t<div class=\"elementor-element elementor-element-338c206 elementor-widget elementor-widget-text-editor\" data-id=\"338c206\" data-element_type=\"widget\" data-e-type=\"widget\" data-widget_type=\"text-editor.default\">\n\t\t\t\t\t\t\t\t\t<p><strong>Haz que la vida sea m\u00e1s segura.<\/strong><\/p><p>IOCAH10-N es un cargador para veh\u00edculos el\u00e9ctricos sencillo pero funcional. Los usuarios no tienen que preocuparse por configuraciones o instalaciones complicadas y siempre pueden confiar en su fiabilidad.<\/p><p>IOCAH10-N tambi\u00e9n admite el equilibrio din\u00e1mico de carga para proteger la red el\u00e9ctrica local contra sobrecargas y garantizar el uso m\u00e1s eficiente de la energ\u00eda disponible entre los cargadores de veh\u00edculos el\u00e9ctricos y otros electrodom\u00e9sticos. El concentrador de gesti\u00f3n de carga Iocharger \u201cIOCLMP\u201d es necesario para conectarse al cargador IOCAH10-N mediante un cable RS485 para la comunicaci\u00f3n. El CT conectado al IOCLMP medir\u00eda el consumo el\u00e9ctrico en tiempo real, lo que permitir\u00eda suministrar la m\u00e1xima corriente disponible para la recarga de veh\u00edculos el\u00e9ctricos.<\/p>\t\t\t\t\t\t\t\t<\/div>\n\t\t\t\t\t<\/div>\n\t\t<\/div>\n\t\t\t\t\t<\/div>\n\t\t<\/section>\n\t\t\t\t<section class=\"elementor-section elementor-top-section elementor-element elementor-element-cded682 elementor-section-boxed elementor-section-height-default elementor-section-height-default\" data-id=\"cded682\" data-element_type=\"section\" data-e-type=\"section\">\n\t\t\t\t\t\t<div class=\"elementor-container elementor-column-gap-default\">\n\t\t\t\t\t<div class=\"elementor-column elementor-col-50 elementor-top-column elementor-element elementor-element-3bdd9b8\" data-id=\"3bdd9b8\" data-element_type=\"column\" data-e-type=\"column\">\n\t\t\t<div class=\"elementor-widget-wrap elementor-element-populated\">\n\t\t\t\t\t\t<div class=\"elementor-element elementor-element-fa80a60 elementor-widget elementor-widget-text-editor\" data-id=\"fa80a60\" data-element_type=\"widget\" data-e-type=\"widget\" data-widget_type=\"text-editor.default\">\n\t\t\t\t\t\t\t\t\t<p><strong>Facilita tu vida<\/strong><\/p><p>\u00a1Solo tienes que enchufar tu coche y nosotros nos encargamos del resto! Puedes iniciar o detener la sesi\u00f3n de carga mediante una tarjeta RFID o el bot\u00f3n f\u00edsico del cargador. Garantizamos su seguridad y simplicidad para que puedas disfrutar plenamente de tu experiencia de carga sin necesidad de tomar otras medidas.<\/p>\t\t\t\t\t\t\t\t<\/div>\n\t\t\t\t\t<\/div>\n\t\t<\/div>\n\t\t\t\t<div class=\"elementor-column elementor-col-50 elementor-top-column elementor-element elementor-element-69d1482\" data-id=\"69d1482\" data-element_type=\"column\" data-e-type=\"column\">\n\t\t\t<div class=\"elementor-widget-wrap elementor-element-populated\">\n\t\t\t\t\t\t<div class=\"elementor-element elementor-element-3fb8145 elementor-widget elementor-widget-image\" data-id=\"3fb8145\" data-element_type=\"widget\" data-e-type=\"widget\" data-widget_type=\"image.default\">\n\t\t\t\t\t\t\t\t\t\t\t\t\t\t\t<img decoding=\"async\" width=\"750\" height=\"750\" src=\"https:\/\/www.iocharger.com\/wp-content\/uploads\/2023\/05\/15-7-1.png\" class=\"attachment-full size-full wp-image-5461\" alt=\"\" srcset=\"https:\/\/www.iocharger.com\/wp-content\/uploads\/2023\/05\/15-7-1.png 750w, https:\/\/www.iocharger.com\/wp-content\/uploads\/2023\/05\/15-7-1-150x150.png 150w, https:\/\/www.iocharger.com\/wp-content\/uploads\/2023\/05\/15-7-1-660x660.png 660w, https:\/\/www.iocharger.com\/wp-content\/uploads\/2023\/05\/15-7-1-300x300.png 300w, https:\/\/www.iocharger.com\/wp-content\/uploads\/2023\/05\/15-7-1-285x285.png 285w, https:\/\/www.iocharger.com\/wp-content\/uploads\/2023\/05\/15-7-1-270x270.png 270w, https:\/\/www.iocharger.com\/wp-content\/uploads\/2023\/05\/15-7-1-540x540.png 540w\" sizes=\"(max-width: 750px) 100vw, 750px\" \/>\t\t\t\t\t\t\t\t\t\t\t\t\t\t\t<\/div>\n\t\t\t\t\t<\/div>\n\t\t<\/div>\n\t\t\t\t\t<\/div>\n\t\t<\/section>\n\t\t\t\t<\/div>","protected":false},"excerpt":{"rendered":"<div class=\"pro_main_text clearfix\">\n<div class=\"pro_main_text clearfix\">\n<p>El cargador ideal para quienes prefieren una carga f\u00e1cil y segura. \u00a1Solo tienes que conectarlo a tu coche y nosotros nos encargamos del resto!<\/p>\n<\/div>\n<ul class=\"clearfix\">\n<li>Potencia nominal de entrada: monof\u00e1sica 230 V \u00b1 201 TP3T; trif\u00e1sica 400 V \u00b1 201 TP3T<\/li>\n<li>Potencia nominal: monof\u00e1sica 7 kW 32 A; trif\u00e1sica 22 kW 32 A<\/li>\n<li>RCD interno: CA 30 mA y CC 6 mA Certificado seg\u00fan IEC62955 e IEC61008<\/li>\n<li>Protecci\u00f3n contra la entrada de agua y polvo: IP55<\/li>\n<li>Dimensiones de env\u00edo: 500 x 383 x 198 mm; 500 x 383 x 243 mm<\/li>\n<li>Interfaz de carga: cable SAE J1772 y tipo 2\/enchufe tipo 2\/enchufe T2S con obturador<\/li>\n<li>Tipo de montaje: pared o suelo (pedestal suministrado por separado)<\/li>\n<\/ul>\n<\/div>","protected":false},"featured_media":5458,"template":"","meta":{"_acf_changed":false},"product_brand":[],"product_cat":[56],"product_tag":[66,67,68],"class_list":{"0":"post-2069","1":"product","2":"type-product","3":"status-publish","4":"has-post-thumbnail","6":"product_cat-home-ev-charger","7":"product_tag-7kw-residential-basic-ev-charger","8":"product_tag-level-2-22kw-home-ev-charger","9":"product_tag-wall-mounted-32a-home-ev-charger","11":"first","12":"instock","13":"shipping-taxable","14":"product-type-simple"},"acf":[],"_links":{"self":[{"href":"https:\/\/www.iocharger.com\/es\/wp-json\/wp\/v2\/product\/2069","targetHints":{"allow":["GET"]}}],"collection":[{"href":"https:\/\/www.iocharger.com\/es\/wp-json\/wp\/v2\/product"}],"about":[{"href":"https:\/\/www.iocharger.com\/es\/wp-json\/wp\/v2\/types\/product"}],"version-history":[{"count":0,"href":"https:\/\/www.iocharger.com\/es\/wp-json\/wp\/v2\/product\/2069\/revisions"}],"wp:featuredmedia":[{"embeddable":true,"href":"https:\/\/www.iocharger.com\/es\/wp-json\/wp\/v2\/media\/5458"}],"wp:attachment":[{"href":"https:\/\/www.iocharger.com\/es\/wp-json\/wp\/v2\/media?parent=2069"}],"wp:term":[{"taxonomy":"product_brand","embeddable":true,"href":"https:\/\/www.iocharger.com\/es\/wp-json\/wp\/v2\/product_brand?post=2069"},{"taxonomy":"product_cat","embeddable":true,"href":"https:\/\/www.iocharger.com\/es\/wp-json\/wp\/v2\/product_cat?post=2069"},{"taxonomy":"product_tag","embeddable":true,"href":"https:\/\/www.iocharger.com\/es\/wp-json\/wp\/v2\/product_tag?post=2069"}],"curies":[{"name":"wp","href":"https:\/\/api.w.org\/{rel}","templated":true}]}}