{"id":2039,"date":"2023-05-31T07:40:34","date_gmt":"2023-05-31T07:40:34","guid":{"rendered":"https:\/\/test2.honstyle.com\/?post_type=product&#038;p=2039"},"modified":"2025-12-30T03:10:52","modified_gmt":"2025-12-30T03:10:52","slug":"ul-level-2-32a-40a-50a-ocpp-1-6j-ocpp-2-0-1-intelligent-ev-charger","status":"publish","type":"product","link":"https:\/\/www.iocharger.com\/es\/ul-level-2-32a-40a-50a-ocpp-1-6j-ocpp-2-0-1-intelligent-ev-charger\/","title":{"rendered":"Cargador inteligente para veh\u00edculos el\u00e9ctricos ISO15118 Plug&amp;Charge UL Nivel 2 32 A 40 A 50 A OCPP 1.6J OCPP 2.0.1"},"content":{"rendered":"<div data-elementor-type=\"product-post\" data-elementor-id=\"2039\" class=\"elementor elementor-2039\" data-elementor-post-type=\"product\">\n\t\t\t\t\t\t<section class=\"elementor-section elementor-top-section elementor-element elementor-element-090a9ad elementor-section-boxed elementor-section-height-default elementor-section-height-default\" data-id=\"090a9ad\" data-element_type=\"section\">\n\t\t\t\t\t\t<div class=\"elementor-container elementor-column-gap-default\">\n\t\t\t\t\t<div class=\"elementor-column elementor-col-100 elementor-top-column elementor-element elementor-element-dccc2fd\" data-id=\"dccc2fd\" data-element_type=\"column\">\n\t\t\t<div class=\"elementor-widget-wrap elementor-element-populated\">\n\t\t\t\t\t\t<div class=\"elementor-element elementor-element-45ec355 elementor-widget elementor-widget-text-editor\" data-id=\"45ec355\" data-element_type=\"widget\" data-widget_type=\"text-editor.default\">\n\t\t\t\t\t\t\t\t\t<p>Cargador inteligente para veh\u00edculos el\u00e9ctricos, para uso residencial y comercial.<\/p><p>El cargador inteligente y f\u00e1cil de instalar que le permite a\u00f1adir servicios inteligentes y gestionar el cargador de forma remota. El enchufe SAE J1772 garantiza la compatibilidad con todos los veh\u00edculos el\u00e9ctricos. Todas estas caracter\u00edsticas le permiten disfrutar de una excelente experiencia de carga.<\/p>\t\t\t\t\t\t\t\t<\/div>\n\t\t\t\t\t<\/div>\n\t\t<\/div>\n\t\t\t\t\t<\/div>\n\t\t<\/section>\n\t\t\t\t<section class=\"elementor-section elementor-top-section elementor-element elementor-element-9cf4ebf elementor-section-boxed elementor-section-height-default elementor-section-height-default\" data-id=\"9cf4ebf\" data-element_type=\"section\">\n\t\t\t\t\t\t<div class=\"elementor-container elementor-column-gap-default\">\n\t\t\t\t\t<div class=\"elementor-column elementor-col-50 elementor-top-column elementor-element elementor-element-0553c3b\" data-id=\"0553c3b\" data-element_type=\"column\">\n\t\t\t<div class=\"elementor-widget-wrap elementor-element-populated\">\n\t\t\t\t\t\t<div class=\"elementor-element elementor-element-19d3aef elementor-widget elementor-widget-text-editor\" data-id=\"19d3aef\" data-element_type=\"widget\" data-widget_type=\"text-editor.default\">\n\t\t\t\t\t\t\t\t\t<p><strong>Caracter\u00edsticas principales:<\/strong><\/p><ul><li>Compatible con todos los veh\u00edculos el\u00e9ctricos y redes el\u00e9ctricas.<\/li><li>Disponibles versiones de hasta 32 A, 40 A y 50 A.<\/li><li>Dise\u00f1o aerodin\u00e1mico, apariencia sencilla y elegante.<\/li><li>Pantalla LCD de 2,8 pulgadas para un manejo sencillo e intuitivo.<\/li><li>Dise\u00f1o de instalaci\u00f3n \u00fanico con placa trasera independiente<\/li><li>Conmutaci\u00f3n inteligente Ethernet, celular y WLAN<\/li><li>Configuraci\u00f3n flexible de la corriente\/potencia de salida<\/li><li>Luz respiratoria personalizable seg\u00fan las preferencias<\/li><li>Compatibilidad con el equilibrio de carga din\u00e1mico inteligente<\/li><li>Autenticaci\u00f3n de usuarios mediante RFID o aplicaci\u00f3n m\u00f3vil.<\/li><li>Portal web para la puesta en marcha de cargadores multifuncionales<\/li><li>Control y supervisi\u00f3n remotos<\/li><\/ul>\t\t\t\t\t\t\t\t<\/div>\n\t\t\t\t\t<\/div>\n\t\t<\/div>\n\t\t\t\t<div class=\"elementor-column elementor-col-50 elementor-top-column elementor-element elementor-element-9c53a80\" data-id=\"9c53a80\" data-element_type=\"column\">\n\t\t\t<div class=\"elementor-widget-wrap elementor-element-populated\">\n\t\t\t\t\t\t<div class=\"elementor-element elementor-element-4a8768a elementor-widget elementor-widget-image\" data-id=\"4a8768a\" data-element_type=\"widget\" data-widget_type=\"image.default\">\n\t\t\t\t\t\t\t\t\t\t\t\t\t\t\t<img fetchpriority=\"high\" decoding=\"async\" width=\"750\" height=\"750\" src=\"https:\/\/www.iocharger.com\/wp-content\/uploads\/2023\/05\/UL-Electric-Vehicle-Charging-station-1-3.png\" class=\"attachment-full size-full wp-image-3315\" alt=\"\" srcset=\"https:\/\/www.iocharger.com\/wp-content\/uploads\/2023\/05\/UL-Electric-Vehicle-Charging-station-1-3.png 750w, https:\/\/www.iocharger.com\/wp-content\/uploads\/2023\/05\/UL-Electric-Vehicle-Charging-station-1-3-150x150.png 150w, https:\/\/www.iocharger.com\/wp-content\/uploads\/2023\/05\/UL-Electric-Vehicle-Charging-station-1-3-660x660.png 660w, https:\/\/www.iocharger.com\/wp-content\/uploads\/2023\/05\/UL-Electric-Vehicle-Charging-station-1-3-300x300.png 300w, https:\/\/www.iocharger.com\/wp-content\/uploads\/2023\/05\/UL-Electric-Vehicle-Charging-station-1-3-285x285.png 285w, https:\/\/www.iocharger.com\/wp-content\/uploads\/2023\/05\/UL-Electric-Vehicle-Charging-station-1-3-270x270.png 270w, https:\/\/www.iocharger.com\/wp-content\/uploads\/2023\/05\/UL-Electric-Vehicle-Charging-station-1-3-540x540.png 540w\" sizes=\"(max-width: 750px) 100vw, 750px\" \/>\t\t\t\t\t\t\t\t\t\t\t\t\t\t\t<\/div>\n\t\t\t\t\t<\/div>\n\t\t<\/div>\n\t\t\t\t\t<\/div>\n\t\t<\/section>\n\t\t\t\t<section class=\"elementor-section elementor-top-section elementor-element elementor-element-3a0fb11 elementor-section-boxed elementor-section-height-default elementor-section-height-default\" data-id=\"3a0fb11\" data-element_type=\"section\">\n\t\t\t\t\t\t<div class=\"elementor-container elementor-column-gap-default\">\n\t\t\t\t\t<div class=\"elementor-column elementor-col-50 elementor-top-column elementor-element elementor-element-a2326a7\" data-id=\"a2326a7\" data-element_type=\"column\">\n\t\t\t<div class=\"elementor-widget-wrap elementor-element-populated\">\n\t\t\t\t\t\t<div class=\"elementor-element elementor-element-6a3cb34 elementor-widget elementor-widget-image\" data-id=\"6a3cb34\" data-element_type=\"widget\" data-widget_type=\"image.default\">\n\t\t\t\t\t\t\t\t\t\t\t\t\t\t\t<img decoding=\"async\" width=\"750\" height=\"750\" src=\"https:\/\/www.iocharger.com\/wp-content\/uploads\/2023\/05\/UL-Electric-Vehicle-Charging-sta-1.png\" class=\"attachment-full size-full wp-image-5472\" alt=\"\" srcset=\"https:\/\/www.iocharger.com\/wp-content\/uploads\/2023\/05\/UL-Electric-Vehicle-Charging-sta-1.png 750w, https:\/\/www.iocharger.com\/wp-content\/uploads\/2023\/05\/UL-Electric-Vehicle-Charging-sta-1-150x150.png 150w, https:\/\/www.iocharger.com\/wp-content\/uploads\/2023\/05\/UL-Electric-Vehicle-Charging-sta-1-660x660.png 660w, https:\/\/www.iocharger.com\/wp-content\/uploads\/2023\/05\/UL-Electric-Vehicle-Charging-sta-1-300x300.png 300w, https:\/\/www.iocharger.com\/wp-content\/uploads\/2023\/05\/UL-Electric-Vehicle-Charging-sta-1-285x285.png 285w, https:\/\/www.iocharger.com\/wp-content\/uploads\/2023\/05\/UL-Electric-Vehicle-Charging-sta-1-270x270.png 270w, https:\/\/www.iocharger.com\/wp-content\/uploads\/2023\/05\/UL-Electric-Vehicle-Charging-sta-1-540x540.png 540w\" sizes=\"(max-width: 750px) 100vw, 750px\" \/>\t\t\t\t\t\t\t\t\t\t\t\t\t\t\t<\/div>\n\t\t\t\t\t<\/div>\n\t\t<\/div>\n\t\t\t\t<div class=\"elementor-column elementor-col-50 elementor-top-column elementor-element elementor-element-2811bb0\" data-id=\"2811bb0\" data-element_type=\"column\">\n\t\t\t<div class=\"elementor-widget-wrap elementor-element-populated\">\n\t\t\t\t\t\t<div class=\"elementor-element elementor-element-e2643fb elementor-widget elementor-widget-text-editor\" data-id=\"e2643fb\" data-element_type=\"widget\" data-widget_type=\"text-editor.default\">\n\t\t\t\t\t\t\t\t\t<p><strong>F\u00e1cil instalaci\u00f3n y escalabilidad\u00a0<\/strong><\/p><p>El dise\u00f1o \u00fanico de la instalaci\u00f3n facilita m\u00e1s que nunca la instalaci\u00f3n y el mantenimiento de una infraestructura de recarga. El usuario solo tiene que colgar el cargador en la placa posterior para completar la instalaci\u00f3n, lo que resulta c\u00f3modo y r\u00e1pido y evita costosos gastos de instalaci\u00f3n.<\/p><p>Dise\u00f1ado pensando en la escalabilidad, IOCAH10 satisface sus necesidades actuales y futuras. Le permite conectar y preparar varias estaciones de carga, as\u00ed como gestionar un n\u00famero ilimitado de cargadores en el mismo operador en CCMS.<\/p>\t\t\t\t\t\t\t\t<\/div>\n\t\t\t\t\t<\/div>\n\t\t<\/div>\n\t\t\t\t\t<\/div>\n\t\t<\/section>\n\t\t\t\t<section class=\"elementor-section elementor-top-section elementor-element elementor-element-1ab5a98 elementor-section-boxed elementor-section-height-default elementor-section-height-default\" data-id=\"1ab5a98\" data-element_type=\"section\">\n\t\t\t\t\t\t<div class=\"elementor-container elementor-column-gap-default\">\n\t\t\t\t\t<div class=\"elementor-column elementor-col-50 elementor-top-column elementor-element elementor-element-6f75382\" data-id=\"6f75382\" data-element_type=\"column\">\n\t\t\t<div class=\"elementor-widget-wrap elementor-element-populated\">\n\t\t\t\t\t\t<div class=\"elementor-element elementor-element-dbc6c25 elementor-widget elementor-widget-text-editor\" data-id=\"dbc6c25\" data-element_type=\"widget\" data-widget_type=\"text-editor.default\">\n\t\t\t\t\t\t\t\t\t<p><strong>Compatibilidad con el equilibrio din\u00e1mico de carga<\/strong><\/p>\n<p>La funci\u00f3n de equilibrio de carga del IOCAH10 lo hace perfecto para la recarga residencial y comercial.<\/p>\n<p>Para uso residencial, garantiza que el usuario pueda equilibrar din\u00e1micamente toda la electricidad disponible en el hogar, incluida la energ\u00eda solar y el sistema de bater\u00edas, y que el circuito nunca se sobrecargue.<\/p>\n<p>Para uso comercial, garantiza que todas las personas que recarguen puedan utilizar toda la electricidad disponible en el aparcamiento y obtener en todo momento la velocidad de recarga m\u00e1s r\u00e1pida y \u00f3ptima. Esta tecnolog\u00eda tambi\u00e9n permite conectar f\u00e1cilmente m\u00e1s cargadores al sistema seg\u00fan sea necesario.<\/p>\t\t\t\t\t\t\t\t<\/div>\n\t\t\t\t\t<\/div>\n\t\t<\/div>\n\t\t\t\t<div class=\"elementor-column elementor-col-50 elementor-top-column elementor-element elementor-element-4975d46\" data-id=\"4975d46\" data-element_type=\"column\">\n\t\t\t<div class=\"elementor-widget-wrap elementor-element-populated\">\n\t\t\t\t\t\t<div class=\"elementor-element elementor-element-4f4c739 elementor-widget elementor-widget-image\" data-id=\"4f4c739\" data-element_type=\"widget\" data-widget_type=\"image.default\">\n\t\t\t\t\t\t\t\t\t\t\t\t\t\t\t<img decoding=\"async\" width=\"750\" height=\"750\" src=\"https:\/\/www.iocharger.com\/wp-content\/uploads\/2018\/08\/home-ev-charger2-1.jpg\" class=\"attachment-full size-full wp-image-6064\" alt=\"\" srcset=\"https:\/\/www.iocharger.com\/wp-content\/uploads\/2018\/08\/home-ev-charger2-1.jpg 750w, https:\/\/www.iocharger.com\/wp-content\/uploads\/2018\/08\/home-ev-charger2-1-150x150.jpg 150w, https:\/\/www.iocharger.com\/wp-content\/uploads\/2018\/08\/home-ev-charger2-1-660x660.jpg 660w, https:\/\/www.iocharger.com\/wp-content\/uploads\/2018\/08\/home-ev-charger2-1-300x300.jpg 300w, https:\/\/www.iocharger.com\/wp-content\/uploads\/2018\/08\/home-ev-charger2-1-285x285.jpg 285w, https:\/\/www.iocharger.com\/wp-content\/uploads\/2018\/08\/home-ev-charger2-1-270x270.jpg 270w, https:\/\/www.iocharger.com\/wp-content\/uploads\/2018\/08\/home-ev-charger2-1-540x540.jpg 540w\" sizes=\"(max-width: 750px) 100vw, 750px\" \/>\t\t\t\t\t\t\t\t\t\t\t\t\t\t\t<\/div>\n\t\t\t\t\t<\/div>\n\t\t<\/div>\n\t\t\t\t\t<\/div>\n\t\t<\/section>\n\t\t\t\t<section class=\"elementor-section elementor-top-section elementor-element elementor-element-d5fdfd1 elementor-section-boxed elementor-section-height-default elementor-section-height-default\" data-id=\"d5fdfd1\" data-element_type=\"section\">\n\t\t\t\t\t\t<div class=\"elementor-container elementor-column-gap-default\">\n\t\t\t\t\t<div class=\"elementor-column elementor-col-50 elementor-top-column elementor-element elementor-element-a18c3c9\" data-id=\"a18c3c9\" data-element_type=\"column\">\n\t\t\t<div class=\"elementor-widget-wrap elementor-element-populated\">\n\t\t\t\t\t\t<div class=\"elementor-element elementor-element-37275e1 elementor-widget elementor-widget-image\" data-id=\"37275e1\" data-element_type=\"widget\" data-widget_type=\"image.default\">\n\t\t\t\t\t\t\t\t\t\t\t\t\t\t\t<img loading=\"lazy\" decoding=\"async\" width=\"750\" height=\"750\" src=\"https:\/\/www.iocharger.com\/wp-content\/uploads\/2023\/09\/15-2-1.jpg\" class=\"attachment-full size-full wp-image-4169\" alt=\"\" srcset=\"https:\/\/www.iocharger.com\/wp-content\/uploads\/2023\/09\/15-2-1.jpg 750w, https:\/\/www.iocharger.com\/wp-content\/uploads\/2023\/09\/15-2-1-150x150.jpg 150w, https:\/\/www.iocharger.com\/wp-content\/uploads\/2023\/09\/15-2-1-660x660.jpg 660w, https:\/\/www.iocharger.com\/wp-content\/uploads\/2023\/09\/15-2-1-300x300.jpg 300w, https:\/\/www.iocharger.com\/wp-content\/uploads\/2023\/09\/15-2-1-285x285.jpg 285w, https:\/\/www.iocharger.com\/wp-content\/uploads\/2023\/09\/15-2-1-270x270.jpg 270w, https:\/\/www.iocharger.com\/wp-content\/uploads\/2023\/09\/15-2-1-540x540.jpg 540w\" sizes=\"(max-width: 750px) 100vw, 750px\" \/>\t\t\t\t\t\t\t\t\t\t\t\t\t\t\t<\/div>\n\t\t\t\t\t<\/div>\n\t\t<\/div>\n\t\t\t\t<div class=\"elementor-column elementor-col-50 elementor-top-column elementor-element elementor-element-76a6ca7\" data-id=\"76a6ca7\" data-element_type=\"column\">\n\t\t\t<div class=\"elementor-widget-wrap elementor-element-populated\">\n\t\t\t\t\t\t<div class=\"elementor-element elementor-element-39c75da elementor-widget elementor-widget-text-editor\" data-id=\"39c75da\" data-element_type=\"widget\" data-widget_type=\"text-editor.default\">\n\t\t\t\t\t\t\t\t\t<p><strong>Compatible con OCPP y fiable en cualquier situaci\u00f3n.<\/strong><br \/>Totalmente compatible con los perfiles OCPP 1.6J y OCPP 2.0.1, lo que significa que puede conectarlo f\u00e1cilmente a cualquier CCMS OCPP de terceros para su supervisi\u00f3n y gesti\u00f3n remotas. Siempre est\u00e1 conectado al sistema de gesti\u00f3n de carga, por lo que puede supervisar y gestionar sus estaciones de carga, actualizar el software de forma remota y asegurar los ingresos, etc.<\/p>\t\t\t\t\t\t\t\t<\/div>\n\t\t\t\t\t<\/div>\n\t\t<\/div>\n\t\t\t\t\t<\/div>\n\t\t<\/section>\n\t\t\t\t<\/div>","protected":false},"excerpt":{"rendered":"<div class=\"pro_main_text clearfix\">\n<p>IOCAH10 ofrece una estaci\u00f3n de recarga para veh\u00edculos el\u00e9ctricos de alta calidad y rentable, dise\u00f1ada para proporcionar recarga r\u00e1pida completa en modo 3 a cualquier veh\u00edculo el\u00e9ctrico en EE. UU.<\/p>\n<\/div>\n<ul class=\"clearfix\">\n<li>Potencia nominal de entrada: 200-240 V CA monof\u00e1sica<\/li>\n<li>Potencia nominal: 7 kW 32 A; 9,6 kW 40 A; 11 kW 50 A<\/li>\n<li>RCD interno: 20 mA CCID<\/li>\n<li>Pantalla: LCD de 2,8 pulgadas<\/li>\n<li>Interfaz de red: conexi\u00f3n a Internet inteligente Ethernet\/WiFi\/4G<\/li>\n<li>OCPP: Compatibilidad total con OCPP 1.6J\/ OCPP 2.0.1<\/li>\n<li>ISO15118 Plug &amp; Charge: actualizable<\/li>\n<li>Protecci\u00f3n contra la entrada de agua y polvo: IP55<\/li>\n<li>Dimensiones de env\u00edo: 500 x 383 x 243 mm<\/li>\n<li>Interfaz de carga: SAE J1772 Tipo 1<\/li>\n<li>Tipo de montaje: pared o suelo (pedestal suministrado por separado)<\/li>\n<\/ul>","protected":false},"featured_media":5476,"template":"","meta":{"_acf_changed":false},"product_brand":[],"product_cat":[61],"product_tag":[63,64,65],"class_list":{"0":"post-2039","1":"product","2":"type-product","3":"status-publish","4":"has-post-thumbnail","6":"product_cat-commercial-ev-charger","7":"product_tag-32a-40a-50a-smart-charging-point","8":"product_tag-ul-level-2-fast-ev-charging-station","9":"product_tag-ul-ocpp-ev-charger","11":"first","12":"instock","13":"shipping-taxable","14":"product-type-simple"},"acf":[],"_links":{"self":[{"href":"https:\/\/www.iocharger.com\/es\/wp-json\/wp\/v2\/product\/2039","targetHints":{"allow":["GET"]}}],"collection":[{"href":"https:\/\/www.iocharger.com\/es\/wp-json\/wp\/v2\/product"}],"about":[{"href":"https:\/\/www.iocharger.com\/es\/wp-json\/wp\/v2\/types\/product"}],"version-history":[{"count":0,"href":"https:\/\/www.iocharger.com\/es\/wp-json\/wp\/v2\/product\/2039\/revisions"}],"wp:featuredmedia":[{"embeddable":true,"href":"https:\/\/www.iocharger.com\/es\/wp-json\/wp\/v2\/media\/5476"}],"wp:attachment":[{"href":"https:\/\/www.iocharger.com\/es\/wp-json\/wp\/v2\/media?parent=2039"}],"wp:term":[{"taxonomy":"product_brand","embeddable":true,"href":"https:\/\/www.iocharger.com\/es\/wp-json\/wp\/v2\/product_brand?post=2039"},{"taxonomy":"product_cat","embeddable":true,"href":"https:\/\/www.iocharger.com\/es\/wp-json\/wp\/v2\/product_cat?post=2039"},{"taxonomy":"product_tag","embeddable":true,"href":"https:\/\/www.iocharger.com\/es\/wp-json\/wp\/v2\/product_tag?post=2039"}],"curies":[{"name":"wp","href":"https:\/\/api.w.org\/{rel}","templated":true}]}}