{"id":7677,"date":"2024-04-27T15:35:07","date_gmt":"2024-04-27T15:35:07","guid":{"rendered":"https:\/\/www.iocharger.com\/?post_type=product&#038;p=7677"},"modified":"2026-03-31T02:39:14","modified_gmt":"2026-03-31T02:39:14","slug":"movable-ev-charger-30kw-40kw-dc-fast-charger","status":"publish","type":"product","link":"https:\/\/www.iocharger.com\/de\/movable-ev-charger-30kw-40kw-dc-fast-charger\/","title":{"rendered":"Mobiles EV-Ladeger\u00e4t 30kW 40kW DC-Schnellladeger\u00e4t"},"content":{"rendered":"<div data-elementor-type=\"product-post\" data-elementor-id=\"7677\" class=\"elementor elementor-7677\" data-elementor-post-type=\"product\">\n\t\t\t\t\t\t<section class=\"elementor-section elementor-top-section elementor-element elementor-element-83d7d0f elementor-section-boxed elementor-section-height-default elementor-section-height-default\" data-id=\"83d7d0f\" data-element_type=\"section\">\n\t\t\t\t\t\t<div class=\"elementor-container elementor-column-gap-default\">\n\t\t\t\t\t<div class=\"elementor-column elementor-col-50 elementor-top-column elementor-element elementor-element-7285334\" data-id=\"7285334\" data-element_type=\"column\">\n\t\t\t<div class=\"elementor-widget-wrap elementor-element-populated\">\n\t\t\t\t\t\t<div class=\"elementor-element elementor-element-7deac97 elementor-widget elementor-widget-text-editor\" data-id=\"7deac97\" data-element_type=\"widget\" data-widget_type=\"text-editor.default\">\n\t\t\t\t\t\t\t\t\t<p><strong>Hauptmerkmale:<\/strong><\/p><ul><li>30kW &amp; 40kW Version verf\u00fcgbar<\/li><li>CCS 1\/ CCS 2\/ CHAdeMO\/ GB-T Ladestecker<\/li><li>Plug&amp;Play-Laden<\/li><li>ISO15118 Plug&amp;Charge-Unterst\u00fctzung<\/li><li>Integriertes RFID-Kartenleseger\u00e4t f\u00fcr die Benutzerauthentifizierung<\/li><li>7\u2019\u2019-LCD-Touchscreen und benutzerfreundliche Schnittstelle, einfach zu bedienen<\/li><li>Vollst\u00e4ndige Unterst\u00fctzung der Profile OCPP 1.6J und OCPP 2.0.1<\/li><li>Verf\u00fcgt \u00fcber ein unabh\u00e4ngiges Luftkanal-K\u00fchlleistungsmodul<\/li><li>POS-Zahlung integriert<\/li><li>Dynamischer Lastausgleich<\/li><li>Umweltfreundlich mit Solar und Batterie<\/li><\/ul>\t\t\t\t\t\t\t\t<\/div>\n\t\t\t\t\t<\/div>\n\t\t<\/div>\n\t\t\t\t<div class=\"elementor-column elementor-col-50 elementor-top-column elementor-element elementor-element-5e05a1e\" data-id=\"5e05a1e\" data-element_type=\"column\">\n\t\t\t<div class=\"elementor-widget-wrap elementor-element-populated\">\n\t\t\t\t\t\t<div class=\"elementor-element elementor-element-07a83f2 elementor-widget elementor-widget-image\" data-id=\"07a83f2\" data-element_type=\"widget\" data-widget_type=\"image.default\">\n\t\t\t\t\t\t\t\t\t\t\t\t\t\t\t<img fetchpriority=\"high\" decoding=\"async\" width=\"1000\" height=\"1000\" src=\"https:\/\/www.iocharger.com\/wp-content\/uploads\/2025\/08\/mobile-ev-charger-features-1.png\" class=\"attachment-full size-full wp-image-7698\" alt=\"mobile ev ladeger\u00e4t merkmale\" srcset=\"https:\/\/www.iocharger.com\/wp-content\/uploads\/2025\/08\/mobile-ev-charger-features-1.png 1000w, https:\/\/www.iocharger.com\/wp-content\/uploads\/2025\/08\/mobile-ev-charger-features-1-150x150.png 150w, https:\/\/www.iocharger.com\/wp-content\/uploads\/2025\/08\/mobile-ev-charger-features-1-660x660.png 660w, https:\/\/www.iocharger.com\/wp-content\/uploads\/2025\/08\/mobile-ev-charger-features-1-300x300.png 300w, https:\/\/www.iocharger.com\/wp-content\/uploads\/2025\/08\/mobile-ev-charger-features-1-768x768.png 768w, https:\/\/www.iocharger.com\/wp-content\/uploads\/2025\/08\/mobile-ev-charger-features-1-285x285.png 285w, https:\/\/www.iocharger.com\/wp-content\/uploads\/2025\/08\/mobile-ev-charger-features-1-270x270.png 270w, https:\/\/www.iocharger.com\/wp-content\/uploads\/2025\/08\/mobile-ev-charger-features-1-540x540.png 540w\" sizes=\"(max-width: 1000px) 100vw, 1000px\" \/>\t\t\t\t\t\t\t\t\t\t\t\t\t\t\t<\/div>\n\t\t\t\t\t<\/div>\n\t\t<\/div>\n\t\t\t\t\t<\/div>\n\t\t<\/section>\n\t\t\t\t<section class=\"elementor-section elementor-top-section elementor-element elementor-element-c44a971 elementor-section-boxed elementor-section-height-default elementor-section-height-default\" data-id=\"c44a971\" data-element_type=\"section\">\n\t\t\t\t\t\t<div class=\"elementor-container elementor-column-gap-default\">\n\t\t\t\t\t<div class=\"elementor-column elementor-col-50 elementor-top-column elementor-element elementor-element-c2d86ee\" data-id=\"c2d86ee\" data-element_type=\"column\">\n\t\t\t<div class=\"elementor-widget-wrap elementor-element-populated\">\n\t\t\t\t\t\t<div class=\"elementor-element elementor-element-4bf0f15 elementor-widget elementor-widget-image\" data-id=\"4bf0f15\" data-element_type=\"widget\" data-widget_type=\"image.default\">\n\t\t\t\t\t\t\t\t\t\t\t\t\t\t\t<img decoding=\"async\" width=\"1000\" height=\"1000\" src=\"https:\/\/www.iocharger.com\/wp-content\/uploads\/2025\/08\/mobile-dc-fast-charger-1-1.png\" class=\"attachment-full size-full wp-image-7699\" alt=\"mobiles Ladeger\u00e4t f\u00fcr Elektroautos\" srcset=\"https:\/\/www.iocharger.com\/wp-content\/uploads\/2025\/08\/mobile-dc-fast-charger-1-1.png 1000w, https:\/\/www.iocharger.com\/wp-content\/uploads\/2025\/08\/mobile-dc-fast-charger-1-1-150x150.png 150w, https:\/\/www.iocharger.com\/wp-content\/uploads\/2025\/08\/mobile-dc-fast-charger-1-1-660x660.png 660w, https:\/\/www.iocharger.com\/wp-content\/uploads\/2025\/08\/mobile-dc-fast-charger-1-1-300x300.png 300w, https:\/\/www.iocharger.com\/wp-content\/uploads\/2025\/08\/mobile-dc-fast-charger-1-1-768x768.png 768w, https:\/\/www.iocharger.com\/wp-content\/uploads\/2025\/08\/mobile-dc-fast-charger-1-1-285x285.png 285w, https:\/\/www.iocharger.com\/wp-content\/uploads\/2025\/08\/mobile-dc-fast-charger-1-1-270x270.png 270w, https:\/\/www.iocharger.com\/wp-content\/uploads\/2025\/08\/mobile-dc-fast-charger-1-1-540x540.png 540w\" sizes=\"(max-width: 1000px) 100vw, 1000px\" \/>\t\t\t\t\t\t\t\t\t\t\t\t\t\t\t<\/div>\n\t\t\t\t\t<\/div>\n\t\t<\/div>\n\t\t\t\t<div class=\"elementor-column elementor-col-50 elementor-top-column elementor-element elementor-element-b41e707\" data-id=\"b41e707\" data-element_type=\"column\">\n\t\t\t<div class=\"elementor-widget-wrap elementor-element-populated\">\n\t\t\t\t\t\t<div class=\"elementor-element elementor-element-366be1c elementor-widget elementor-widget-text-editor\" data-id=\"366be1c\" data-element_type=\"widget\" data-widget_type=\"text-editor.default\">\n\t\t\t\t\t\t\t\t\t<p><strong>Energie in Bewegung<\/strong><\/p><p>Dieses mobile Ladeger\u00e4t wurde f\u00fcr maximale Mobilit\u00e4t entwickelt und verf\u00fcgt \u00fcber abnehmbare R\u00e4der f\u00fcr den einfachen Transport und die schnelle Aufstellung an verschiedenen Orten. Sie eignet sich ideal f\u00fcr Flottenbetriebe, Logistikzentren und Baustellen und bietet eine flexible, bedarfsgerechte Aufladung, ohne dass eine Festinstallation erforderlich ist, und sorgt f\u00fcr eine schnelle Bereitstellung, Kosteneffizienz und zuverl\u00e4ssige Leistung, wo immer sie ben\u00f6tigt wird.<\/p>\t\t\t\t\t\t\t\t<\/div>\n\t\t\t\t\t<\/div>\n\t\t<\/div>\n\t\t\t\t\t<\/div>\n\t\t<\/section>\n\t\t\t\t<section class=\"elementor-section elementor-top-section elementor-element elementor-element-7479d51 elementor-section-boxed elementor-section-height-default elementor-section-height-default\" data-id=\"7479d51\" data-element_type=\"section\">\n\t\t\t\t\t\t<div class=\"elementor-container elementor-column-gap-default\">\n\t\t\t\t\t<div class=\"elementor-column elementor-col-50 elementor-top-column elementor-element elementor-element-01b3914\" data-id=\"01b3914\" data-element_type=\"column\">\n\t\t\t<div class=\"elementor-widget-wrap elementor-element-populated\">\n\t\t\t\t\t\t<div class=\"elementor-element elementor-element-19e9715 elementor-widget elementor-widget-text-editor\" data-id=\"19e9715\" data-element_type=\"widget\" data-widget_type=\"text-editor.default\">\n\t\t\t\t\t\t\t\t\t<p><strong>Plug &amp; Play Aufladen<\/strong><\/p><p>Stecken Sie das Eingangskabel einfach in eine Standard-63A-Steckdose, um sofort mit dem Aufladen zu beginnen - keine komplexe Einrichtung oder zus\u00e4tzliche Installation erforderlich. Dieses echte Plug &amp; Play-Design minimiert die Bereitstellungszeit und ist damit ideal f\u00fcr tempor\u00e4re Standorte und schnelllebige Betriebe.<\/p>\t\t\t\t\t\t\t\t<\/div>\n\t\t\t\t\t<\/div>\n\t\t<\/div>\n\t\t\t\t<div class=\"elementor-column elementor-col-50 elementor-top-column elementor-element elementor-element-46f16ee\" data-id=\"46f16ee\" data-element_type=\"column\">\n\t\t\t<div class=\"elementor-widget-wrap elementor-element-populated\">\n\t\t\t\t\t\t<div class=\"elementor-element elementor-element-c00efcf elementor-widget elementor-widget-image\" data-id=\"c00efcf\" data-element_type=\"widget\" data-widget_type=\"image.default\">\n\t\t\t\t\t\t\t\t\t\t\t\t\t\t\t<img decoding=\"async\" width=\"1000\" height=\"1000\" src=\"https:\/\/www.iocharger.com\/wp-content\/uploads\/2025\/08\/2-1-1.png\" class=\"attachment-full size-full wp-image-7700\" alt=\"\" srcset=\"https:\/\/www.iocharger.com\/wp-content\/uploads\/2025\/08\/2-1-1.png 1000w, https:\/\/www.iocharger.com\/wp-content\/uploads\/2025\/08\/2-1-1-150x150.png 150w, https:\/\/www.iocharger.com\/wp-content\/uploads\/2025\/08\/2-1-1-660x660.png 660w, https:\/\/www.iocharger.com\/wp-content\/uploads\/2025\/08\/2-1-1-300x300.png 300w, https:\/\/www.iocharger.com\/wp-content\/uploads\/2025\/08\/2-1-1-768x768.png 768w, https:\/\/www.iocharger.com\/wp-content\/uploads\/2025\/08\/2-1-1-285x285.png 285w, https:\/\/www.iocharger.com\/wp-content\/uploads\/2025\/08\/2-1-1-270x270.png 270w, https:\/\/www.iocharger.com\/wp-content\/uploads\/2025\/08\/2-1-1-540x540.png 540w\" sizes=\"(max-width: 1000px) 100vw, 1000px\" \/>\t\t\t\t\t\t\t\t\t\t\t\t\t\t\t<\/div>\n\t\t\t\t\t<\/div>\n\t\t<\/div>\n\t\t\t\t\t<\/div>\n\t\t<\/section>\n\t\t\t\t<section class=\"elementor-section elementor-top-section elementor-element elementor-element-9d6c3c7 elementor-section-boxed elementor-section-height-default elementor-section-height-default\" data-id=\"9d6c3c7\" data-element_type=\"section\">\n\t\t\t\t\t\t<div class=\"elementor-container elementor-column-gap-default\">\n\t\t\t\t\t<div class=\"elementor-column elementor-col-50 elementor-top-column elementor-element elementor-element-8c139e7\" data-id=\"8c139e7\" data-element_type=\"column\">\n\t\t\t<div class=\"elementor-widget-wrap elementor-element-populated\">\n\t\t\t\t\t\t<div class=\"elementor-element elementor-element-ccce38e elementor-widget elementor-widget-image\" data-id=\"ccce38e\" data-element_type=\"widget\" data-widget_type=\"image.default\">\n\t\t\t\t\t\t\t\t\t\t\t\t\t\t\t<img loading=\"lazy\" decoding=\"async\" width=\"1000\" height=\"1000\" src=\"https:\/\/www.iocharger.com\/wp-content\/uploads\/2025\/08\/4-1-1.png\" class=\"attachment-full size-full wp-image-7703\" alt=\"\" srcset=\"https:\/\/www.iocharger.com\/wp-content\/uploads\/2025\/08\/4-1-1.png 1000w, https:\/\/www.iocharger.com\/wp-content\/uploads\/2025\/08\/4-1-1-150x150.png 150w, https:\/\/www.iocharger.com\/wp-content\/uploads\/2025\/08\/4-1-1-660x660.png 660w, https:\/\/www.iocharger.com\/wp-content\/uploads\/2025\/08\/4-1-1-300x300.png 300w, https:\/\/www.iocharger.com\/wp-content\/uploads\/2025\/08\/4-1-1-768x768.png 768w, https:\/\/www.iocharger.com\/wp-content\/uploads\/2025\/08\/4-1-1-285x285.png 285w, https:\/\/www.iocharger.com\/wp-content\/uploads\/2025\/08\/4-1-1-270x270.png 270w, https:\/\/www.iocharger.com\/wp-content\/uploads\/2025\/08\/4-1-1-540x540.png 540w\" sizes=\"(max-width: 1000px) 100vw, 1000px\" \/>\t\t\t\t\t\t\t\t\t\t\t\t\t\t\t<\/div>\n\t\t\t\t\t<\/div>\n\t\t<\/div>\n\t\t\t\t<div class=\"elementor-column elementor-col-50 elementor-top-column elementor-element elementor-element-742b726\" data-id=\"742b726\" data-element_type=\"column\">\n\t\t\t<div class=\"elementor-widget-wrap elementor-element-populated\">\n\t\t\t\t\t\t<div class=\"elementor-element elementor-element-ca6a65b elementor-widget__width-initial elementor-widget elementor-widget-text-editor\" data-id=\"ca6a65b\" data-element_type=\"widget\" data-widget_type=\"text-editor.default\">\n\t\t\t\t\t\t\t\t\t<p><strong>Merkmale Unabh\u00e4ngiges Airduct Cooling Power Modul<\/strong><\/p><p>Eine ideale L\u00f6sung f\u00fcr das zuverl\u00e4ssige Aufladen von Fahrzeugen im Freien in rauen Umgebungen wie z. B. auf Baustellen. Es verf\u00fcgt \u00fcber ein IP65-zertifiziertes Leistungsmodul mit unabh\u00e4ngiger Luftkanal-K\u00fchlung, unterst\u00fctzt eine konstante Ausgangsleistung von 300V-1000V und umfasst mehrere Sicherheitsvorkehrungen. Die Bauteil-Luftstromtrennung reduziert das Ausfallrisiko, w\u00e4hrend die DSP-gesteuerte Fern\u00fcberwachung, OTA-Upgrades und die einfache Wartung eine stabile Leistung auch bei hoher Belastung gew\u00e4hrleisten.<\/p>\t\t\t\t\t\t\t\t<\/div>\n\t\t\t\t\t<\/div>\n\t\t<\/div>\n\t\t\t\t\t<\/div>\n\t\t<\/section>\n\t\t\t\t<section class=\"elementor-section elementor-top-section elementor-element elementor-element-f676a35 elementor-section-boxed elementor-section-height-default elementor-section-height-default\" data-id=\"f676a35\" data-element_type=\"section\">\n\t\t\t\t\t\t<div class=\"elementor-container elementor-column-gap-default\">\n\t\t\t\t\t<div class=\"elementor-column elementor-col-50 elementor-top-column elementor-element elementor-element-95c2c8f\" data-id=\"95c2c8f\" data-element_type=\"column\">\n\t\t\t<div class=\"elementor-widget-wrap elementor-element-populated\">\n\t\t\t\t\t\t<div class=\"elementor-element elementor-element-e722b97 elementor-widget elementor-widget-text-editor\" data-id=\"e722b97\" data-element_type=\"widget\" data-widget_type=\"text-editor.default\">\n\t\t\t\t\t\t\t\t\t<p><strong>Smart Touch Display &amp; Leistungssteuerung<\/strong><\/p><p>Die mobile EV-Ladestation von Iochargers ist mit einem 7-Zoll-Touchscreen ausgestattet und liefert klare Status-Updates in Echtzeit f\u00fcr eine m\u00fchelose \u00dcberwachung. Die Ausgangsleistungsgrenzen k\u00f6nnen direkt auf dem Bildschirm eingestellt werden, was eine einfache, intuitive Schnittstelle bietet, die die Kontrolle und Effizienz verbessert.<\/p>\t\t\t\t\t\t\t\t<\/div>\n\t\t\t\t\t<\/div>\n\t\t<\/div>\n\t\t\t\t<div class=\"elementor-column elementor-col-50 elementor-top-column elementor-element elementor-element-7c15c6e\" data-id=\"7c15c6e\" data-element_type=\"column\">\n\t\t\t<div class=\"elementor-widget-wrap elementor-element-populated\">\n\t\t\t\t\t\t<div class=\"elementor-element elementor-element-fefd379 elementor-widget elementor-widget-image\" data-id=\"fefd379\" data-element_type=\"widget\" data-widget_type=\"image.default\">\n\t\t\t\t\t\t\t\t\t\t\t\t\t\t\t<img loading=\"lazy\" decoding=\"async\" width=\"1000\" height=\"1000\" src=\"https:\/\/www.iocharger.com\/wp-content\/uploads\/2025\/08\/mobile-ev-charging-unit-1.png\" class=\"attachment-full size-full wp-image-7702\" alt=\"\" srcset=\"https:\/\/www.iocharger.com\/wp-content\/uploads\/2025\/08\/mobile-ev-charging-unit-1.png 1000w, https:\/\/www.iocharger.com\/wp-content\/uploads\/2025\/08\/mobile-ev-charging-unit-1-150x150.png 150w, https:\/\/www.iocharger.com\/wp-content\/uploads\/2025\/08\/mobile-ev-charging-unit-1-660x660.png 660w, https:\/\/www.iocharger.com\/wp-content\/uploads\/2025\/08\/mobile-ev-charging-unit-1-300x300.png 300w, https:\/\/www.iocharger.com\/wp-content\/uploads\/2025\/08\/mobile-ev-charging-unit-1-768x768.png 768w, https:\/\/www.iocharger.com\/wp-content\/uploads\/2025\/08\/mobile-ev-charging-unit-1-285x285.png 285w, https:\/\/www.iocharger.com\/wp-content\/uploads\/2025\/08\/mobile-ev-charging-unit-1-270x270.png 270w, https:\/\/www.iocharger.com\/wp-content\/uploads\/2025\/08\/mobile-ev-charging-unit-1-540x540.png 540w\" sizes=\"(max-width: 1000px) 100vw, 1000px\" \/>\t\t\t\t\t\t\t\t\t\t\t\t\t\t\t<\/div>\n\t\t\t\t\t<\/div>\n\t\t<\/div>\n\t\t\t\t\t<\/div>\n\t\t<\/section>\n\t\t\t\t<\/div>","protected":false},"excerpt":{"rendered":"<p>Das bewegliche DC-Schnellladeger\u00e4t von Iocharger ist f\u00fcr den schnellen Einsatz im Freien konzipiert und eignet sich daher ideal f\u00fcr Flotten, Baustellen und Veranstaltungsorte. Es bietet eine flexible, leistungsstarke EV-Ladung mit stabiler Leistung und robusten Sicherheitsfunktionen, die eine zuverl\u00e4ssige Leistung gew\u00e4hrleisten, wo immer sie ben\u00f6tigt wird.<\/p>\n<ul>\n<li>Eingangsleistung: 3-phasig 400V\u00b115% AC<\/li>\n<li>Maximale DC-Ausgangsleistung: 30kW\/ 40kW<\/li>\n<li>Ausgangsspannungsbereich DC: 100V-1000V DC<\/li>\n<li>Anzeige: 7\u2019\u2019 Touchscreen LCD<\/li>\n<li>Netzwerk-Schnittstelle: Ethernet\/4G-Internetverbindung<\/li>\n<li>OCPP: OCPP 1.6J\/ OCPP 2.0.1 unterst\u00fctzt alle Profile<\/li>\n<li>ISO15118 Plug&amp;Charge: Aufr\u00fcstbar<\/li>\n<li>Schutz gegen Eindringen: IP55<\/li>\n<li>Ladeschnittstelle: CCS 1, CCS2, CHAdeMO, GB\/T<\/li>\n<li>Abmessung: 984*451.6*842.4mm<\/li>\n<\/ul>","protected":false},"featured_media":7692,"template":"","meta":{"_acf_changed":false},"product_brand":[],"product_cat":[79],"product_tag":[82,83,84],"class_list":{"0":"post-7677","1":"product","2":"type-product","3":"status-publish","4":"has-post-thumbnail","6":"product_cat-dc-fast-charger","7":"product_tag-120kw-public-fast-ev-charger","8":"product_tag-90kw-120kw-dc-fast-charger","9":"product_tag-ocpp-ev-dc-fast-charging-station","11":"first","12":"instock","13":"shipping-taxable","14":"product-type-simple"},"acf":[],"_links":{"self":[{"href":"https:\/\/www.iocharger.com\/de\/wp-json\/wp\/v2\/product\/7677","targetHints":{"allow":["GET"]}}],"collection":[{"href":"https:\/\/www.iocharger.com\/de\/wp-json\/wp\/v2\/product"}],"about":[{"href":"https:\/\/www.iocharger.com\/de\/wp-json\/wp\/v2\/types\/product"}],"version-history":[{"count":1,"href":"https:\/\/www.iocharger.com\/de\/wp-json\/wp\/v2\/product\/7677\/revisions"}],"predecessor-version":[{"id":9700,"href":"https:\/\/www.iocharger.com\/de\/wp-json\/wp\/v2\/product\/7677\/revisions\/9700"}],"wp:featuredmedia":[{"embeddable":true,"href":"https:\/\/www.iocharger.com\/de\/wp-json\/wp\/v2\/media\/7692"}],"wp:attachment":[{"href":"https:\/\/www.iocharger.com\/de\/wp-json\/wp\/v2\/media?parent=7677"}],"wp:term":[{"taxonomy":"product_brand","embeddable":true,"href":"https:\/\/www.iocharger.com\/de\/wp-json\/wp\/v2\/product_brand?post=7677"},{"taxonomy":"product_cat","embeddable":true,"href":"https:\/\/www.iocharger.com\/de\/wp-json\/wp\/v2\/product_cat?post=7677"},{"taxonomy":"product_tag","embeddable":true,"href":"https:\/\/www.iocharger.com\/de\/wp-json\/wp\/v2\/product_tag?post=7677"}],"curies":[{"name":"wp","href":"https:\/\/api.w.org\/{rel}","templated":true}]}}