{"id":7625,"date":"2025-08-19T14:54:39","date_gmt":"2025-08-19T06:54:39","guid":{"rendered":"https:\/\/www.iocharger.com\/?post_type=product&#038;p=7625"},"modified":"2026-03-16T06:27:31","modified_gmt":"2026-03-16T06:27:31","slug":"megawatt-charging-system-satellite-dc-ev-charger","status":"publish","type":"product","link":"https:\/\/www.iocharger.com\/de\/megawatt-charging-system-satellite-dc-ev-charger\/","title":{"rendered":"Megawatt-Ladesystem Satelliten-DC-EV-Ladeger\u00e4t 480kW 960kW Flottenaufladung"},"content":{"rendered":"<div data-elementor-type=\"product-post\" data-elementor-id=\"7625\" class=\"elementor elementor-7625\" data-elementor-post-type=\"product\">\n\t\t\t\t\t\t<section class=\"elementor-section elementor-top-section elementor-element elementor-element-83d7d0f elementor-section-boxed elementor-section-height-default elementor-section-height-default\" data-id=\"83d7d0f\" data-element_type=\"section\">\n\t\t\t\t\t\t<div class=\"elementor-container elementor-column-gap-default\">\n\t\t\t\t\t<div class=\"elementor-column elementor-col-50 elementor-top-column elementor-element elementor-element-7285334\" data-id=\"7285334\" data-element_type=\"column\">\n\t\t\t<div class=\"elementor-widget-wrap elementor-element-populated\">\n\t\t\t\t\t\t<div class=\"elementor-element elementor-element-7deac97 elementor-widget elementor-widget-text-editor\" data-id=\"7deac97\" data-element_type=\"widget\" data-widget_type=\"text-editor.default\">\n\t\t\t\t\t\t\t\t\t<p><strong>Hauptmerkmale:<\/strong><\/p><ul><li>480kW bis zu 960kW<\/li><li>ISO 15118 Plug&amp;Charge (PnC)<\/li><li>OCPP 1.6J und OCPP 2.0.1 vollst\u00e4ndige Profile werden unterst\u00fctzt<\/li><li>7\u2019\u2019 LCD-Touchscreen<\/li><li>Max. 400A luftgek\u00fchlte Schnellladung<\/li><li>Max. 600A fl\u00fcssigkeitsgek\u00fchlte Schnellladung<\/li><li>Unterst\u00fctzung von dynamischem Lastausgleich und dynamischer Preisstrategie<\/li><li>TLS-verschl\u00fcsselte Datenerfassung gew\u00e4hrleistet hohe Datensicherheit<\/li><li>Kabelmanagementsystem optional<\/li><li>Online-Fernwartungssystem<\/li><li>Firmware-Update \u00fcber OTA<\/li><\/ul>\t\t\t\t\t\t\t\t<\/div>\n\t\t\t\t\t<\/div>\n\t\t<\/div>\n\t\t\t\t<div class=\"elementor-column elementor-col-50 elementor-top-column elementor-element elementor-element-5e05a1e\" data-id=\"5e05a1e\" data-element_type=\"column\">\n\t\t\t<div class=\"elementor-widget-wrap elementor-element-populated\">\n\t\t\t\t\t\t<div class=\"elementor-element elementor-element-07a83f2 elementor-widget elementor-widget-image\" data-id=\"07a83f2\" data-element_type=\"widget\" data-widget_type=\"image.default\">\n\t\t\t\t\t\t\t\t\t\t\t\t\t\t\t<img fetchpriority=\"high\" decoding=\"async\" width=\"1000\" height=\"1000\" src=\"https:\/\/www.iocharger.com\/wp-content\/uploads\/2025\/08\/Satellite-EV-Charger-1.jpg\" class=\"attachment-full size-full wp-image-7770\" alt=\"Satelliten-EV-Ladeger\u00e4t\" srcset=\"https:\/\/www.iocharger.com\/wp-content\/uploads\/2025\/08\/Satellite-EV-Charger-1.jpg 1000w, https:\/\/www.iocharger.com\/wp-content\/uploads\/2025\/08\/Satellite-EV-Charger-1-150x150.jpg 150w, https:\/\/www.iocharger.com\/wp-content\/uploads\/2025\/08\/Satellite-EV-Charger-1-660x660.jpg 660w, https:\/\/www.iocharger.com\/wp-content\/uploads\/2025\/08\/Satellite-EV-Charger-1-300x300.jpg 300w, https:\/\/www.iocharger.com\/wp-content\/uploads\/2025\/08\/Satellite-EV-Charger-1-768x768.jpg 768w, https:\/\/www.iocharger.com\/wp-content\/uploads\/2025\/08\/Satellite-EV-Charger-1-285x285.jpg 285w, https:\/\/www.iocharger.com\/wp-content\/uploads\/2025\/08\/Satellite-EV-Charger-1-270x270.jpg 270w, https:\/\/www.iocharger.com\/wp-content\/uploads\/2025\/08\/Satellite-EV-Charger-1-540x540.jpg 540w\" sizes=\"(max-width: 1000px) 100vw, 1000px\" \/>\t\t\t\t\t\t\t\t\t\t\t\t\t\t\t<\/div>\n\t\t\t\t\t<\/div>\n\t\t<\/div>\n\t\t\t\t\t<\/div>\n\t\t<\/section>\n\t\t\t\t<section class=\"elementor-section elementor-top-section elementor-element elementor-element-c44a971 elementor-section-boxed elementor-section-height-default elementor-section-height-default\" data-id=\"c44a971\" data-element_type=\"section\">\n\t\t\t\t\t\t<div class=\"elementor-container elementor-column-gap-default\">\n\t\t\t\t\t<div class=\"elementor-column elementor-col-50 elementor-top-column elementor-element elementor-element-c2d86ee\" data-id=\"c2d86ee\" data-element_type=\"column\">\n\t\t\t<div class=\"elementor-widget-wrap elementor-element-populated\">\n\t\t\t\t\t\t<div class=\"elementor-element elementor-element-4bf0f15 elementor-widget elementor-widget-image\" data-id=\"4bf0f15\" data-element_type=\"widget\" data-widget_type=\"image.default\">\n\t\t\t\t\t\t\t\t\t\t\t\t\t\t\t<img decoding=\"async\" width=\"1000\" height=\"1000\" src=\"https:\/\/www.iocharger.com\/wp-content\/uploads\/2025\/08\/22-1-1.jpg\" class=\"attachment-full size-full wp-image-7771\" alt=\"skalierbares satelliten-dc-ev-ladeger\u00e4t\" srcset=\"https:\/\/www.iocharger.com\/wp-content\/uploads\/2025\/08\/22-1-1.jpg 1000w, https:\/\/www.iocharger.com\/wp-content\/uploads\/2025\/08\/22-1-1-150x150.jpg 150w, https:\/\/www.iocharger.com\/wp-content\/uploads\/2025\/08\/22-1-1-660x660.jpg 660w, https:\/\/www.iocharger.com\/wp-content\/uploads\/2025\/08\/22-1-1-300x300.jpg 300w, https:\/\/www.iocharger.com\/wp-content\/uploads\/2025\/08\/22-1-1-768x768.jpg 768w, https:\/\/www.iocharger.com\/wp-content\/uploads\/2025\/08\/22-1-1-285x285.jpg 285w, https:\/\/www.iocharger.com\/wp-content\/uploads\/2025\/08\/22-1-1-270x270.jpg 270w, https:\/\/www.iocharger.com\/wp-content\/uploads\/2025\/08\/22-1-1-540x540.jpg 540w\" sizes=\"(max-width: 1000px) 100vw, 1000px\" \/>\t\t\t\t\t\t\t\t\t\t\t\t\t\t\t<\/div>\n\t\t\t\t\t<\/div>\n\t\t<\/div>\n\t\t\t\t<div class=\"elementor-column elementor-col-50 elementor-top-column elementor-element elementor-element-b41e707\" data-id=\"b41e707\" data-element_type=\"column\">\n\t\t\t<div class=\"elementor-widget-wrap elementor-element-populated\">\n\t\t\t\t\t\t<div class=\"elementor-element elementor-element-366be1c elementor-widget elementor-widget-text-editor\" data-id=\"366be1c\" data-element_type=\"widget\" data-widget_type=\"text-editor.default\">\n\t\t\t\t\t\t\t\t\t<p><strong>Skalierbare, flexible Leistungserweiterung<\/strong><\/p><p>Das satellitengest\u00fctzte DC-Ladesystem von iocharger ist f\u00fcr nahtlose Skalierbarkeit und langfristige Flexibilit\u00e4t ausgelegt. Beginnen Sie mit einer einzigen Stromversorgungseinheit und erweitern Sie diese schrittweise, indem Sie weitere Stromversorgungsmodule hinzuf\u00fcgen, bevor Sie die Anzahl der Einheiten erh\u00f6hen. Jede Stromversorgungseinheit kann eine variable Anzahl von Modulen und Zapfs\u00e4ulen aufnehmen und sich so an die sich ver\u00e4ndernden Ladeanforderungen anpassen. Durch die Reservierung von Platz und Verkabelung w\u00e4hrend der Erstinstallation k\u00f6nnen k\u00fcnftige Erweiterungen schnell, effizient und mit minimaler Unterbrechung durchgef\u00fchrt werden, so dass Ihre Ladeinfrastruktur m\u00fchelos mit Ihren Anforderungen w\u00e4chst.<\/p>\t\t\t\t\t\t\t\t<\/div>\n\t\t\t\t\t<\/div>\n\t\t<\/div>\n\t\t\t\t\t<\/div>\n\t\t<\/section>\n\t\t\t\t<section class=\"elementor-section elementor-top-section elementor-element elementor-element-7479d51 elementor-section-boxed elementor-section-height-default elementor-section-height-default\" data-id=\"7479d51\" data-element_type=\"section\">\n\t\t\t\t\t\t<div class=\"elementor-container elementor-column-gap-default\">\n\t\t\t\t\t<div class=\"elementor-column elementor-col-50 elementor-top-column elementor-element elementor-element-01b3914\" data-id=\"01b3914\" data-element_type=\"column\">\n\t\t\t<div class=\"elementor-widget-wrap elementor-element-populated\">\n\t\t\t\t\t\t<div class=\"elementor-element elementor-element-19e9715 elementor-widget elementor-widget-text-editor\" data-id=\"19e9715\" data-element_type=\"widget\" data-widget_type=\"text-editor.default\">\n\t\t\t\t\t\t\t\t\t<p><strong>Smart Priority Charging<\/strong><\/p><p>Maximieren Sie die Ladeeffizienz mit unserem fortschrittlichen Priorit\u00e4tssystem. Aktivieren Sie Boost Access, um bei Bedarf mit H\u00f6chstgeschwindigkeit zu laden. VIP-Mitglieder haben immer die h\u00f6chste Priorit\u00e4t, w\u00e4hrend registrierte Nutzer von einem schnelleren Service als G\u00e4ste profitieren. Auch Erstnutzer erhalten garantiert genug Strom, um ihre Ladung abzuschlie\u00dfen. In Zeiten hoher Nachfrage gleicht das System die Stromverteilung intelligent aus, um einen reibungslosen, zuverl\u00e4ssigen Betrieb f\u00fcr alle Fahrzeuge zu gew\u00e4hrleisten.<\/p>\t\t\t\t\t\t\t\t<\/div>\n\t\t\t\t\t<\/div>\n\t\t<\/div>\n\t\t\t\t<div class=\"elementor-column elementor-col-50 elementor-top-column elementor-element elementor-element-46f16ee\" data-id=\"46f16ee\" data-element_type=\"column\">\n\t\t\t<div class=\"elementor-widget-wrap elementor-element-populated\">\n\t\t\t\t\t\t<div class=\"elementor-element elementor-element-c00efcf elementor-widget elementor-widget-image\" data-id=\"c00efcf\" data-element_type=\"widget\" data-widget_type=\"image.default\">\n\t\t\t\t\t\t\t\t\t\t\t\t\t\t\t<img decoding=\"async\" width=\"1000\" height=\"1000\" src=\"https:\/\/www.iocharger.com\/wp-content\/uploads\/2025\/08\/33-1.jpg\" class=\"attachment-full size-full wp-image-7651\" alt=\"Priority Charging Satelliten-EV-Ladeger\u00e4t\" srcset=\"https:\/\/www.iocharger.com\/wp-content\/uploads\/2025\/08\/33-1.jpg 1000w, https:\/\/www.iocharger.com\/wp-content\/uploads\/2025\/08\/33-1-150x150.jpg 150w, https:\/\/www.iocharger.com\/wp-content\/uploads\/2025\/08\/33-1-660x660.jpg 660w, https:\/\/www.iocharger.com\/wp-content\/uploads\/2025\/08\/33-1-300x300.jpg 300w, https:\/\/www.iocharger.com\/wp-content\/uploads\/2025\/08\/33-1-768x768.jpg 768w, https:\/\/www.iocharger.com\/wp-content\/uploads\/2025\/08\/33-1-285x285.jpg 285w, https:\/\/www.iocharger.com\/wp-content\/uploads\/2025\/08\/33-1-270x270.jpg 270w, https:\/\/www.iocharger.com\/wp-content\/uploads\/2025\/08\/33-1-540x540.jpg 540w\" sizes=\"(max-width: 1000px) 100vw, 1000px\" \/>\t\t\t\t\t\t\t\t\t\t\t\t\t\t\t<\/div>\n\t\t\t\t\t<\/div>\n\t\t<\/div>\n\t\t\t\t\t<\/div>\n\t\t<\/section>\n\t\t\t\t<section class=\"elementor-section elementor-top-section elementor-element elementor-element-f676a35 elementor-section-boxed elementor-section-height-default elementor-section-height-default\" data-id=\"f676a35\" data-element_type=\"section\">\n\t\t\t\t\t\t<div class=\"elementor-container elementor-column-gap-default\">\n\t\t\t\t\t<div class=\"elementor-column elementor-col-50 elementor-top-column elementor-element elementor-element-95c2c8f\" data-id=\"95c2c8f\" data-element_type=\"column\">\n\t\t\t<div class=\"elementor-widget-wrap elementor-element-populated\">\n\t\t\t\t\t\t<div class=\"elementor-element elementor-element-fefd379 elementor-widget elementor-widget-image\" data-id=\"fefd379\" data-element_type=\"widget\" data-widget_type=\"image.default\">\n\t\t\t\t\t\t\t\t\t\t\t\t\t\t\t<img loading=\"lazy\" decoding=\"async\" width=\"1000\" height=\"1000\" src=\"https:\/\/www.iocharger.com\/wp-content\/uploads\/2025\/08\/44-1-1.jpg\" class=\"attachment-full size-full wp-image-7772\" alt=\"TLS sicheres Laden von Elektroautos\" srcset=\"https:\/\/www.iocharger.com\/wp-content\/uploads\/2025\/08\/44-1-1.jpg 1000w, https:\/\/www.iocharger.com\/wp-content\/uploads\/2025\/08\/44-1-1-150x150.jpg 150w, https:\/\/www.iocharger.com\/wp-content\/uploads\/2025\/08\/44-1-1-660x660.jpg 660w, https:\/\/www.iocharger.com\/wp-content\/uploads\/2025\/08\/44-1-1-300x300.jpg 300w, https:\/\/www.iocharger.com\/wp-content\/uploads\/2025\/08\/44-1-1-768x768.jpg 768w, https:\/\/www.iocharger.com\/wp-content\/uploads\/2025\/08\/44-1-1-285x285.jpg 285w, https:\/\/www.iocharger.com\/wp-content\/uploads\/2025\/08\/44-1-1-270x270.jpg 270w, https:\/\/www.iocharger.com\/wp-content\/uploads\/2025\/08\/44-1-1-540x540.jpg 540w\" sizes=\"(max-width: 1000px) 100vw, 1000px\" \/>\t\t\t\t\t\t\t\t\t\t\t\t\t\t\t<\/div>\n\t\t\t\t\t<\/div>\n\t\t<\/div>\n\t\t\t\t<div class=\"elementor-column elementor-col-50 elementor-top-column elementor-element elementor-element-7c15c6e\" data-id=\"7c15c6e\" data-element_type=\"column\">\n\t\t\t<div class=\"elementor-widget-wrap elementor-element-populated\">\n\t\t\t\t\t\t<div class=\"elementor-element elementor-element-e722b97 elementor-widget elementor-widget-text-editor\" data-id=\"e722b97\" data-element_type=\"widget\" data-widget_type=\"text-editor.default\">\n\t\t\t\t\t\t\t\t\t<p><strong>Sichere verschl\u00fcsselte Kommunikation (TLS gegenseitige Authentifizierung)<\/strong><\/p><p>Das System verwendet eine vollst\u00e4ndig verschl\u00fcsselte Kommunikation auf der Grundlage von TLS (Transport Layer Security), die sicherstellt, dass alle \u00fcbertragenen Daten vor Verlusten und Manipulationen gesch\u00fctzt sind. Es unterst\u00fctzt auch die gegenseitige Authentifizierung, bei der beide Parteien verifiziert werden, um eine vertrauensw\u00fcrdige, durchg\u00e4ngig sichere Verbindung zu gew\u00e4hrleisten.<\/p>\t\t\t\t\t\t\t\t<\/div>\n\t\t\t\t\t<\/div>\n\t\t<\/div>\n\t\t\t\t\t<\/div>\n\t\t<\/section>\n\t\t\t\t<section class=\"elementor-section elementor-top-section elementor-element elementor-element-9d6c3c7 elementor-section-boxed elementor-section-height-default elementor-section-height-default\" data-id=\"9d6c3c7\" data-element_type=\"section\">\n\t\t\t\t\t\t<div class=\"elementor-container elementor-column-gap-default\">\n\t\t\t\t\t<div class=\"elementor-column elementor-col-50 elementor-top-column elementor-element elementor-element-8c139e7\" data-id=\"8c139e7\" data-element_type=\"column\">\n\t\t\t<div class=\"elementor-widget-wrap elementor-element-populated\">\n\t\t\t\t\t\t<div class=\"elementor-element elementor-element-ca6a65b elementor-widget elementor-widget-text-editor\" data-id=\"ca6a65b\" data-element_type=\"widget\" data-widget_type=\"text-editor.default\">\n\t\t\t\t\t\t\t\t\t<p><strong>Intelligente, nachhaltige Energie an Ihren Fingerspitzen<\/strong><\/p><p>Nutzen Sie Solar- und Batteriestrom f\u00fcr eine saubere, zuverl\u00e4ssige Energieversorgung. Unser intelligentes Energiemanagementsystem optimiert die Effizienz, unterst\u00fctzt eine dynamische Preisgestaltung und speichert Energie f\u00fcr Bedarfsspitzen. Mit flexiblen Erweiterungsoptionen, einschlie\u00dflich ESS- und Solarmodulen, kann Ihre Ladeinfrastruktur nahtlos skaliert werden, um den sich \u00e4ndernden Anforderungen gerecht zu werden, Ger\u00e4te reibungslos zu betreiben und gleichzeitig Kosten und Umweltbelastung zu reduzieren.<\/p>\t\t\t\t\t\t\t\t<\/div>\n\t\t\t\t\t<\/div>\n\t\t<\/div>\n\t\t\t\t<div class=\"elementor-column elementor-col-50 elementor-top-column elementor-element elementor-element-742b726\" data-id=\"742b726\" data-element_type=\"column\">\n\t\t\t<div class=\"elementor-widget-wrap elementor-element-populated\">\n\t\t\t\t\t\t<div class=\"elementor-element elementor-element-ccce38e elementor-widget elementor-widget-image\" data-id=\"ccce38e\" data-element_type=\"widget\" data-widget_type=\"image.default\">\n\t\t\t\t\t\t\t\t\t\t\t\t\t\t\t<img loading=\"lazy\" decoding=\"async\" width=\"1000\" height=\"1000\" src=\"https:\/\/www.iocharger.com\/wp-content\/uploads\/2025\/08\/55-1-1.jpg\" class=\"attachment-full size-full wp-image-7773\" alt=\"Dynamischer Preis Satellite EV Charger\" srcset=\"https:\/\/www.iocharger.com\/wp-content\/uploads\/2025\/08\/55-1-1.jpg 1000w, https:\/\/www.iocharger.com\/wp-content\/uploads\/2025\/08\/55-1-1-150x150.jpg 150w, https:\/\/www.iocharger.com\/wp-content\/uploads\/2025\/08\/55-1-1-660x660.jpg 660w, https:\/\/www.iocharger.com\/wp-content\/uploads\/2025\/08\/55-1-1-300x300.jpg 300w, https:\/\/www.iocharger.com\/wp-content\/uploads\/2025\/08\/55-1-1-768x768.jpg 768w, https:\/\/www.iocharger.com\/wp-content\/uploads\/2025\/08\/55-1-1-285x285.jpg 285w, https:\/\/www.iocharger.com\/wp-content\/uploads\/2025\/08\/55-1-1-270x270.jpg 270w, https:\/\/www.iocharger.com\/wp-content\/uploads\/2025\/08\/55-1-1-540x540.jpg 540w\" sizes=\"(max-width: 1000px) 100vw, 1000px\" \/>\t\t\t\t\t\t\t\t\t\t\t\t\t\t\t<\/div>\n\t\t\t\t\t<\/div>\n\t\t<\/div>\n\t\t\t\t\t<\/div>\n\t\t<\/section>\n\t\t\t\t<\/div>","protected":false},"excerpt":{"rendered":"<p>Iocharger satellite DC EV charger and charging system are designed for buses and commercial fleets, delivering fast, reliable charging for multiple vehicles at once. With flexible expansion and smart energy management, your depot stays fully operational, keeping your fleet on the move with minimal downtime.<\/p>\n<ul>\n<li>Eingangsleistung: 3-phasig 400V\u00b115% AC<\/li>\n<li>Maximale DC-Ausgangsleistung: 480kW, 960kW<\/li>\n<li>DC-Ausgangsspannungsbereich: 150-1000V DC<\/li>\n<li>Anzeige: 7\u2019\u2019 LCD Touchscreen<\/li>\n<li>Netzwerk-Schnittstelle: Ethernet\/ 4G Smart Internet Verbindung<\/li>\n<li>OCPP: OCPP 1.6J\/ OCPP 2.0.1 unterst\u00fctzt alle Profile<\/li>\n<li>ISO15118 Plug&amp;Charge: support<\/li>\n<li>Schutz gegen Eindringen: IP55<\/li>\n<li>Anzahl der Ausg\u00e4nge (max.): 6<\/li>\n<li>Ladeschnittstelle: CCS2, CCS1, CHAdeMO, GB\/T<\/li>\n<li>Montageart: Boden<\/li>\n<li>Abmessungen: 1029*985*1937mm(480kW), 2058*985*1937mm(960kW)<\/li>\n<\/ul>","protected":false},"featured_media":7768,"template":"","meta":{"_acf_changed":false},"product_brand":[],"product_cat":[79],"product_tag":[82,83,84],"class_list":{"0":"post-7625","1":"product","2":"type-product","3":"status-publish","4":"has-post-thumbnail","6":"product_cat-dc-fast-charger","7":"product_tag-120kw-public-fast-ev-charger","8":"product_tag-90kw-120kw-dc-fast-charger","9":"product_tag-ocpp-ev-dc-fast-charging-station","11":"first","12":"instock","13":"featured","14":"shipping-taxable","15":"product-type-simple"},"acf":[],"_links":{"self":[{"href":"https:\/\/www.iocharger.com\/de\/wp-json\/wp\/v2\/product\/7625","targetHints":{"allow":["GET"]}}],"collection":[{"href":"https:\/\/www.iocharger.com\/de\/wp-json\/wp\/v2\/product"}],"about":[{"href":"https:\/\/www.iocharger.com\/de\/wp-json\/wp\/v2\/types\/product"}],"version-history":[{"count":0,"href":"https:\/\/www.iocharger.com\/de\/wp-json\/wp\/v2\/product\/7625\/revisions"}],"wp:featuredmedia":[{"embeddable":true,"href":"https:\/\/www.iocharger.com\/de\/wp-json\/wp\/v2\/media\/7768"}],"wp:attachment":[{"href":"https:\/\/www.iocharger.com\/de\/wp-json\/wp\/v2\/media?parent=7625"}],"wp:term":[{"taxonomy":"product_brand","embeddable":true,"href":"https:\/\/www.iocharger.com\/de\/wp-json\/wp\/v2\/product_brand?post=7625"},{"taxonomy":"product_cat","embeddable":true,"href":"https:\/\/www.iocharger.com\/de\/wp-json\/wp\/v2\/product_cat?post=7625"},{"taxonomy":"product_tag","embeddable":true,"href":"https:\/\/www.iocharger.com\/de\/wp-json\/wp\/v2\/product_tag?post=7625"}],"curies":[{"name":"wp","href":"https:\/\/api.w.org\/{rel}","templated":true}]}}