{"id":7248,"date":"2025-06-04T15:18:41","date_gmt":"2025-06-04T07:18:41","guid":{"rendered":"https:\/\/www.iocharger.com\/?post_type=product&#038;p=7248"},"modified":"2026-04-09T12:45:18","modified_gmt":"2026-04-09T12:45:18","slug":"dual-ports-pedestal-ac-ev-charger-ocpp","status":"publish","type":"product","link":"https:\/\/www.iocharger.com\/de\/dual-ports-pedestal-ac-ev-charger-ocpp\/","title":{"rendered":"Dual-Port-Sockel-Wechselstrom-EV-Ladeger\u00e4t OCPP1.6J &amp; 2.0.1 ISO15118 Plug&amp;Charge-konform"},"content":{"rendered":"<div data-elementor-type=\"product-post\" data-elementor-id=\"7248\" class=\"elementor elementor-7248\" data-elementor-post-type=\"product\">\n\t\t\t\t\t\t<section class=\"elementor-section elementor-top-section elementor-element elementor-element-00e90a8 elementor-section-boxed elementor-section-height-default elementor-section-height-default\" data-id=\"00e90a8\" data-element_type=\"section\">\n\t\t\t\t\t\t<div class=\"elementor-container elementor-column-gap-default\">\n\t\t\t\t\t<div class=\"elementor-column elementor-col-100 elementor-top-column elementor-element elementor-element-b7cfd57\" data-id=\"b7cfd57\" data-element_type=\"column\">\n\t\t\t<div class=\"elementor-widget-wrap elementor-element-populated\">\n\t\t\t\t\t\t<div class=\"elementor-element elementor-element-c2e8bae elementor-widget elementor-widget-text-editor\" data-id=\"c2e8bae\" data-element_type=\"widget\" data-widget_type=\"text-editor.default\">\n\t\t\t\t\t\t\t\t\t<p>IOCAP26 ist speziell f\u00fcr kommerzielle Ladezwecke konzipiert. Die hohe Wasser- und Staubbest\u00e4ndigkeit nach IP55 und IK10 machen ihn perfekt f\u00fcr Ladestationen im Freien wie Tankstellen, Parkpl\u00e4tze, Stra\u00dfenecken usw.<\/p>\t\t\t\t\t\t\t\t<\/div>\n\t\t\t\t\t<\/div>\n\t\t<\/div>\n\t\t\t\t\t<\/div>\n\t\t<\/section>\n\t\t\t\t<section class=\"elementor-section elementor-top-section elementor-element elementor-element-1cfd539 elementor-section-boxed elementor-section-height-default elementor-section-height-default\" data-id=\"1cfd539\" data-element_type=\"section\">\n\t\t\t\t\t\t<div class=\"elementor-container elementor-column-gap-default\">\n\t\t\t\t\t<div class=\"elementor-column elementor-col-50 elementor-top-column elementor-element elementor-element-20c5297\" data-id=\"20c5297\" data-element_type=\"column\">\n\t\t\t<div class=\"elementor-widget-wrap elementor-element-populated\">\n\t\t\t\t\t\t<div class=\"elementor-element elementor-element-9a50614 elementor-widget elementor-widget-text-editor\" data-id=\"9a50614\" data-element_type=\"widget\" data-widget_type=\"text-editor.default\">\n\t\t\t\t\t\t\t\t\t<h3>Hauptmerkmale:<\/h3><ul><li>Kompatibel mit allen Autos und Stromnetzen<\/li><li>2 x RCCB Typ-B<\/li><li>2 x MID-Meter<\/li><li>2 x SPD 40KA<\/li><li>7\u2019\u2019 LCD-Display, aufr\u00fcstbar zum Touchscreen<\/li><li>Intelligente Netzwerkkonnektivit\u00e4t Ethernet, Wi-Fi, Mobilfunk, Bluetooth<\/li><li>Integration von POS-Zahlungen<\/li><li>Flexible Konfiguration von Ausgangsstrom und -leistung<\/li><li>Unterst\u00fctzung f\u00fcr intelligente dynamische Lastverteilung<\/li><li>Separates MID-Ablesefenster<\/li><li>Benutzerfreundliches Webportal f\u00fcr die Konfiguration des Ladeger\u00e4ts<\/li><\/ul>\t\t\t\t\t\t\t\t<\/div>\n\t\t\t\t\t<\/div>\n\t\t<\/div>\n\t\t\t\t<div class=\"elementor-column elementor-col-50 elementor-top-column elementor-element elementor-element-7450399\" data-id=\"7450399\" data-element_type=\"column\">\n\t\t\t<div class=\"elementor-widget-wrap elementor-element-populated\">\n\t\t\t\t\t\t<div class=\"elementor-element elementor-element-a02cf29 elementor-widget__width-initial elementor-widget elementor-widget-image\" data-id=\"a02cf29\" data-element_type=\"widget\" data-widget_type=\"image.default\">\n\t\t\t\t\t\t\t\t\t\t\t\t\t\t\t<img fetchpriority=\"high\" decoding=\"async\" width=\"1000\" height=\"1000\" src=\"https:\/\/www.iocharger.com\/wp-content\/uploads\/2025\/06\/iocharger-IOCAP35-ev-charger.webp\" class=\"attachment-full size-full wp-image-9801\" alt=\"iocharger IOCAP35 ev ladeger\u00e4t\" srcset=\"https:\/\/www.iocharger.com\/wp-content\/uploads\/2025\/06\/iocharger-IOCAP35-ev-charger.webp 1000w, https:\/\/www.iocharger.com\/wp-content\/uploads\/2025\/06\/iocharger-IOCAP35-ev-charger-300x300.webp 300w, https:\/\/www.iocharger.com\/wp-content\/uploads\/2025\/06\/iocharger-IOCAP35-ev-charger-150x150.webp 150w, https:\/\/www.iocharger.com\/wp-content\/uploads\/2025\/06\/iocharger-IOCAP35-ev-charger-768x768.webp 768w, https:\/\/www.iocharger.com\/wp-content\/uploads\/2025\/06\/iocharger-IOCAP35-ev-charger-12x12.webp 12w, https:\/\/www.iocharger.com\/wp-content\/uploads\/2025\/06\/iocharger-IOCAP35-ev-charger-285x285.webp 285w, https:\/\/www.iocharger.com\/wp-content\/uploads\/2025\/06\/iocharger-IOCAP35-ev-charger-270x270.webp 270w, https:\/\/www.iocharger.com\/wp-content\/uploads\/2025\/06\/iocharger-IOCAP35-ev-charger-540x540.webp 540w, https:\/\/www.iocharger.com\/wp-content\/uploads\/2025\/06\/iocharger-IOCAP35-ev-charger-660x660.webp 660w\" sizes=\"(max-width: 1000px) 100vw, 1000px\" \/>\t\t\t\t\t\t\t\t\t\t\t\t\t\t\t<\/div>\n\t\t\t\t\t<\/div>\n\t\t<\/div>\n\t\t\t\t\t<\/div>\n\t\t<\/section>\n\t\t\t\t<section class=\"elementor-section elementor-top-section elementor-element elementor-element-353d4e0 elementor-section-boxed elementor-section-height-default elementor-section-height-default\" data-id=\"353d4e0\" data-element_type=\"section\">\n\t\t\t\t\t\t<div class=\"elementor-container elementor-column-gap-default\">\n\t\t\t\t\t<div class=\"elementor-column elementor-col-50 elementor-top-column elementor-element elementor-element-54ea811\" data-id=\"54ea811\" data-element_type=\"column\">\n\t\t\t<div class=\"elementor-widget-wrap elementor-element-populated\">\n\t\t\t\t\t\t<div class=\"elementor-element elementor-element-ddbe937 elementor-widget elementor-widget-image\" data-id=\"ddbe937\" data-element_type=\"widget\" data-widget_type=\"image.default\">\n\t\t\t\t\t\t\t\t\t\t\t\t\t\t\t<img decoding=\"async\" width=\"1000\" height=\"1000\" src=\"https:\/\/www.iocharger.com\/wp-content\/uploads\/2025\/06\/dual-ports-ev-charger-post.webp\" class=\"attachment-full size-full wp-image-9802\" alt=\"dual ports ev lades\u00e4ule\" srcset=\"https:\/\/www.iocharger.com\/wp-content\/uploads\/2025\/06\/dual-ports-ev-charger-post.webp 1000w, https:\/\/www.iocharger.com\/wp-content\/uploads\/2025\/06\/dual-ports-ev-charger-post-300x300.webp 300w, https:\/\/www.iocharger.com\/wp-content\/uploads\/2025\/06\/dual-ports-ev-charger-post-150x150.webp 150w, https:\/\/www.iocharger.com\/wp-content\/uploads\/2025\/06\/dual-ports-ev-charger-post-768x768.webp 768w, https:\/\/www.iocharger.com\/wp-content\/uploads\/2025\/06\/dual-ports-ev-charger-post-12x12.webp 12w, https:\/\/www.iocharger.com\/wp-content\/uploads\/2025\/06\/dual-ports-ev-charger-post-285x285.webp 285w, https:\/\/www.iocharger.com\/wp-content\/uploads\/2025\/06\/dual-ports-ev-charger-post-270x270.webp 270w, https:\/\/www.iocharger.com\/wp-content\/uploads\/2025\/06\/dual-ports-ev-charger-post-540x540.webp 540w, https:\/\/www.iocharger.com\/wp-content\/uploads\/2025\/06\/dual-ports-ev-charger-post-660x660.webp 660w\" sizes=\"(max-width: 1000px) 100vw, 1000px\" \/>\t\t\t\t\t\t\t\t\t\t\t\t\t\t\t<\/div>\n\t\t\t\t\t<\/div>\n\t\t<\/div>\n\t\t\t\t<div class=\"elementor-column elementor-col-50 elementor-top-column elementor-element elementor-element-90eca43\" data-id=\"90eca43\" data-element_type=\"column\">\n\t\t\t<div class=\"elementor-widget-wrap elementor-element-populated\">\n\t\t\t\t\t\t<div class=\"elementor-element elementor-element-13a2eab elementor-widget elementor-widget-text-editor\" data-id=\"13a2eab\" data-element_type=\"widget\" data-widget_type=\"text-editor.default\">\n\t\t\t\t\t\t\t\t\t<h3>Zwei EVs gleichzeitig mit Strom versorgen<\/h3><p>Der IOCAP35 unterst\u00fctzt das gleichzeitige Aufladen von zwei Elektrofahrzeugen (EVs), wodurch die Effizienz der Ladestationen erheblich gesteigert und das Kundenerlebnis verbessert wird. Sein Design mit zwei Anschl\u00fcssen erh\u00f6ht die Servicekapazit\u00e4t, indem es die Wartezeiten verk\u00fcrzt und die Auslastung der Ger\u00e4te maximiert, wodurch das Umsatzpotenzial gesteigert wird. In Spitzenzeiten steuert das System auf intelligente Weise die Stromverteilung, um die Last auszugleichen, die Netzstabilit\u00e4t zu gew\u00e4hrleisten und gleichzeitig die Gesamtladegeschwindigkeit zu optimieren.<\/p>\t\t\t\t\t\t\t\t<\/div>\n\t\t\t\t\t<\/div>\n\t\t<\/div>\n\t\t\t\t\t<\/div>\n\t\t<\/section>\n\t\t\t\t<section class=\"elementor-section elementor-top-section elementor-element elementor-element-68cc48d elementor-section-boxed elementor-section-height-default elementor-section-height-default\" data-id=\"68cc48d\" data-element_type=\"section\">\n\t\t\t\t\t\t<div class=\"elementor-container elementor-column-gap-default\">\n\t\t\t\t\t<div class=\"elementor-column elementor-col-50 elementor-top-column elementor-element elementor-element-315ab35\" data-id=\"315ab35\" data-element_type=\"column\">\n\t\t\t<div class=\"elementor-widget-wrap elementor-element-populated\">\n\t\t\t\t\t\t<div class=\"elementor-element elementor-element-a1006df elementor-widget elementor-widget-text-editor\" data-id=\"a1006df\" data-element_type=\"widget\" data-widget_type=\"text-editor.default\">\n\t\t\t\t\t\t\t\t\t<h3>ISO15118 bereit f\u00fcr intelligenteres und sichereres Laden von Elektrofahrzeugen<\/h3><p>IOCAP35 ist vollst\u00e4ndig konform mit OCPP 1.6J &amp; 2.0.1 und ISO15118 Plug&amp;Charge, was es zu einer idealen Wahl f\u00fcr kommerzielle EV-Ladeanwendungen macht. Es erm\u00f6glicht eine nahtlose, intelligente Kommunikation zwischen dem Fahrzeug und dem Ladeger\u00e4t, unterst\u00fctzt eine automatische Authentifizierung und eine optimierte Bezahlung und bietet gleichzeitig eine hohe Datensicherheit. Mit fortschrittlichen Vehicle-to-Grid (V2G)-Funktionen tr\u00e4gt der IOCAP35 zu einem intelligenteren Netzmanagement und einer verbesserten Energieeffizienz bei. Sein hohes Ma\u00df an Interoperabilit\u00e4t gew\u00e4hrleistet die Kompatibilit\u00e4t mit einer breiten Palette von Elektrofahrzeugen und erm\u00f6glicht es Betreibern, ihre Ladenetzwerke m\u00fchelos zu erweitern.<\/p>\t\t\t\t\t\t\t\t<\/div>\n\t\t\t\t\t<\/div>\n\t\t<\/div>\n\t\t\t\t<div class=\"elementor-column elementor-col-50 elementor-top-column elementor-element elementor-element-0621132\" data-id=\"0621132\" data-element_type=\"column\">\n\t\t\t<div class=\"elementor-widget-wrap elementor-element-populated\">\n\t\t\t\t\t\t<div class=\"elementor-element elementor-element-3266632 elementor-widget elementor-widget-image\" data-id=\"3266632\" data-element_type=\"widget\" data-widget_type=\"image.default\">\n\t\t\t\t\t\t\t\t\t\t\t\t\t\t\t<img decoding=\"async\" width=\"1000\" height=\"1000\" src=\"https:\/\/www.iocharger.com\/wp-content\/uploads\/2025\/06\/iso15118-public-ev-charger.webp\" class=\"attachment-full size-full wp-image-9803\" alt=\"\" srcset=\"https:\/\/www.iocharger.com\/wp-content\/uploads\/2025\/06\/iso15118-public-ev-charger.webp 1000w, https:\/\/www.iocharger.com\/wp-content\/uploads\/2025\/06\/iso15118-public-ev-charger-300x300.webp 300w, https:\/\/www.iocharger.com\/wp-content\/uploads\/2025\/06\/iso15118-public-ev-charger-150x150.webp 150w, https:\/\/www.iocharger.com\/wp-content\/uploads\/2025\/06\/iso15118-public-ev-charger-768x768.webp 768w, https:\/\/www.iocharger.com\/wp-content\/uploads\/2025\/06\/iso15118-public-ev-charger-12x12.webp 12w, https:\/\/www.iocharger.com\/wp-content\/uploads\/2025\/06\/iso15118-public-ev-charger-285x285.webp 285w, https:\/\/www.iocharger.com\/wp-content\/uploads\/2025\/06\/iso15118-public-ev-charger-270x270.webp 270w, https:\/\/www.iocharger.com\/wp-content\/uploads\/2025\/06\/iso15118-public-ev-charger-540x540.webp 540w, https:\/\/www.iocharger.com\/wp-content\/uploads\/2025\/06\/iso15118-public-ev-charger-660x660.webp 660w\" sizes=\"(max-width: 1000px) 100vw, 1000px\" \/>\t\t\t\t\t\t\t\t\t\t\t\t\t\t\t<\/div>\n\t\t\t\t\t<\/div>\n\t\t<\/div>\n\t\t\t\t\t<\/div>\n\t\t<\/section>\n\t\t\t\t<section class=\"elementor-section elementor-top-section elementor-element elementor-element-9c3d70e elementor-section-boxed elementor-section-height-default elementor-section-height-default\" data-id=\"9c3d70e\" data-element_type=\"section\">\n\t\t\t\t\t\t<div class=\"elementor-container elementor-column-gap-default\">\n\t\t\t\t\t<div class=\"elementor-column elementor-col-50 elementor-top-column elementor-element elementor-element-4634541\" data-id=\"4634541\" data-element_type=\"column\">\n\t\t\t<div class=\"elementor-widget-wrap elementor-element-populated\">\n\t\t\t\t\t\t<div class=\"elementor-element elementor-element-2a23fde elementor-widget elementor-widget-image\" data-id=\"2a23fde\" data-element_type=\"widget\" data-widget_type=\"image.default\">\n\t\t\t\t\t\t\t\t\t\t\t\t\t\t\t<img loading=\"lazy\" decoding=\"async\" width=\"1000\" height=\"1000\" src=\"https:\/\/www.iocharger.com\/wp-content\/uploads\/2025\/06\/cost-visible-ev-charger.webp\" class=\"attachment-full size-full wp-image-9804\" alt=\"kosten sichtbares ev ladeger\u00e4t\" srcset=\"https:\/\/www.iocharger.com\/wp-content\/uploads\/2025\/06\/cost-visible-ev-charger.webp 1000w, https:\/\/www.iocharger.com\/wp-content\/uploads\/2025\/06\/cost-visible-ev-charger-300x300.webp 300w, https:\/\/www.iocharger.com\/wp-content\/uploads\/2025\/06\/cost-visible-ev-charger-150x150.webp 150w, https:\/\/www.iocharger.com\/wp-content\/uploads\/2025\/06\/cost-visible-ev-charger-768x768.webp 768w, https:\/\/www.iocharger.com\/wp-content\/uploads\/2025\/06\/cost-visible-ev-charger-12x12.webp 12w, https:\/\/www.iocharger.com\/wp-content\/uploads\/2025\/06\/cost-visible-ev-charger-285x285.webp 285w, https:\/\/www.iocharger.com\/wp-content\/uploads\/2025\/06\/cost-visible-ev-charger-270x270.webp 270w, https:\/\/www.iocharger.com\/wp-content\/uploads\/2025\/06\/cost-visible-ev-charger-540x540.webp 540w, https:\/\/www.iocharger.com\/wp-content\/uploads\/2025\/06\/cost-visible-ev-charger-660x660.webp 660w\" sizes=\"(max-width: 1000px) 100vw, 1000px\" \/>\t\t\t\t\t\t\t\t\t\t\t\t\t\t\t<\/div>\n\t\t\t\t\t<\/div>\n\t\t<\/div>\n\t\t\t\t<div class=\"elementor-column elementor-col-50 elementor-top-column elementor-element elementor-element-913c83f\" data-id=\"913c83f\" data-element_type=\"column\">\n\t\t\t<div class=\"elementor-widget-wrap elementor-element-populated\">\n\t\t\t\t\t\t<div class=\"elementor-element elementor-element-66b877b elementor-widget elementor-widget-text-editor\" data-id=\"66b877b\" data-element_type=\"widget\" data-widget_type=\"text-editor.default\">\n\t\t\t\t\t\t\t\t\t<h3>Smart Charging mit voller Kostentransparenz<\/h3><p>Mit der Unterst\u00fctzung von Tarif- und Kostenanzeigen bietet IOCAP35 dem Endkunden volle Preistransparenz und erh\u00f6ht so das Vertrauen und die Zufriedenheit w\u00e4hrend des Ladevorgangs. Die Echtzeit-Anzeige von Ladetarifen, Sitzungsdauer, Energieverbrauch und Gesamtkosten erm\u00f6glicht es E-Fahrern, vor und w\u00e4hrend des Ladens fundierte Entscheidungen zu treffen. F\u00fcr Betreiber gew\u00e4hrleistet diese Funktion die Einhaltung gesetzlicher Vorschriften in M\u00e4rkten, die eine Preisoffenlegung vorschreiben, und f\u00f6rdert ein professionelleres und benutzerfreundlicheres Ladeerlebnis. Eine klare Kostentransparenz verbessert nicht nur die Kundenbindung, sondern tr\u00e4gt auch dazu bei, Streitigkeiten zu vermeiden und den gesamten Ladevorgang effizienter und zuverl\u00e4ssiger zu gestalten.<\/p>\t\t\t\t\t\t\t\t<\/div>\n\t\t\t\t\t<\/div>\n\t\t<\/div>\n\t\t\t\t\t<\/div>\n\t\t<\/section>\n\t\t\t\t<section class=\"elementor-section elementor-top-section elementor-element elementor-element-32dd9d0 elementor-section-boxed elementor-section-height-default elementor-section-height-default\" data-id=\"32dd9d0\" data-element_type=\"section\">\n\t\t\t\t\t\t<div class=\"elementor-container elementor-column-gap-default\">\n\t\t\t\t\t<div class=\"elementor-column elementor-col-50 elementor-top-column elementor-element elementor-element-a9995c5\" data-id=\"a9995c5\" data-element_type=\"column\">\n\t\t\t<div class=\"elementor-widget-wrap elementor-element-populated\">\n\t\t\t\t\t\t<div class=\"elementor-element elementor-element-af63b86 elementor-widget elementor-widget-text-editor\" data-id=\"af63b86\" data-element_type=\"widget\" data-widget_type=\"text-editor.default\">\n\t\t\t\t\t\t\t\t\t<h3>Flexible und sichere Zahlungsoptionen<\/h3><p>Der IOCAP35 unterst\u00fctzt eine Vielzahl von Bezahlmethoden und bietet sowohl den Betreibern als auch den E-Fahrern au\u00dfergew\u00f6hnliche Flexibilit\u00e4t und Komfort. Ob \u00fcber RFID-Karten, mobile Apps, QR-Code-Scanning oder Kreditkartenzahlungen, er l\u00e4sst sich nahtlos in Zahlungsplattformen wie Nayax, Payter, PAX, Ingenico usw. integrieren. Diese Vielseitigkeit verbessert das Benutzererlebnis durch die Anpassung an unterschiedliche Pr\u00e4ferenzen und vereinfacht die Abl\u00e4ufe f\u00fcr Geb\u00fchrenanbieter. Mit schnellen, sicheren und intuitiven Transaktionen tr\u00e4gt es dazu bei, einen breiteren Kundenstamm zu gewinnen und einen reibungslosen, effizienten Abrechnungsprozess zu gew\u00e4hrleisten.<\/p>\t\t\t\t\t\t\t\t<\/div>\n\t\t\t\t\t<\/div>\n\t\t<\/div>\n\t\t\t\t<div class=\"elementor-column elementor-col-50 elementor-top-column elementor-element elementor-element-7455d4e\" data-id=\"7455d4e\" data-element_type=\"column\">\n\t\t\t<div class=\"elementor-widget-wrap elementor-element-populated\">\n\t\t\t\t\t\t<div class=\"elementor-element elementor-element-ee917e6 elementor-widget elementor-widget-image\" data-id=\"ee917e6\" data-element_type=\"widget\" data-widget_type=\"image.default\">\n\t\t\t\t\t\t\t\t\t\t\t\t\t\t\t<img loading=\"lazy\" decoding=\"async\" width=\"1000\" height=\"1000\" src=\"https:\/\/www.iocharger.com\/wp-content\/uploads\/2025\/06\/iso15118-plug-and-charge-pedestal-ev-charger.webp\" class=\"attachment-full size-full wp-image-9805\" alt=\"iso15118 stecker und lades\u00e4ule ev ladeger\u00e4t\" srcset=\"https:\/\/www.iocharger.com\/wp-content\/uploads\/2025\/06\/iso15118-plug-and-charge-pedestal-ev-charger.webp 1000w, https:\/\/www.iocharger.com\/wp-content\/uploads\/2025\/06\/iso15118-plug-and-charge-pedestal-ev-charger-300x300.webp 300w, https:\/\/www.iocharger.com\/wp-content\/uploads\/2025\/06\/iso15118-plug-and-charge-pedestal-ev-charger-150x150.webp 150w, https:\/\/www.iocharger.com\/wp-content\/uploads\/2025\/06\/iso15118-plug-and-charge-pedestal-ev-charger-768x768.webp 768w, https:\/\/www.iocharger.com\/wp-content\/uploads\/2025\/06\/iso15118-plug-and-charge-pedestal-ev-charger-12x12.webp 12w, https:\/\/www.iocharger.com\/wp-content\/uploads\/2025\/06\/iso15118-plug-and-charge-pedestal-ev-charger-285x285.webp 285w, https:\/\/www.iocharger.com\/wp-content\/uploads\/2025\/06\/iso15118-plug-and-charge-pedestal-ev-charger-270x270.webp 270w, https:\/\/www.iocharger.com\/wp-content\/uploads\/2025\/06\/iso15118-plug-and-charge-pedestal-ev-charger-540x540.webp 540w, https:\/\/www.iocharger.com\/wp-content\/uploads\/2025\/06\/iso15118-plug-and-charge-pedestal-ev-charger-660x660.webp 660w\" sizes=\"(max-width: 1000px) 100vw, 1000px\" \/>\t\t\t\t\t\t\t\t\t\t\t\t\t\t\t<\/div>\n\t\t\t\t\t<\/div>\n\t\t<\/div>\n\t\t\t\t\t<\/div>\n\t\t<\/section>\n\t\t\t\t<\/div>","protected":false},"excerpt":{"rendered":"<div class=\"pro_main_text clearfix\">\n<div class=\"pro_main_text clearfix\">\n<div class=\"pro_main_text clearfix\">\n<div class=\"pro_main_text clearfix\">\n<div class=\"pro_main_text clearfix\">\n<p>IOCAP35 ist ein neu ver\u00f6ffentlichtes EV-Ladeger\u00e4t-Modell mit neuem Design, aber immer noch mit hoher Leistung und zuverl\u00e4ssiger Qualit\u00e4t als unsere Tradition. Eine weitere gute Wahl f\u00fcr Parkpl\u00e4tze, Arbeitspl\u00e4tze und Flotten-EV-Ladeanwendungen.<\/p>\n<p>Modell: IOCAP35<\/p>\n<ul>\n<li>Eingangsleistung: 1-phasig 230V\u00b120% ; 3-phasig 400V\u00b120%<\/li>\n<li>Ausgangsleistung: 1-phasig 2 x 7kW 32A ; 3-phasig 2 x 22kW 32A<\/li>\n<li>Interner FI-Schutzschalter: 2 x Typ-B RCCB<\/li>\n<li>Anzeige: 7\u201d LCD oder 7\u201d Touchscreen optional<\/li>\n<li>Meter: 2 x MID Meter<\/li>\n<li>Zertifikat: CE, PTB(Eichrecht)<\/li>\n<li>Netzwerk-Schnittstelle: Ethernet\/ WiFi\/ 4G Smart Internet Verbindung<\/li>\n<li>OCPP: Vollst\u00e4ndige Unterst\u00fctzung von OCPP 1.6J\/ OCPP 2.0.1<\/li>\n<li>Schutz gegen Eindringen: IP55<\/li>\n<li>Versand Abmessungen: 1320 x 350 x 200 mm<\/li>\n<li>Ladeschnittstelle: SAE J1772 &amp; Typ-2 Kabel\/ Typ-2 Buchse\/ T2S Buchse mit Shutter<\/li>\n<li>Montageart: Boden<\/li>\n<\/ul>\n<\/div>\n<\/div>\n<\/div>\n<\/div>\n<\/div>","protected":false},"featured_media":9794,"template":"","meta":{"_acf_changed":false},"product_brand":[],"product_cat":[61],"product_tag":[105,106,107],"class_list":{"0":"post-7248","1":"product","2":"type-product","3":"status-publish","4":"has-post-thumbnail","6":"product_cat-commercial-ev-charger","7":"product_tag-dual-ports-pedestal-ac-ev-charger","8":"product_tag-dual-ports-pedestal-ev-charger","9":"product_tag-pedestal-ac-ev-charger","11":"first","12":"instock","13":"featured","14":"shipping-taxable","15":"product-type-simple"},"acf":[],"_links":{"self":[{"href":"https:\/\/www.iocharger.com\/de\/wp-json\/wp\/v2\/product\/7248","targetHints":{"allow":["GET"]}}],"collection":[{"href":"https:\/\/www.iocharger.com\/de\/wp-json\/wp\/v2\/product"}],"about":[{"href":"https:\/\/www.iocharger.com\/de\/wp-json\/wp\/v2\/types\/product"}],"version-history":[{"count":5,"href":"https:\/\/www.iocharger.com\/de\/wp-json\/wp\/v2\/product\/7248\/revisions"}],"predecessor-version":[{"id":9808,"href":"https:\/\/www.iocharger.com\/de\/wp-json\/wp\/v2\/product\/7248\/revisions\/9808"}],"wp:featuredmedia":[{"embeddable":true,"href":"https:\/\/www.iocharger.com\/de\/wp-json\/wp\/v2\/media\/9794"}],"wp:attachment":[{"href":"https:\/\/www.iocharger.com\/de\/wp-json\/wp\/v2\/media?parent=7248"}],"wp:term":[{"taxonomy":"product_brand","embeddable":true,"href":"https:\/\/www.iocharger.com\/de\/wp-json\/wp\/v2\/product_brand?post=7248"},{"taxonomy":"product_cat","embeddable":true,"href":"https:\/\/www.iocharger.com\/de\/wp-json\/wp\/v2\/product_cat?post=7248"},{"taxonomy":"product_tag","embeddable":true,"href":"https:\/\/www.iocharger.com\/de\/wp-json\/wp\/v2\/product_tag?post=7248"}],"curies":[{"name":"wp","href":"https:\/\/api.w.org\/{rel}","templated":true}]}}