{"id":7242,"date":"2025-06-04T14:42:08","date_gmt":"2025-06-04T06:42:08","guid":{"rendered":"https:\/\/www.iocharger.com\/?post_type=product&#038;p=7242"},"modified":"2026-04-09T09:12:54","modified_gmt":"2026-04-09T09:12:54","slug":"public-dual-ac-wallbox-2x22kw","status":"publish","type":"product","link":"https:\/\/www.iocharger.com\/de\/public-dual-ac-wallbox-2x22kw\/","title":{"rendered":"\u00d6ffentliche Dual-AC-Wallbox 2x22 kW ISO15118 Plug&amp;Charge OCPP1.6J &amp; 2.0.1-konform"},"content":{"rendered":"<div data-elementor-type=\"product-post\" data-elementor-id=\"7242\" class=\"elementor elementor-7242\" data-elementor-post-type=\"product\">\n\t\t\t\t\t\t<section class=\"elementor-section elementor-top-section elementor-element elementor-element-a293c89 elementor-section-boxed elementor-section-height-default elementor-section-height-default\" data-id=\"a293c89\" data-element_type=\"section\">\n\t\t\t\t\t\t<div class=\"elementor-container elementor-column-gap-default\">\n\t\t\t\t\t<div class=\"elementor-column elementor-col-100 elementor-top-column elementor-element elementor-element-186a873\" data-id=\"186a873\" data-element_type=\"column\">\n\t\t\t<div class=\"elementor-widget-wrap elementor-element-populated\">\n\t\t\t\t\t\t<div class=\"elementor-element elementor-element-bc78920 elementor-widget elementor-widget-text-editor\" data-id=\"bc78920\" data-element_type=\"widget\" data-widget_type=\"text-editor.default\">\n\t\t\t\t\t\t\t\t\t<p>IOCAW31 ist eine zuverl\u00e4ssige, \u00f6ffentliche AC-Wallbox mit zwei Anschl\u00fcssen, die f\u00fcr kommerzielle Umgebungen wie Parkpl\u00e4tze, Fuhrparks und Arbeitspl\u00e4tze entwickelt wurde. Jeder Anschluss liefert bis zu 22 kW gleichzeitig und eignet sich damit hervorragend f\u00fcr stark frequentierte Bereiche, in denen Effizienz wichtig ist. Das kompakte Design f\u00fcr die Wandmontage reduziert die Installationskomplexit\u00e4t und die Infrastrukturkosten. Er ist vollst\u00e4ndig konform mit OCPP 1.6J und 2.0.1 und l\u00e4sst sich nahtlos in jede OCPP-Plattform eines Drittanbieters f\u00fcr intelligentes Management und Fernbetrieb integrieren.<\/p>\t\t\t\t\t\t\t\t<\/div>\n\t\t\t\t\t<\/div>\n\t\t<\/div>\n\t\t\t\t\t<\/div>\n\t\t<\/section>\n\t\t\t\t<section class=\"elementor-section elementor-top-section elementor-element elementor-element-942e1ab elementor-section-boxed elementor-section-height-default elementor-section-height-default\" data-id=\"942e1ab\" data-element_type=\"section\">\n\t\t\t\t\t\t<div class=\"elementor-container elementor-column-gap-default\">\n\t\t\t\t\t<div class=\"elementor-column elementor-col-50 elementor-top-column elementor-element elementor-element-c9112d8\" data-id=\"c9112d8\" data-element_type=\"column\">\n\t\t\t<div class=\"elementor-widget-wrap elementor-element-populated\">\n\t\t\t\t\t\t<div class=\"elementor-element elementor-element-d159d11 elementor-widget elementor-widget-text-editor\" data-id=\"d159d11\" data-element_type=\"widget\" data-widget_type=\"text-editor.default\">\n\t\t\t\t\t\t\t\t\t<h3><strong><b>Hauptseite<\/b><\/strong> Eigenschaften\uff1a<\/h3><ul><li>Kompatibel mit allen EVs und Stromnetzen<\/li><li>Design mit zwei Anschl\u00fcssen<\/li><li>2 x MID-Meter<\/li><li>Flexible Ausgangsstrom-\/Leistungskonfiguration<\/li><li>Unterst\u00fctzung f\u00fcr intelligente dynamische Lastverteilung<\/li><li>Benutzerauthentifizierung \u00fcber RFID oder Mobile App<\/li><li>Benutzerfreundliches Webportal f\u00fcr die Konfiguration des Ladeger\u00e4ts<\/li><li>Fernsteuerung und \u00dcberwachung<\/li><li>Typ-A &amp; 6mA DC Leckstromschutz<\/li><\/ul>\t\t\t\t\t\t\t\t<\/div>\n\t\t\t\t\t<\/div>\n\t\t<\/div>\n\t\t\t\t<div class=\"elementor-column elementor-col-50 elementor-top-column elementor-element elementor-element-8b79c92\" data-id=\"8b79c92\" data-element_type=\"column\">\n\t\t\t<div class=\"elementor-widget-wrap elementor-element-populated\">\n\t\t\t\t\t\t<div class=\"elementor-element elementor-element-5257be1 elementor-widget elementor-widget-image\" data-id=\"5257be1\" data-element_type=\"widget\" data-widget_type=\"image.default\">\n\t\t\t\t\t\t\t\t\t\t\t\t\t\t\t<img fetchpriority=\"high\" decoding=\"async\" width=\"1000\" height=\"1000\" src=\"https:\/\/www.iocharger.com\/wp-content\/uploads\/2025\/06\/dual-ac-charger.webp\" class=\"attachment-full size-full wp-image-9782\" alt=\"dual ac charger\" srcset=\"https:\/\/www.iocharger.com\/wp-content\/uploads\/2025\/06\/dual-ac-charger.webp 1000w, https:\/\/www.iocharger.com\/wp-content\/uploads\/2025\/06\/dual-ac-charger-300x300.webp 300w, https:\/\/www.iocharger.com\/wp-content\/uploads\/2025\/06\/dual-ac-charger-150x150.webp 150w, https:\/\/www.iocharger.com\/wp-content\/uploads\/2025\/06\/dual-ac-charger-768x768.webp 768w, https:\/\/www.iocharger.com\/wp-content\/uploads\/2025\/06\/dual-ac-charger-12x12.webp 12w, https:\/\/www.iocharger.com\/wp-content\/uploads\/2025\/06\/dual-ac-charger-285x285.webp 285w, https:\/\/www.iocharger.com\/wp-content\/uploads\/2025\/06\/dual-ac-charger-270x270.webp 270w, https:\/\/www.iocharger.com\/wp-content\/uploads\/2025\/06\/dual-ac-charger-540x540.webp 540w, https:\/\/www.iocharger.com\/wp-content\/uploads\/2025\/06\/dual-ac-charger-660x660.webp 660w\" sizes=\"(max-width: 1000px) 100vw, 1000px\" \/>\t\t\t\t\t\t\t\t\t\t\t\t\t\t\t<\/div>\n\t\t\t\t\t<\/div>\n\t\t<\/div>\n\t\t\t\t\t<\/div>\n\t\t<\/section>\n\t\t\t\t<section class=\"elementor-section elementor-top-section elementor-element elementor-element-9603aec elementor-section-boxed elementor-section-height-default elementor-section-height-default\" data-id=\"9603aec\" data-element_type=\"section\">\n\t\t\t\t\t\t<div class=\"elementor-container elementor-column-gap-default\">\n\t\t\t\t\t<div class=\"elementor-column elementor-col-50 elementor-top-column elementor-element elementor-element-eee12a2\" data-id=\"eee12a2\" data-element_type=\"column\">\n\t\t\t<div class=\"elementor-widget-wrap elementor-element-populated\">\n\t\t\t\t\t\t<div class=\"elementor-element elementor-element-6a87b62 elementor-widget elementor-widget-image\" data-id=\"6a87b62\" data-element_type=\"widget\" data-widget_type=\"image.default\">\n\t\t\t\t\t\t\t\t\t\t\t\t\t\t\t<img decoding=\"async\" width=\"1000\" height=\"1000\" src=\"https:\/\/www.iocharger.com\/wp-content\/uploads\/2025\/06\/ac-wallbox-dual-ports.webp\" class=\"attachment-full size-full wp-image-9783\" alt=\"ac wallbox dual ports\" srcset=\"https:\/\/www.iocharger.com\/wp-content\/uploads\/2025\/06\/ac-wallbox-dual-ports.webp 1000w, https:\/\/www.iocharger.com\/wp-content\/uploads\/2025\/06\/ac-wallbox-dual-ports-300x300.webp 300w, https:\/\/www.iocharger.com\/wp-content\/uploads\/2025\/06\/ac-wallbox-dual-ports-150x150.webp 150w, https:\/\/www.iocharger.com\/wp-content\/uploads\/2025\/06\/ac-wallbox-dual-ports-768x768.webp 768w, https:\/\/www.iocharger.com\/wp-content\/uploads\/2025\/06\/ac-wallbox-dual-ports-12x12.webp 12w, https:\/\/www.iocharger.com\/wp-content\/uploads\/2025\/06\/ac-wallbox-dual-ports-285x285.webp 285w, https:\/\/www.iocharger.com\/wp-content\/uploads\/2025\/06\/ac-wallbox-dual-ports-270x270.webp 270w, https:\/\/www.iocharger.com\/wp-content\/uploads\/2025\/06\/ac-wallbox-dual-ports-540x540.webp 540w, https:\/\/www.iocharger.com\/wp-content\/uploads\/2025\/06\/ac-wallbox-dual-ports-660x660.webp 660w\" sizes=\"(max-width: 1000px) 100vw, 1000px\" \/>\t\t\t\t\t\t\t\t\t\t\t\t\t\t\t<\/div>\n\t\t\t\t\t<\/div>\n\t\t<\/div>\n\t\t\t\t<div class=\"elementor-column elementor-col-50 elementor-top-column elementor-element elementor-element-5b864db\" data-id=\"5b864db\" data-element_type=\"column\">\n\t\t\t<div class=\"elementor-widget-wrap elementor-element-populated\">\n\t\t\t\t\t\t<div class=\"elementor-element elementor-element-4788f4e elementor-widget elementor-widget-text-editor\" data-id=\"4788f4e\" data-element_type=\"widget\" data-widget_type=\"text-editor.default\">\n\t\t\t\t\t\t\t\t\t<h3><strong><b>Ideal f\u00fcr Standorte mit hoher Auslastung<\/b><\/strong><\/h3><p class=\"\">Die IOCAW31 wurde f\u00fcr Bereiche mit begrenzter Netzkapazit\u00e4t und hohem EV-Verkehr entwickelt, wie z. B. Fuhrparkdepots, Wohnh\u00e4user und Arbeitspl\u00e4tze. Die AC-Wallbox mit zwei Anschl\u00fcssen maximiert die Energiebereitstellung pro Quadratmeter und minimiert gleichzeitig die Infrastruktur-Upgrades. Das robuste Geh\u00e4use aus Edelstahl 304 ist witterungsbest\u00e4ndig und vandalismusgesch\u00fctzt und gew\u00e4hrleistet eine lange Lebensdauer und minimalen Wartungsaufwand, was sie ideal f\u00fcr \u00f6ffentliche und halb\u00f6ffentliche Bereiche macht.<\/p>\t\t\t\t\t\t\t\t<\/div>\n\t\t\t\t\t<\/div>\n\t\t<\/div>\n\t\t\t\t\t<\/div>\n\t\t<\/section>\n\t\t\t\t<section class=\"elementor-section elementor-top-section elementor-element elementor-element-67a4712 elementor-section-boxed elementor-section-height-default elementor-section-height-default\" data-id=\"67a4712\" data-element_type=\"section\">\n\t\t\t\t\t\t<div class=\"elementor-container elementor-column-gap-default\">\n\t\t\t\t\t<div class=\"elementor-column elementor-col-50 elementor-top-column elementor-element elementor-element-351a9a2\" data-id=\"351a9a2\" data-element_type=\"column\">\n\t\t\t<div class=\"elementor-widget-wrap elementor-element-populated\">\n\t\t\t\t\t\t<div class=\"elementor-element elementor-element-7ee3b45 elementor-widget elementor-widget-text-editor\" data-id=\"7ee3b45\" data-element_type=\"widget\" data-widget_type=\"text-editor.default\">\n\t\t\t\t\t\t\t\t\t<h3><strong>Interaktive Anzeige und intelligente Abrechnung<\/strong><\/h3><p>Der 7-Zoll-LCD-Bildschirm zeigt den Ladestatus, QR-Code-Aufforderungen und wichtige Sitzungsdetails klar und in Echtzeit an. Ein optionales Touchscreen-Upgrade bietet ein intuitiveres, interaktives Erlebnis, ideal f\u00fcr gesch\u00e4ftliche Umgebungen.<br \/>Mit der Unterst\u00fctzung von Tarif- und Kostenanzeige erm\u00f6glicht IOCAW31 ein intelligentes Geb\u00fchrenmanagement. Legen Sie dynamische Tarife nach Zeit, Benutzer oder Standort fest, starten Sie Werbeaktionen und automatisieren Sie die Abrechnung \u00fcber OCPP oder Zahlungsplattformen von Drittanbietern. Maximieren Sie die Betriebszeit, gewinnen Sie mehr Nutzer und verwandeln Sie jedes Kilowatt in Umsatz.<\/p>\t\t\t\t\t\t\t\t<\/div>\n\t\t\t\t\t<\/div>\n\t\t<\/div>\n\t\t\t\t<div class=\"elementor-column elementor-col-50 elementor-top-column elementor-element elementor-element-0935c28\" data-id=\"0935c28\" data-element_type=\"column\">\n\t\t\t<div class=\"elementor-widget-wrap elementor-element-populated\">\n\t\t\t\t\t\t<div class=\"elementor-element elementor-element-c396476 elementor-widget elementor-widget-image\" data-id=\"c396476\" data-element_type=\"widget\" data-widget_type=\"image.default\">\n\t\t\t\t\t\t\t\t\t\t\t\t\t\t\t<img decoding=\"async\" width=\"1000\" height=\"1000\" src=\"https:\/\/www.iocharger.com\/wp-content\/uploads\/2025\/06\/dual-ac-wallbox-touch-display.jpg\" class=\"attachment-full size-full wp-image-9784\" alt=\"dual ac wallbox touch display\" srcset=\"https:\/\/www.iocharger.com\/wp-content\/uploads\/2025\/06\/dual-ac-wallbox-touch-display.jpg 1000w, https:\/\/www.iocharger.com\/wp-content\/uploads\/2025\/06\/dual-ac-wallbox-touch-display-300x300.jpg 300w, https:\/\/www.iocharger.com\/wp-content\/uploads\/2025\/06\/dual-ac-wallbox-touch-display-150x150.jpg 150w, https:\/\/www.iocharger.com\/wp-content\/uploads\/2025\/06\/dual-ac-wallbox-touch-display-768x768.jpg 768w, https:\/\/www.iocharger.com\/wp-content\/uploads\/2025\/06\/dual-ac-wallbox-touch-display-12x12.jpg 12w, https:\/\/www.iocharger.com\/wp-content\/uploads\/2025\/06\/dual-ac-wallbox-touch-display-285x285.jpg 285w, https:\/\/www.iocharger.com\/wp-content\/uploads\/2025\/06\/dual-ac-wallbox-touch-display-270x270.jpg 270w, https:\/\/www.iocharger.com\/wp-content\/uploads\/2025\/06\/dual-ac-wallbox-touch-display-540x540.jpg 540w, https:\/\/www.iocharger.com\/wp-content\/uploads\/2025\/06\/dual-ac-wallbox-touch-display-660x660.jpg 660w\" sizes=\"(max-width: 1000px) 100vw, 1000px\" \/>\t\t\t\t\t\t\t\t\t\t\t\t\t\t\t<\/div>\n\t\t\t\t\t<\/div>\n\t\t<\/div>\n\t\t\t\t\t<\/div>\n\t\t<\/section>\n\t\t\t\t<section class=\"elementor-section elementor-top-section elementor-element elementor-element-58c5698 elementor-section-boxed elementor-section-height-default elementor-section-height-default\" data-id=\"58c5698\" data-element_type=\"section\">\n\t\t\t\t\t\t<div class=\"elementor-container elementor-column-gap-default\">\n\t\t\t\t\t<div class=\"elementor-column elementor-col-50 elementor-top-column elementor-element elementor-element-645d292\" data-id=\"645d292\" data-element_type=\"column\">\n\t\t\t<div class=\"elementor-widget-wrap elementor-element-populated\">\n\t\t\t\t\t\t<div class=\"elementor-element elementor-element-c4775bf elementor-widget elementor-widget-image\" data-id=\"c4775bf\" data-element_type=\"widget\" data-widget_type=\"image.default\">\n\t\t\t\t\t\t\t\t\t\t\t\t\t\t\t<img loading=\"lazy\" decoding=\"async\" width=\"1000\" height=\"1000\" src=\"https:\/\/www.iocharger.com\/wp-content\/uploads\/2025\/06\/dual-ac-charger-post-payment.webp\" class=\"attachment-full size-full wp-image-9785\" alt=\"\" srcset=\"https:\/\/www.iocharger.com\/wp-content\/uploads\/2025\/06\/dual-ac-charger-post-payment.webp 1000w, https:\/\/www.iocharger.com\/wp-content\/uploads\/2025\/06\/dual-ac-charger-post-payment-300x300.webp 300w, https:\/\/www.iocharger.com\/wp-content\/uploads\/2025\/06\/dual-ac-charger-post-payment-150x150.webp 150w, https:\/\/www.iocharger.com\/wp-content\/uploads\/2025\/06\/dual-ac-charger-post-payment-768x768.webp 768w, https:\/\/www.iocharger.com\/wp-content\/uploads\/2025\/06\/dual-ac-charger-post-payment-12x12.webp 12w, https:\/\/www.iocharger.com\/wp-content\/uploads\/2025\/06\/dual-ac-charger-post-payment-285x285.webp 285w, https:\/\/www.iocharger.com\/wp-content\/uploads\/2025\/06\/dual-ac-charger-post-payment-270x270.webp 270w, https:\/\/www.iocharger.com\/wp-content\/uploads\/2025\/06\/dual-ac-charger-post-payment-540x540.webp 540w, https:\/\/www.iocharger.com\/wp-content\/uploads\/2025\/06\/dual-ac-charger-post-payment-660x660.webp 660w\" sizes=\"(max-width: 1000px) 100vw, 1000px\" \/>\t\t\t\t\t\t\t\t\t\t\t\t\t\t\t<\/div>\n\t\t\t\t\t<\/div>\n\t\t<\/div>\n\t\t\t\t<div class=\"elementor-column elementor-col-50 elementor-top-column elementor-element elementor-element-49aa57d\" data-id=\"49aa57d\" data-element_type=\"column\">\n\t\t\t<div class=\"elementor-widget-wrap elementor-element-populated\">\n\t\t\t\t\t\t<div class=\"elementor-element elementor-element-4c21c78 elementor-widget elementor-widget-text-editor\" data-id=\"4c21c78\" data-element_type=\"widget\" data-widget_type=\"text-editor.default\">\n\t\t\t\t\t\t\t\t\t<h3>Flexible und sichere Zahlungsoptionen<strong><b><br \/><\/b><\/strong><\/h3><p>Das IOCAW31 unterst\u00fctzt eine breite Palette von Zahlungsmethoden, um den verschiedenen Benutzerpr\u00e4ferenzen gerecht zu werden. Von RFID-Karten und Online-Zahlungen \u00fcber mobile Apps bis hin zur Integration von POS-Terminals wie Nayax und Payter Apollo sorgt es daf\u00fcr, dass jeder Ladevorgang schnell, bequem und problemlos verl\u00e4uft. Es wurde f\u00fcr \u00f6ffentliche und halb\u00f6ffentliche Ladeumgebungen entwickelt und bietet ein nahtloses, sicheres Zahlungserlebnis, das das Vertrauen und die Zufriedenheit der Nutzer st\u00e4rkt.<\/p>\t\t\t\t\t\t\t\t<\/div>\n\t\t\t\t\t<\/div>\n\t\t<\/div>\n\t\t\t\t\t<\/div>\n\t\t<\/section>\n\t\t\t\t<section class=\"elementor-section elementor-top-section elementor-element elementor-element-68596d1 elementor-section-boxed elementor-section-height-default elementor-section-height-default\" data-id=\"68596d1\" data-element_type=\"section\">\n\t\t\t\t\t\t<div class=\"elementor-container elementor-column-gap-default\">\n\t\t\t\t\t<div class=\"elementor-column elementor-col-50 elementor-top-column elementor-element elementor-element-ffdab4a\" data-id=\"ffdab4a\" data-element_type=\"column\">\n\t\t\t<div class=\"elementor-widget-wrap elementor-element-populated\">\n\t\t\t\t\t\t<div class=\"elementor-element elementor-element-4e9f21b elementor-widget elementor-widget-text-editor\" data-id=\"4e9f21b\" data-element_type=\"widget\" data-widget_type=\"text-editor.default\">\n\t\t\t\t\t\t\t\t\t<h3>Umfassende OCPP 1.6J &amp; 2.0.1 Kompatibilit\u00e4t<\/h3><p>IOCAW31 unterst\u00fctzt die vollst\u00e4ndigen OCPP-Profile 1.6J und 2.0.1, was eine nahtlose Integration mit jeder Standard-OCPP-Plattform von Drittanbietern erm\u00f6glicht. Es erm\u00f6glicht Fernkonfiguration, Benutzerverwaltung, Fehlerdiagnose und Echtzeit\u00fcberwachung, wodurch der Betrieb rationalisiert und die Wartung vereinfacht wird, um die Effizienz zu steigern.<\/p>\t\t\t\t\t\t\t\t<\/div>\n\t\t\t\t\t<\/div>\n\t\t<\/div>\n\t\t\t\t<div class=\"elementor-column elementor-col-50 elementor-top-column elementor-element elementor-element-a3a7422\" data-id=\"a3a7422\" data-element_type=\"column\">\n\t\t\t<div class=\"elementor-widget-wrap elementor-element-populated\">\n\t\t\t\t\t\t<div class=\"elementor-element elementor-element-000009d elementor-widget elementor-widget-image\" data-id=\"000009d\" data-element_type=\"widget\" data-widget_type=\"image.default\">\n\t\t\t\t\t\t\t\t\t\t\t\t\t\t\t<img loading=\"lazy\" decoding=\"async\" width=\"1000\" height=\"1000\" src=\"https:\/\/www.iocharger.com\/wp-content\/uploads\/2025\/06\/ocpp-dual-ac-wallbox-iso15118.webp\" class=\"attachment-full size-full wp-image-9786\" alt=\"ocpp dual ac wallbox iso15118\" srcset=\"https:\/\/www.iocharger.com\/wp-content\/uploads\/2025\/06\/ocpp-dual-ac-wallbox-iso15118.webp 1000w, https:\/\/www.iocharger.com\/wp-content\/uploads\/2025\/06\/ocpp-dual-ac-wallbox-iso15118-300x300.webp 300w, https:\/\/www.iocharger.com\/wp-content\/uploads\/2025\/06\/ocpp-dual-ac-wallbox-iso15118-150x150.webp 150w, https:\/\/www.iocharger.com\/wp-content\/uploads\/2025\/06\/ocpp-dual-ac-wallbox-iso15118-768x768.webp 768w, https:\/\/www.iocharger.com\/wp-content\/uploads\/2025\/06\/ocpp-dual-ac-wallbox-iso15118-12x12.webp 12w, https:\/\/www.iocharger.com\/wp-content\/uploads\/2025\/06\/ocpp-dual-ac-wallbox-iso15118-285x285.webp 285w, https:\/\/www.iocharger.com\/wp-content\/uploads\/2025\/06\/ocpp-dual-ac-wallbox-iso15118-270x270.webp 270w, https:\/\/www.iocharger.com\/wp-content\/uploads\/2025\/06\/ocpp-dual-ac-wallbox-iso15118-540x540.webp 540w, https:\/\/www.iocharger.com\/wp-content\/uploads\/2025\/06\/ocpp-dual-ac-wallbox-iso15118-660x660.webp 660w\" sizes=\"(max-width: 1000px) 100vw, 1000px\" \/>\t\t\t\t\t\t\t\t\t\t\t\t\t\t\t<\/div>\n\t\t\t\t\t<\/div>\n\t\t<\/div>\n\t\t\t\t\t<\/div>\n\t\t<\/section>\n\t\t\t\t<section class=\"elementor-section elementor-top-section elementor-element elementor-element-eecce5d elementor-section-boxed elementor-section-height-default elementor-section-height-default\" data-id=\"eecce5d\" data-element_type=\"section\">\n\t\t\t\t\t\t<div class=\"elementor-container elementor-column-gap-default\">\n\t\t\t\t\t<div class=\"elementor-column elementor-col-50 elementor-top-column elementor-element elementor-element-9801f75\" data-id=\"9801f75\" data-element_type=\"column\">\n\t\t\t<div class=\"elementor-widget-wrap elementor-element-populated\">\n\t\t\t\t\t\t<div class=\"elementor-element elementor-element-6ad4643 elementor-widget elementor-widget-image\" data-id=\"6ad4643\" data-element_type=\"widget\" data-widget_type=\"image.default\">\n\t\t\t\t\t\t\t\t\t\t\t\t\t\t\t<img loading=\"lazy\" decoding=\"async\" width=\"1000\" height=\"1000\" src=\"https:\/\/www.iocharger.com\/wp-content\/uploads\/2025\/06\/solar-dual-ac-wallbox-charger.webp\" class=\"attachment-full size-full wp-image-9787\" alt=\"solar dual ac wallbox charger\" srcset=\"https:\/\/www.iocharger.com\/wp-content\/uploads\/2025\/06\/solar-dual-ac-wallbox-charger.webp 1000w, https:\/\/www.iocharger.com\/wp-content\/uploads\/2025\/06\/solar-dual-ac-wallbox-charger-300x300.webp 300w, https:\/\/www.iocharger.com\/wp-content\/uploads\/2025\/06\/solar-dual-ac-wallbox-charger-150x150.webp 150w, https:\/\/www.iocharger.com\/wp-content\/uploads\/2025\/06\/solar-dual-ac-wallbox-charger-768x768.webp 768w, https:\/\/www.iocharger.com\/wp-content\/uploads\/2025\/06\/solar-dual-ac-wallbox-charger-12x12.webp 12w, https:\/\/www.iocharger.com\/wp-content\/uploads\/2025\/06\/solar-dual-ac-wallbox-charger-285x285.webp 285w, https:\/\/www.iocharger.com\/wp-content\/uploads\/2025\/06\/solar-dual-ac-wallbox-charger-270x270.webp 270w, https:\/\/www.iocharger.com\/wp-content\/uploads\/2025\/06\/solar-dual-ac-wallbox-charger-540x540.webp 540w, https:\/\/www.iocharger.com\/wp-content\/uploads\/2025\/06\/solar-dual-ac-wallbox-charger-660x660.webp 660w\" sizes=\"(max-width: 1000px) 100vw, 1000px\" \/>\t\t\t\t\t\t\t\t\t\t\t\t\t\t\t<\/div>\n\t\t\t\t\t<\/div>\n\t\t<\/div>\n\t\t\t\t<div class=\"elementor-column elementor-col-50 elementor-top-column elementor-element elementor-element-7d0d631\" data-id=\"7d0d631\" data-element_type=\"column\">\n\t\t\t<div class=\"elementor-widget-wrap elementor-element-populated\">\n\t\t\t\t\t\t<div class=\"elementor-element elementor-element-bb1f515 elementor-widget elementor-widget-text-editor\" data-id=\"bb1f515\" data-element_type=\"widget\" data-widget_type=\"text-editor.default\">\n\t\t\t\t\t\t\t\t\t<h3>Dynamischer Lastausgleich f\u00fcr optimales Energiemanagement<\/h3><p>Das IOCAW31 verf\u00fcgt \u00fcber einen fortschrittlichen dynamischen Lastausgleich und passt die Ladeleistung automatisch an die Netzkapazit\u00e4t und den Echtzeitbedarf an. Es l\u00e4sst sich auch mit intelligenten Energiequellen wie Solar- und Energiespeichersystemen integrieren, um eine \u00dcberlastung des Netzes und einen \u00dcberstrom der Ger\u00e4te zu verhindern. Dadurch wird die Energienutzung maximiert und gleichzeitig ein zuverl\u00e4ssiger, effizienter Betrieb sichergestellt. Das Ger\u00e4t ist ideal f\u00fcr Fuhrparkdepots, Wohnkomplexe und Umgebungen mit mehreren Ladestellen und bietet eine nachhaltige und intelligente Ladel\u00f6sung.<\/p>\t\t\t\t\t\t\t\t<\/div>\n\t\t\t\t\t<\/div>\n\t\t<\/div>\n\t\t\t\t\t<\/div>\n\t\t<\/section>\n\t\t\t\t<\/div>","protected":false},"excerpt":{"rendered":"<div class=\"pro_main_text clearfix\">\n<div class=\"pro_main_text clearfix\">\n<div class=\"pro_main_text clearfix\">\n<p>Design mit zwei Anschl\u00fcssen, ideal f\u00fcr gewerbliche Standorte mit hohem Verkehrsaufkommen und begrenztem Installationsraum.<\/p>\n<p>Modell\uff1a IOCAW31<\/p>\n<ul>\n<li>Eingangsleistung: 1-phasig 230V\u00b120% ; 3-phasig 400V\u00b120%<\/li>\n<li>Ausgangsleistung: 1-phasig 7kW 32A ; 3-phasig 22kW 32A<\/li>\n<li>Internal RCD: Type-A &amp; 6mA DC<\/li>\n<li>Anzeige: 7\u201d LCD oder 7\u2019\u2019 Touchscreen optional<\/li>\n<li>Messger\u00e4t: MID-Meter<\/li>\n<li>Netzwerkschnittstelle: Ethernet, WiFi, 4G, Bluetooth<\/li>\n<li>OCPP: Vollst\u00e4ndige Unterst\u00fctzung von OCPP 1.6J\/ OCPP 2.0.1<\/li>\n<li>ISO15118 Plug&amp;Charge: Aufr\u00fcstbar<\/li>\n<li>Schutz gegen Eindringen: IP55<\/li>\n<li>Ladeschnittstelle: SAE J1772 &amp; Typ-2 Kabel\/ Typ-2 Buchse\/ T2S Buchse mit Shutter<\/li>\n<li>Montageart: Wand oder Boden (Sockel wird separat geliefert)<\/li>\n<\/ul>\n<\/div>\n<\/div>\n<\/div>","protected":false},"featured_media":9775,"template":"","meta":{"_acf_changed":false},"product_brand":[],"product_cat":[61],"product_tag":[102,103,104],"class_list":{"0":"post-7242","1":"product","2":"type-product","3":"status-publish","4":"has-post-thumbnail","6":"product_cat-commercial-ev-charger","7":"product_tag-dual-22kw-wallbox","8":"product_tag-dual-ac-wallbox-2x22kw","9":"product_tag-public-dual-ac-wallbox","11":"first","12":"instock","13":"featured","14":"shipping-taxable","15":"product-type-simple"},"acf":[],"_links":{"self":[{"href":"https:\/\/www.iocharger.com\/de\/wp-json\/wp\/v2\/product\/7242","targetHints":{"allow":["GET"]}}],"collection":[{"href":"https:\/\/www.iocharger.com\/de\/wp-json\/wp\/v2\/product"}],"about":[{"href":"https:\/\/www.iocharger.com\/de\/wp-json\/wp\/v2\/types\/product"}],"version-history":[{"count":5,"href":"https:\/\/www.iocharger.com\/de\/wp-json\/wp\/v2\/product\/7242\/revisions"}],"predecessor-version":[{"id":9793,"href":"https:\/\/www.iocharger.com\/de\/wp-json\/wp\/v2\/product\/7242\/revisions\/9793"}],"wp:featuredmedia":[{"embeddable":true,"href":"https:\/\/www.iocharger.com\/de\/wp-json\/wp\/v2\/media\/9775"}],"wp:attachment":[{"href":"https:\/\/www.iocharger.com\/de\/wp-json\/wp\/v2\/media?parent=7242"}],"wp:term":[{"taxonomy":"product_brand","embeddable":true,"href":"https:\/\/www.iocharger.com\/de\/wp-json\/wp\/v2\/product_brand?post=7242"},{"taxonomy":"product_cat","embeddable":true,"href":"https:\/\/www.iocharger.com\/de\/wp-json\/wp\/v2\/product_cat?post=7242"},{"taxonomy":"product_tag","embeddable":true,"href":"https:\/\/www.iocharger.com\/de\/wp-json\/wp\/v2\/product_tag?post=7242"}],"curies":[{"name":"wp","href":"https:\/\/api.w.org\/{rel}","templated":true}]}}