{"id":4742,"date":"2024-01-18T17:41:29","date_gmt":"2024-01-18T09:41:29","guid":{"rendered":"https:\/\/www.iocharger.com\/?post_type=product&#038;p=4742"},"modified":"2026-03-31T14:17:41","modified_gmt":"2026-03-31T14:17:41","slug":"32a-40a-ul-etl-fcc-certified-home-ev-charger-for-us-market","status":"publish","type":"product","link":"https:\/\/www.iocharger.com\/de\/32a-40a-ul-etl-fcc-certified-home-ev-charger-for-us-market\/","title":{"rendered":"32A 40A UL ETL FCC zertifiziertes Heim-EV-Ladeger\u00e4t f\u00fcr den US-Markt"},"content":{"rendered":"<div data-elementor-type=\"product-post\" data-elementor-id=\"4742\" class=\"elementor elementor-4742\" data-elementor-post-type=\"product\">\n\t\t\t\t\t\t<section class=\"elementor-section elementor-top-section elementor-element elementor-element-6ecedc3 elementor-section-boxed elementor-section-height-default elementor-section-height-default\" data-id=\"6ecedc3\" data-element_type=\"section\">\n\t\t\t\t\t\t<div class=\"elementor-container elementor-column-gap-default\">\n\t\t\t\t\t<div class=\"elementor-column elementor-col-100 elementor-top-column elementor-element elementor-element-8cf0697\" data-id=\"8cf0697\" data-element_type=\"column\">\n\t\t\t<div class=\"elementor-widget-wrap elementor-element-populated\">\n\t\t\t\t\t\t<div class=\"elementor-element elementor-element-ccfadbb elementor-widget elementor-widget-text-editor\" data-id=\"ccfadbb\" data-element_type=\"widget\" data-widget_type=\"text-editor.default\">\n\t\t\t\t\t\t\t\t\t<p>Das Modell IOCAH29 f\u00fcr den nordamerikanischen Markt ist ein ETL-, FCC- und Energy Star-zertifiziertes EV-Ladeger\u00e4t. Mit seinem einzigartigen Mini-Design und fortschrittlicher Technologie ist es ein guter Partner f\u00fcr Ihr Heim-EV-Laden.<\/p>\t\t\t\t\t\t\t\t<\/div>\n\t\t\t\t\t<\/div>\n\t\t<\/div>\n\t\t\t\t\t<\/div>\n\t\t<\/section>\n\t\t\t\t<section class=\"elementor-section elementor-top-section elementor-element elementor-element-8ba103c elementor-section-boxed elementor-section-height-default elementor-section-height-default\" data-id=\"8ba103c\" data-element_type=\"section\">\n\t\t\t\t\t\t<div class=\"elementor-container elementor-column-gap-default\">\n\t\t\t\t\t<div class=\"elementor-column elementor-col-50 elementor-top-column elementor-element elementor-element-8b1e70c\" data-id=\"8b1e70c\" data-element_type=\"column\">\n\t\t\t<div class=\"elementor-widget-wrap elementor-element-populated\">\n\t\t\t\t\t\t<div class=\"elementor-element elementor-element-7eacbfc elementor-widget elementor-widget-text-editor\" data-id=\"7eacbfc\" data-element_type=\"widget\" data-widget_type=\"text-editor.default\">\n\t\t\t\t\t\t\t\t\t<p><strong><br \/>Hauptmerkmale:<\/strong><\/p><ul><li>Bis zu 32A, 40A-Versionen verf\u00fcgbar<\/li><li>OCPP 1.6J, OCPP 2.0.1 Vollst\u00e4ndig unterst\u00fctzt<\/li><li>Dynamischer Lastausgleich verbindet Stromzangen direkt<\/li><li>Planen Sie Ihre Ladezeiten, wenn die Preise niedriger sind<\/li><li><p>Laden Sie Ihr Elektrofahrzeug mit Strom aus dem Netz, Solarstrom, Batterien oder anderen Quellen<\/p><\/li><li><p>Ethernet, WLAN, 4G, Bluetooth verf\u00fcgbar<\/p><\/li><li>Benutzerauthentifizierung \u00fcber RFID, ISO15118 Plug&amp;Charge oder mobile App<\/li><li><p>Tuya Mobile App-Integration f\u00fcr die Steuerung von Smart Home-Ger\u00e4ten<\/p><\/li><li><p>Benutzerfreundliches Webportal f\u00fcr Konfiguration, Wartung und Fehlerpr\u00fcfung des Ladeger\u00e4ts<\/p><\/li><\/ul>\t\t\t\t\t\t\t\t<\/div>\n\t\t\t\t\t<\/div>\n\t\t<\/div>\n\t\t\t\t<div class=\"elementor-column elementor-col-50 elementor-top-column elementor-element elementor-element-6bb6e83\" data-id=\"6bb6e83\" data-element_type=\"column\">\n\t\t\t<div class=\"elementor-widget-wrap elementor-element-populated\">\n\t\t\t\t\t\t<div class=\"elementor-element elementor-element-e945b57 elementor-widget elementor-widget-image\" data-id=\"e945b57\" data-element_type=\"widget\" data-widget_type=\"image.default\">\n\t\t\t\t\t\t\t\t\t\t\t\t\t\t\t<img fetchpriority=\"high\" decoding=\"async\" width=\"1000\" height=\"1000\" src=\"https:\/\/www.iocharger.com\/wp-content\/uploads\/2024\/01\/FCC-ETL-ENERGY-STAR-1.jpg\" class=\"attachment-full size-full wp-image-4839\" alt=\"\" srcset=\"https:\/\/www.iocharger.com\/wp-content\/uploads\/2024\/01\/FCC-ETL-ENERGY-STAR-1.jpg 1000w, https:\/\/www.iocharger.com\/wp-content\/uploads\/2024\/01\/FCC-ETL-ENERGY-STAR-1-150x150.jpg 150w, https:\/\/www.iocharger.com\/wp-content\/uploads\/2024\/01\/FCC-ETL-ENERGY-STAR-1-660x660.jpg 660w, https:\/\/www.iocharger.com\/wp-content\/uploads\/2024\/01\/FCC-ETL-ENERGY-STAR-1-300x300.jpg 300w, https:\/\/www.iocharger.com\/wp-content\/uploads\/2024\/01\/FCC-ETL-ENERGY-STAR-1-768x768.jpg 768w, https:\/\/www.iocharger.com\/wp-content\/uploads\/2024\/01\/FCC-ETL-ENERGY-STAR-1-285x285.jpg 285w, https:\/\/www.iocharger.com\/wp-content\/uploads\/2024\/01\/FCC-ETL-ENERGY-STAR-1-270x270.jpg 270w, https:\/\/www.iocharger.com\/wp-content\/uploads\/2024\/01\/FCC-ETL-ENERGY-STAR-1-540x540.jpg 540w\" sizes=\"(max-width: 1000px) 100vw, 1000px\" \/>\t\t\t\t\t\t\t\t\t\t\t\t\t\t\t<\/div>\n\t\t\t\t\t<\/div>\n\t\t<\/div>\n\t\t\t\t\t<\/div>\n\t\t<\/section>\n\t\t\t\t<section class=\"elementor-section elementor-top-section elementor-element elementor-element-30ea065 elementor-section-boxed elementor-section-height-default elementor-section-height-default\" data-id=\"30ea065\" data-element_type=\"section\">\n\t\t\t\t\t\t<div class=\"elementor-container elementor-column-gap-default\">\n\t\t\t\t\t<div class=\"elementor-column elementor-col-50 elementor-top-column elementor-element elementor-element-f6fd415\" data-id=\"f6fd415\" data-element_type=\"column\">\n\t\t\t<div class=\"elementor-widget-wrap elementor-element-populated\">\n\t\t\t\t\t\t<div class=\"elementor-element elementor-element-c2f9bc5 elementor-widget elementor-widget-image\" data-id=\"c2f9bc5\" data-element_type=\"widget\" data-widget_type=\"image.default\">\n\t\t\t\t\t\t\t\t\t\t\t\t\t\t\t<img decoding=\"async\" width=\"1000\" height=\"1000\" src=\"https:\/\/www.iocharger.com\/wp-content\/uploads\/2024\/01\/smart-ev-charger-5-1.jpg\" class=\"attachment-full size-full wp-image-4770\" alt=\"\" srcset=\"https:\/\/www.iocharger.com\/wp-content\/uploads\/2024\/01\/smart-ev-charger-5-1.jpg 1000w, https:\/\/www.iocharger.com\/wp-content\/uploads\/2024\/01\/smart-ev-charger-5-1-150x150.jpg 150w, https:\/\/www.iocharger.com\/wp-content\/uploads\/2024\/01\/smart-ev-charger-5-1-660x660.jpg 660w, https:\/\/www.iocharger.com\/wp-content\/uploads\/2024\/01\/smart-ev-charger-5-1-300x300.jpg 300w, https:\/\/www.iocharger.com\/wp-content\/uploads\/2024\/01\/smart-ev-charger-5-1-768x768.jpg 768w, https:\/\/www.iocharger.com\/wp-content\/uploads\/2024\/01\/smart-ev-charger-5-1-285x285.jpg 285w, https:\/\/www.iocharger.com\/wp-content\/uploads\/2024\/01\/smart-ev-charger-5-1-270x270.jpg 270w, https:\/\/www.iocharger.com\/wp-content\/uploads\/2024\/01\/smart-ev-charger-5-1-540x540.jpg 540w\" sizes=\"(max-width: 1000px) 100vw, 1000px\" \/>\t\t\t\t\t\t\t\t\t\t\t\t\t\t\t<\/div>\n\t\t\t\t\t<\/div>\n\t\t<\/div>\n\t\t\t\t<div class=\"elementor-column elementor-col-50 elementor-top-column elementor-element elementor-element-ffb6314\" data-id=\"ffb6314\" data-element_type=\"column\">\n\t\t\t<div class=\"elementor-widget-wrap elementor-element-populated\">\n\t\t\t\t\t\t<div class=\"elementor-element elementor-element-f1c3934 elementor-widget elementor-widget-text-editor\" data-id=\"f1c3934\" data-element_type=\"widget\" data-widget_type=\"text-editor.default\">\n\t\t\t\t\t\t\t\t\t<p><strong>\u00a0<\/strong><\/p><p><strong>Einzigartiges Design und einfache Installation<\/strong><\/p><p>Das Mini-Au\u00dfendesign ist das herausragende Merkmal des IOCAH29-Ladeger\u00e4ts. Mit seinem Gewicht von 4 kg und seinen geringen Abmessungen ist es einfach zu platzieren und zu installieren. Mehrere Farben des oberen Geh\u00e4uses ist auch optional f\u00fcr die Pr\u00e4ferenz des Kunden. Es ist sicher f\u00fcr den Einsatz im Innen- und Au\u00dfenbereich mit Typ 3R f\u00fcr Wasser- und Staubbest\u00e4ndigkeit bewertet.<\/p><p>Ihr Elektriker kann das IOCAH29 einfach installieren, mit einer verf\u00fcgbaren Hardwired-, NEMA 6-50P- oder NEMA 14-50-Steckermontage. <br \/><em>*Unterschiedliche Modelle verwenden unterschiedliche NEMA-Stecker.<\/em><\/p>\t\t\t\t\t\t\t\t<\/div>\n\t\t\t\t\t<\/div>\n\t\t<\/div>\n\t\t\t\t\t<\/div>\n\t\t<\/section>\n\t\t\t\t<section class=\"elementor-section elementor-top-section elementor-element elementor-element-a0af6aa elementor-section-boxed elementor-section-height-default elementor-section-height-default\" data-id=\"a0af6aa\" data-element_type=\"section\">\n\t\t\t\t\t\t<div class=\"elementor-container elementor-column-gap-default\">\n\t\t\t\t\t<div class=\"elementor-column elementor-col-50 elementor-top-column elementor-element elementor-element-ff979ae\" data-id=\"ff979ae\" data-element_type=\"column\">\n\t\t\t<div class=\"elementor-widget-wrap elementor-element-populated\">\n\t\t\t\t\t\t<div class=\"elementor-element elementor-element-c65255a elementor-widget elementor-widget-text-editor\" data-id=\"c65255a\" data-element_type=\"widget\" data-widget_type=\"text-editor.default\">\n\t\t\t\t\t\t\t\t\t<p><strong>\u00a0<\/strong><\/p><p><strong>Intelligentes Laden<\/strong><\/p><p>IOCAH29 ist ein kleines, aber intelligentes Ladeger\u00e4t mit der fortschrittlichen Technologie von iocharger. OCPP 1.6J und OCPP 2.0.1 kompatibel. Nicht nur Unterst\u00fctzung Ethernet, WiFi, 4G Netzwerkverbindung, sondern auch Unterst\u00fctzung Bluetooth-Funktion, um die Daten zu \u00fcbertragen, wenn andere Netzwerk nicht verf\u00fcgbar ist.<\/p><p><strong>Tuya smartes Zuhause<\/strong><\/p><p>Das IOCAH29 ist mit der Tuya Mobile App integriert, um Ihr Heim-EV-Ladeger\u00e4t zu steuern und zu \u00fcberwachen. Mit dieser Funktion k\u00f6nnen Sie den Ladevorgang starten\/stoppen und den Ladeplan in der Tuya Mobile App planen. Ihr Ladeger\u00e4t und alle anderen intelligenten Ger\u00e4te zu Hause k\u00f6nnen \u00fcber die Tuya-Mobil-App gesteuert werden, ohne dass Sie zus\u00e4tzliche Apps installieren m\u00fcssen.<\/p><p>\u00a0<\/p>\t\t\t\t\t\t\t\t<\/div>\n\t\t\t\t\t<\/div>\n\t\t<\/div>\n\t\t\t\t<div class=\"elementor-column elementor-col-50 elementor-top-column elementor-element elementor-element-dc05fbe\" data-id=\"dc05fbe\" data-element_type=\"column\">\n\t\t\t<div class=\"elementor-widget-wrap elementor-element-populated\">\n\t\t\t\t\t\t<div class=\"elementor-element elementor-element-761432c elementor-widget elementor-widget-image\" data-id=\"761432c\" data-element_type=\"widget\" data-widget_type=\"image.default\">\n\t\t\t\t\t\t\t\t\t\t\t\t\t\t\t<img decoding=\"async\" width=\"1000\" height=\"1000\" src=\"https:\/\/www.iocharger.com\/wp-content\/uploads\/2024\/01\/smart-ev-charger-2-1.jpg\" class=\"attachment-full size-full wp-image-4748\" alt=\"\" srcset=\"https:\/\/www.iocharger.com\/wp-content\/uploads\/2024\/01\/smart-ev-charger-2-1.jpg 1000w, https:\/\/www.iocharger.com\/wp-content\/uploads\/2024\/01\/smart-ev-charger-2-1-150x150.jpg 150w, https:\/\/www.iocharger.com\/wp-content\/uploads\/2024\/01\/smart-ev-charger-2-1-660x660.jpg 660w, https:\/\/www.iocharger.com\/wp-content\/uploads\/2024\/01\/smart-ev-charger-2-1-300x300.jpg 300w, https:\/\/www.iocharger.com\/wp-content\/uploads\/2024\/01\/smart-ev-charger-2-1-768x768.jpg 768w, https:\/\/www.iocharger.com\/wp-content\/uploads\/2024\/01\/smart-ev-charger-2-1-285x285.jpg 285w, https:\/\/www.iocharger.com\/wp-content\/uploads\/2024\/01\/smart-ev-charger-2-1-270x270.jpg 270w, https:\/\/www.iocharger.com\/wp-content\/uploads\/2024\/01\/smart-ev-charger-2-1-540x540.jpg 540w\" sizes=\"(max-width: 1000px) 100vw, 1000px\" \/>\t\t\t\t\t\t\t\t\t\t\t\t\t\t\t<\/div>\n\t\t\t\t\t<\/div>\n\t\t<\/div>\n\t\t\t\t\t<\/div>\n\t\t<\/section>\n\t\t\t\t<section class=\"elementor-section elementor-top-section elementor-element elementor-element-263ed27 elementor-section-boxed elementor-section-height-default elementor-section-height-default\" data-id=\"263ed27\" data-element_type=\"section\">\n\t\t\t\t\t\t<div class=\"elementor-container elementor-column-gap-default\">\n\t\t\t\t\t<div class=\"elementor-column elementor-col-50 elementor-top-column elementor-element elementor-element-abe350f\" data-id=\"abe350f\" data-element_type=\"column\">\n\t\t\t<div class=\"elementor-widget-wrap elementor-element-populated\">\n\t\t\t\t\t\t<div class=\"elementor-element elementor-element-df26d05 elementor-widget elementor-widget-image\" data-id=\"df26d05\" data-element_type=\"widget\" data-widget_type=\"image.default\">\n\t\t\t\t\t\t\t\t\t\t\t\t\t\t\t<img loading=\"lazy\" decoding=\"async\" width=\"1000\" height=\"1000\" src=\"https:\/\/www.iocharger.com\/wp-content\/uploads\/2024\/01\/smart-ev-charger-1-1.gif\" class=\"attachment-full size-full wp-image-4746\" alt=\"\" \/>\t\t\t\t\t\t\t\t\t\t\t\t\t\t\t<\/div>\n\t\t\t\t\t<\/div>\n\t\t<\/div>\n\t\t\t\t<div class=\"elementor-column elementor-col-50 elementor-top-column elementor-element elementor-element-7775d8b\" data-id=\"7775d8b\" data-element_type=\"column\">\n\t\t\t<div class=\"elementor-widget-wrap elementor-element-populated\">\n\t\t\t\t\t\t<div class=\"elementor-element elementor-element-77ee334 elementor-widget elementor-widget-text-editor\" data-id=\"77ee334\" data-element_type=\"widget\" data-widget_type=\"text-editor.default\">\n\t\t\t\t\t\t\t\t\t<p>\u00a0<\/p><p>\u00a0<\/p><p><strong>Dynamischer Lastausgleich<\/strong><\/p><p>Die Stromzange kann direkt an das intelligente Mini-EV-Ladeger\u00e4t IOCAH29 angeschlossen werden, um den Strom anderer Haushaltsger\u00e4te zu \u00fcberwachen, ohne zus\u00e4tzliches Ger\u00e4t. Der Ladestrom wird automatisch entsprechend den Echtzeit-Stromwerten angepasst. Sie kann Ihr Haus vor \u00dcberlastung sch\u00fctzen, wenn Sie ein oder mehrere Ladeger\u00e4te installieren, entweder online oder offline.<\/p>\t\t\t\t\t\t\t\t<\/div>\n\t\t\t\t\t<\/div>\n\t\t<\/div>\n\t\t\t\t\t<\/div>\n\t\t<\/section>\n\t\t\t\t<section class=\"elementor-section elementor-top-section elementor-element elementor-element-28a8920 elementor-section-boxed elementor-section-height-default elementor-section-height-default\" data-id=\"28a8920\" data-element_type=\"section\">\n\t\t\t\t\t\t<div class=\"elementor-container elementor-column-gap-default\">\n\t\t\t\t\t<div class=\"elementor-column elementor-col-50 elementor-top-column elementor-element elementor-element-bf57ec0\" data-id=\"bf57ec0\" data-element_type=\"column\">\n\t\t\t<div class=\"elementor-widget-wrap elementor-element-populated\">\n\t\t\t\t\t\t<div class=\"elementor-element elementor-element-1531a2c elementor-widget elementor-widget-text-editor\" data-id=\"1531a2c\" data-element_type=\"widget\" data-widget_type=\"text-editor.default\">\n\t\t\t\t\t\t\t\t\t<p><strong><br \/>Hervorragendes Solar- und Energiemanagement<\/strong><\/p><p>Wenn Sie eine Solaranlage und auch ein Energiespeichersystem zu Hause haben, kann das IOCAH29-Ladeger\u00e4t nahtlos mit dem gesamten System zusammenarbeiten. Sie k\u00f6nnen das gesamte System einfach \u00fcberwachen und den Ladevorgang \u00fcber die mobile App IOC Lite steuern.<\/p><p>3 Lademodi f\u00fcr Solarenergie zur Optimierung Ihrer Energienutzung<\/p><ul><li>Voll, immer mit vollem Tarif laden<\/li><li>Solar Assist, nutzt sowohl die Solar- als auch die Netzstromquelle, wobei die Solarquelle Vorrang hat, und stellt sicher, dass der Ladevorgang bis zur vollst\u00e4ndigen Aufladung des EV fortgesetzt wird<\/li><li>Nur Solar, nutzt nur die Solarquelle, wenn nicht genug zum Aufladen vorhanden ist, wird das Ladeger\u00e4t in den Schwebemodus geschaltet und kehrt zum Aufladen zur\u00fcck, wenn die Solarquelle wieder zum Aufladen verf\u00fcgbar ist<\/li><\/ul>\t\t\t\t\t\t\t\t<\/div>\n\t\t\t\t\t<\/div>\n\t\t<\/div>\n\t\t\t\t<div class=\"elementor-column elementor-col-50 elementor-top-column elementor-element elementor-element-58dd933\" data-id=\"58dd933\" data-element_type=\"column\">\n\t\t\t<div class=\"elementor-widget-wrap elementor-element-populated\">\n\t\t\t\t\t\t<div class=\"elementor-element elementor-element-6d8f2c3 elementor-widget elementor-widget-image\" data-id=\"6d8f2c3\" data-element_type=\"widget\" data-widget_type=\"image.default\">\n\t\t\t\t\t\t\t\t\t\t\t\t\t\t\t<img loading=\"lazy\" decoding=\"async\" width=\"940\" height=\"940\" src=\"https:\/\/www.iocharger.com\/wp-content\/uploads\/2024\/01\/smart-ev-charger-3-1.jpg\" class=\"attachment-large size-large wp-image-4749\" alt=\"\" srcset=\"https:\/\/www.iocharger.com\/wp-content\/uploads\/2024\/01\/smart-ev-charger-3-1.jpg 1000w, https:\/\/www.iocharger.com\/wp-content\/uploads\/2024\/01\/smart-ev-charger-3-1-150x150.jpg 150w, https:\/\/www.iocharger.com\/wp-content\/uploads\/2024\/01\/smart-ev-charger-3-1-660x660.jpg 660w, https:\/\/www.iocharger.com\/wp-content\/uploads\/2024\/01\/smart-ev-charger-3-1-300x300.jpg 300w, https:\/\/www.iocharger.com\/wp-content\/uploads\/2024\/01\/smart-ev-charger-3-1-768x768.jpg 768w, https:\/\/www.iocharger.com\/wp-content\/uploads\/2024\/01\/smart-ev-charger-3-1-285x285.jpg 285w, https:\/\/www.iocharger.com\/wp-content\/uploads\/2024\/01\/smart-ev-charger-3-1-270x270.jpg 270w, https:\/\/www.iocharger.com\/wp-content\/uploads\/2024\/01\/smart-ev-charger-3-1-540x540.jpg 540w\" sizes=\"(max-width: 940px) 100vw, 940px\" \/>\t\t\t\t\t\t\t\t\t\t\t\t\t\t\t<\/div>\n\t\t\t\t\t<\/div>\n\t\t<\/div>\n\t\t\t\t\t<\/div>\n\t\t<\/section>\n\t\t\t\t<\/div>","protected":false},"excerpt":{"rendered":"<p>IOCAH29 ist eine intelligente Heimladestation f\u00fcr Elektrofahrzeuge, die speziell f\u00fcr Nordamerika entwickelt wurde. Sie ist mit allen heute auf dem Markt befindlichen E-Fahrzeugen kompatibel.<\/p>\n<ul>\n<li>Eingangsleistung: Nominal 200-240 V AC einphasig<\/li>\n<li>Ausgangsleistung: 7kW 32A; 9.6kW 40A<\/li>\n<li>Interner FI-Schutzschalter: 20mA CCID<\/li>\n<li>Netzwerk-Schnittstelle: Ethernet\/ WLAN\/ Bluetooth smart internet connection<\/li>\n<li>OCPP: Vollst\u00e4ndige Unterst\u00fctzung von OCPP 1.6J\/ OCPP 2.0.1<\/li>\n<li>ISO15118 Plug&amp;Charge: Aufr\u00fcstbar<\/li>\n<li>Schutz gegen Eindringen: Typ 3R<\/li>\n<li>Versand Abmessungen: 395x 285 x 226 mm<\/li>\n<li>Schnittstelle zum Aufladen: SAE J1772 Typ-1<\/li>\n<li>Montageart: Wand oder Boden (Sockel wird separat geliefert)<\/li>\n<\/ul>","protected":false},"featured_media":4743,"template":"","meta":{"_acf_changed":false},"product_brand":[],"product_cat":[56],"product_tag":[372,373,374,375],"class_list":{"0":"post-4742","1":"product","2":"type-product","3":"status-publish","4":"has-post-thumbnail","6":"product_cat-home-ev-charger","7":"product_tag-40-amp-ev-charger","8":"product_tag-type-1-ev-charger","9":"product_tag-ul-certified-ev-charger","10":"product_tag-ul-listed-level-2-charger","12":"first","13":"instock","14":"shipping-taxable","15":"product-type-simple"},"acf":[],"_links":{"self":[{"href":"https:\/\/www.iocharger.com\/de\/wp-json\/wp\/v2\/product\/4742","targetHints":{"allow":["GET"]}}],"collection":[{"href":"https:\/\/www.iocharger.com\/de\/wp-json\/wp\/v2\/product"}],"about":[{"href":"https:\/\/www.iocharger.com\/de\/wp-json\/wp\/v2\/types\/product"}],"version-history":[{"count":1,"href":"https:\/\/www.iocharger.com\/de\/wp-json\/wp\/v2\/product\/4742\/revisions"}],"predecessor-version":[{"id":9772,"href":"https:\/\/www.iocharger.com\/de\/wp-json\/wp\/v2\/product\/4742\/revisions\/9772"}],"wp:featuredmedia":[{"embeddable":true,"href":"https:\/\/www.iocharger.com\/de\/wp-json\/wp\/v2\/media\/4743"}],"wp:attachment":[{"href":"https:\/\/www.iocharger.com\/de\/wp-json\/wp\/v2\/media?parent=4742"}],"wp:term":[{"taxonomy":"product_brand","embeddable":true,"href":"https:\/\/www.iocharger.com\/de\/wp-json\/wp\/v2\/product_brand?post=4742"},{"taxonomy":"product_cat","embeddable":true,"href":"https:\/\/www.iocharger.com\/de\/wp-json\/wp\/v2\/product_cat?post=4742"},{"taxonomy":"product_tag","embeddable":true,"href":"https:\/\/www.iocharger.com\/de\/wp-json\/wp\/v2\/product_tag?post=4742"}],"curies":[{"name":"wp","href":"https:\/\/api.w.org\/{rel}","templated":true}]}}