{"id":4399,"date":"2023-10-10T15:23:38","date_gmt":"2023-10-10T07:23:38","guid":{"rendered":"https:\/\/www.iocharger.com\/?post_type=product&#038;p=4399"},"modified":"2026-04-13T08:55:05","modified_gmt":"2026-04-13T08:55:05","slug":"2x22kw-floor-mounted-ocpp-1-6j-ocpp-2-0-1-ev-charging-station-with-55-advertising-screen","status":"publish","type":"product","link":"https:\/\/www.iocharger.com\/de\/2x22kw-floor-mounted-ocpp-1-6j-ocpp-2-0-1-ev-charging-station-with-55-advertising-screen\/","title":{"rendered":"2x22 kW Bodenmontierte OCPP 1.6J OCPP 2.0.1-konforme EV-Ladestation mit 55-Zoll-Werbe-Bildschirm"},"content":{"rendered":"<div data-elementor-type=\"product-post\" data-elementor-id=\"4399\" class=\"elementor elementor-4399\" data-elementor-post-type=\"product\">\n\t\t\t\t\t\t<section class=\"elementor-section elementor-top-section elementor-element elementor-element-a293c89 elementor-section-boxed elementor-section-height-default elementor-section-height-default\" data-id=\"a293c89\" data-element_type=\"section\">\n\t\t\t\t\t\t<div class=\"elementor-container elementor-column-gap-default\">\n\t\t\t\t\t<div class=\"elementor-column elementor-col-100 elementor-top-column elementor-element elementor-element-186a873\" data-id=\"186a873\" data-element_type=\"column\">\n\t\t\t<div class=\"elementor-widget-wrap elementor-element-populated\">\n\t\t\t\t\t\t<div class=\"elementor-element elementor-element-bc78920 elementor-widget elementor-widget-text-editor\" data-id=\"bc78920\" data-element_type=\"widget\" data-widget_type=\"text-editor.default\">\n\t\t\t\t\t\t\t\t\t<p><strong>Idealer Werbepartner<\/strong><\/p><p>With 2500 nits high-brightness 55&#8221; 1080P LED display, &amp; IP55 protection, IOCAP25 is your ideal EV charger partner for advertisement &amp; EV charging purposes, especially at commercial applications such as shopping malls, chain stores, large-scale parking lots, etc.\u00a0<\/p>\t\t\t\t\t\t\t\t<\/div>\n\t\t\t\t\t<\/div>\n\t\t<\/div>\n\t\t\t\t\t<\/div>\n\t\t<\/section>\n\t\t\t\t<section class=\"elementor-section elementor-top-section elementor-element elementor-element-942e1ab elementor-section-boxed elementor-section-height-default elementor-section-height-default\" data-id=\"942e1ab\" data-element_type=\"section\">\n\t\t\t\t\t\t<div class=\"elementor-container elementor-column-gap-default\">\n\t\t\t\t\t<div class=\"elementor-column elementor-col-50 elementor-top-column elementor-element elementor-element-c9112d8\" data-id=\"c9112d8\" data-element_type=\"column\">\n\t\t\t<div class=\"elementor-widget-wrap elementor-element-populated\">\n\t\t\t\t\t\t<div class=\"elementor-element elementor-element-d159d11 elementor-widget elementor-widget-text-editor\" data-id=\"d159d11\" data-element_type=\"widget\" data-widget_type=\"text-editor.default\">\n\t\t\t\t\t\t\t\t\t<p><strong>Hauptmerkmale:<\/strong><\/p><p>\u25cf 55\u201d LCD-Display f\u00fcr ein hervorragendes Erlebnis<br \/>\u25cf 1 Phase 2\u00d711kW &amp; 3 Phase 2\u00d722kW verf\u00fcgbar<br \/>\u25cf 2\u00d7RCCB Typ B<br \/>\u25cf 2\u00d7MID-Z\u00e4hler<br \/>\u25cf 2\u00d740kV SPD<br \/>\u25cf Intelligente Ethernet-, Mobilfunk- und WLAN-Vermittlung<br \/>\u25cfBenutzerauthentifizierung \u00fcber RFID oder mobile App<\/p>\t\t\t\t\t\t\t\t<\/div>\n\t\t\t\t\t<\/div>\n\t\t<\/div>\n\t\t\t\t<div class=\"elementor-column elementor-col-50 elementor-top-column elementor-element elementor-element-8b79c92\" data-id=\"8b79c92\" data-element_type=\"column\">\n\t\t\t<div class=\"elementor-widget-wrap elementor-element-populated\">\n\t\t\t\t\t\t<div class=\"elementor-element elementor-element-5257be1 elementor-widget elementor-widget-image\" data-id=\"5257be1\" data-element_type=\"widget\" data-widget_type=\"image.default\">\n\t\t\t\t\t\t\t\t\t\t\t\t\t\t\t<img fetchpriority=\"high\" decoding=\"async\" width=\"750\" height=\"750\" src=\"https:\/\/www.iocharger.com\/wp-content\/uploads\/2023\/10\/advertising-display-ev-charger-1-2-1.png\" class=\"attachment-full size-full wp-image-5645\" alt=\"\" srcset=\"https:\/\/www.iocharger.com\/wp-content\/uploads\/2023\/10\/advertising-display-ev-charger-1-2-1.png 750w, https:\/\/www.iocharger.com\/wp-content\/uploads\/2023\/10\/advertising-display-ev-charger-1-2-1-150x150.png 150w, https:\/\/www.iocharger.com\/wp-content\/uploads\/2023\/10\/advertising-display-ev-charger-1-2-1-660x660.png 660w, https:\/\/www.iocharger.com\/wp-content\/uploads\/2023\/10\/advertising-display-ev-charger-1-2-1-300x300.png 300w, https:\/\/www.iocharger.com\/wp-content\/uploads\/2023\/10\/advertising-display-ev-charger-1-2-1-285x285.png 285w, https:\/\/www.iocharger.com\/wp-content\/uploads\/2023\/10\/advertising-display-ev-charger-1-2-1-270x270.png 270w, https:\/\/www.iocharger.com\/wp-content\/uploads\/2023\/10\/advertising-display-ev-charger-1-2-1-540x540.png 540w\" sizes=\"(max-width: 750px) 100vw, 750px\" \/>\t\t\t\t\t\t\t\t\t\t\t\t\t\t\t<\/div>\n\t\t\t\t\t<\/div>\n\t\t<\/div>\n\t\t\t\t\t<\/div>\n\t\t<\/section>\n\t\t\t\t<section class=\"elementor-section elementor-top-section elementor-element elementor-element-9603aec elementor-section-boxed elementor-section-height-default elementor-section-height-default\" data-id=\"9603aec\" data-element_type=\"section\">\n\t\t\t\t\t\t<div class=\"elementor-container elementor-column-gap-default\">\n\t\t\t\t\t<div class=\"elementor-column elementor-col-50 elementor-top-column elementor-element elementor-element-eee12a2\" data-id=\"eee12a2\" data-element_type=\"column\">\n\t\t\t<div class=\"elementor-widget-wrap elementor-element-populated\">\n\t\t\t\t\t\t<div class=\"elementor-element elementor-element-6a87b62 elementor-widget elementor-widget-image\" data-id=\"6a87b62\" data-element_type=\"widget\" data-widget_type=\"image.default\">\n\t\t\t\t\t\t\t\t\t\t\t\t\t\t\t<img decoding=\"async\" width=\"750\" height=\"750\" src=\"https:\/\/www.iocharger.com\/wp-content\/uploads\/2023\/10\/advertising-screen-1-1.png\" class=\"attachment-full size-full wp-image-5646\" alt=\"\" srcset=\"https:\/\/www.iocharger.com\/wp-content\/uploads\/2023\/10\/advertising-screen-1-1.png 750w, https:\/\/www.iocharger.com\/wp-content\/uploads\/2023\/10\/advertising-screen-1-1-150x150.png 150w, https:\/\/www.iocharger.com\/wp-content\/uploads\/2023\/10\/advertising-screen-1-1-660x660.png 660w, https:\/\/www.iocharger.com\/wp-content\/uploads\/2023\/10\/advertising-screen-1-1-300x300.png 300w, https:\/\/www.iocharger.com\/wp-content\/uploads\/2023\/10\/advertising-screen-1-1-285x285.png 285w, https:\/\/www.iocharger.com\/wp-content\/uploads\/2023\/10\/advertising-screen-1-1-270x270.png 270w, https:\/\/www.iocharger.com\/wp-content\/uploads\/2023\/10\/advertising-screen-1-1-540x540.png 540w\" sizes=\"(max-width: 750px) 100vw, 750px\" \/>\t\t\t\t\t\t\t\t\t\t\t\t\t\t\t<\/div>\n\t\t\t\t\t<\/div>\n\t\t<\/div>\n\t\t\t\t<div class=\"elementor-column elementor-col-50 elementor-top-column elementor-element elementor-element-5b864db\" data-id=\"5b864db\" data-element_type=\"column\">\n\t\t\t<div class=\"elementor-widget-wrap elementor-element-populated\">\n\t\t\t\t\t\t<div class=\"elementor-element elementor-element-4788f4e elementor-widget elementor-widget-text-editor\" data-id=\"4788f4e\" data-element_type=\"widget\" data-widget_type=\"text-editor.default\">\n\t\t\t\t\t\t\t\t\t<p><strong>Werbeanzeige<\/strong><\/p>\n<p>Mit einem 55\u201d 1080P LCD-Display, das eine hohe Helligkeit von 2500 nits hat, und zwei Lautsprechern kann der IOCAP25 Bild-, Text- und Videowerbung unterst\u00fctzen. IP55 Schutz machen es m\u00f6glich f\u00fcr All-Wetter mit, egal wo Sie es f\u00fcr Werbung &amp; EV Ladezwecke setzen wollen.<\/p>\t\t\t\t\t\t\t\t<\/div>\n\t\t\t\t\t<\/div>\n\t\t<\/div>\n\t\t\t\t\t<\/div>\n\t\t<\/section>\n\t\t\t\t<section class=\"elementor-section elementor-top-section elementor-element elementor-element-67a4712 elementor-section-boxed elementor-section-height-default elementor-section-height-default\" data-id=\"67a4712\" data-element_type=\"section\">\n\t\t\t\t\t\t<div class=\"elementor-container elementor-column-gap-default\">\n\t\t\t\t\t<div class=\"elementor-column elementor-col-50 elementor-top-column elementor-element elementor-element-351a9a2\" data-id=\"351a9a2\" data-element_type=\"column\">\n\t\t\t<div class=\"elementor-widget-wrap elementor-element-populated\">\n\t\t\t\t\t\t<div class=\"elementor-element elementor-element-7ee3b45 elementor-widget elementor-widget-text-editor\" data-id=\"7ee3b45\" data-element_type=\"widget\" data-widget_type=\"text-editor.default\">\n\t\t\t\t\t\t\t\t\t<p><strong>Zwei Autos gleichzeitig aufladen<\/strong><\/p><p>Dank des unabh\u00e4ngigen Stromeingangs kann der IOCAP25 2 Elektrofahrzeuge gleichzeitig aufladen, ohne dass es zu Interferenzen kommt, bei einer maximalen Ausgangsleistung von 22 kW f\u00fcr jeden Ladeanschluss. Der Ladestatus jedes Fahrzeugs kann auch auf dem LED-Display deutlich angezeigt werden.<\/p>\t\t\t\t\t\t\t\t<\/div>\n\t\t\t\t\t<\/div>\n\t\t<\/div>\n\t\t\t\t<div class=\"elementor-column elementor-col-50 elementor-top-column elementor-element elementor-element-0935c28\" data-id=\"0935c28\" data-element_type=\"column\">\n\t\t\t<div class=\"elementor-widget-wrap elementor-element-populated\">\n\t\t\t\t\t\t<div class=\"elementor-element elementor-element-c396476 elementor-widget elementor-widget-image\" data-id=\"c396476\" data-element_type=\"widget\" data-widget_type=\"image.default\">\n\t\t\t\t\t\t\t\t\t\t\t\t\t\t\t<img decoding=\"async\" width=\"750\" height=\"750\" src=\"https:\/\/www.iocharger.com\/wp-content\/uploads\/2023\/10\/3-2-1.png\" class=\"attachment-full size-full wp-image-5647\" alt=\"\" srcset=\"https:\/\/www.iocharger.com\/wp-content\/uploads\/2023\/10\/3-2-1.png 750w, https:\/\/www.iocharger.com\/wp-content\/uploads\/2023\/10\/3-2-1-150x150.png 150w, https:\/\/www.iocharger.com\/wp-content\/uploads\/2023\/10\/3-2-1-660x660.png 660w, https:\/\/www.iocharger.com\/wp-content\/uploads\/2023\/10\/3-2-1-300x300.png 300w, https:\/\/www.iocharger.com\/wp-content\/uploads\/2023\/10\/3-2-1-285x285.png 285w, https:\/\/www.iocharger.com\/wp-content\/uploads\/2023\/10\/3-2-1-270x270.png 270w, https:\/\/www.iocharger.com\/wp-content\/uploads\/2023\/10\/3-2-1-540x540.png 540w\" sizes=\"(max-width: 750px) 100vw, 750px\" \/>\t\t\t\t\t\t\t\t\t\t\t\t\t\t\t<\/div>\n\t\t\t\t\t<\/div>\n\t\t<\/div>\n\t\t\t\t\t<\/div>\n\t\t<\/section>\n\t\t\t\t<section class=\"elementor-section elementor-top-section elementor-element elementor-element-58c5698 elementor-section-boxed elementor-section-height-default elementor-section-height-default\" data-id=\"58c5698\" data-element_type=\"section\">\n\t\t\t\t\t\t<div class=\"elementor-container elementor-column-gap-default\">\n\t\t\t\t\t<div class=\"elementor-column elementor-col-50 elementor-top-column elementor-element elementor-element-645d292\" data-id=\"645d292\" data-element_type=\"column\">\n\t\t\t<div class=\"elementor-widget-wrap elementor-element-populated\">\n\t\t\t\t\t\t<div class=\"elementor-element elementor-element-c4775bf elementor-widget elementor-widget-image\" data-id=\"c4775bf\" data-element_type=\"widget\" data-widget_type=\"image.default\">\n\t\t\t\t\t\t\t\t\t\t\t\t\t\t\t<img loading=\"lazy\" decoding=\"async\" width=\"750\" height=\"750\" src=\"https:\/\/www.iocharger.com\/wp-content\/uploads\/2023\/10\/advertising-display-ev-charger-4-2-1.png\" class=\"attachment-full size-full wp-image-5648\" alt=\"Wie OCPP-EV-Ladeger\u00e4te das Laden in Einkaufszentren und Einkaufspassagen vereinfachen\" srcset=\"https:\/\/www.iocharger.com\/wp-content\/uploads\/2023\/10\/advertising-display-ev-charger-4-2-1.png 750w, https:\/\/www.iocharger.com\/wp-content\/uploads\/2023\/10\/advertising-display-ev-charger-4-2-1-150x150.png 150w, https:\/\/www.iocharger.com\/wp-content\/uploads\/2023\/10\/advertising-display-ev-charger-4-2-1-660x660.png 660w, https:\/\/www.iocharger.com\/wp-content\/uploads\/2023\/10\/advertising-display-ev-charger-4-2-1-300x300.png 300w, https:\/\/www.iocharger.com\/wp-content\/uploads\/2023\/10\/advertising-display-ev-charger-4-2-1-285x285.png 285w, https:\/\/www.iocharger.com\/wp-content\/uploads\/2023\/10\/advertising-display-ev-charger-4-2-1-270x270.png 270w, https:\/\/www.iocharger.com\/wp-content\/uploads\/2023\/10\/advertising-display-ev-charger-4-2-1-540x540.png 540w\" sizes=\"(max-width: 750px) 100vw, 750px\" \/>\t\t\t\t\t\t\t\t\t\t\t\t\t\t\t<\/div>\n\t\t\t\t\t<\/div>\n\t\t<\/div>\n\t\t\t\t<div class=\"elementor-column elementor-col-50 elementor-top-column elementor-element elementor-element-49aa57d\" data-id=\"49aa57d\" data-element_type=\"column\">\n\t\t\t<div class=\"elementor-widget-wrap elementor-element-populated\">\n\t\t\t\t\t\t<div class=\"elementor-element elementor-element-4c21c78 elementor-widget elementor-widget-text-editor\" data-id=\"4c21c78\" data-element_type=\"widget\" data-widget_type=\"text-editor.default\">\n\t\t\t\t\t\t\t\t\t<p><strong>Dynamischer Lastausgleich<\/strong><\/p>\n<p>Die fortschrittliche Lastausgleichsl\u00f6sung von Iocharger macht es einfach, das IOCAP25 mit anderen EV-Ladeger\u00e4ten von iocharger zu vernetzen, auch wenn Sie ein Hybridsystem mit Solarpanel und Batteriespeicher verwenden. Die Leistungs\u00fcberwachung in Echtzeit und das intelligente Lastmanagement zwischen den EV-Ladeger\u00e4ten befreit den Besitzer von \u00dcberlastungsproblemen.<\/p>\t\t\t\t\t\t\t\t<\/div>\n\t\t\t\t\t<\/div>\n\t\t<\/div>\n\t\t\t\t\t<\/div>\n\t\t<\/section>\n\t\t\t\t<\/div>","protected":false},"excerpt":{"rendered":"<div class=\"pro_main_text clearfix\">\n<div class=\"pro_main_text clearfix\">\n<div class=\"pro_main_text clearfix\">\n<p>Der zuverl\u00e4ssige Assistent f\u00fcr die Bedienung von Ladestationen.<\/p>\n<\/div>\n<ul class=\"clearfix\">\n<li>Eingangsleistung: 1-phasig 230V\u00b120% ; 3-phasig 400V\u00b120%<\/li>\n<li>Ausgangsleistung: 1-phasig 2 x 11kW 16A ; 3-phasig 2 x 22kW 32A<\/li>\n<li>Interner FI-Schutzschalter: 2 x Typ-B RCCB<\/li>\n<li>Display: 55&#8221; LCD<\/li>\n<li>Meter: 2 x MID Meter<\/li>\n<li>Netzwerk-Schnittstelle: Ethernet, WLAN, Celluar smart internet connection<\/li>\n<li>OCPP: Vollst\u00e4ndige Unterst\u00fctzung von OCPP 1.6J\/ OCPP 2.0.1<\/li>\n<li>ISO15118 Plug&amp;Charge: Aufr\u00fcstbar<\/li>\n<li>Schutz gegen Eindringen: IP55<\/li>\n<li>Schnittstelle zum Aufladen: Typ-2-Buchse<\/li>\n<li>Montageart: Boden<\/li>\n<\/ul>\n<\/div>\n<\/div>","protected":false},"featured_media":5489,"template":"","meta":{"_acf_changed":false},"product_brand":[],"product_cat":[61],"product_tag":[69,376,377,71],"class_list":{"0":"post-4399","1":"product","2":"type-product","3":"status-publish","4":"has-post-thumbnail","6":"product_cat-commercial-ev-charger","7":"product_tag-22kw-fast-public-ev-charger","8":"product_tag-commercial-ev-charge-solutions","9":"product_tag-ev-charging-station-with-advertising-screen","10":"product_tag-workplace-ev-charging-station","12":"first","13":"instock","14":"shipping-taxable","15":"product-type-simple"},"acf":[],"_links":{"self":[{"href":"https:\/\/www.iocharger.com\/de\/wp-json\/wp\/v2\/product\/4399","targetHints":{"allow":["GET"]}}],"collection":[{"href":"https:\/\/www.iocharger.com\/de\/wp-json\/wp\/v2\/product"}],"about":[{"href":"https:\/\/www.iocharger.com\/de\/wp-json\/wp\/v2\/types\/product"}],"version-history":[{"count":4,"href":"https:\/\/www.iocharger.com\/de\/wp-json\/wp\/v2\/product\/4399\/revisions"}],"predecessor-version":[{"id":9813,"href":"https:\/\/www.iocharger.com\/de\/wp-json\/wp\/v2\/product\/4399\/revisions\/9813"}],"wp:featuredmedia":[{"embeddable":true,"href":"https:\/\/www.iocharger.com\/de\/wp-json\/wp\/v2\/media\/5489"}],"wp:attachment":[{"href":"https:\/\/www.iocharger.com\/de\/wp-json\/wp\/v2\/media?parent=4399"}],"wp:term":[{"taxonomy":"product_brand","embeddable":true,"href":"https:\/\/www.iocharger.com\/de\/wp-json\/wp\/v2\/product_brand?post=4399"},{"taxonomy":"product_cat","embeddable":true,"href":"https:\/\/www.iocharger.com\/de\/wp-json\/wp\/v2\/product_cat?post=4399"},{"taxonomy":"product_tag","embeddable":true,"href":"https:\/\/www.iocharger.com\/de\/wp-json\/wp\/v2\/product_tag?post=4399"}],"curies":[{"name":"wp","href":"https:\/\/api.w.org\/{rel}","templated":true}]}}