{"id":2264,"date":"2023-06-02T08:40:19","date_gmt":"2023-06-02T08:40:19","guid":{"rendered":"https:\/\/test2.honstyle.com\/?post_type=product&#038;p=2264"},"modified":"2026-04-30T07:11:50","modified_gmt":"2026-04-30T07:11:50","slug":"energy-management-system-for-residential-and-commercial","status":"publish","type":"product","link":"https:\/\/www.iocharger.com\/de\/energy-management-system-for-residential-and-commercial\/","title":{"rendered":"Energiemanagementsystem f\u00fcr Wohn- und Gesch\u00e4ftsh\u00e4user"},"content":{"rendered":"<div data-elementor-type=\"product-post\" data-elementor-id=\"2264\" class=\"elementor elementor-2264\" data-elementor-post-type=\"product\">\n\t\t\t\t\t\t<section class=\"elementor-section elementor-top-section elementor-element elementor-element-36be56f elementor-section-boxed elementor-section-height-default elementor-section-height-default\" data-id=\"36be56f\" data-element_type=\"section\">\n\t\t\t\t\t\t<div class=\"elementor-container elementor-column-gap-default\">\n\t\t\t\t\t<div class=\"elementor-column elementor-col-100 elementor-top-column elementor-element elementor-element-c5856c7\" data-id=\"c5856c7\" data-element_type=\"column\">\n\t\t\t<div class=\"elementor-widget-wrap elementor-element-populated\">\n\t\t\t\t\t\t<div class=\"elementor-element elementor-element-476b974 elementor-widget elementor-widget-text-editor\" data-id=\"476b974\" data-element_type=\"widget\" data-widget_type=\"text-editor.default\">\n\t\t\t\t\t\t\t\t\t<p>Einfache Verwaltung und leichter Zugang zu allen Informationen.<br \/>Es wird nur wenig Wartungspersonal ben\u00f6tigt, und alle Ladeger\u00e4te k\u00f6nnen aus der Ferne \u00fcberwacht werden, ohne dass man vor Ort sein muss.<\/p>\t\t\t\t\t\t\t\t<\/div>\n\t\t\t\t\t<\/div>\n\t\t<\/div>\n\t\t\t\t\t<\/div>\n\t\t<\/section>\n\t\t\t\t<section class=\"elementor-section elementor-top-section elementor-element elementor-element-5d2f968 elementor-section-boxed elementor-section-height-default elementor-section-height-default\" data-id=\"5d2f968\" data-element_type=\"section\">\n\t\t\t\t\t\t<div class=\"elementor-container elementor-column-gap-default\">\n\t\t\t\t\t<div class=\"elementor-column elementor-col-50 elementor-top-column elementor-element elementor-element-2eacc1d\" data-id=\"2eacc1d\" data-element_type=\"column\">\n\t\t\t<div class=\"elementor-widget-wrap elementor-element-populated\">\n\t\t\t\t\t\t<div class=\"elementor-element elementor-element-c87d755 elementor-widget elementor-widget-text-editor\" data-id=\"c87d755\" data-element_type=\"widget\" data-widget_type=\"text-editor.default\">\n\t\t\t\t\t\t\t\t\t<p><strong>Hauptmerkmale:<\/strong><\/p><p>\u25cf Ger\u00e4teverwaltung: Ladeger\u00e4t, Energie-Gateway-Verwaltung und Ein-Klick-Firmware-Upgrade.<\/p><p>\u25cf \u00dcberwachung in Echtzeit: Fernwartung und -diagnose von Ladeger\u00e4ten, Echtzeitstatistiken der Ladedaten.<\/p><p>\u25cf Benutzerverwaltung: Verwaltung von Benutzergruppen, RFID-Verwaltung, Anzeige und Verwaltung von Reservierungsdaten.<\/p><p>\u25cf Geb\u00fchrensatz: Alle Geb\u00fchrens\u00e4tze k\u00f6nnen abgefragt werden, Einzeldaten-Schnellabfrage.<\/p>\t\t\t\t\t\t\t\t<\/div>\n\t\t\t\t\t<\/div>\n\t\t<\/div>\n\t\t\t\t<div class=\"elementor-column elementor-col-50 elementor-top-column elementor-element elementor-element-76fba91\" data-id=\"76fba91\" data-element_type=\"column\">\n\t\t\t<div class=\"elementor-widget-wrap elementor-element-populated\">\n\t\t\t\t\t\t<div class=\"elementor-element elementor-element-410d7c4 elementor-widget elementor-widget-image\" data-id=\"410d7c4\" data-element_type=\"widget\" data-widget_type=\"image.default\">\n\t\t\t\t\t\t\t\t\t\t\t\t\t\t\t<img fetchpriority=\"high\" decoding=\"async\" width=\"750\" height=\"750\" src=\"https:\/\/www.iocharger.com\/wp-content\/uploads\/2023\/06\/Energy-Management-System-1-2-1.png\" class=\"attachment-full size-full wp-image-4248\" alt=\"\" srcset=\"https:\/\/www.iocharger.com\/wp-content\/uploads\/2023\/06\/Energy-Management-System-1-2-1.png 750w, https:\/\/www.iocharger.com\/wp-content\/uploads\/2023\/06\/Energy-Management-System-1-2-1-150x150.png 150w, https:\/\/www.iocharger.com\/wp-content\/uploads\/2023\/06\/Energy-Management-System-1-2-1-660x660.png 660w, https:\/\/www.iocharger.com\/wp-content\/uploads\/2023\/06\/Energy-Management-System-1-2-1-300x300.png 300w, https:\/\/www.iocharger.com\/wp-content\/uploads\/2023\/06\/Energy-Management-System-1-2-1-285x285.png 285w, https:\/\/www.iocharger.com\/wp-content\/uploads\/2023\/06\/Energy-Management-System-1-2-1-270x270.png 270w, https:\/\/www.iocharger.com\/wp-content\/uploads\/2023\/06\/Energy-Management-System-1-2-1-540x540.png 540w\" sizes=\"(max-width: 750px) 100vw, 750px\" \/>\t\t\t\t\t\t\t\t\t\t\t\t\t\t\t<\/div>\n\t\t\t\t\t<\/div>\n\t\t<\/div>\n\t\t\t\t\t<\/div>\n\t\t<\/section>\n\t\t\t\t<section class=\"elementor-section elementor-top-section elementor-element elementor-element-65806cd elementor-section-boxed elementor-section-height-default elementor-section-height-default\" data-id=\"65806cd\" data-element_type=\"section\">\n\t\t\t\t\t\t<div class=\"elementor-container elementor-column-gap-default\">\n\t\t\t\t\t<div class=\"elementor-column elementor-col-50 elementor-top-column elementor-element elementor-element-d3b6d80\" data-id=\"d3b6d80\" data-element_type=\"column\">\n\t\t\t<div class=\"elementor-widget-wrap elementor-element-populated\">\n\t\t\t\t\t\t<div class=\"elementor-element elementor-element-39afa5b elementor-widget elementor-widget-image\" data-id=\"39afa5b\" data-element_type=\"widget\" data-widget_type=\"image.default\">\n\t\t\t\t\t\t\t\t\t\t\t\t\t\t\t<img decoding=\"async\" width=\"750\" height=\"750\" src=\"https:\/\/www.iocharger.com\/wp-content\/uploads\/2023\/06\/Energy-Management-System-3-2-1.png\" class=\"attachment-full size-full wp-image-4249\" alt=\"\" srcset=\"https:\/\/www.iocharger.com\/wp-content\/uploads\/2023\/06\/Energy-Management-System-3-2-1.png 750w, https:\/\/www.iocharger.com\/wp-content\/uploads\/2023\/06\/Energy-Management-System-3-2-1-150x150.png 150w, https:\/\/www.iocharger.com\/wp-content\/uploads\/2023\/06\/Energy-Management-System-3-2-1-660x660.png 660w, https:\/\/www.iocharger.com\/wp-content\/uploads\/2023\/06\/Energy-Management-System-3-2-1-300x300.png 300w, https:\/\/www.iocharger.com\/wp-content\/uploads\/2023\/06\/Energy-Management-System-3-2-1-285x285.png 285w, https:\/\/www.iocharger.com\/wp-content\/uploads\/2023\/06\/Energy-Management-System-3-2-1-270x270.png 270w, https:\/\/www.iocharger.com\/wp-content\/uploads\/2023\/06\/Energy-Management-System-3-2-1-540x540.png 540w\" sizes=\"(max-width: 750px) 100vw, 750px\" \/>\t\t\t\t\t\t\t\t\t\t\t\t\t\t\t<\/div>\n\t\t\t\t\t<\/div>\n\t\t<\/div>\n\t\t\t\t<div class=\"elementor-column elementor-col-50 elementor-top-column elementor-element elementor-element-60d90fc\" data-id=\"60d90fc\" data-element_type=\"column\">\n\t\t\t<div class=\"elementor-widget-wrap elementor-element-populated\">\n\t\t\t\t\t\t<div class=\"elementor-element elementor-element-f08cacd elementor-widget elementor-widget-text-editor\" data-id=\"f08cacd\" data-element_type=\"widget\" data-widget_type=\"text-editor.default\">\n\t\t\t\t\t\t\t\t\t<p><strong>Leichte und bequeme Verwaltung<\/strong><\/p><p>IOCLITE ist eine komfortable und schnelle kommerzielle Verwaltungsplattform. Sie eignet sich f\u00fcr verschiedene Anwendungsszenarien wie Haus, Gemeinde, Parkplatz und Unternehmen. Die Bediener k\u00f6nnen die Bedienung und Wartung leicht meistern, ohne zu viel Lernaufwand investieren zu m\u00fcssen.<\/p><p>Die Software kann auch leicht realisieren Multi-Gruppen-Management und Multi-Lastausgleich Management. Sch\u00fctzen Sie die Station des Betreibers Macht Umwelt zuverl\u00e4ssiger und stabiler zu sein.<\/p>\t\t\t\t\t\t\t\t<\/div>\n\t\t\t\t\t<\/div>\n\t\t<\/div>\n\t\t\t\t\t<\/div>\n\t\t<\/section>\n\t\t\t\t<section class=\"elementor-section elementor-top-section elementor-element elementor-element-265586c elementor-section-boxed elementor-section-height-default elementor-section-height-default\" data-id=\"265586c\" data-element_type=\"section\">\n\t\t\t\t\t\t<div class=\"elementor-container elementor-column-gap-default\">\n\t\t\t\t\t<div class=\"elementor-column elementor-col-50 elementor-top-column elementor-element elementor-element-6ccfc3d\" data-id=\"6ccfc3d\" data-element_type=\"column\">\n\t\t\t<div class=\"elementor-widget-wrap elementor-element-populated\">\n\t\t\t\t\t\t<div class=\"elementor-element elementor-element-95e3a62 elementor-widget elementor-widget-text-editor\" data-id=\"95e3a62\" data-element_type=\"widget\" data-widget_type=\"text-editor.default\">\n\t\t\t\t\t\t\t\t\t<p><strong>Einsparung von Arbeitskosten und Verbesserung der Effizienz<\/strong><\/p><p>Effiziente Verwaltung - Fernverwaltung und -\u00fcberwachung mit minimalem Personaleinsatz. Mit einem Klick kann die Firmware des Stapels aktualisiert werden, und alle Informationen sind sofort unter Kontrolle. Investieren Sie weniger Kapital und Arbeitskr\u00e4fte, arbeiten Sie einfach und verdienen Sie mehr Geld.<\/p>\t\t\t\t\t\t\t\t<\/div>\n\t\t\t\t\t<\/div>\n\t\t<\/div>\n\t\t\t\t<div class=\"elementor-column elementor-col-50 elementor-top-column elementor-element elementor-element-cb107cb\" data-id=\"cb107cb\" data-element_type=\"column\">\n\t\t\t<div class=\"elementor-widget-wrap elementor-element-populated\">\n\t\t\t\t\t\t<div class=\"elementor-element elementor-element-3d14962 elementor-widget elementor-widget-image\" data-id=\"3d14962\" data-element_type=\"widget\" data-widget_type=\"image.default\">\n\t\t\t\t\t\t\t\t\t\t\t\t\t\t\t<img decoding=\"async\" width=\"750\" height=\"750\" src=\"https:\/\/www.iocharger.com\/wp-content\/uploads\/2023\/06\/Energy-Management-System-33-1.png\" class=\"attachment-full size-full wp-image-4250\" alt=\"\" srcset=\"https:\/\/www.iocharger.com\/wp-content\/uploads\/2023\/06\/Energy-Management-System-33-1.png 750w, https:\/\/www.iocharger.com\/wp-content\/uploads\/2023\/06\/Energy-Management-System-33-1-150x150.png 150w, https:\/\/www.iocharger.com\/wp-content\/uploads\/2023\/06\/Energy-Management-System-33-1-660x660.png 660w, https:\/\/www.iocharger.com\/wp-content\/uploads\/2023\/06\/Energy-Management-System-33-1-300x300.png 300w, https:\/\/www.iocharger.com\/wp-content\/uploads\/2023\/06\/Energy-Management-System-33-1-285x285.png 285w, https:\/\/www.iocharger.com\/wp-content\/uploads\/2023\/06\/Energy-Management-System-33-1-270x270.png 270w, https:\/\/www.iocharger.com\/wp-content\/uploads\/2023\/06\/Energy-Management-System-33-1-540x540.png 540w\" sizes=\"(max-width: 750px) 100vw, 750px\" \/>\t\t\t\t\t\t\t\t\t\t\t\t\t\t\t<\/div>\n\t\t\t\t\t<\/div>\n\t\t<\/div>\n\t\t\t\t\t<\/div>\n\t\t<\/section>\n\t\t\t\t<section class=\"elementor-section elementor-top-section elementor-element elementor-element-60611a2 elementor-section-boxed elementor-section-height-default elementor-section-height-default\" data-id=\"60611a2\" data-element_type=\"section\">\n\t\t\t\t\t\t<div class=\"elementor-container elementor-column-gap-default\">\n\t\t\t\t\t<div class=\"elementor-column elementor-col-50 elementor-top-column elementor-element elementor-element-7fe5951\" data-id=\"7fe5951\" data-element_type=\"column\">\n\t\t\t<div class=\"elementor-widget-wrap elementor-element-populated\">\n\t\t\t\t\t\t<div class=\"elementor-element elementor-element-d2d5b7a elementor-widget elementor-widget-image\" data-id=\"d2d5b7a\" data-element_type=\"widget\" data-widget_type=\"image.default\">\n\t\t\t\t\t\t\t\t\t\t\t\t\t\t\t<img loading=\"lazy\" decoding=\"async\" width=\"750\" height=\"750\" src=\"https:\/\/www.iocharger.com\/wp-content\/uploads\/2023\/06\/Energy-Management-System-4-1-1.png\" class=\"attachment-full size-full wp-image-4790\" alt=\"\" srcset=\"https:\/\/www.iocharger.com\/wp-content\/uploads\/2023\/06\/Energy-Management-System-4-1-1.png 750w, https:\/\/www.iocharger.com\/wp-content\/uploads\/2023\/06\/Energy-Management-System-4-1-1-150x150.png 150w, https:\/\/www.iocharger.com\/wp-content\/uploads\/2023\/06\/Energy-Management-System-4-1-1-660x660.png 660w, https:\/\/www.iocharger.com\/wp-content\/uploads\/2023\/06\/Energy-Management-System-4-1-1-300x300.png 300w, https:\/\/www.iocharger.com\/wp-content\/uploads\/2023\/06\/Energy-Management-System-4-1-1-285x285.png 285w, https:\/\/www.iocharger.com\/wp-content\/uploads\/2023\/06\/Energy-Management-System-4-1-1-270x270.png 270w, https:\/\/www.iocharger.com\/wp-content\/uploads\/2023\/06\/Energy-Management-System-4-1-1-540x540.png 540w\" sizes=\"(max-width: 750px) 100vw, 750px\" \/>\t\t\t\t\t\t\t\t\t\t\t\t\t\t\t<\/div>\n\t\t\t\t\t<\/div>\n\t\t<\/div>\n\t\t\t\t<div class=\"elementor-column elementor-col-50 elementor-top-column elementor-element elementor-element-aa6dc82\" data-id=\"aa6dc82\" data-element_type=\"column\">\n\t\t\t<div class=\"elementor-widget-wrap elementor-element-populated\">\n\t\t\t\t\t\t<div class=\"elementor-element elementor-element-37cec7c elementor-widget elementor-widget-text-editor\" data-id=\"37cec7c\" data-element_type=\"widget\" data-widget_type=\"text-editor.default\">\n\t\t\t\t\t\t\t\t\t<p><strong>IoC Family mobile Anwendung<\/strong><\/p>\n<p>\u25cf Leitung der Familie und der Unternehmensgruppe<\/p>\n<p>\u25cf Einsicht in alle Aufzeichnungen von Geb\u00fchrentransaktionen<\/p>\n<p>Start und Stopp des Ladevorgangs \u00fcber die RFID-Karte oder die APP<\/p>\n<p>\u25cf Ladestatus aus der Ferne \u00fcberwachen<\/p>\n<p class=\"\">\u25cf Einstellen von Zeitpl\u00e4nen f\u00fcr das Aufladen zu jeder Zeit<\/p>\n<p class=\"\">\u25cf Umweltfreundlich mit Solar- und Batterieintegration<\/p>\t\t\t\t\t\t\t\t<\/div>\n\t\t\t\t<section class=\"elementor-section elementor-inner-section elementor-element elementor-element-9c0239b elementor-section-boxed elementor-section-height-default elementor-section-height-default\" data-id=\"9c0239b\" data-element_type=\"section\">\n\t\t\t\t\t\t<div class=\"elementor-container elementor-column-gap-default\">\n\t\t\t\t\t<div class=\"elementor-column elementor-col-50 elementor-inner-column elementor-element elementor-element-a12d6de\" data-id=\"a12d6de\" data-element_type=\"column\">\n\t\t\t<div class=\"elementor-widget-wrap elementor-element-populated\">\n\t\t\t\t\t\t<div class=\"elementor-element elementor-element-78c9f28 elementor-widget elementor-widget-image\" data-id=\"78c9f28\" data-element_type=\"widget\" data-widget_type=\"image.default\">\n\t\t\t\t\t\t\t\t\t\t\t\t\t\t\t\t<a href=\"https:\/\/play.google.com\/store\/apps\/dev?id=6686573058493958206\" rel=\"nofollow noopener\" target=\"_blank\">\n\t\t\t\t\t\t\t<img loading=\"lazy\" decoding=\"async\" width=\"201\" height=\"98\" src=\"https:\/\/www.iocharger.com\/wp-content\/uploads\/2023\/05\/14-1.jpg\" class=\"attachment-full size-full wp-image-3828\" alt=\"iocharger ioc lite herunterladen google\" srcset=\"https:\/\/www.iocharger.com\/wp-content\/uploads\/2023\/05\/14-1.jpg 201w, https:\/\/www.iocharger.com\/wp-content\/uploads\/2023\/05\/14-1-150x73.jpg 150w\" sizes=\"(max-width: 201px) 100vw, 201px\" \/>\t\t\t\t\t\t\t\t<\/a>\n\t\t\t\t\t\t\t\t\t\t\t\t\t\t\t<\/div>\n\t\t\t\t\t<\/div>\n\t\t<\/div>\n\t\t\t\t<div class=\"elementor-column elementor-col-50 elementor-inner-column elementor-element elementor-element-a15116f\" data-id=\"a15116f\" data-element_type=\"column\">\n\t\t\t<div class=\"elementor-widget-wrap elementor-element-populated\">\n\t\t\t\t\t\t<div class=\"elementor-element elementor-element-a08710f elementor-widget elementor-widget-image\" data-id=\"a08710f\" data-element_type=\"widget\" data-widget_type=\"image.default\">\n\t\t\t\t\t\t\t\t\t\t\t\t\t\t\t\t<a href=\"https:\/\/apps.apple.com\/us\/app\/iocharger\/id1490831585\" rel=\"nofollow noopener\" target=\"_blank\">\n\t\t\t\t\t\t\t<img loading=\"lazy\" decoding=\"async\" width=\"207\" height=\"98\" src=\"https:\/\/www.iocharger.com\/wp-content\/uploads\/2023\/05\/13-1.jpg\" class=\"attachment-full size-full wp-image-3827\" alt=\"ioc lite app download apple store\" srcset=\"https:\/\/www.iocharger.com\/wp-content\/uploads\/2023\/05\/13-1.jpg 207w, https:\/\/www.iocharger.com\/wp-content\/uploads\/2023\/05\/13-1-150x71.jpg 150w\" sizes=\"(max-width: 207px) 100vw, 207px\" \/>\t\t\t\t\t\t\t\t<\/a>\n\t\t\t\t\t\t\t\t\t\t\t\t\t\t\t<\/div>\n\t\t\t\t\t<\/div>\n\t\t<\/div>\n\t\t\t\t\t<\/div>\n\t\t<\/section>\n\t\t\t\t\t<\/div>\n\t\t<\/div>\n\t\t\t\t\t<\/div>\n\t\t<\/section>\n\t\t\t\t<\/div>","protected":false},"excerpt":{"rendered":"<div class=\"pro_main_text clearfix\">\n<div class=\"pro_main_text clearfix\">\n<div class=\"pro_main_text clearfix\">\n<div class=\"pro_main_text clearfix\">\n<div class=\"pro_main_text clearfix\">\n<div class=\"pro_main_text clearfix\">\n<div class=\"pro_main_text clearfix\">\n<div class=\"pro_main_text clearfix\">\n<div class=\"pro_main_text clearfix\">\n<p>Eine leichtgewichtige kommerzielle Plattform, die die Verwaltung von Ladepl\u00e4nen, die Verwaltung von Familien- und Unternehmensgruppen und das Energiemanagement umfasst.<\/p>\n<\/div>\n<ul class=\"clearfix\">\n<li>Ger\u00e4teverwaltung: Ja<\/li>\n<li>\u00dcberwachung in Echtzeit: Ja<\/li>\n<li>Benutzerverwaltung: Ja<\/li>\n<li>RFID-Kartenverwaltung: Ja<\/li>\n<li>Verwaltung des Lastausgleichs: Ja<\/li>\n<li>Firmware-Verwaltung: Ja<\/li>\n<li>Aufladeprotokoll: Ja<\/li>\n<li>St\u00f6rungsmanagement: Ja<\/li>\n<\/ul>\n<\/div>\n<\/div>\n<\/div>\n<\/div>\n<\/div>\n<\/div>\n<\/div>\n<\/div>","protected":false},"featured_media":3466,"template":"","meta":{"_acf_changed":false},"product_brand":[],"product_cat":[89],"product_tag":[92,93,94],"class_list":{"0":"post-2264","1":"product","2":"type-product","3":"status-publish","4":"has-post-thumbnail","6":"product_cat-charging-station-management-system","7":"product_tag-advanced-energy-management-solution","8":"product_tag-dynamic-load-balancing-management","9":"product_tag-residential-energy-management-system","11":"first","12":"instock","13":"shipping-taxable","14":"product-type-simple"},"acf":[],"_links":{"self":[{"href":"https:\/\/www.iocharger.com\/de\/wp-json\/wp\/v2\/product\/2264","targetHints":{"allow":["GET"]}}],"collection":[{"href":"https:\/\/www.iocharger.com\/de\/wp-json\/wp\/v2\/product"}],"about":[{"href":"https:\/\/www.iocharger.com\/de\/wp-json\/wp\/v2\/types\/product"}],"version-history":[{"count":2,"href":"https:\/\/www.iocharger.com\/de\/wp-json\/wp\/v2\/product\/2264\/revisions"}],"predecessor-version":[{"id":9942,"href":"https:\/\/www.iocharger.com\/de\/wp-json\/wp\/v2\/product\/2264\/revisions\/9942"}],"wp:featuredmedia":[{"embeddable":true,"href":"https:\/\/www.iocharger.com\/de\/wp-json\/wp\/v2\/media\/3466"}],"wp:attachment":[{"href":"https:\/\/www.iocharger.com\/de\/wp-json\/wp\/v2\/media?parent=2264"}],"wp:term":[{"taxonomy":"product_brand","embeddable":true,"href":"https:\/\/www.iocharger.com\/de\/wp-json\/wp\/v2\/product_brand?post=2264"},{"taxonomy":"product_cat","embeddable":true,"href":"https:\/\/www.iocharger.com\/de\/wp-json\/wp\/v2\/product_cat?post=2264"},{"taxonomy":"product_tag","embeddable":true,"href":"https:\/\/www.iocharger.com\/de\/wp-json\/wp\/v2\/product_tag?post=2264"}],"curies":[{"name":"wp","href":"https:\/\/api.w.org\/{rel}","templated":true}]}}