{"id":2104,"date":"2023-05-31T11:02:51","date_gmt":"2023-05-31T11:02:51","guid":{"rendered":"https:\/\/test2.honstyle.com\/?post_type=product&#038;p=2104"},"modified":"2026-04-30T08:22:59","modified_gmt":"2026-04-30T08:22:59","slug":"level-3-ocpp-1-6j-ocpp-2-0-1-30kw-60kw-dc-wallbox","status":"publish","type":"product","link":"https:\/\/www.iocharger.com\/de\/level-3-ocpp-1-6j-ocpp-2-0-1-30kw-60kw-dc-wallbox\/","title":{"rendered":"ISO15118 Plug&amp;Charge V2G Level 3 OCPP 1.6J OCPP 2.0.1 konform 30kW 60kW DC Wallbox"},"content":{"rendered":"<div data-elementor-type=\"product-post\" data-elementor-id=\"2104\" class=\"elementor elementor-2104\" data-elementor-post-type=\"product\">\n\t\t\t\t\t\t<section class=\"elementor-section elementor-top-section elementor-element elementor-element-34475fe elementor-section-boxed elementor-section-height-default elementor-section-height-default\" data-id=\"34475fe\" data-element_type=\"section\" data-e-type=\"section\">\n\t\t\t\t\t\t<div class=\"elementor-container elementor-column-gap-default\">\n\t\t\t\t\t<div class=\"elementor-column elementor-col-50 elementor-top-column elementor-element elementor-element-09e3605\" data-id=\"09e3605\" data-element_type=\"column\" data-e-type=\"column\">\n\t\t\t<div class=\"elementor-widget-wrap elementor-element-populated\">\n\t\t\t\t\t\t<div class=\"elementor-element elementor-element-3a8bec0 elementor-widget elementor-widget-text-editor\" data-id=\"3a8bec0\" data-element_type=\"widget\" data-e-type=\"widget\" data-widget_type=\"text-editor.default\">\n\t\t\t\t\t\t\t\t\t<p><strong>Hauptmerkmale:<\/strong><\/p><ul><li>Ladegeschwindigkeit bis zu 60 kW<\/li><li>CCS 1, CCS 2, CHAdeMO, GB\/T Ladestecker<\/li><li>ISO 15118 Stecker und Ladung<\/li><li>Unterst\u00fctzt zwei Ladestecker, die gleichzeitig geladen werden<\/li><li>\u00a095% Leistungseffizienz f\u00fcr kostensparenden Betrieb<\/li><li>Integriertes RFID-Kartenleseger\u00e4t f\u00fcr die Benutzerauthentifizierung<\/li><li>8-Zoll-LCD-Touchscreen und benutzerfreundliche Schnittstelle, einfach zu bedienen<\/li><li>Pin-Code (OTP)<\/li><li>Volle Unterst\u00fctzung von OCPP 1.6J &amp; OCPP 2.0.1 Befehlen<\/li><\/ul>\t\t\t\t\t\t\t\t<\/div>\n\t\t\t\t\t<\/div>\n\t\t<\/div>\n\t\t\t\t<div class=\"elementor-column elementor-col-50 elementor-top-column elementor-element elementor-element-05fc7de\" data-id=\"05fc7de\" data-element_type=\"column\" data-e-type=\"column\">\n\t\t\t<div class=\"elementor-widget-wrap elementor-element-populated\">\n\t\t\t\t\t\t<div class=\"elementor-element elementor-element-590de91 elementor-widget elementor-widget-image\" data-id=\"590de91\" data-element_type=\"widget\" data-e-type=\"widget\" data-widget_type=\"image.default\">\n\t\t\t\t\t\t\t\t\t\t\t\t\t\t\t<img fetchpriority=\"high\" decoding=\"async\" width=\"2048\" height=\"2048\" src=\"https:\/\/www.iocharger.com\/wp-content\/uploads\/2023\/05\/IOCHY2-ev-charger-1-1.jpg\" class=\"attachment-full size-full wp-image-5964\" alt=\"\" srcset=\"https:\/\/www.iocharger.com\/wp-content\/uploads\/2023\/05\/IOCHY2-ev-charger-1-1.jpg 2048w, https:\/\/www.iocharger.com\/wp-content\/uploads\/2023\/05\/IOCHY2-ev-charger-1-1-150x150.jpg 150w, https:\/\/www.iocharger.com\/wp-content\/uploads\/2023\/05\/IOCHY2-ev-charger-1-1-660x660.jpg 660w, https:\/\/www.iocharger.com\/wp-content\/uploads\/2023\/05\/IOCHY2-ev-charger-1-1-300x300.jpg 300w, https:\/\/www.iocharger.com\/wp-content\/uploads\/2023\/05\/IOCHY2-ev-charger-1-1-1200x1200.jpg 1200w, https:\/\/www.iocharger.com\/wp-content\/uploads\/2023\/05\/IOCHY2-ev-charger-1-1-768x768.jpg 768w, https:\/\/www.iocharger.com\/wp-content\/uploads\/2023\/05\/IOCHY2-ev-charger-1-1-1536x1536.jpg 1536w, https:\/\/www.iocharger.com\/wp-content\/uploads\/2023\/05\/IOCHY2-ev-charger-1-1-285x285.jpg 285w, https:\/\/www.iocharger.com\/wp-content\/uploads\/2023\/05\/IOCHY2-ev-charger-1-1-1600x1600.jpg 1600w, https:\/\/www.iocharger.com\/wp-content\/uploads\/2023\/05\/IOCHY2-ev-charger-1-1-270x270.jpg 270w, https:\/\/www.iocharger.com\/wp-content\/uploads\/2023\/05\/IOCHY2-ev-charger-1-1-540x540.jpg 540w\" sizes=\"(max-width: 2048px) 100vw, 2048px\" \/>\t\t\t\t\t\t\t\t\t\t\t\t\t\t\t<\/div>\n\t\t\t\t\t<\/div>\n\t\t<\/div>\n\t\t\t\t\t<\/div>\n\t\t<\/section>\n\t\t\t\t<section class=\"elementor-section elementor-top-section elementor-element elementor-element-e85439f elementor-section-boxed elementor-section-height-default elementor-section-height-default\" data-id=\"e85439f\" data-element_type=\"section\" data-e-type=\"section\">\n\t\t\t\t\t\t<div class=\"elementor-container elementor-column-gap-default\">\n\t\t\t\t\t<div class=\"elementor-column elementor-col-50 elementor-top-column elementor-element elementor-element-ec719e4\" data-id=\"ec719e4\" data-element_type=\"column\" data-e-type=\"column\">\n\t\t\t<div class=\"elementor-widget-wrap elementor-element-populated\">\n\t\t\t\t\t\t<div class=\"elementor-element elementor-element-24c3f7e elementor-widget elementor-widget-image\" data-id=\"24c3f7e\" data-element_type=\"widget\" data-e-type=\"widget\" data-widget_type=\"image.default\">\n\t\t\t\t\t\t\t\t\t\t\t\t\t\t\t<img decoding=\"async\" width=\"2048\" height=\"2048\" src=\"https:\/\/www.iocharger.com\/wp-content\/uploads\/2023\/05\/IOCHY2-ev-charger-2-1.jpg\" class=\"attachment-full size-full wp-image-5965\" alt=\"30-kW-Wandladeger\u00e4t f\u00fcr Gleichstrom-Elektrofahrzeuge IOCHY2\" srcset=\"https:\/\/www.iocharger.com\/wp-content\/uploads\/2023\/05\/IOCHY2-ev-charger-2-1.jpg 2048w, https:\/\/www.iocharger.com\/wp-content\/uploads\/2023\/05\/IOCHY2-ev-charger-2-1-150x150.jpg 150w, https:\/\/www.iocharger.com\/wp-content\/uploads\/2023\/05\/IOCHY2-ev-charger-2-1-660x660.jpg 660w, https:\/\/www.iocharger.com\/wp-content\/uploads\/2023\/05\/IOCHY2-ev-charger-2-1-300x300.jpg 300w, https:\/\/www.iocharger.com\/wp-content\/uploads\/2023\/05\/IOCHY2-ev-charger-2-1-1200x1200.jpg 1200w, https:\/\/www.iocharger.com\/wp-content\/uploads\/2023\/05\/IOCHY2-ev-charger-2-1-768x768.jpg 768w, https:\/\/www.iocharger.com\/wp-content\/uploads\/2023\/05\/IOCHY2-ev-charger-2-1-1536x1536.jpg 1536w, https:\/\/www.iocharger.com\/wp-content\/uploads\/2023\/05\/IOCHY2-ev-charger-2-1-285x285.jpg 285w, https:\/\/www.iocharger.com\/wp-content\/uploads\/2023\/05\/IOCHY2-ev-charger-2-1-1600x1600.jpg 1600w, https:\/\/www.iocharger.com\/wp-content\/uploads\/2023\/05\/IOCHY2-ev-charger-2-1-270x270.jpg 270w, https:\/\/www.iocharger.com\/wp-content\/uploads\/2023\/05\/IOCHY2-ev-charger-2-1-540x540.jpg 540w\" sizes=\"(max-width: 2048px) 100vw, 2048px\" \/>\t\t\t\t\t\t\t\t\t\t\t\t\t\t\t<\/div>\n\t\t\t\t\t<\/div>\n\t\t<\/div>\n\t\t\t\t<div class=\"elementor-column elementor-col-50 elementor-top-column elementor-element elementor-element-45f5791\" data-id=\"45f5791\" data-element_type=\"column\" data-e-type=\"column\">\n\t\t\t<div class=\"elementor-widget-wrap elementor-element-populated\">\n\t\t\t\t\t\t<div class=\"elementor-element elementor-element-b0f34e3 elementor-widget elementor-widget-text-editor\" data-id=\"b0f34e3\" data-element_type=\"widget\" data-e-type=\"widget\" data-widget_type=\"text-editor.default\">\n\t\t\t\t\t\t\t\t\t<div class=\"text-detail\"><p><strong>Schnelle Ladegeschwindigkeit und hoher Wirkungsgrad<\/strong><\/p><p>IOCHY2 erm\u00f6glicht eine maximale Ladeleistung von 60 kW, was eine lange Laufleistung bei kurzer Ladezeit gew\u00e4hrleistet. Eine h\u00f6here Ladeeffizienz als beim 95% und ein niedriger Standby-Verbrauch erm\u00f6glichen einen kostensparenden Betrieb.<\/p><\/div>\t\t\t\t\t\t\t\t<\/div>\n\t\t\t\t\t<\/div>\n\t\t<\/div>\n\t\t\t\t\t<\/div>\n\t\t<\/section>\n\t\t\t\t<section class=\"elementor-section elementor-top-section elementor-element elementor-element-0172ff0 elementor-section-boxed elementor-section-height-default elementor-section-height-default\" data-id=\"0172ff0\" data-element_type=\"section\" data-e-type=\"section\">\n\t\t\t\t\t\t<div class=\"elementor-container elementor-column-gap-default\">\n\t\t\t\t\t<div class=\"elementor-column elementor-col-50 elementor-top-column elementor-element elementor-element-787e6cf\" data-id=\"787e6cf\" data-element_type=\"column\" data-e-type=\"column\">\n\t\t\t<div class=\"elementor-widget-wrap elementor-element-populated\">\n\t\t\t\t\t\t<div class=\"elementor-element elementor-element-2f96cea elementor-widget elementor-widget-text-editor\" data-id=\"2f96cea\" data-element_type=\"widget\" data-e-type=\"widget\" data-widget_type=\"text-editor.default\">\n\t\t\t\t\t\t\t\t\t<p><strong>Anwendbar auf eine gro\u00dfe Vielfalt von Anwendungsf\u00e4llen<\/strong><\/p><p>Mit seinem ultrakompakten Design ist er sicher und zuverl\u00e4ssig f\u00fcr Wohnh\u00e4user, B\u00fcros, \u00f6ffentliche Einrichtungen wie Einkaufszentren, Hotels, Parkh\u00e4user, Fuhrparks usw.<\/p><p><strong>Einfach zu benutzen<\/strong><\/p><p>IOCHY2 erm\u00f6glicht eine sichere Authentifizierung und sichere Bezahlung durch RFID und mobile Apps. Der mehrsprachig unterst\u00fctzte 8-Zoll-Touchscreen macht den Ladevorgang f\u00fcr alle Benutzer einfach und verst\u00e4ndlich.<\/p>\t\t\t\t\t\t\t\t<\/div>\n\t\t\t\t\t<\/div>\n\t\t<\/div>\n\t\t\t\t<div class=\"elementor-column elementor-col-50 elementor-top-column elementor-element elementor-element-d5a2272\" data-id=\"d5a2272\" data-element_type=\"column\" data-e-type=\"column\">\n\t\t\t<div class=\"elementor-widget-wrap elementor-element-populated\">\n\t\t\t\t\t\t<div class=\"elementor-element elementor-element-016a5a0 elementor-widget elementor-widget-image\" data-id=\"016a5a0\" data-element_type=\"widget\" data-e-type=\"widget\" data-widget_type=\"image.default\">\n\t\t\t\t\t\t\t\t\t\t\t\t\t\t\t<img decoding=\"async\" width=\"1000\" height=\"1000\" src=\"https:\/\/www.iocharger.com\/wp-content\/uploads\/2023\/05\/IOCHY2-1.jpg\" class=\"attachment-full size-full wp-image-6081\" alt=\"\" srcset=\"https:\/\/www.iocharger.com\/wp-content\/uploads\/2023\/05\/IOCHY2-1.jpg 1000w, https:\/\/www.iocharger.com\/wp-content\/uploads\/2023\/05\/IOCHY2-1-150x150.jpg 150w, https:\/\/www.iocharger.com\/wp-content\/uploads\/2023\/05\/IOCHY2-1-660x660.jpg 660w, https:\/\/www.iocharger.com\/wp-content\/uploads\/2023\/05\/IOCHY2-1-300x300.jpg 300w, https:\/\/www.iocharger.com\/wp-content\/uploads\/2023\/05\/IOCHY2-1-768x768.jpg 768w, https:\/\/www.iocharger.com\/wp-content\/uploads\/2023\/05\/IOCHY2-1-285x285.jpg 285w, https:\/\/www.iocharger.com\/wp-content\/uploads\/2023\/05\/IOCHY2-1-270x270.jpg 270w, https:\/\/www.iocharger.com\/wp-content\/uploads\/2023\/05\/IOCHY2-1-540x540.jpg 540w\" sizes=\"(max-width: 1000px) 100vw, 1000px\" \/>\t\t\t\t\t\t\t\t\t\t\t\t\t\t\t<\/div>\n\t\t\t\t\t<\/div>\n\t\t<\/div>\n\t\t\t\t\t<\/div>\n\t\t<\/section>\n\t\t\t\t<section class=\"elementor-section elementor-top-section elementor-element elementor-element-b7d9a83 elementor-section-boxed elementor-section-height-default elementor-section-height-default\" data-id=\"b7d9a83\" data-element_type=\"section\" data-e-type=\"section\">\n\t\t\t\t\t\t<div class=\"elementor-container elementor-column-gap-default\">\n\t\t\t\t\t<div class=\"elementor-column elementor-col-50 elementor-top-column elementor-element elementor-element-fdf59cc\" data-id=\"fdf59cc\" data-element_type=\"column\" data-e-type=\"column\">\n\t\t\t<div class=\"elementor-widget-wrap elementor-element-populated\">\n\t\t\t\t\t\t<div class=\"elementor-element elementor-element-2daf3e3 elementor-widget elementor-widget-image\" data-id=\"2daf3e3\" data-element_type=\"widget\" data-e-type=\"widget\" data-widget_type=\"image.default\">\n\t\t\t\t\t\t\t\t\t\t\t\t\t\t\t<img loading=\"lazy\" decoding=\"async\" width=\"750\" height=\"750\" src=\"https:\/\/www.iocharger.com\/wp-content\/uploads\/2023\/05\/60kW-90kW-120kW-150kW-DC-Fast-EV-Charger-3-1.png\" class=\"attachment-full size-full wp-image-3281\" alt=\"\" srcset=\"https:\/\/www.iocharger.com\/wp-content\/uploads\/2023\/05\/60kW-90kW-120kW-150kW-DC-Fast-EV-Charger-3-1.png 750w, https:\/\/www.iocharger.com\/wp-content\/uploads\/2023\/05\/60kW-90kW-120kW-150kW-DC-Fast-EV-Charger-3-1-150x150.png 150w, https:\/\/www.iocharger.com\/wp-content\/uploads\/2023\/05\/60kW-90kW-120kW-150kW-DC-Fast-EV-Charger-3-1-660x660.png 660w, https:\/\/www.iocharger.com\/wp-content\/uploads\/2023\/05\/60kW-90kW-120kW-150kW-DC-Fast-EV-Charger-3-1-300x300.png 300w, https:\/\/www.iocharger.com\/wp-content\/uploads\/2023\/05\/60kW-90kW-120kW-150kW-DC-Fast-EV-Charger-3-1-285x285.png 285w, https:\/\/www.iocharger.com\/wp-content\/uploads\/2023\/05\/60kW-90kW-120kW-150kW-DC-Fast-EV-Charger-3-1-270x270.png 270w, https:\/\/www.iocharger.com\/wp-content\/uploads\/2023\/05\/60kW-90kW-120kW-150kW-DC-Fast-EV-Charger-3-1-540x540.png 540w\" sizes=\"(max-width: 750px) 100vw, 750px\" \/>\t\t\t\t\t\t\t\t\t\t\t\t\t\t\t<\/div>\n\t\t\t\t\t<\/div>\n\t\t<\/div>\n\t\t\t\t<div class=\"elementor-column elementor-col-50 elementor-top-column elementor-element elementor-element-9abb748\" data-id=\"9abb748\" data-element_type=\"column\" data-e-type=\"column\">\n\t\t\t<div class=\"elementor-widget-wrap elementor-element-populated\">\n\t\t\t\t\t\t<div class=\"elementor-element elementor-element-9f6a1bc elementor-widget elementor-widget-text-editor\" data-id=\"9f6a1bc\" data-element_type=\"widget\" data-e-type=\"widget\" data-widget_type=\"text-editor.default\">\n\t\t\t\t\t\t\t\t\t<p><strong>Smart Charging wird unterst\u00fctzt<\/strong><\/p><p>Dieses Ladeger\u00e4t basiert auf dem neuesten OCPP-Standard und verf\u00fcgt \u00fcber Dynamic Load Management (DLM). Dies gew\u00e4hrleistet die nahtlose Integration in fortschrittliche intelligente Energiesysteme und optimiert die Ladeleistung auch bei eingeschr\u00e4nkter Stromversorgung.<\/p>\t\t\t\t\t\t\t\t<\/div>\n\t\t\t\t\t<\/div>\n\t\t<\/div>\n\t\t\t\t\t<\/div>\n\t\t<\/section>\n\t\t\t\t<\/div>","protected":false},"excerpt":{"rendered":"<div class=\"pro_main_text clearfix\">\n<div class=\"pro_main_text clearfix\">\n<div class=\"pro_main_text clearfix\">\n<div class=\"pro_main_text clearfix\">\n<div class=\"pro_main_text clearfix\">\n<div class=\"pro_main_text clearfix\">\n<p class=\"\">IOCHY2 ist eine kompakte DC-Ladestation, die wahlweise an der Wand oder am Boden montiert werden kann und f\u00fcr jedermann leicht zu bedienen ist.<\/p>\n<\/div>\n<ul class=\"clearfix\">\n<li>Eingangsleistung: 3-phasig 400V\u00b115% AC<\/li>\n<li>Maximale DC-Ausgangsleistung: 30kW\/ 60kW<\/li>\n<li>Ausgangs-Gleichspannungsbereich: 150 V bis 1000 V DC<\/li>\n<li>Anzeige: 8\u201d TFT-Touchscreen-LCD<\/li>\n<li>Netzwerk-Schnittstelle: Ethernet\/ 4G Smart Internet Verbindung<\/li>\n<li>OCPP: OCPP 1.6J\/ OCPP 2.0.1 unterst\u00fctzt alle Profile<\/li>\n<li>ISO15118 Plug&amp;Charge: Aufr\u00fcstbar<\/li>\n<li>Schutzart: IP54<\/li>\n<li>Ladeschnittstelle: 1 CCS\/ 1 CHAdeMO\/ 2 CCS\/ 2 CHAdeMO\/1 CCS +1 CHAdeMO<\/li>\n<li>Montageart: Wand oder Boden (Sockel wird separat geliefert)<\/li>\n<li>Abmessungen: 355\u00d7690\u00d7770mm<\/li>\n<\/ul>\n<\/div>\n<\/div>\n<\/div>\n<\/div>\n<\/div>","protected":false},"featured_media":8701,"template":"","meta":{"_acf_changed":false},"product_brand":[],"product_cat":[79],"product_tag":[78,80,81],"class_list":{"0":"post-2104","1":"product","2":"type-product","3":"status-publish","4":"has-post-thumbnail","6":"product_cat-dc-fast-charger","7":"product_tag-30kw-60kw-dc-wallbox-level-3","8":"product_tag-mode-4-ocpp-2-0-1-dc-fast-charging-station","9":"product_tag-ocpp-1-6j-dc-charger","11":"first","12":"instock","13":"shipping-taxable","14":"product-type-simple"},"acf":[],"_links":{"self":[{"href":"https:\/\/www.iocharger.com\/de\/wp-json\/wp\/v2\/product\/2104","targetHints":{"allow":["GET"]}}],"collection":[{"href":"https:\/\/www.iocharger.com\/de\/wp-json\/wp\/v2\/product"}],"about":[{"href":"https:\/\/www.iocharger.com\/de\/wp-json\/wp\/v2\/types\/product"}],"version-history":[{"count":5,"href":"https:\/\/www.iocharger.com\/de\/wp-json\/wp\/v2\/product\/2104\/revisions"}],"predecessor-version":[{"id":9952,"href":"https:\/\/www.iocharger.com\/de\/wp-json\/wp\/v2\/product\/2104\/revisions\/9952"}],"wp:featuredmedia":[{"embeddable":true,"href":"https:\/\/www.iocharger.com\/de\/wp-json\/wp\/v2\/media\/8701"}],"wp:attachment":[{"href":"https:\/\/www.iocharger.com\/de\/wp-json\/wp\/v2\/media?parent=2104"}],"wp:term":[{"taxonomy":"product_brand","embeddable":true,"href":"https:\/\/www.iocharger.com\/de\/wp-json\/wp\/v2\/product_brand?post=2104"},{"taxonomy":"product_cat","embeddable":true,"href":"https:\/\/www.iocharger.com\/de\/wp-json\/wp\/v2\/product_cat?post=2104"},{"taxonomy":"product_tag","embeddable":true,"href":"https:\/\/www.iocharger.com\/de\/wp-json\/wp\/v2\/product_tag?post=2104"}],"curies":[{"name":"wp","href":"https:\/\/api.w.org\/{rel}","templated":true}]}}