{"id":2094,"date":"2023-05-31T10:58:14","date_gmt":"2023-05-31T10:58:14","guid":{"rendered":"https:\/\/test2.honstyle.com\/?post_type=product&#038;p=2094"},"modified":"2025-12-24T08:58:50","modified_gmt":"2025-12-24T08:58:50","slug":"ocpp-public-ev-charger-support-credit-card-payment-with-pos-terminal","status":"publish","type":"product","link":"https:\/\/www.iocharger.com\/de\/ocpp-public-ev-charger-support-credit-card-payment-with-pos-terminal\/","title":{"rendered":"OCPP 2.0.1-konforme \u00f6ffentliche EV-Ladestation mit Plug&amp;Charge-Funktion unterst\u00fctzt Kreditkartenzahlung \u00fcber POS-Terminal"},"content":{"rendered":"<div data-elementor-type=\"product-post\" data-elementor-id=\"2094\" class=\"elementor elementor-2094\" data-elementor-post-type=\"product\">\n\t\t\t\t\t\t<section class=\"elementor-section elementor-top-section elementor-element elementor-element-00e90a8 elementor-section-boxed elementor-section-height-default elementor-section-height-default\" data-id=\"00e90a8\" data-element_type=\"section\">\n\t\t\t\t\t\t<div class=\"elementor-container elementor-column-gap-default\">\n\t\t\t\t\t<div class=\"elementor-column elementor-col-100 elementor-top-column elementor-element elementor-element-b7cfd57\" data-id=\"b7cfd57\" data-element_type=\"column\">\n\t\t\t<div class=\"elementor-widget-wrap elementor-element-populated\">\n\t\t\t\t\t\t<div class=\"elementor-element elementor-element-c2e8bae elementor-widget elementor-widget-text-editor\" data-id=\"c2e8bae\" data-element_type=\"widget\" data-widget_type=\"text-editor.default\">\n\t\t\t\t\t\t\t\t\t<p>IOCAP26 ist speziell f\u00fcr kommerzielle Ladezwecke konzipiert. Die hohe Wasser- und Staubbest\u00e4ndigkeit nach IP55 und IK10 machen ihn perfekt f\u00fcr Ladestationen im Freien wie Tankstellen, Parkpl\u00e4tze, Stra\u00dfenecken usw.<\/p>\t\t\t\t\t\t\t\t<\/div>\n\t\t\t\t\t<\/div>\n\t\t<\/div>\n\t\t\t\t\t<\/div>\n\t\t<\/section>\n\t\t\t\t<section class=\"elementor-section elementor-top-section elementor-element elementor-element-1cfd539 elementor-section-boxed elementor-section-height-default elementor-section-height-default\" data-id=\"1cfd539\" data-element_type=\"section\">\n\t\t\t\t\t\t<div class=\"elementor-container elementor-column-gap-default\">\n\t\t\t\t\t<div class=\"elementor-column elementor-col-50 elementor-top-column elementor-element elementor-element-20c5297\" data-id=\"20c5297\" data-element_type=\"column\">\n\t\t\t<div class=\"elementor-widget-wrap elementor-element-populated\">\n\t\t\t\t\t\t<div class=\"elementor-element elementor-element-9a50614 elementor-widget elementor-widget-text-editor\" data-id=\"9a50614\" data-element_type=\"widget\" data-widget_type=\"text-editor.default\">\n\t\t\t\t\t\t\t\t\t<p><strong>Hauptmerkmale:<\/strong><\/p><ul><li>Flexible Konfiguration von Ausgangsstrom und -leistung<\/li><li>Dual Independent power control with the connectors<\/li><li>2x Type-B RCCB<\/li><li>2x MID-Messger\u00e4t innen<\/li><li>Smart Network Connectivity Ethernet, Wi-Fi, Celluar<\/li><li>Benutzerauthentifizierung \u00fcber RFID oder Mobile App<\/li><li>Benutzerfreundliches Webportal f\u00fcr die Konfiguration des Ladeger\u00e4ts<\/li><li>Dynamic Load Management Support up to 252 pcs<\/li><li>POS terminal installation support<\/li><li>Separates MID-Ablesefenster<\/li><li>Breathing light, Cascade connection for internet sharing<\/li><\/ul>\t\t\t\t\t\t\t\t<\/div>\n\t\t\t\t\t<\/div>\n\t\t<\/div>\n\t\t\t\t<div class=\"elementor-column elementor-col-50 elementor-top-column elementor-element elementor-element-7450399\" data-id=\"7450399\" data-element_type=\"column\">\n\t\t\t<div class=\"elementor-widget-wrap elementor-element-populated\">\n\t\t\t\t\t\t<div class=\"elementor-element elementor-element-a02cf29 elementor-widget__width-initial elementor-widget elementor-widget-image\" data-id=\"a02cf29\" data-element_type=\"widget\" data-widget_type=\"image.default\">\n\t\t\t\t\t\t\t\t\t\t\t\t\t\t\t<img fetchpriority=\"high\" decoding=\"async\" width=\"1000\" height=\"1000\" src=\"https:\/\/www.iocharger.com\/wp-content\/uploads\/2023\/05\/iocharger-dual-ev-charger-3-1.png\" class=\"attachment-full size-full wp-image-5367\" alt=\"\" srcset=\"https:\/\/www.iocharger.com\/wp-content\/uploads\/2023\/05\/iocharger-dual-ev-charger-3-1.png 1000w, https:\/\/www.iocharger.com\/wp-content\/uploads\/2023\/05\/iocharger-dual-ev-charger-3-1-150x150.png 150w, https:\/\/www.iocharger.com\/wp-content\/uploads\/2023\/05\/iocharger-dual-ev-charger-3-1-660x660.png 660w, https:\/\/www.iocharger.com\/wp-content\/uploads\/2023\/05\/iocharger-dual-ev-charger-3-1-300x300.png 300w, https:\/\/www.iocharger.com\/wp-content\/uploads\/2023\/05\/iocharger-dual-ev-charger-3-1-768x768.png 768w, https:\/\/www.iocharger.com\/wp-content\/uploads\/2023\/05\/iocharger-dual-ev-charger-3-1-285x285.png 285w, https:\/\/www.iocharger.com\/wp-content\/uploads\/2023\/05\/iocharger-dual-ev-charger-3-1-270x270.png 270w, https:\/\/www.iocharger.com\/wp-content\/uploads\/2023\/05\/iocharger-dual-ev-charger-3-1-540x540.png 540w\" sizes=\"(max-width: 1000px) 100vw, 1000px\" \/>\t\t\t\t\t\t\t\t\t\t\t\t\t\t\t<\/div>\n\t\t\t\t\t<\/div>\n\t\t<\/div>\n\t\t\t\t\t<\/div>\n\t\t<\/section>\n\t\t\t\t<section class=\"elementor-section elementor-top-section elementor-element elementor-element-353d4e0 elementor-section-boxed elementor-section-height-default elementor-section-height-default\" data-id=\"353d4e0\" data-element_type=\"section\">\n\t\t\t\t\t\t<div class=\"elementor-container elementor-column-gap-default\">\n\t\t\t\t\t<div class=\"elementor-column elementor-col-50 elementor-top-column elementor-element elementor-element-54ea811\" data-id=\"54ea811\" data-element_type=\"column\">\n\t\t\t<div class=\"elementor-widget-wrap elementor-element-populated\">\n\t\t\t\t\t\t<div class=\"elementor-element elementor-element-ddbe937 elementor-widget elementor-widget-image\" data-id=\"ddbe937\" data-element_type=\"widget\" data-widget_type=\"image.default\">\n\t\t\t\t\t\t\t\t\t\t\t\t\t\t\t<img decoding=\"async\" width=\"1000\" height=\"1000\" src=\"https:\/\/www.iocharger.com\/wp-content\/uploads\/2023\/05\/22kw-ev-charger-with-pos-terminal-1.jpg\" class=\"attachment-full size-full wp-image-6384\" alt=\"22kw ev charger with pos terminal\" srcset=\"https:\/\/www.iocharger.com\/wp-content\/uploads\/2023\/05\/22kw-ev-charger-with-pos-terminal-1.jpg 1000w, https:\/\/www.iocharger.com\/wp-content\/uploads\/2023\/05\/22kw-ev-charger-with-pos-terminal-1-150x150.jpg 150w, https:\/\/www.iocharger.com\/wp-content\/uploads\/2023\/05\/22kw-ev-charger-with-pos-terminal-1-660x660.jpg 660w, https:\/\/www.iocharger.com\/wp-content\/uploads\/2023\/05\/22kw-ev-charger-with-pos-terminal-1-300x300.jpg 300w, https:\/\/www.iocharger.com\/wp-content\/uploads\/2023\/05\/22kw-ev-charger-with-pos-terminal-1-768x768.jpg 768w, https:\/\/www.iocharger.com\/wp-content\/uploads\/2023\/05\/22kw-ev-charger-with-pos-terminal-1-285x285.jpg 285w, https:\/\/www.iocharger.com\/wp-content\/uploads\/2023\/05\/22kw-ev-charger-with-pos-terminal-1-270x270.jpg 270w, https:\/\/www.iocharger.com\/wp-content\/uploads\/2023\/05\/22kw-ev-charger-with-pos-terminal-1-540x540.jpg 540w\" sizes=\"(max-width: 1000px) 100vw, 1000px\" \/>\t\t\t\t\t\t\t\t\t\t\t\t\t\t\t<\/div>\n\t\t\t\t\t<\/div>\n\t\t<\/div>\n\t\t\t\t<div class=\"elementor-column elementor-col-50 elementor-top-column elementor-element elementor-element-90eca43\" data-id=\"90eca43\" data-element_type=\"column\">\n\t\t\t<div class=\"elementor-widget-wrap elementor-element-populated\">\n\t\t\t\t\t\t<div class=\"elementor-element elementor-element-13a2eab elementor-widget elementor-widget-text-editor\" data-id=\"13a2eab\" data-element_type=\"widget\" data-widget_type=\"text-editor.default\">\n\t\t\t\t\t\t\t\t\t<p><strong>Integrate POS termial payment<\/strong><\/p><p>IOCAP26 has integrated our latest POS terminal payment technology to maximize the user charging experience in public, workplace, commercial parking, gas stations etc. We provide a complete payment solution which including:<\/p><ul><li>\u00a0POS terminal on AC&amp;DC Charger or separate installation<\/li><li>\u00a0Local offline POS payment<\/li><li>Online POS payment integration with OCPP backend<\/li><li>Single POS terminal supporting multiple EV Charger connections<\/li><li>Nayax, Payter terminal<\/li><\/ul><p>It is a perfect and complete solution for your business, providing you with easy operation, monitoring, management, and cashless payment acceptance.<\/p>\t\t\t\t\t\t\t\t<\/div>\n\t\t\t\t\t<\/div>\n\t\t<\/div>\n\t\t\t\t\t<\/div>\n\t\t<\/section>\n\t\t\t\t<section class=\"elementor-section elementor-top-section elementor-element elementor-element-68cc48d elementor-section-boxed elementor-section-height-default elementor-section-height-default\" data-id=\"68cc48d\" data-element_type=\"section\">\n\t\t\t\t\t\t<div class=\"elementor-container elementor-column-gap-default\">\n\t\t\t\t\t<div class=\"elementor-column elementor-col-50 elementor-top-column elementor-element elementor-element-315ab35\" data-id=\"315ab35\" data-element_type=\"column\">\n\t\t\t<div class=\"elementor-widget-wrap elementor-element-populated\">\n\t\t\t\t\t\t<div class=\"elementor-element elementor-element-a1006df elementor-widget elementor-widget-text-editor\" data-id=\"a1006df\" data-element_type=\"widget\" data-widget_type=\"text-editor.default\">\n\t\t\t\t\t\t\t\t\t<p><strong>Zwei Autos gleichzeitig aufladen<\/strong><\/p><p>Two charging connectors allow IOCAP26 can charge 2 cars simultaneously. Independent power input design makes each Type-2 socket working separately without interfering, and each Type-2 socket can output maximum 22kW power at the same time for the quick charging.<\/p>\t\t\t\t\t\t\t\t<\/div>\n\t\t\t\t\t<\/div>\n\t\t<\/div>\n\t\t\t\t<div class=\"elementor-column elementor-col-50 elementor-top-column elementor-element elementor-element-0621132\" data-id=\"0621132\" data-element_type=\"column\">\n\t\t\t<div class=\"elementor-widget-wrap elementor-element-populated\">\n\t\t\t\t\t\t<div class=\"elementor-element elementor-element-3266632 elementor-widget elementor-widget-image\" data-id=\"3266632\" data-element_type=\"widget\" data-widget_type=\"image.default\">\n\t\t\t\t\t\t\t\t\t\t\t\t\t\t\t<img decoding=\"async\" width=\"1000\" height=\"1000\" src=\"https:\/\/www.iocharger.com\/wp-content\/uploads\/2023\/05\/ev-charger-with-pos-payment-3-1.png\" class=\"attachment-full size-full wp-image-5242\" alt=\"\" srcset=\"https:\/\/www.iocharger.com\/wp-content\/uploads\/2023\/05\/ev-charger-with-pos-payment-3-1.png 1000w, https:\/\/www.iocharger.com\/wp-content\/uploads\/2023\/05\/ev-charger-with-pos-payment-3-1-150x150.png 150w, https:\/\/www.iocharger.com\/wp-content\/uploads\/2023\/05\/ev-charger-with-pos-payment-3-1-660x660.png 660w, https:\/\/www.iocharger.com\/wp-content\/uploads\/2023\/05\/ev-charger-with-pos-payment-3-1-300x300.png 300w, https:\/\/www.iocharger.com\/wp-content\/uploads\/2023\/05\/ev-charger-with-pos-payment-3-1-768x768.png 768w, https:\/\/www.iocharger.com\/wp-content\/uploads\/2023\/05\/ev-charger-with-pos-payment-3-1-285x285.png 285w, https:\/\/www.iocharger.com\/wp-content\/uploads\/2023\/05\/ev-charger-with-pos-payment-3-1-270x270.png 270w, https:\/\/www.iocharger.com\/wp-content\/uploads\/2023\/05\/ev-charger-with-pos-payment-3-1-540x540.png 540w\" sizes=\"(max-width: 1000px) 100vw, 1000px\" \/>\t\t\t\t\t\t\t\t\t\t\t\t\t\t\t<\/div>\n\t\t\t\t\t<\/div>\n\t\t<\/div>\n\t\t\t\t\t<\/div>\n\t\t<\/section>\n\t\t\t\t<section class=\"elementor-section elementor-top-section elementor-element elementor-element-9c3d70e elementor-section-boxed elementor-section-height-default elementor-section-height-default\" data-id=\"9c3d70e\" data-element_type=\"section\">\n\t\t\t\t\t\t<div class=\"elementor-container elementor-column-gap-default\">\n\t\t\t\t\t<div class=\"elementor-column elementor-col-50 elementor-top-column elementor-element elementor-element-4634541\" data-id=\"4634541\" data-element_type=\"column\">\n\t\t\t<div class=\"elementor-widget-wrap elementor-element-populated\">\n\t\t\t\t\t\t<div class=\"elementor-element elementor-element-2a23fde elementor-widget elementor-widget-image\" data-id=\"2a23fde\" data-element_type=\"widget\" data-widget_type=\"image.default\">\n\t\t\t\t\t\t\t\t\t\t\t\t\t\t\t<img loading=\"lazy\" decoding=\"async\" width=\"1000\" height=\"1000\" src=\"https:\/\/www.iocharger.com\/wp-content\/uploads\/2023\/05\/ev-charger-with-pos-payment-4-1-1.png\" class=\"attachment-full size-full wp-image-5671\" alt=\"\" srcset=\"https:\/\/www.iocharger.com\/wp-content\/uploads\/2023\/05\/ev-charger-with-pos-payment-4-1-1.png 1000w, https:\/\/www.iocharger.com\/wp-content\/uploads\/2023\/05\/ev-charger-with-pos-payment-4-1-1-150x150.png 150w, https:\/\/www.iocharger.com\/wp-content\/uploads\/2023\/05\/ev-charger-with-pos-payment-4-1-1-660x660.png 660w, https:\/\/www.iocharger.com\/wp-content\/uploads\/2023\/05\/ev-charger-with-pos-payment-4-1-1-300x300.png 300w, https:\/\/www.iocharger.com\/wp-content\/uploads\/2023\/05\/ev-charger-with-pos-payment-4-1-1-768x768.png 768w, https:\/\/www.iocharger.com\/wp-content\/uploads\/2023\/05\/ev-charger-with-pos-payment-4-1-1-285x285.png 285w, https:\/\/www.iocharger.com\/wp-content\/uploads\/2023\/05\/ev-charger-with-pos-payment-4-1-1-270x270.png 270w, https:\/\/www.iocharger.com\/wp-content\/uploads\/2023\/05\/ev-charger-with-pos-payment-4-1-1-540x540.png 540w\" sizes=\"(max-width: 1000px) 100vw, 1000px\" \/>\t\t\t\t\t\t\t\t\t\t\t\t\t\t\t<\/div>\n\t\t\t\t\t<\/div>\n\t\t<\/div>\n\t\t\t\t<div class=\"elementor-column elementor-col-50 elementor-top-column elementor-element elementor-element-913c83f\" data-id=\"913c83f\" data-element_type=\"column\">\n\t\t\t<div class=\"elementor-widget-wrap elementor-element-populated\">\n\t\t\t\t\t\t<div class=\"elementor-element elementor-element-66b877b elementor-widget elementor-widget-text-editor\" data-id=\"66b877b\" data-element_type=\"widget\" data-widget_type=\"text-editor.default\">\n\t\t\t\t\t\t\t\t\t<p><strong>Vollst\u00e4ndig OCPP-konform<\/strong><\/p><p>As a member of OCA(OCPP) &amp; OCPI, our EV chargers are always up to date with the latest OCPP protocol. OCPP 1.6J, OCPP 2.0.1 are now fully compliant, allowing our chargers to work harmoniously with any OCPP based platform.<\/p><p><strong>Dynamischer Lastausgleich<\/strong><\/p><p>Load balancing feature of IOCAP26 makes it perfect for commercial charging. It dynamically adjusts the power between the charging stations based on the power situation in real time, to make sure black out never happen because of overload.<\/p>\t\t\t\t\t\t\t\t<\/div>\n\t\t\t\t\t<\/div>\n\t\t<\/div>\n\t\t\t\t\t<\/div>\n\t\t<\/section>\n\t\t\t\t<\/div>","protected":false},"excerpt":{"rendered":"<div class=\"pro_main_text clearfix\">\n<div class=\"pro_main_text clearfix\">\n<div class=\"pro_main_text clearfix\">\n<div class=\"pro_main_text clearfix\">\n<div class=\"pro_main_text clearfix\">\n<p>IOCAP26 is a great charger for outdoor public charging. Each charging connector can output maximum 22kW power at the same time.<\/p>\n<\/div>\n<ul class=\"clearfix\">\n<li>Eingangsleistung: 1-phasig 230V\u00b120% ; 3-phasig 400V\u00b120%<\/li>\n<li>Ausgangsleistung: 1-phasig 2 x 7kW 32A ; 3-phasig 2 x 22kW 32A<\/li>\n<li>Interner FI-Schutzschalter: 2 x Typ-B RCCB<\/li>\n<li>Anzeige: 7\u201d LCD<\/li>\n<li>Meter: 2 x MID Meter<\/li>\n<li>Zertifikat: CE, PTB(Eichrecht)<\/li>\n<li>Netzwerk-Schnittstelle: Ethernet\/ WiFi\/ 4G Smart Internet Verbindung<\/li>\n<li>OCPP: Vollst\u00e4ndige Unterst\u00fctzung von OCPP 1.6J\/ OCPP 2.0.1<\/li>\n<li>Schutz gegen Eindringen: IP55<\/li>\n<li>Versand Abmessungen: 1530 x 450 x 320 mm<\/li>\n<li>Ladeschnittstelle: SAE J1772 &amp; Typ-2 Kabel\/ Typ-2 Buchse\/ T2S Buchse mit Shutter<\/li>\n<li>Montageart: Boden<\/li>\n<\/ul>\n<\/div>\n<\/div>\n<\/div>\n<\/div>","protected":false},"featured_media":8706,"template":"","meta":{"_acf_changed":false},"product_brand":[],"product_cat":[61],"product_tag":[75,76,77],"class_list":{"0":"post-2094","1":"product","2":"type-product","3":"status-publish","4":"has-post-thumbnail","6":"product_cat-commercial-ev-charger","7":"product_tag-ev-charger-with-credit-card-payment","8":"product_tag-ev-charger-with-pos-terminal","9":"product_tag-ocpp-public-ev-charger","11":"first","12":"instock","13":"shipping-taxable","14":"product-type-simple"},"acf":[],"_links":{"self":[{"href":"https:\/\/www.iocharger.com\/de\/wp-json\/wp\/v2\/product\/2094","targetHints":{"allow":["GET"]}}],"collection":[{"href":"https:\/\/www.iocharger.com\/de\/wp-json\/wp\/v2\/product"}],"about":[{"href":"https:\/\/www.iocharger.com\/de\/wp-json\/wp\/v2\/types\/product"}],"version-history":[{"count":0,"href":"https:\/\/www.iocharger.com\/de\/wp-json\/wp\/v2\/product\/2094\/revisions"}],"wp:featuredmedia":[{"embeddable":true,"href":"https:\/\/www.iocharger.com\/de\/wp-json\/wp\/v2\/media\/8706"}],"wp:attachment":[{"href":"https:\/\/www.iocharger.com\/de\/wp-json\/wp\/v2\/media?parent=2094"}],"wp:term":[{"taxonomy":"product_brand","embeddable":true,"href":"https:\/\/www.iocharger.com\/de\/wp-json\/wp\/v2\/product_brand?post=2094"},{"taxonomy":"product_cat","embeddable":true,"href":"https:\/\/www.iocharger.com\/de\/wp-json\/wp\/v2\/product_cat?post=2094"},{"taxonomy":"product_tag","embeddable":true,"href":"https:\/\/www.iocharger.com\/de\/wp-json\/wp\/v2\/product_tag?post=2094"}],"curies":[{"name":"wp","href":"https:\/\/api.w.org\/{rel}","templated":true}]}}