{"id":8083,"date":"2023-05-26T02:24:17","date_gmt":"2023-05-26T02:24:17","guid":{"rendered":"https:\/\/test2.honstyle.com\/?page_id=1810"},"modified":"2023-05-26T02:24:17","modified_gmt":"2023-05-26T02:24:17","slug":"residential","status":"publish","type":"page","link":"https:\/\/www.iocharger.com\/de\/residential\/","title":{"rendered":"Wohnen"},"content":{"rendered":"<div data-elementor-type=\"wp-page\" data-elementor-id=\"8083\" class=\"elementor elementor-8083\" data-elementor-post-type=\"page\">\n\t\t\t\t\t\t<section class=\"elementor-section elementor-top-section elementor-element elementor-element-647aef5 elementor-section-boxed elementor-section-height-default elementor-section-height-default\" data-id=\"647aef5\" data-element_type=\"section\">\n\t\t\t\t\t\t<div class=\"elementor-container elementor-column-gap-default\">\n\t\t\t\t\t<div class=\"elementor-column elementor-col-100 elementor-top-column elementor-element elementor-element-b4d03bb\" data-id=\"b4d03bb\" data-element_type=\"column\">\n\t\t\t<div class=\"elementor-widget-wrap elementor-element-populated\">\n\t\t\t\t\t\t<div class=\"elementor-element elementor-element-350faab elementor-widget elementor-widget-text-editor\" data-id=\"350faab\" data-element_type=\"widget\" data-widget_type=\"text-editor.default\">\n\t\t\t\t\t\t\t\t\t<p>Intelligentes und einfaches EV-Ladeger\u00e4t der Stufe 2 f\u00fcr Privath\u00e4user und Wohnungen.<\/p>\t\t\t\t\t\t\t\t<\/div>\n\t\t\t\t\t<\/div>\n\t\t<\/div>\n\t\t\t\t\t<\/div>\n\t\t<\/section>\n\t\t\t\t<section class=\"elementor-section elementor-top-section elementor-element elementor-element-a6c3ce5 elementor-section-boxed elementor-section-height-default elementor-section-height-default\" data-id=\"a6c3ce5\" data-element_type=\"section\">\n\t\t\t\t\t\t<div class=\"elementor-container elementor-column-gap-default\">\n\t\t\t\t\t<div class=\"elementor-column elementor-col-50 elementor-top-column elementor-element elementor-element-cd7c23b\" data-id=\"cd7c23b\" data-element_type=\"column\">\n\t\t\t<div class=\"elementor-widget-wrap elementor-element-populated\">\n\t\t\t\t\t\t<div class=\"elementor-element elementor-element-476c888 elementor-widget elementor-widget-heading\" data-id=\"476c888\" data-element_type=\"widget\" data-widget_type=\"heading.default\">\n\t\t\t\t\t<span class=\"elementor-heading-title elementor-size-default elementor-heading-title\">Komplettes Produktsortiment<\/span>\t\t\t\t<\/div>\n\t\t\t\t<div class=\"elementor-element elementor-element-c2e8a17 elementor-widget elementor-widget-text-editor\" data-id=\"c2e8a17\" data-element_type=\"widget\" data-widget_type=\"text-editor.default\">\n\t\t\t\t\t\t\t\t\t<p>Iocharger bietet komplette Ladel\u00f6sungen f\u00fcr Elektrofahrzeuge f\u00fcr den privaten Gebrauch, wie Ladeger\u00e4te, Energiemanagementsysteme, mobile Apps usw. Unsere Ladeger\u00e4te sind mit allen Elektrofahrzeugmodellen kompatibel und lassen sich einfach an OCPP-basierte Plattformen anschlie\u00dfen.<\/p>\t\t\t\t\t\t\t\t<\/div>\n\t\t\t\t<div class=\"elementor-element elementor-element-37d629c elementor-widget elementor-widget-button\" data-id=\"37d629c\" data-element_type=\"widget\" data-widget_type=\"button.default\">\n\t\t\t\t\t\t\t\t\t\t<a class=\"elementor-button elementor-button-link elementor-size-sm\" href=\"https:\/\/www.iocharger.com\/de\/products\/\">\n\t\t\t\t\t\t<span class=\"elementor-button-content-wrapper\">\n\t\t\t\t\t\t\t\t\t<span class=\"elementor-button-text\">Weitere Produkte anzeigen<\/span>\n\t\t\t\t\t<\/span>\n\t\t\t\t\t<\/a>\n\t\t\t\t\t\t\t\t<\/div>\n\t\t\t\t\t<\/div>\n\t\t<\/div>\n\t\t\t\t<div class=\"elementor-column elementor-col-50 elementor-top-column elementor-element elementor-element-960af82\" data-id=\"960af82\" data-element_type=\"column\">\n\t\t\t<div class=\"elementor-widget-wrap elementor-element-populated\">\n\t\t\t\t\t\t<div class=\"elementor-element elementor-element-acf1989 elementor-widget elementor-widget-image\" data-id=\"acf1989\" data-element_type=\"widget\" data-widget_type=\"image.default\">\n\t\t\t\t\t\t\t\t\t\t\t\t\t\t\t<img fetchpriority=\"high\" decoding=\"async\" width=\"920\" height=\"518\" src=\"https:\/\/www.iocharger.com\/wp-content\/uploads\/2023\/05\/Full-range-of-products-1.jpg\" class=\"attachment-full size-full wp-image-1857\" alt=\"\" srcset=\"https:\/\/www.iocharger.com\/wp-content\/uploads\/2023\/05\/Full-range-of-products-1.jpg 920w, https:\/\/www.iocharger.com\/wp-content\/uploads\/2023\/05\/Full-range-of-products-1-150x84.jpg 150w, https:\/\/www.iocharger.com\/wp-content\/uploads\/2023\/05\/Full-range-of-products-1-660x372.jpg 660w, https:\/\/www.iocharger.com\/wp-content\/uploads\/2023\/05\/Full-range-of-products-1-300x169.jpg 300w, https:\/\/www.iocharger.com\/wp-content\/uploads\/2023\/05\/Full-range-of-products-1-768x432.jpg 768w, https:\/\/www.iocharger.com\/wp-content\/uploads\/2023\/05\/Full-range-of-products-1-285x160.jpg 285w\" sizes=\"(max-width: 920px) 100vw, 920px\" \/>\t\t\t\t\t\t\t\t\t\t\t\t\t\t\t<\/div>\n\t\t\t\t\t<\/div>\n\t\t<\/div>\n\t\t\t\t\t<\/div>\n\t\t<\/section>\n\t\t\t\t<section class=\"elementor-section elementor-top-section elementor-element elementor-element-b7ffb96 elementor-section-boxed elementor-section-height-default elementor-section-height-default\" data-id=\"b7ffb96\" data-element_type=\"section\">\n\t\t\t\t\t\t<div class=\"elementor-container elementor-column-gap-default\">\n\t\t\t\t\t<div class=\"elementor-column elementor-col-50 elementor-top-column elementor-element elementor-element-51c9320\" data-id=\"51c9320\" data-element_type=\"column\">\n\t\t\t<div class=\"elementor-widget-wrap elementor-element-populated\">\n\t\t\t\t\t\t<div class=\"elementor-element elementor-element-96f4f01 elementor-widget elementor-widget-image\" data-id=\"96f4f01\" data-element_type=\"widget\" data-widget_type=\"image.default\">\n\t\t\t\t\t\t\t\t\t\t\t\t\t\t\t<img decoding=\"async\" width=\"920\" height=\"518\" src=\"https:\/\/www.iocharger.com\/wp-content\/uploads\/2023\/05\/Full-range-of-products1-1.jpg\" class=\"attachment-full size-full wp-image-1855\" alt=\"\" srcset=\"https:\/\/www.iocharger.com\/wp-content\/uploads\/2023\/05\/Full-range-of-products1-1.jpg 920w, https:\/\/www.iocharger.com\/wp-content\/uploads\/2023\/05\/Full-range-of-products1-1-150x84.jpg 150w, https:\/\/www.iocharger.com\/wp-content\/uploads\/2023\/05\/Full-range-of-products1-1-660x372.jpg 660w, https:\/\/www.iocharger.com\/wp-content\/uploads\/2023\/05\/Full-range-of-products1-1-300x169.jpg 300w, https:\/\/www.iocharger.com\/wp-content\/uploads\/2023\/05\/Full-range-of-products1-1-768x432.jpg 768w, https:\/\/www.iocharger.com\/wp-content\/uploads\/2023\/05\/Full-range-of-products1-1-285x160.jpg 285w\" sizes=\"(max-width: 920px) 100vw, 920px\" \/>\t\t\t\t\t\t\t\t\t\t\t\t\t\t\t<\/div>\n\t\t\t\t\t<\/div>\n\t\t<\/div>\n\t\t\t\t<div class=\"elementor-column elementor-col-50 elementor-top-column elementor-element elementor-element-0c925db\" data-id=\"0c925db\" data-element_type=\"column\">\n\t\t\t<div class=\"elementor-widget-wrap elementor-element-populated\">\n\t\t\t\t\t\t<div class=\"elementor-element elementor-element-0856f35 elementor-widget elementor-widget-heading\" data-id=\"0856f35\" data-element_type=\"widget\" data-widget_type=\"heading.default\">\n\t\t\t\t\t<span class=\"elementor-heading-title elementor-size-default elementor-heading-title\">Die bequemste Konstruktionsl\u00f6sung<\/span>\t\t\t\t<\/div>\n\t\t\t\t<div class=\"elementor-element elementor-element-d0154aa elementor-widget elementor-widget-text-editor\" data-id=\"d0154aa\" data-element_type=\"widget\" data-widget_type=\"text-editor.default\">\n\t\t\t\t\t\t\t\t\t<p>Angesichts der steigenden Nachfrage nach Ladem\u00f6glichkeiten f\u00fcr Elektrofahrzeuge ist es unerl\u00e4sslich, eine Konstruktionsl\u00f6sung zu haben, die sowohl praktisch als auch kosteng\u00fcnstig ist. Wir bieten eine solche L\u00f6sung mit einem einzigartigen Backplate-Design, das eine Massenvorinstallation w\u00e4hrend der Bauphase erm\u00f6glicht. Dies reduziert die Installationszeit und -kosten vor Ort erheblich und macht es zu einer idealen L\u00f6sung f\u00fcr neu geplante Wohngebiete.<\/p><p>Dar\u00fcber hinaus erleichtert das unabh\u00e4ngige Backplate-Design den Benutzern die Installation des Ladeger\u00e4ts, ohne dass professionelle Elektriker hinzugezogen werden m\u00fcssen, wodurch sie wertvolle Zeit und Geld sparen. Im Falle einer Fehlfunktion des Ladeger\u00e4ts k\u00f6nnen Betreiber das Ladeger\u00e4t einfach austauschen, ohne die Backplate zu entfernen, was zu geringeren Wartungskosten f\u00fchrt.<\/p><p>Mit uns profitieren Geb\u00e4udeeigent\u00fcmer und -betreiber von einer unkomplizierten und effizienten Ladel\u00f6sung, die den Bed\u00fcrfnissen ihrer Bewohner gerecht wird und gleichzeitig die Installations- und Wartungskosten minimiert.<\/p>\t\t\t\t\t\t\t\t<\/div>\n\t\t\t\t\t<\/div>\n\t\t<\/div>\n\t\t\t\t\t<\/div>\n\t\t<\/section>\n\t\t\t\t<section class=\"elementor-section elementor-top-section elementor-element elementor-element-b6876b8 elementor-section-boxed elementor-section-height-default elementor-section-height-default\" data-id=\"b6876b8\" data-element_type=\"section\">\n\t\t\t\t\t\t<div class=\"elementor-container elementor-column-gap-default\">\n\t\t\t\t\t<div class=\"elementor-column elementor-col-50 elementor-top-column elementor-element elementor-element-a3d70a5\" data-id=\"a3d70a5\" data-element_type=\"column\">\n\t\t\t<div class=\"elementor-widget-wrap elementor-element-populated\">\n\t\t\t\t\t\t<div class=\"elementor-element elementor-element-075b9a9 elementor-widget elementor-widget-heading\" data-id=\"075b9a9\" data-element_type=\"widget\" data-widget_type=\"heading.default\">\n\t\t\t\t\t<span class=\"elementor-heading-title elementor-size-default elementor-heading-title\">Dynamisches Lastmanagement in Wohngeb\u00e4uden<\/span>\t\t\t\t<\/div>\n\t\t\t\t<div class=\"elementor-element elementor-element-3d288bc elementor-widget elementor-widget-text-editor\" data-id=\"3d288bc\" data-element_type=\"widget\" data-widget_type=\"text-editor.default\">\n\t\t\t\t\t\t\t\t\t<p>Mit<strong> iocharger's<\/strong> Bei einer dynamischen Lastverteilungsl\u00f6sung wird der verf\u00fcgbare Strom automatisch und intelligent zwischen dem EV-Ladeger\u00e4t und allen anderen Haushaltsger\u00e4ten verteilt.\u00a0<\/p><p class=\"\">Solar- und Batteriesysteme gelten als die sauberste Energiequelle und sind die Zukunft unseres gr\u00fcnen Planeten. Mit<strong> iocharger's<\/strong> Mit der neuesten Energiespeicherl\u00f6sung k\u00f6nnen Nutzer ihr Ziel leicht erreichen, wenn sie ihr EV-Ladesystem f\u00fcr Privathaushalte um ein Photovoltaik-Energiespeichersystem erweitern m\u00f6chten. Unsere fortschrittliche L\u00f6sung ist somit sowohl umweltfreundlich als auch rentabel.<\/p>\t\t\t\t\t\t\t\t<\/div>\n\t\t\t\t\t<\/div>\n\t\t<\/div>\n\t\t\t\t<div class=\"elementor-column elementor-col-50 elementor-top-column elementor-element elementor-element-d7b85e5\" data-id=\"d7b85e5\" data-element_type=\"column\">\n\t\t\t<div class=\"elementor-widget-wrap elementor-element-populated\">\n\t\t\t\t\t\t<div class=\"elementor-element elementor-element-d22d95d elementor-widget elementor-widget-image\" data-id=\"d22d95d\" data-element_type=\"widget\" data-widget_type=\"image.default\">\n\t\t\t\t\t\t\t\t\t\t\t\t\t\t\t<img decoding=\"async\" width=\"920\" height=\"518\" src=\"https:\/\/www.iocharger.com\/wp-content\/uploads\/2023\/05\/EV-Chargers-Other-Load-Appliances-1.jpg\" class=\"attachment-full size-full wp-image-1856\" alt=\"\" srcset=\"https:\/\/www.iocharger.com\/wp-content\/uploads\/2023\/05\/EV-Chargers-Other-Load-Appliances-1.jpg 920w, https:\/\/www.iocharger.com\/wp-content\/uploads\/2023\/05\/EV-Chargers-Other-Load-Appliances-1-150x84.jpg 150w, https:\/\/www.iocharger.com\/wp-content\/uploads\/2023\/05\/EV-Chargers-Other-Load-Appliances-1-660x372.jpg 660w, https:\/\/www.iocharger.com\/wp-content\/uploads\/2023\/05\/EV-Chargers-Other-Load-Appliances-1-300x169.jpg 300w, https:\/\/www.iocharger.com\/wp-content\/uploads\/2023\/05\/EV-Chargers-Other-Load-Appliances-1-768x432.jpg 768w, https:\/\/www.iocharger.com\/wp-content\/uploads\/2023\/05\/EV-Chargers-Other-Load-Appliances-1-285x160.jpg 285w\" sizes=\"(max-width: 920px) 100vw, 920px\" \/>\t\t\t\t\t\t\t\t\t\t\t\t\t\t\t<\/div>\n\t\t\t\t\t<\/div>\n\t\t<\/div>\n\t\t\t\t\t<\/div>\n\t\t<\/section>\n\t\t\t\t<\/div>","protected":false},"excerpt":{"rendered":"<p>Smart and simple level 2 EV charger for private home and residential apartments. Full range of products Iocharger&#8230;<\/p>","protected":false},"author":1,"featured_media":0,"parent":0,"menu_order":0,"comment_status":"closed","ping_status":"closed","template":"elementor_header_footer","meta":{"_acf_changed":false,"footnotes":""},"class_list":["post-8083","page","type-page","status-publish","hentry"],"acf":[],"_links":{"self":[{"href":"https:\/\/www.iocharger.com\/de\/wp-json\/wp\/v2\/pages\/8083","targetHints":{"allow":["GET"]}}],"collection":[{"href":"https:\/\/www.iocharger.com\/de\/wp-json\/wp\/v2\/pages"}],"about":[{"href":"https:\/\/www.iocharger.com\/de\/wp-json\/wp\/v2\/types\/page"}],"author":[{"embeddable":true,"href":"https:\/\/www.iocharger.com\/de\/wp-json\/wp\/v2\/users\/1"}],"replies":[{"embeddable":true,"href":"https:\/\/www.iocharger.com\/de\/wp-json\/wp\/v2\/comments?post=8083"}],"version-history":[{"count":0,"href":"https:\/\/www.iocharger.com\/de\/wp-json\/wp\/v2\/pages\/8083\/revisions"}],"wp:attachment":[{"href":"https:\/\/www.iocharger.com\/de\/wp-json\/wp\/v2\/media?parent=8083"}],"curies":[{"name":"wp","href":"https:\/\/api.w.org\/{rel}","templated":true}]}}