{"id":3377,"date":"2023-07-23T15:14:12","date_gmt":"2023-07-23T15:14:12","guid":{"rendered":"https:\/\/www.iocharger.com\/?page_id=3377"},"modified":"2026-03-26T08:01:24","modified_gmt":"2026-03-26T08:01:24","slug":"blog","status":"publish","type":"page","link":"https:\/\/www.iocharger.com\/de\/blog\/","title":{"rendered":"Blog"},"content":{"rendered":"<div data-elementor-type=\"wp-page\" data-elementor-id=\"3377\" class=\"elementor elementor-3377\" data-elementor-post-type=\"page\">\n\t\t\t\t\t\t<section class=\"elementor-section elementor-top-section elementor-element elementor-element-fe3c169 elementor-section-boxed elementor-section-height-default elementor-section-height-default\" data-id=\"fe3c169\" data-element_type=\"section\">\n\t\t\t\t\t\t<div class=\"elementor-container elementor-column-gap-default\">\n\t\t\t\t\t<div class=\"elementor-column elementor-col-50 elementor-top-column elementor-element elementor-element-92bfdeb\" data-id=\"92bfdeb\" data-element_type=\"column\">\n\t\t\t<div class=\"elementor-widget-wrap elementor-element-populated\">\n\t\t\t\t\t\t<div class=\"elementor-element elementor-element-76be8a4 elementor-widget elementor-widget-text-editor\" data-id=\"76be8a4\" data-element_type=\"widget\" data-widget_type=\"text-editor.default\">\n\t\t\t\t\t\t\t\t\t<p>Kategorien<\/p>\t\t\t\t\t\t\t\t<\/div>\n\t\t\t\t<div class=\"elementor-element elementor-element-3364a4a elementor-widget elementor-widget-sm-menu\" data-id=\"3364a4a\" data-element_type=\"widget\" data-widget_type=\"sm-menu.default\">\n\t\t\t\t<div class=\"elementor-widget-container\">\n\t\t\t\t\t<div id=\"elementor-header-primary\" class=\"elementor-header\">\t\t\t<button class=\"sm_menu_toggle\"><i class=\"ti ti-menu\"><\/i><\/button>\n\t\t\t<a class=\"sm_menu_toggle_close\" href=\"#\"><i class=\"ti ti-close\"><\/i><\/a>\n\t\t\t<div id=\"sm_menu\" class=\"sm_menu\">\n\t\t\t\n\t\t\t\t<nav itemtype=\"http:\/\/schema.org\/SiteNavigationElement\" itemscope=\"itemscope\" id=\"elementor-navigation\" class=\"elementor-navigation\" role=\"navigation\" aria-label=\"Elementor-Men\u00fc\">\t\t\t\t\n\t\t\t\t<ul id=\"sm_nav_menu\" class=\"sm_nav_menu\"><li id=\"menu-item-8137\" class=\"menu-item menu-item-type-taxonomy menu-item-object-category menu-item-8137\"><a href=\"https:\/\/www.iocharger.com\/de\/category\/business-management\/\">Business Management<\/a><\/li>\n<li id=\"menu-item-8134\" class=\"menu-item menu-item-type-taxonomy menu-item-object-category menu-item-8134\"><a href=\"https:\/\/www.iocharger.com\/de\/category\/ev-technology\/\">EV-Technologie<\/a><\/li>\n<li id=\"menu-item-8135\" class=\"menu-item menu-item-type-taxonomy menu-item-object-category menu-item-8135\"><a href=\"https:\/\/www.iocharger.com\/de\/category\/ev-charger\/\">EV-Ladeger\u00e4t<\/a><\/li>\n<li id=\"menu-item-8136\" class=\"menu-item menu-item-type-taxonomy menu-item-object-category menu-item-8136\"><a href=\"https:\/\/www.iocharger.com\/de\/category\/ev-energy\/\">EV &amp; Energie<\/a><\/li>\n<\/ul>\t\t\t\t<\/nav>\n\n\t\t\t<\/div>\n\t\t<\/div>\n\t\t\n\n\t\t\t\t\t<\/div>\n\t\t\t\t<\/div>\n\t\t\t\t\t<\/div>\n\t\t<\/div>\n\t\t\t\t<div class=\"elementor-column elementor-col-50 elementor-top-column elementor-element elementor-element-8f1626a\" data-id=\"8f1626a\" data-element_type=\"column\">\n\t\t\t<div class=\"elementor-widget-wrap elementor-element-populated\">\n\t\t\t\t\t\t<div class=\"elementor-element elementor-element-ac5f0fc elementor-grid-2 elementor-grid-tablet-2 elementor-grid-mobile-1 elementor-posts--thumbnail-top elementor-widget elementor-widget-posts\" data-id=\"ac5f0fc\" data-element_type=\"widget\" data-settings=\"{&quot;classic_columns&quot;:&quot;2&quot;,&quot;pagination_type&quot;:&quot;numbers&quot;,&quot;classic_columns_tablet&quot;:&quot;2&quot;,&quot;classic_columns_mobile&quot;:&quot;1&quot;,&quot;classic_row_gap&quot;:{&quot;unit&quot;:&quot;px&quot;,&quot;size&quot;:35,&quot;sizes&quot;:[]},&quot;classic_row_gap_tablet&quot;:{&quot;unit&quot;:&quot;px&quot;,&quot;size&quot;:&quot;&quot;,&quot;sizes&quot;:[]},&quot;classic_row_gap_mobile&quot;:{&quot;unit&quot;:&quot;px&quot;,&quot;size&quot;:&quot;&quot;,&quot;sizes&quot;:[]}}\" data-widget_type=\"posts.classic\">\n\t\t\t\t<div class=\"elementor-widget-container\">\n\t\t\t\t\t\t\t<div class=\"elementor-posts-container elementor-posts elementor-posts--skin-classic elementor-grid\" role=\"list\">\n\t\t\t\t<article class=\"elementor-post elementor-grid-item post-9667 post type-post status-publish format-standard has-post-thumbnail hentry category-ev-technology tag-benefits-of-satellite-ev-chargers tag-compact-ev-charging-solutions tag-fleet-ev-charging tag-satellite-charging-stations tag-satellite-ev-chargers tag-space-saving-chargers\" role=\"listitem\">\n\t\t\t\t<a class=\"elementor-post__thumbnail__link\" href=\"https:\/\/www.iocharger.com\/de\/the-compact-benefits-of-satellite-ev-chargers\/\" tabindex=\"-1\" >\n\t\t\t<div class=\"elementor-post__thumbnail\"><img fetchpriority=\"high\" decoding=\"async\" width=\"750\" height=\"600\" src=\"https:\/\/www.iocharger.com\/wp-content\/uploads\/2026\/03\/Benefits-of-Satellite-EV-Chargers.webp\" class=\"attachment-full size-full wp-image-9668\" alt=\"Vorteile von Satelliten-EV-Ladeger\u00e4ten\" srcset=\"https:\/\/www.iocharger.com\/wp-content\/uploads\/2026\/03\/Benefits-of-Satellite-EV-Chargers.webp 750w, https:\/\/www.iocharger.com\/wp-content\/uploads\/2026\/03\/Benefits-of-Satellite-EV-Chargers-300x240.webp 300w, https:\/\/www.iocharger.com\/wp-content\/uploads\/2026\/03\/Benefits-of-Satellite-EV-Chargers-15x12.webp 15w, https:\/\/www.iocharger.com\/wp-content\/uploads\/2026\/03\/Benefits-of-Satellite-EV-Chargers-285x228.webp 285w, https:\/\/www.iocharger.com\/wp-content\/uploads\/2026\/03\/Benefits-of-Satellite-EV-Chargers-660x528.webp 660w, https:\/\/www.iocharger.com\/wp-content\/uploads\/2026\/03\/Benefits-of-Satellite-EV-Chargers-150x120.webp 150w\" sizes=\"(max-width: 750px) 100vw, 750px\" \/><\/div>\n\t\t<\/a>\n\t\t\t\t<div class=\"elementor-post__text\">\n\t\t\t\t<h3 class=\"elementor-post__title\">\n\t\t\t<a href=\"https:\/\/www.iocharger.com\/de\/the-compact-benefits-of-satellite-ev-chargers\/\" >\n\t\t\t\tPlatz sparen, mehr aufladen: Die kompakten Vorteile von Satelliten-EV-Ladeger\u00e4ten\t\t\t<\/a>\n\t\t<\/h3>\n\t\t\t\t<div class=\"elementor-post__meta-data\">\n\t\t\t\t\t<span class=\"elementor-post-date\">\n\t\t\tM\u00e4rz 24, 2026\t\t<\/span>\n\t\t\t\t<\/div>\n\t\t\t\t<div class=\"elementor-post__excerpt\">\n\t\t\t<p>Da der Markt f\u00fcr Elektrofahrzeuge (EV) in Europa weiter w\u00e4chst, ist die Nachfrage nach effizienten, platzsparenden Ladel\u00f6sungen gestiegen.<\/p>\n\t\t<\/div>\n\t\t\n\t\t<a class=\"elementor-post__read-more\" href=\"https:\/\/www.iocharger.com\/de\/the-compact-benefits-of-satellite-ev-chargers\/\" aria-label=\"Mehr \u00fcber Save Space, Charge More: The Compact Benefits of Satellite EV Chargers\" tabindex=\"-1\" >\n\t\t\tMehr lesen \u00bb\t\t<\/a>\n\n\t\t\t\t<\/div>\n\t\t\t\t<\/article>\n\t\t\t\t<article class=\"elementor-post elementor-grid-item post-8857 post type-post status-publish format-standard has-post-thumbnail hentry category-ev-technology category-company-news tag-ac-high-level-charging tag-ac-interoperability-test tag-charin-testival-europe tag-iso15118-2-and-iso15118-20\" role=\"listitem\">\n\t\t\t\t<a class=\"elementor-post__thumbnail__link\" href=\"https:\/\/www.iocharger.com\/de\/charin-testival-europe-2025-iocha20-ac-interoperability-test-report\/\" tabindex=\"-1\" >\n\t\t\t<div class=\"elementor-post__thumbnail\"><img decoding=\"async\" width=\"750\" height=\"600\" src=\"https:\/\/www.iocharger.com\/wp-content\/uploads\/2025\/12\/CharIN-testival-europe.jpg\" class=\"attachment-full size-full wp-image-8859\" alt=\"CharIN Testival Europa\" srcset=\"https:\/\/www.iocharger.com\/wp-content\/uploads\/2025\/12\/CharIN-testival-europe.jpg 750w, https:\/\/www.iocharger.com\/wp-content\/uploads\/2025\/12\/CharIN-testival-europe-300x240.jpg 300w, https:\/\/www.iocharger.com\/wp-content\/uploads\/2025\/12\/CharIN-testival-europe-285x228.jpg 285w, https:\/\/www.iocharger.com\/wp-content\/uploads\/2025\/12\/CharIN-testival-europe-660x528.jpg 660w, https:\/\/www.iocharger.com\/wp-content\/uploads\/2025\/12\/CharIN-testival-europe-150x120.jpg 150w\" sizes=\"(max-width: 750px) 100vw, 750px\" \/><\/div>\n\t\t<\/a>\n\t\t\t\t<div class=\"elementor-post__text\">\n\t\t\t\t<h3 class=\"elementor-post__title\">\n\t\t\t<a href=\"https:\/\/www.iocharger.com\/de\/charin-testival-europe-2025-iocha20-ac-interoperability-test-report\/\" >\n\t\t\t\tCharIN Testival Europe 2025 - IOCHA20 AC Interoperabilit\u00e4tstestbericht\t\t\t<\/a>\n\t\t<\/h3>\n\t\t\t\t<div class=\"elementor-post__meta-data\">\n\t\t\t\t\t<span class=\"elementor-post-date\">\n\t\t\t1. Dezember 2025\t\t<\/span>\n\t\t\t\t<\/div>\n\t\t\t\t<div class=\"elementor-post__excerpt\">\n\t\t\t<p>W\u00e4hrend des CharIN Testival Europe 2025 in Spanien haben wir eine dreit\u00e4gige Reihe von Interoperabilit\u00e4tstests durchgef\u00fchrt, die sich auf folgende Themen konzentrierten:<\/p>\n\t\t<\/div>\n\t\t\n\t\t<a class=\"elementor-post__read-more\" href=\"https:\/\/www.iocharger.com\/de\/charin-testival-europe-2025-iocha20-ac-interoperability-test-report\/\" aria-label=\"Mehr \u00fcber CharIN Testival Europe 2025 &#8211; IOCHA20 AC Interoperability Test Report\" tabindex=\"-1\" >\n\t\t\tMehr lesen \u00bb\t\t<\/a>\n\n\t\t\t\t<\/div>\n\t\t\t\t<\/article>\n\t\t\t\t<article class=\"elementor-post elementor-grid-item post-8852 post type-post status-publish format-standard has-post-thumbnail hentry category-ev-energy tag-iocharger-v2g-ev-charger tag-v2g-becomes-viable-in-germany tag-v2g-germany\" role=\"listitem\">\n\t\t\t\t<a class=\"elementor-post__thumbnail__link\" href=\"https:\/\/www.iocharger.com\/de\/v2g-becomes-viable-in-germany\/\" tabindex=\"-1\" >\n\t\t\t<div class=\"elementor-post__thumbnail\"><img decoding=\"async\" width=\"750\" height=\"600\" src=\"https:\/\/www.iocharger.com\/wp-content\/uploads\/2025\/12\/V2G-Becomes-Viable-in-Germany-1.png\" class=\"attachment-full size-full wp-image-8853\" alt=\"V2G wird in Deutschland rentabel\" srcset=\"https:\/\/www.iocharger.com\/wp-content\/uploads\/2025\/12\/V2G-Becomes-Viable-in-Germany-1.png 750w, https:\/\/www.iocharger.com\/wp-content\/uploads\/2025\/12\/V2G-Becomes-Viable-in-Germany-1-300x240.png 300w, https:\/\/www.iocharger.com\/wp-content\/uploads\/2025\/12\/V2G-Becomes-Viable-in-Germany-1-285x228.png 285w, https:\/\/www.iocharger.com\/wp-content\/uploads\/2025\/12\/V2G-Becomes-Viable-in-Germany-1-660x528.png 660w, https:\/\/www.iocharger.com\/wp-content\/uploads\/2025\/12\/V2G-Becomes-Viable-in-Germany-1-150x120.png 150w\" sizes=\"(max-width: 750px) 100vw, 750px\" \/><\/div>\n\t\t<\/a>\n\t\t\t\t<div class=\"elementor-post__text\">\n\t\t\t\t<h3 class=\"elementor-post__title\">\n\t\t\t<a href=\"https:\/\/www.iocharger.com\/de\/v2g-becomes-viable-in-germany\/\" >\n\t\t\t\tV2G wird in Deutschland realisierbar: Wie Iocharger die n\u00e4chste Welle der intelligenten Energieversorgung vorantreibt\t\t\t<\/a>\n\t\t<\/h3>\n\t\t\t\t<div class=\"elementor-post__meta-data\">\n\t\t\t\t\t<span class=\"elementor-post-date\">\n\t\t\t27. November 2025\t\t<\/span>\n\t\t\t\t<\/div>\n\t\t\t\t<div class=\"elementor-post__excerpt\">\n\t\t\t<p>Deutschland hat einen entscheidenden Schritt in Richtung einer gro\u00dffl\u00e4chigen Einf\u00fchrung des bidirektionalen Ladens unternommen. Laut einem aktuellen Bericht<\/p>\n\t\t<\/div>\n\t\t\n\t\t<a class=\"elementor-post__read-more\" href=\"https:\/\/www.iocharger.com\/de\/v2g-becomes-viable-in-germany\/\" aria-label=\"Mehr \u00fcber V2G Becomes Viable in Germany: How Iocharger Powers the Next Wave of Smart Energy\" tabindex=\"-1\" >\n\t\t\tMehr lesen \u00bb\t\t<\/a>\n\n\t\t\t\t<\/div>\n\t\t\t\t<\/article>\n\t\t\t\t<article class=\"elementor-post elementor-grid-item post-8684 post type-post status-publish format-standard has-post-thumbnail hentry category-ev-charger tag-dc-fast-charging-europe tag-distributed-charging-architecture tag-high-power-charging-infrastructure tag-satellite-ev-charging-system tag-split-ev-charger\" role=\"listitem\">\n\t\t\t\t<a class=\"elementor-post__thumbnail__link\" href=\"https:\/\/www.iocharger.com\/de\/all-in-one-ev-chargers-or-satellite-ev-charging\/\" tabindex=\"-1\" >\n\t\t\t<div class=\"elementor-post__thumbnail\"><img loading=\"lazy\" decoding=\"async\" width=\"700\" height=\"600\" src=\"https:\/\/www.iocharger.com\/wp-content\/uploads\/2025\/11\/All-in-One-ev-chargers-or-Satellite-ev-charging-700x600-1.webp\" class=\"attachment-full size-full wp-image-8685\" alt=\"All-in-One-EV-Ladeger\u00e4te oder Satelliten-EV-Laden 700x600\" srcset=\"https:\/\/www.iocharger.com\/wp-content\/uploads\/2025\/11\/All-in-One-ev-chargers-or-Satellite-ev-charging-700x600-1.webp 700w, https:\/\/www.iocharger.com\/wp-content\/uploads\/2025\/11\/All-in-One-ev-chargers-or-Satellite-ev-charging-700x600-1-300x257.webp 300w, https:\/\/www.iocharger.com\/wp-content\/uploads\/2025\/11\/All-in-One-ev-chargers-or-Satellite-ev-charging-700x600-1-285x244.webp 285w, https:\/\/www.iocharger.com\/wp-content\/uploads\/2025\/11\/All-in-One-ev-chargers-or-Satellite-ev-charging-700x600-1-660x566.webp 660w, https:\/\/www.iocharger.com\/wp-content\/uploads\/2025\/11\/All-in-One-ev-chargers-or-Satellite-ev-charging-700x600-1-150x129.webp 150w\" sizes=\"(max-width: 700px) 100vw, 700px\" \/><\/div>\n\t\t<\/a>\n\t\t\t\t<div class=\"elementor-post__text\">\n\t\t\t\t<h3 class=\"elementor-post__title\">\n\t\t\t<a href=\"https:\/\/www.iocharger.com\/de\/all-in-one-ev-chargers-or-satellite-ev-charging\/\" >\n\t\t\t\tAll-in-One-EV-Ladeger\u00e4te oder Satelliten-EV-Ladeger\u00e4te?\t\t\t<\/a>\n\t\t<\/h3>\n\t\t\t\t<div class=\"elementor-post__meta-data\">\n\t\t\t\t\t<span class=\"elementor-post-date\">\n\t\t\t20. November 2025\t\t<\/span>\n\t\t\t\t<\/div>\n\t\t\t\t<div class=\"elementor-post__excerpt\">\n\t\t\t<p>Der europ\u00e4ische Markt f\u00fcr Elektrofahrzeuge entwickelt sich rasant. Als Betreiber von Ladestationen (CPO) oder Flottenmanager stehen Sie vor folgenden Herausforderungen:<\/p>\n\t\t<\/div>\n\t\t\n\t\t<a class=\"elementor-post__read-more\" href=\"https:\/\/www.iocharger.com\/de\/all-in-one-ev-chargers-or-satellite-ev-charging\/\" aria-label=\"Mehr \u00fcber All-in-One EV Chargers or Satellite EV Charging?\" tabindex=\"-1\" >\n\t\t\tMehr lesen \u00bb\t\t<\/a>\n\n\t\t\t\t<\/div>\n\t\t\t\t<\/article>\n\t\t\t\t<article class=\"elementor-post elementor-grid-item post-8503 post type-post status-publish format-standard has-post-thumbnail hentry category-ev-charger tag-emergency-ev-charging tag-mobile-ev-charger tag-movable-ev-charger tag-on-demand-ev-charging tag-portable-ev-charger\" role=\"listitem\">\n\t\t\t\t<a class=\"elementor-post__thumbnail__link\" href=\"https:\/\/www.iocharger.com\/de\/emergency-ev-charging-what-to-do-when-youre-stranded\/\" tabindex=\"-1\" >\n\t\t\t<div class=\"elementor-post__thumbnail\"><img loading=\"lazy\" decoding=\"async\" width=\"750\" height=\"600\" src=\"https:\/\/www.iocharger.com\/wp-content\/uploads\/2025\/10\/Emergency-EV-Charging.webp\" class=\"attachment-full size-full wp-image-8505\" alt=\"Notfall-EV-Aufladung\" srcset=\"https:\/\/www.iocharger.com\/wp-content\/uploads\/2025\/10\/Emergency-EV-Charging.webp 750w, https:\/\/www.iocharger.com\/wp-content\/uploads\/2025\/10\/Emergency-EV-Charging-300x240.webp 300w, https:\/\/www.iocharger.com\/wp-content\/uploads\/2025\/10\/Emergency-EV-Charging-285x228.webp 285w, https:\/\/www.iocharger.com\/wp-content\/uploads\/2025\/10\/Emergency-EV-Charging-660x528.webp 660w, https:\/\/www.iocharger.com\/wp-content\/uploads\/2025\/10\/Emergency-EV-Charging-150x120.webp 150w\" sizes=\"(max-width: 750px) 100vw, 750px\" \/><\/div>\n\t\t<\/a>\n\t\t\t\t<div class=\"elementor-post__text\">\n\t\t\t\t<h3 class=\"elementor-post__title\">\n\t\t\t<a href=\"https:\/\/www.iocharger.com\/de\/emergency-ev-charging-what-to-do-when-youre-stranded\/\" >\n\t\t\t\tEV-Notfall-Ladung: Was zu tun ist, wenn Sie gestrandet sind\t\t\t<\/a>\n\t\t<\/h3>\n\t\t\t\t<div class=\"elementor-post__meta-data\">\n\t\t\t\t\t<span class=\"elementor-post-date\">\n\t\t\t21. Oktober 2025\t\t<\/span>\n\t\t\t\t<\/div>\n\t\t\t\t<div class=\"elementor-post__excerpt\">\n\t\t\t<p>Stellen Sie sich Folgendes vor: Sie sind auf einer wundersch\u00f6nen Europareise mit dem Auto unterwegs. Die Landschaft ist atemberaubend. Dann leuchtet pl\u00f6tzlich eine Warnleuchte auf.<\/p>\n\t\t<\/div>\n\t\t\n\t\t<a class=\"elementor-post__read-more\" href=\"https:\/\/www.iocharger.com\/de\/emergency-ev-charging-what-to-do-when-youre-stranded\/\" aria-label=\"Mehr \u00fcber Emergency EV Charging: What to Do When You&#8217;re Stranded\" tabindex=\"-1\" >\n\t\t\tMehr lesen \u00bb\t\t<\/a>\n\n\t\t\t\t<\/div>\n\t\t\t\t<\/article>\n\t\t\t\t<article class=\"elementor-post elementor-grid-item post-8499 post type-post status-publish format-standard has-post-thumbnail hentry category-ev-technology tag-commercial-ev-charging tag-fleet-electrification tag-megawatt-charging-system tag-satellite-ev-charger tag-truck-fast-charging\" role=\"listitem\">\n\t\t\t\t<a class=\"elementor-post__thumbnail__link\" href=\"https:\/\/www.iocharger.com\/de\/why-mcs-satellite-ev-chargers-are-key-to-europes-logistics-decarbonization\/\" tabindex=\"-1\" >\n\t\t\t<div class=\"elementor-post__thumbnail\"><img loading=\"lazy\" decoding=\"async\" width=\"750\" height=\"600\" src=\"https:\/\/www.iocharger.com\/wp-content\/uploads\/2025\/11\/MCS-Satellite-EV-Chargers.webp\" class=\"attachment-full size-full wp-image-8500\" alt=\"MCS-Satelliten-EV-Ladeger\u00e4te\" srcset=\"https:\/\/www.iocharger.com\/wp-content\/uploads\/2025\/11\/MCS-Satellite-EV-Chargers.webp 750w, https:\/\/www.iocharger.com\/wp-content\/uploads\/2025\/11\/MCS-Satellite-EV-Chargers-300x240.webp 300w, https:\/\/www.iocharger.com\/wp-content\/uploads\/2025\/11\/MCS-Satellite-EV-Chargers-285x228.webp 285w, https:\/\/www.iocharger.com\/wp-content\/uploads\/2025\/11\/MCS-Satellite-EV-Chargers-660x528.webp 660w, https:\/\/www.iocharger.com\/wp-content\/uploads\/2025\/11\/MCS-Satellite-EV-Chargers-150x120.webp 150w\" sizes=\"(max-width: 750px) 100vw, 750px\" \/><\/div>\n\t\t<\/a>\n\t\t\t\t<div class=\"elementor-post__text\">\n\t\t\t\t<h3 class=\"elementor-post__title\">\n\t\t\t<a href=\"https:\/\/www.iocharger.com\/de\/why-mcs-satellite-ev-chargers-are-key-to-europes-logistics-decarbonization\/\" >\n\t\t\t\tWarum MCS-Satelliten-EV-Ladeger\u00e4te der Schl\u00fcssel zur Dekarbonisierung der Logistik in Europa sind\t\t\t<\/a>\n\t\t<\/h3>\n\t\t\t\t<div class=\"elementor-post__meta-data\">\n\t\t\t\t\t<span class=\"elementor-post-date\">\n\t\t\t11. September 2025\t\t<\/span>\n\t\t\t\t<\/div>\n\t\t\t\t<div class=\"elementor-post__excerpt\">\n\t\t\t<p>Die europ\u00e4ische Logistikbranche bewegt sich in Richtung einer elektrischen Zukunft. Flottenbetreiber stehen vor einer entscheidenden Herausforderung: Wie sollen sie ihre Fahrzeuge antreiben?<\/p>\n\t\t<\/div>\n\t\t\n\t\t<a class=\"elementor-post__read-more\" href=\"https:\/\/www.iocharger.com\/de\/why-mcs-satellite-ev-chargers-are-key-to-europes-logistics-decarbonization\/\" aria-label=\"Mehr \u00fcber Why MCS Satellite EV Chargers are Key to Europe&#8217;s Logistics Decarbonization\" tabindex=\"-1\" >\n\t\t\tMehr lesen \u00bb\t\t<\/a>\n\n\t\t\t\t<\/div>\n\t\t\t\t<\/article>\n\t\t\t\t<article class=\"elementor-post elementor-grid-item post-8488 post type-post status-publish format-standard has-post-thumbnail hentry category-ev-technology tag-ev-charging-power-management tag-manage-multiple-ev-chargers tag-optimize-your-sites-power-capacity tag-scalable-ev-charging-solution\" role=\"listitem\">\n\t\t\t\t<a class=\"elementor-post__thumbnail__link\" href=\"https:\/\/www.iocharger.com\/de\/ev-charging-operators-how-to-optimize-your-sites-power-capacity\/\" tabindex=\"-1\" >\n\t\t\t<div class=\"elementor-post__thumbnail\"><img loading=\"lazy\" decoding=\"async\" width=\"750\" height=\"600\" src=\"https:\/\/www.iocharger.com\/wp-content\/uploads\/2025\/11\/Optimize-Your-Sites-Power-Capacity.webp\" class=\"attachment-full size-full wp-image-8489\" alt=\"Optimieren Sie die Leistungskapazit\u00e4t Ihrer Websites\" srcset=\"https:\/\/www.iocharger.com\/wp-content\/uploads\/2025\/11\/Optimize-Your-Sites-Power-Capacity.webp 750w, https:\/\/www.iocharger.com\/wp-content\/uploads\/2025\/11\/Optimize-Your-Sites-Power-Capacity-300x240.webp 300w, https:\/\/www.iocharger.com\/wp-content\/uploads\/2025\/11\/Optimize-Your-Sites-Power-Capacity-285x228.webp 285w, https:\/\/www.iocharger.com\/wp-content\/uploads\/2025\/11\/Optimize-Your-Sites-Power-Capacity-660x528.webp 660w, https:\/\/www.iocharger.com\/wp-content\/uploads\/2025\/11\/Optimize-Your-Sites-Power-Capacity-150x120.webp 150w\" sizes=\"(max-width: 750px) 100vw, 750px\" \/><\/div>\n\t\t<\/a>\n\t\t\t\t<div class=\"elementor-post__text\">\n\t\t\t\t<h3 class=\"elementor-post__title\">\n\t\t\t<a href=\"https:\/\/www.iocharger.com\/de\/ev-charging-operators-how-to-optimize-your-sites-power-capacity\/\" >\n\t\t\t\tBetreiber von EV-Ladestationen: So optimieren Sie die Stromkapazit\u00e4t Ihres Standorts\t\t\t<\/a>\n\t\t<\/h3>\n\t\t\t\t<div class=\"elementor-post__meta-data\">\n\t\t\t\t\t<span class=\"elementor-post-date\">\n\t\t\t29. August 2025\t\t<\/span>\n\t\t\t\t<\/div>\n\t\t\t\t<div class=\"elementor-post__excerpt\">\n\t\t\t<p>Da Elektrofahrzeuge (EVs) immer beliebter werden, stehen immer mehr Ladestationen vor einer entscheidenden Herausforderung: Ist die Stromversorgung<\/p>\n\t\t<\/div>\n\t\t\n\t\t<a class=\"elementor-post__read-more\" href=\"https:\/\/www.iocharger.com\/de\/ev-charging-operators-how-to-optimize-your-sites-power-capacity\/\" aria-label=\"Mehr \u00fcber EV Charging Operators: How to Optimize Your Site\u2019s Power Capacity\" tabindex=\"-1\" >\n\t\t\tMehr lesen \u00bb\t\t<\/a>\n\n\t\t\t\t<\/div>\n\t\t\t\t<\/article>\n\t\t\t\t<article class=\"elementor-post elementor-grid-item post-8481 post type-post status-publish format-standard has-post-thumbnail hentry category-ev-technology tag-dynamic-ev-charging tag-dynamic-load-balancing tag-dynamic-load-management-dlm\" role=\"listitem\">\n\t\t\t\t<a class=\"elementor-post__thumbnail__link\" href=\"https:\/\/www.iocharger.com\/de\/dynamic-ev-charging-a-win-win-revolution\/\" tabindex=\"-1\" >\n\t\t\t<div class=\"elementor-post__thumbnail\"><img loading=\"lazy\" decoding=\"async\" width=\"750\" height=\"600\" src=\"https:\/\/www.iocharger.com\/wp-content\/uploads\/2025\/11\/Dynamic-EV-Charging.webp\" class=\"attachment-full size-full wp-image-8483\" alt=\"Dynamisches Laden von Elektrofahrzeugen\" srcset=\"https:\/\/www.iocharger.com\/wp-content\/uploads\/2025\/11\/Dynamic-EV-Charging.webp 750w, https:\/\/www.iocharger.com\/wp-content\/uploads\/2025\/11\/Dynamic-EV-Charging-300x240.webp 300w, https:\/\/www.iocharger.com\/wp-content\/uploads\/2025\/11\/Dynamic-EV-Charging-285x228.webp 285w, https:\/\/www.iocharger.com\/wp-content\/uploads\/2025\/11\/Dynamic-EV-Charging-660x528.webp 660w, https:\/\/www.iocharger.com\/wp-content\/uploads\/2025\/11\/Dynamic-EV-Charging-150x120.webp 150w\" sizes=\"(max-width: 750px) 100vw, 750px\" \/><\/div>\n\t\t<\/a>\n\t\t\t\t<div class=\"elementor-post__text\">\n\t\t\t\t<h3 class=\"elementor-post__title\">\n\t\t\t<a href=\"https:\/\/www.iocharger.com\/de\/dynamic-ev-charging-a-win-win-revolution\/\" >\n\t\t\t\tDynamisches Laden von Elektrofahrzeugen: Eine Win-Win-Revolution f\u00fcr Betreiber und Fahrer\t\t\t<\/a>\n\t\t<\/h3>\n\t\t\t\t<div class=\"elementor-post__meta-data\">\n\t\t\t\t\t<span class=\"elementor-post-date\">\n\t\t\t20. August 2025\t\t<\/span>\n\t\t\t\t<\/div>\n\t\t\t\t<div class=\"elementor-post__excerpt\">\n\t\t\t<p>Da sich der weltweite Umstieg auf Elektrofahrzeuge beschleunigt, ist die Nachfrage nach einer intelligenteren und effizienteren Ladeinfrastruktur so gro\u00df wie nie zuvor.<\/p>\n\t\t<\/div>\n\t\t\n\t\t<a class=\"elementor-post__read-more\" href=\"https:\/\/www.iocharger.com\/de\/dynamic-ev-charging-a-win-win-revolution\/\" aria-label=\"Mehr \u00fcber Dynamic EV Charging: A Win-Win Revolution for Operators and Drivers\" tabindex=\"-1\" >\n\t\t\tMehr lesen \u00bb\t\t<\/a>\n\n\t\t\t\t<\/div>\n\t\t\t\t<\/article>\n\t\t\t\t<\/div>\n\t\t\n\t\t\t\t<div class=\"e-load-more-anchor\" data-page=\"1\" data-max-page=\"11\" data-next-page=\"https:\/\/www.iocharger.com\/wp-json\/wp\/v2\/pages\/3377\/page\/2\/\"><\/div>\n\t\t\t\t<nav class=\"elementor-pagination\" aria-label=\"Seitenzahl\">\n\t\t\t<span aria-current=\"page\" class=\"page-numbers current\"><span class=\"elementor-screen-only\">Seite<\/span>1<\/span>\n<a class=\"page-numbers\" href=\"https:\/\/www.iocharger.com\/wp-json\/wp\/v2\/pages\/3377\/page\/2\/\"><span class=\"elementor-screen-only\">Seite<\/span>2<\/a>\n<a class=\"page-numbers\" href=\"https:\/\/www.iocharger.com\/wp-json\/wp\/v2\/pages\/3377\/page\/3\/\"><span class=\"elementor-screen-only\">Seite<\/span>3<\/a>\n<a class=\"page-numbers\" href=\"https:\/\/www.iocharger.com\/wp-json\/wp\/v2\/pages\/3377\/page\/4\/\"><span class=\"elementor-screen-only\">Seite<\/span>4<\/a>\n<a class=\"page-numbers\" href=\"https:\/\/www.iocharger.com\/wp-json\/wp\/v2\/pages\/3377\/page\/5\/\"><span class=\"elementor-screen-only\">Seite<\/span>5<\/a>\t\t<\/nav>\n\t\t\t\t\t\t<\/div>\n\t\t\t\t<\/div>\n\t\t\t\t\t<\/div>\n\t\t<\/div>\n\t\t\t\t\t<\/div>\n\t\t<\/section>\n\t\t\t\t<section class=\"elementor-section elementor-top-section elementor-element elementor-element-3297353 elementor-section-boxed elementor-section-height-default elementor-section-height-default\" data-id=\"3297353\" data-element_type=\"section\">\n\t\t\t\t\t\t<div class=\"elementor-container elementor-column-gap-default\">\n\t\t\t\t\t<div class=\"elementor-column elementor-col-100 elementor-top-column elementor-element elementor-element-6710930\" data-id=\"6710930\" data-element_type=\"column\">\n\t\t\t<div class=\"elementor-widget-wrap\">\n\t\t\t\t\t\t\t<\/div>\n\t\t<\/div>\n\t\t\t\t\t<\/div>\n\t\t<\/section>\n\t\t\t\t<\/div>","protected":false},"excerpt":{"rendered":"<p>Categories &nbsp; Business Management EV Technology EV Charger EV &amp; Energy<\/p>","protected":false},"author":1,"featured_media":0,"parent":0,"menu_order":0,"comment_status":"closed","ping_status":"closed","template":"elementor_header_footer","meta":{"_acf_changed":false,"footnotes":""},"class_list":["post-3377","page","type-page","status-publish","hentry"],"acf":[],"_links":{"self":[{"href":"https:\/\/www.iocharger.com\/de\/wp-json\/wp\/v2\/pages\/3377","targetHints":{"allow":["GET"]}}],"collection":[{"href":"https:\/\/www.iocharger.com\/de\/wp-json\/wp\/v2\/pages"}],"about":[{"href":"https:\/\/www.iocharger.com\/de\/wp-json\/wp\/v2\/types\/page"}],"author":[{"embeddable":true,"href":"https:\/\/www.iocharger.com\/de\/wp-json\/wp\/v2\/users\/1"}],"replies":[{"embeddable":true,"href":"https:\/\/www.iocharger.com\/de\/wp-json\/wp\/v2\/comments?post=3377"}],"version-history":[{"count":1,"href":"https:\/\/www.iocharger.com\/de\/wp-json\/wp\/v2\/pages\/3377\/revisions"}],"predecessor-version":[{"id":9738,"href":"https:\/\/www.iocharger.com\/de\/wp-json\/wp\/v2\/pages\/3377\/revisions\/9738"}],"wp:attachment":[{"href":"https:\/\/www.iocharger.com\/de\/wp-json\/wp\/v2\/media?parent=3377"}],"curies":[{"name":"wp","href":"https:\/\/api.w.org\/{rel}","templated":true}]}}