{"id":1814,"date":"2023-05-26T02:25:07","date_gmt":"2023-05-26T02:25:07","guid":{"rendered":"https:\/\/test2.honstyle.com\/?page_id=1814"},"modified":"2023-05-26T02:25:07","modified_gmt":"2023-05-26T02:25:07","slug":"public","status":"publish","type":"page","link":"https:\/\/www.iocharger.com\/de\/public\/","title":{"rendered":"\u00d6ffentlich"},"content":{"rendered":"<div data-elementor-type=\"wp-page\" data-elementor-id=\"1814\" class=\"elementor elementor-1814\" data-elementor-post-type=\"page\">\n\t\t\t\t\t\t<section class=\"elementor-section elementor-top-section elementor-element elementor-element-d250178 elementor-section-boxed elementor-section-height-default elementor-section-height-default\" data-id=\"d250178\" data-element_type=\"section\">\n\t\t\t\t\t\t<div class=\"elementor-container elementor-column-gap-default\">\n\t\t\t\t\t<div class=\"elementor-column elementor-col-100 elementor-top-column elementor-element elementor-element-598ebbb\" data-id=\"598ebbb\" data-element_type=\"column\">\n\t\t\t<div class=\"elementor-widget-wrap elementor-element-populated\">\n\t\t\t\t\t\t<div class=\"elementor-element elementor-element-bf075f3 elementor-widget elementor-widget-text-editor\" data-id=\"bf075f3\" data-element_type=\"widget\" data-widget_type=\"text-editor.default\">\n\t\t\t\t\t\t\t\t\t<p><strong>Komplette kommerzielle EV-Ladel\u00f6sung<\/strong><\/p><p>Iocharger bietet komplette EV-Ladel\u00f6sungen f\u00fcr perfektes \u00f6ffentliches EV-Laden von kommerziellen AC- und DC-Ladeger\u00e4ten bis hin zu kommerziellen CCMS und Benutzer-Apps. Unsere Ladeger\u00e4te sind mit allen EV-Modellen kompatibel und lassen sich leicht mit anderen OCPP-basierten Plattformen verbinden.<\/p>\t\t\t\t\t\t\t\t<\/div>\n\t\t\t\t<div class=\"elementor-element elementor-element-75aa1e8 elementor-widget elementor-widget-image\" data-id=\"75aa1e8\" data-element_type=\"widget\" data-widget_type=\"image.default\">\n\t\t\t\t\t\t\t\t\t\t\t\t\t\t\t<img fetchpriority=\"high\" decoding=\"async\" width=\"920\" height=\"518\" src=\"https:\/\/www.iocharger.com\/wp-content\/uploads\/2023\/05\/2-1.jpg\" class=\"attachment-large size-large wp-image-1865\" alt=\"\" srcset=\"https:\/\/www.iocharger.com\/wp-content\/uploads\/2023\/05\/2-1.jpg 920w, https:\/\/www.iocharger.com\/wp-content\/uploads\/2023\/05\/2-1-150x84.jpg 150w, https:\/\/www.iocharger.com\/wp-content\/uploads\/2023\/05\/2-1-660x372.jpg 660w, https:\/\/www.iocharger.com\/wp-content\/uploads\/2023\/05\/2-1-300x169.jpg 300w, https:\/\/www.iocharger.com\/wp-content\/uploads\/2023\/05\/2-1-768x432.jpg 768w, https:\/\/www.iocharger.com\/wp-content\/uploads\/2023\/05\/2-1-285x160.jpg 285w\" sizes=\"(max-width: 920px) 100vw, 920px\" \/>\t\t\t\t\t\t\t\t\t\t\t\t\t\t\t<\/div>\n\t\t\t\t<div class=\"elementor-element elementor-element-8379c5a elementor-widget elementor-widget-text-editor\" data-id=\"8379c5a\" data-element_type=\"widget\" data-widget_type=\"text-editor.default\">\n\t\t\t\t\t\t\t\t\t<p><strong>Kommerzielles dynamisches Lastmanagement<\/strong><\/p><p>Mit der dynamischen Lastausgleichsl\u00f6sung von iocharger wird der verf\u00fcgbare Strom automatisch und intelligent zwischen allen \u00f6ffentlichen Ladestationen verteilt. Alle E-Fahrzeuge k\u00f6nnen frei laden, ohne einen Stromausfall bef\u00fcrchten zu m\u00fcssen. Die L\u00f6sung von iocharger unterst\u00fctzt mehrere Zahlungsplattformen, um den heterogenen Zahlungsmethoden der E-Fahrer gerecht zu werden und den E-Fahrzeugbetreibern maximale Gewinne zu erm\u00f6glichen.<\/p>\t\t\t\t\t\t\t\t<\/div>\n\t\t\t\t<div class=\"elementor-element elementor-element-0f29485 elementor-widget elementor-widget-image\" data-id=\"0f29485\" data-element_type=\"widget\" data-widget_type=\"image.default\">\n\t\t\t\t\t\t\t\t\t\t\t\t\t\t\t<img decoding=\"async\" width=\"920\" height=\"518\" src=\"https:\/\/www.iocharger.com\/wp-content\/uploads\/2023\/05\/Complete-commercial-EV-charging-solution-1.jpg\" class=\"attachment-large size-large wp-image-1872\" alt=\"Komplette kommerzielle EV-Ladel\u00f6sung\" srcset=\"https:\/\/www.iocharger.com\/wp-content\/uploads\/2023\/05\/Complete-commercial-EV-charging-solution-1.jpg 920w, https:\/\/www.iocharger.com\/wp-content\/uploads\/2023\/05\/Complete-commercial-EV-charging-solution-1-150x84.jpg 150w, https:\/\/www.iocharger.com\/wp-content\/uploads\/2023\/05\/Complete-commercial-EV-charging-solution-1-660x372.jpg 660w, https:\/\/www.iocharger.com\/wp-content\/uploads\/2023\/05\/Complete-commercial-EV-charging-solution-1-300x169.jpg 300w, https:\/\/www.iocharger.com\/wp-content\/uploads\/2023\/05\/Complete-commercial-EV-charging-solution-1-768x432.jpg 768w, https:\/\/www.iocharger.com\/wp-content\/uploads\/2023\/05\/Complete-commercial-EV-charging-solution-1-285x160.jpg 285w\" sizes=\"(max-width: 920px) 100vw, 920px\" \/>\t\t\t\t\t\t\t\t\t\t\t\t\t\t\t<\/div>\n\t\t\t\t<div class=\"elementor-element elementor-element-8b2e086 elementor-widget elementor-widget-text-editor\" data-id=\"8b2e086\" data-element_type=\"widget\" data-widget_type=\"text-editor.default\">\n\t\t\t\t\t\t\t\t\t<p><strong>Kompatibel mit Solarenergiespeichersystemen<\/strong><\/p><p>Solarenergie gilt als die sauberste Energie und ist die Zukunft f\u00fcr unseren gr\u00fcnen Globus. Mit der neuesten Energiespeicherl\u00f6sung von iocharger k\u00f6nnen EV-Betreiber ihr Ziel leicht erreichen, wenn sie ihr \u00f6ffentliches EV-Ladesystem um ein Photovoltaik-Energiespeichersystem erweitern wollen. Unsere fortschrittliche L\u00f6sung ist somit umweltfreundlich und gleichzeitig profitabel.<\/p>\t\t\t\t\t\t\t\t<\/div>\n\t\t\t\t\t<\/div>\n\t\t<\/div>\n\t\t\t\t\t<\/div>\n\t\t<\/section>\n\t\t\t\t<\/div>","protected":false},"excerpt":{"rendered":"<p>Complete commercial EV charging solution Iocharger offers complete EV charging solution for perfect public EV charging from commercial&#8230;<\/p>","protected":false},"author":1,"featured_media":0,"parent":0,"menu_order":0,"comment_status":"closed","ping_status":"closed","template":"","meta":{"_acf_changed":false,"footnotes":""},"class_list":["post-1814","page","type-page","status-publish","hentry"],"acf":[],"_links":{"self":[{"href":"https:\/\/www.iocharger.com\/de\/wp-json\/wp\/v2\/pages\/1814","targetHints":{"allow":["GET"]}}],"collection":[{"href":"https:\/\/www.iocharger.com\/de\/wp-json\/wp\/v2\/pages"}],"about":[{"href":"https:\/\/www.iocharger.com\/de\/wp-json\/wp\/v2\/types\/page"}],"author":[{"embeddable":true,"href":"https:\/\/www.iocharger.com\/de\/wp-json\/wp\/v2\/users\/1"}],"replies":[{"embeddable":true,"href":"https:\/\/www.iocharger.com\/de\/wp-json\/wp\/v2\/comments?post=1814"}],"version-history":[{"count":0,"href":"https:\/\/www.iocharger.com\/de\/wp-json\/wp\/v2\/pages\/1814\/revisions"}],"wp:attachment":[{"href":"https:\/\/www.iocharger.com\/de\/wp-json\/wp\/v2\/media?parent=1814"}],"curies":[{"name":"wp","href":"https:\/\/api.w.org\/{rel}","templated":true}]}}